{"id":3924,"date":"2018-06-30T11:42:02","date_gmt":"2018-06-30T14:42:02","guid":{"rendered":"http:\/\/portal.unisepe.com.br\/unifia\/?page_id=3924"},"modified":"2018-07-13T11:23:55","modified_gmt":"2018-07-13T14:23:55","slug":"atos-legais","status":"publish","type":"page","link":"https:\/\/portal.unisepe.com.br\/unifia\/gestao-da-qualidade\/atos-legais\/","title":{"rendered":"Atos Legais"},"content":{"rendered":"<p class=\"style10\"><strong>Atos Legais<\/strong><\/p>\n<ul>\n<li>In\u00edcio do curso: 2009<\/li>\n<li>Vagas oferecidas: 100<\/li>\n<li>Dura\u00e7\u00e3o de 2 anos<\/li>\n<li>Noturno<\/li>\n<li>Renova\u00e7\u00e3o Reconhecimento: Portaria MEC n\u00ba 188 de 01\/10\/2012<\/li>\n<\/ul>\n","protected":false},"excerpt":{"rendered":"<p>Atos Legais In\u00edcio do curso: 2009 Vagas oferecidas: 100 Dura\u00e7\u00e3o de 2 anos Noturno Renova\u00e7\u00e3o Reconhecimento: Portaria MEC n\u00ba 188 de 01\/10\/2012<\/p>\n","protected":false},"author":2,"featured_media":0,"parent":3917,"menu_order":0,"comment_status":"closed","ping_status":"closed","template":"templates\/template-curso_menu_vertical.php","meta":{"footnotes":""},"categories":[],"tags":[],"class_list":["post-3924","page","type-page","status-publish","hentry"],"_links":{"self":[{"href":"https:\/\/portal.unisepe.com.br\/unifia\/wp-json\/wp\/v2\/pages\/3924","targetHints":{"allow":["GET"]}}],"collection":[{"href":"https:\/\/portal.unisepe.com.br\/unifia\/wp-json\/wp\/v2\/pages"}],"about":[{"href":"https:\/\/portal.unisepe.com.br\/unifia\/wp-json\/wp\/v2\/types\/page"}],"author":[{"embeddable":true,"href":"https:\/\/portal.unisepe.com.br\/unifia\/wp-json\/wp\/v2\/users\/2"}],"replies":[{"embeddable":true,"href":"https:\/\/portal.unisepe.com.br\/unifia\/wp-json\/wp\/v2\/comments?post=3924"}],"version-history":[{"count":2,"href":"https:\/\/portal.unisepe.com.br\/unifia\/wp-json\/wp\/v2\/pages\/3924\/revisions"}],"predecessor-version":[{"id":4368,"href":"https:\/\/portal.unisepe.com.br\/unifia\/wp-json\/wp\/v2\/pages\/3924\/revisions\/4368"}],"up":[{"embeddable":true,"href":"https:\/\/portal.unisepe.com.br\/unifia\/wp-json\/wp\/v2\/pages\/3917"}],"wp:attachment":[{"href":"https:\/\/portal.unisepe.com.br\/unifia\/wp-json\/wp\/v2\/media?parent=3924"}],"wp:term":[{"taxonomy":"category","embeddable":true,"href":"https:\/\/portal.unisepe.com.br\/unifia\/wp-json\/wp\/v2\/categories?post=3924"},{"taxonomy":"post_tag","embeddable":true,"href":"https:\/\/portal.unisepe.com.br\/unifia\/wp-json\/wp\/v2\/tags?post=3924"}],"curies":[{"name":"wp","href":"https:\/\/api.w.org\/{rel}","templated":true}]}}