{"id":3948,"date":"2018-07-02T15:07:11","date_gmt":"2018-07-02T18:07:11","guid":{"rendered":"http:\/\/portal.unisepe.com.br\/unifia\/?page_id=3948"},"modified":"2021-03-04T22:37:04","modified_gmt":"2021-03-05T01:37:04","slug":"quimica-industrial","status":"publish","type":"page","link":"https:\/\/portal.unisepe.com.br\/unifia\/quimica-industrial\/","title":{"rendered":"Qu\u00edmica Industrial"},"content":{"rendered":"<p>O Curso de Qu\u00edmica Industrial tem como objetivo formar profissionais capacitados para a transforma\u00e7\u00e3o da mat\u00e9ria-prima em produtos industrializados, a padroniza\u00e7\u00e3o de sua qualidade e o desenvolvimento de pesquisas para obten\u00e7\u00e3o de novas tecnologias com a finalidade de criar novos produtos, em benef\u00edcio da sociedade. O aluno ter\u00e1 s\u00f3lida forma\u00e7\u00e3o em qu\u00edmica b\u00e1sica (qu\u00edmica geral, org\u00e2nica, inorg\u00e2nica, anal\u00edtica, bioqu\u00edmica e f\u00edsico-qu\u00edmica); e em Qu\u00edmica Tecnologia (opera\u00e7\u00f5es unit\u00e1rias na ind\u00fastria qu\u00edmica, processos da ind\u00fastria qu\u00edmica, seguran\u00e7a industrial, economia e organiza\u00e7\u00e3o industrial).<\/p>\n<p>Mercado de Trabalho:Qu\u00edmico Industrial pode atuar na \u00e1rea de an\u00e1lises qu\u00edmicas, quer trabalhando no desenvolvimento de novos m\u00e9todos anal\u00edticos, quer na opera\u00e7\u00e3o de equipamentos sofisticados ou na elabora\u00e7\u00e3o de pareceres e laudos t\u00e9cnicos. Este profissional est\u00e1 habilitado a atuar nas ind\u00fastrias de papel e celulose, a\u00e7\u00facar e \u00e1lcool, tintas, solventes, farmac\u00eautica, alimentos, petr\u00f3leo e petroqu\u00edmica e de cosm\u00e9ticos. Merece destaque a industrial de cosm\u00e9ticos que \u00e9 a ind\u00fastria que mais tem crescido nos \u00faltimos anos e a ind\u00fastria petroqu\u00edmica que promete um grande crescimento, principalmente com a descoberta do pr\u00e9-sal. Mas a atua\u00e7\u00e3o n\u00e3o se restringe as ind\u00fastrias citadas, destaca-se tamb\u00e9m a atua\u00e7\u00e3o do profissional na \u00e1rea ambiental. Como pode ser observado, este vasto leque de op\u00e7\u00f5es permite que o profissional da qu\u00edmica seja facilmente absorvido pelo mercado de trabalho que ocupe cargos de relev\u00e2ncia em diversos setores.<\/p>\n<p><iframe loading=\"lazy\" title=\"QU\u00cdMICA INDUSTRIAL FEIRA DE PROFISS\u00d5ES AMPARO 2020 2\" width=\"500\" height=\"281\" src=\"https:\/\/www.youtube.com\/embed\/CbDywjJERm4?list=PLf9h9rNyGnnrIVvd2-T_IuN90Vyj8a9u2\" frameborder=\"0\" allow=\"accelerometer; autoplay; clipboard-write; encrypted-media; gyroscope; picture-in-picture; web-share\" referrerpolicy=\"strict-origin-when-cross-origin\" allowfullscreen><\/iframe><\/p>\n<h2>Saiba mais<\/h2>\n<p><iframe loading=\"lazy\" title=\"QU\u00cdMICA INDUSTRIAL V\u00cdDEO 2\" width=\"500\" height=\"281\" src=\"https:\/\/www.youtube.com\/embed\/X-Gc9IbBR4M?feature=oembed\" frameborder=\"0\" allow=\"accelerometer; autoplay; clipboard-write; encrypted-media; gyroscope; picture-in-picture; web-share\" referrerpolicy=\"strict-origin-when-cross-origin\" allowfullscreen><\/iframe><\/p>\n<h2>Voc\u00ea tamb\u00e9m pode ser parte desta hist\u00f3ria de sucesso! Venha para o UNIFIA<\/h2>\n<p><iframe loading=\"lazy\" title=\"STORY ALEXANDRE QU\u00cdMICA INDUSTRIAL\" width=\"500\" height=\"281\" src=\"https:\/\/www.youtube.com\/embed\/bOGyFY1CrnM?feature=oembed\" frameborder=\"0\" allow=\"accelerometer; autoplay; clipboard-write; encrypted-media; gyroscope; picture-in-picture; web-share\" referrerpolicy=\"strict-origin-when-cross-origin\" allowfullscreen><\/iframe><\/p>\n<p>&nbsp;<\/p>\n<p><iframe loading=\"lazy\" title=\"STORY MARCELO QU\u00cdMICA INDUSTRIAL\" width=\"500\" height=\"281\" src=\"https:\/\/www.youtube.com\/embed\/TFN-7aGaFDU?feature=oembed\" frameborder=\"0\" allow=\"accelerometer; autoplay; clipboard-write; encrypted-media; gyroscope; picture-in-picture; web-share\" referrerpolicy=\"strict-origin-when-cross-origin\" allowfullscreen><\/iframe><\/p>\n<p><img loading=\"lazy\" decoding=\"async\" class=\" wp-image-3859 alignleft\" src=\"http:\/\/portal.unisepe.com.br\/unifia\/wp-content\/uploads\/sites\/10001\/2019\/10\/quimica-industrial.png\" alt=\"\" width=\"446\" height=\"651\" \/><\/p>\n<p>&nbsp;<\/p>\n","protected":false},"excerpt":{"rendered":"<p>O Curso de Qu\u00edmica Industrial tem como objetivo formar profissionais capacitados para a transforma\u00e7\u00e3o da mat\u00e9ria-prima em produtos industrializados, a padroniza\u00e7\u00e3o de sua qualidade e o desenvolvimento de pesquisas para obten\u00e7\u00e3o de novas tecnologias com a finalidade de criar novos produtos, em benef\u00edcio da sociedade. O aluno ter\u00e1 s\u00f3lida forma\u00e7\u00e3o<\/p>\n","protected":false},"author":2,"featured_media":0,"parent":0,"menu_order":0,"comment_status":"closed","ping_status":"closed","template":"templates\/template-curso_menu_vertical.php","meta":{"footnotes":""},"categories":[],"tags":[],"class_list":["post-3948","page","type-page","status-publish","hentry"],"_links":{"self":[{"href":"https:\/\/portal.unisepe.com.br\/unifia\/wp-json\/wp\/v2\/pages\/3948","targetHints":{"allow":["GET"]}}],"collection":[{"href":"https:\/\/portal.unisepe.com.br\/unifia\/wp-json\/wp\/v2\/pages"}],"about":[{"href":"https:\/\/portal.unisepe.com.br\/unifia\/wp-json\/wp\/v2\/types\/page"}],"author":[{"embeddable":true,"href":"https:\/\/portal.unisepe.com.br\/unifia\/wp-json\/wp\/v2\/users\/2"}],"replies":[{"embeddable":true,"href":"https:\/\/portal.unisepe.com.br\/unifia\/wp-json\/wp\/v2\/comments?post=3948"}],"version-history":[{"count":7,"href":"https:\/\/portal.unisepe.com.br\/unifia\/wp-json\/wp\/v2\/pages\/3948\/revisions"}],"predecessor-version":[{"id":7266,"href":"https:\/\/portal.unisepe.com.br\/unifia\/wp-json\/wp\/v2\/pages\/3948\/revisions\/7266"}],"wp:attachment":[{"href":"https:\/\/portal.unisepe.com.br\/unifia\/wp-json\/wp\/v2\/media?parent=3948"}],"wp:term":[{"taxonomy":"category","embeddable":true,"href":"https:\/\/portal.unisepe.com.br\/unifia\/wp-json\/wp\/v2\/categories?post=3948"},{"taxonomy":"post_tag","embeddable":true,"href":"https:\/\/portal.unisepe.com.br\/unifia\/wp-json\/wp\/v2\/tags?post=3948"}],"curies":[{"name":"wp","href":"https:\/\/api.w.org\/{rel}","templated":true}]}}