{"id":3952,"date":"2018-07-02T15:09:26","date_gmt":"2018-07-02T18:09:26","guid":{"rendered":"http:\/\/portal.unisepe.com.br\/unifia\/?page_id=3952"},"modified":"2018-07-02T15:09:26","modified_gmt":"2018-07-02T18:09:26","slug":"atos-legais","status":"publish","type":"page","link":"https:\/\/portal.unisepe.com.br\/unifia\/quimica-industrial\/atos-legais\/","title":{"rendered":"Atos Legais"},"content":{"rendered":"<p><strong>Atos Legais<\/strong><\/p>\n<ul>\n<li>In\u00edcio do Curso em 2018<\/li>\n<li>Vagas oferecidas 100<\/li>\n<li>Dura\u00e7\u00e3o de 3 anos<\/li>\n<li>Noturno<\/li>\n<li>Renova\u00e7\u00e3o Reconhecimento: Portaria MEC 1091 de 24\/12\/2015<\/li>\n<\/ul>\n","protected":false},"excerpt":{"rendered":"<p>Atos Legais In\u00edcio do Curso em 2018 Vagas oferecidas 100 Dura\u00e7\u00e3o de 3 anos Noturno Renova\u00e7\u00e3o Reconhecimento: Portaria MEC 1091 de 24\/12\/2015<\/p>\n","protected":false},"author":2,"featured_media":0,"parent":3948,"menu_order":0,"comment_status":"closed","ping_status":"closed","template":"templates\/template-curso_menu_vertical.php","meta":{"footnotes":""},"categories":[],"tags":[],"class_list":["post-3952","page","type-page","status-publish","hentry"],"_links":{"self":[{"href":"https:\/\/portal.unisepe.com.br\/unifia\/wp-json\/wp\/v2\/pages\/3952","targetHints":{"allow":["GET"]}}],"collection":[{"href":"https:\/\/portal.unisepe.com.br\/unifia\/wp-json\/wp\/v2\/pages"}],"about":[{"href":"https:\/\/portal.unisepe.com.br\/unifia\/wp-json\/wp\/v2\/types\/page"}],"author":[{"embeddable":true,"href":"https:\/\/portal.unisepe.com.br\/unifia\/wp-json\/wp\/v2\/users\/2"}],"replies":[{"embeddable":true,"href":"https:\/\/portal.unisepe.com.br\/unifia\/wp-json\/wp\/v2\/comments?post=3952"}],"version-history":[{"count":1,"href":"https:\/\/portal.unisepe.com.br\/unifia\/wp-json\/wp\/v2\/pages\/3952\/revisions"}],"predecessor-version":[{"id":3953,"href":"https:\/\/portal.unisepe.com.br\/unifia\/wp-json\/wp\/v2\/pages\/3952\/revisions\/3953"}],"up":[{"embeddable":true,"href":"https:\/\/portal.unisepe.com.br\/unifia\/wp-json\/wp\/v2\/pages\/3948"}],"wp:attachment":[{"href":"https:\/\/portal.unisepe.com.br\/unifia\/wp-json\/wp\/v2\/media?parent=3952"}],"wp:term":[{"taxonomy":"category","embeddable":true,"href":"https:\/\/portal.unisepe.com.br\/unifia\/wp-json\/wp\/v2\/categories?post=3952"},{"taxonomy":"post_tag","embeddable":true,"href":"https:\/\/portal.unisepe.com.br\/unifia\/wp-json\/wp\/v2\/tags?post=3952"}],"curies":[{"name":"wp","href":"https:\/\/api.w.org\/{rel}","templated":true}]}}