{"id":3956,"date":"2018-07-02T15:13:18","date_gmt":"2018-07-02T18:13:18","guid":{"rendered":"http:\/\/portal.unisepe.com.br\/unifia\/?page_id=3956"},"modified":"2019-09-23T17:18:06","modified_gmt":"2019-09-23T20:18:06","slug":"matriz-curricular","status":"publish","type":"page","link":"https:\/\/portal.unisepe.com.br\/unifia\/quimica-industrial\/matriz-curricular\/","title":{"rendered":"Matriz Curricular"},"content":{"rendered":"<ul class=\"nav nav-tabs\">\n<li class=\"nav-item\"><a class=\"nav-link active\" href=\"#tab1\" data-toggle=\"tab\">Matriz<\/a><\/li>\n<li class=\"nav-item\"><a class=\"nav-link\" href=\"#tab2\" data-toggle=\"tab\">Informa\u00e7\u00f5es art 8<\/a><\/li>\n<\/ul>\n<div id=\"myTabContent\" class=\"tab-content\">\n<div id=\"tab1\" class=\"tab-pane fade active show\">\n<p><a href=\"http:\/\/portal.unisepe.com.br\/unifia\/wp-content\/uploads\/sites\/10001\/2018\/07\/quimicaind2012sucessivos.pdf\">Matriz Qu\u00edmica Industrial<\/a><\/p>\n<\/div>\n<div id=\"tab2\" class=\"tab-pane fade\">\n<p>CONTEUDO 2<\/p>\n<\/div>\n<\/div>\n","protected":false},"excerpt":{"rendered":"<p>Matriz Informa\u00e7\u00f5es art 8 Matriz Qu\u00edmica Industrial CONTEUDO 2<\/p>\n","protected":false},"author":2,"featured_media":0,"parent":3948,"menu_order":0,"comment_status":"closed","ping_status":"closed","template":"templates\/template-curso_menu_vertical.php","meta":{"footnotes":""},"categories":[],"tags":[],"class_list":["post-3956","page","type-page","status-publish","hentry"],"_links":{"self":[{"href":"https:\/\/portal.unisepe.com.br\/unifia\/wp-json\/wp\/v2\/pages\/3956","targetHints":{"allow":["GET"]}}],"collection":[{"href":"https:\/\/portal.unisepe.com.br\/unifia\/wp-json\/wp\/v2\/pages"}],"about":[{"href":"https:\/\/portal.unisepe.com.br\/unifia\/wp-json\/wp\/v2\/types\/page"}],"author":[{"embeddable":true,"href":"https:\/\/portal.unisepe.com.br\/unifia\/wp-json\/wp\/v2\/users\/2"}],"replies":[{"embeddable":true,"href":"https:\/\/portal.unisepe.com.br\/unifia\/wp-json\/wp\/v2\/comments?post=3956"}],"version-history":[{"count":3,"href":"https:\/\/portal.unisepe.com.br\/unifia\/wp-json\/wp\/v2\/pages\/3956\/revisions"}],"predecessor-version":[{"id":5676,"href":"https:\/\/portal.unisepe.com.br\/unifia\/wp-json\/wp\/v2\/pages\/3956\/revisions\/5676"}],"up":[{"embeddable":true,"href":"https:\/\/portal.unisepe.com.br\/unifia\/wp-json\/wp\/v2\/pages\/3948"}],"wp:attachment":[{"href":"https:\/\/portal.unisepe.com.br\/unifia\/wp-json\/wp\/v2\/media?parent=3956"}],"wp:term":[{"taxonomy":"category","embeddable":true,"href":"https:\/\/portal.unisepe.com.br\/unifia\/wp-json\/wp\/v2\/categories?post=3956"},{"taxonomy":"post_tag","embeddable":true,"href":"https:\/\/portal.unisepe.com.br\/unifia\/wp-json\/wp\/v2\/tags?post=3956"}],"curies":[{"name":"wp","href":"https:\/\/api.w.org\/{rel}","templated":true}]}}