{"id":397,"date":"2016-07-12T16:36:24","date_gmt":"2016-07-12T19:36:24","guid":{"rendered":"http:\/\/www.fvr.edu.br\/fvr\/site\/?page_id=397"},"modified":"2025-03-19T16:33:41","modified_gmt":"2025-03-19T19:33:41","slug":"matriz-curricular","status":"publish","type":"page","link":"https:\/\/portal.unisepe.com.br\/unifia\/estetica-e-cosmetica\/matriz-curricular\/","title":{"rendered":"Matriz Curricular"},"content":{"rendered":"<ul class=\"nav nav-tabs\">\n<li class=\"nav-item\"><a class=\"nav-link active\" href=\"#tab1\" data-toggle=\"tab\">Matriz<\/a><\/li>\n<li class=\"nav-item\"><a class=\"nav-link\" href=\"#tab2\" data-toggle=\"tab\">Informa\u00e7\u00f5es art 8<\/a><\/li>\n<\/ul>\n<div id=\"myTabContent\" class=\"tab-content\">\n<div id=\"tab1\" class=\"tab-pane fade active show\">\n<ul><\/ul>\n<ul>\n<li><a href=\"https:\/\/portal.unisepe.com.br\/unifia\/wp-content\/uploads\/sites\/10001\/2024\/01\/matriz_estetica_2021.pdf\" target=\"_blank\" rel=\"noopener noreferrer\">Matriz Est\u00e9tica e Cosm\u00e9tica 2021<\/a><\/li>\n<li><a href=\"https:\/\/portal.unisepe.com.br\/unifia\/wp-content\/uploads\/sites\/10001\/2024\/01\/matriz_estetica_20212.pdf\" target=\"_blank\" rel=\"noopener noreferrer\">Matriz Est\u00e9tica e Cosm\u00e9tica 2021.2<\/a><\/li>\n<li><a href=\"https:\/\/portal.unisepe.com.br\/unifia\/wp-content\/uploads\/sites\/10001\/2025\/03\/matriz-ESTET-COSMET-20251-1.pdf\" target=\"_blank\" rel=\"noopener noreferrer\">Matriz Est\u00e9tica e Cosm\u00e9tica 2025<\/a><\/li>\n<\/ul>\n<\/div>\n<div id=\"tab2\" class=\"tab-pane fade\">\n<p style=\"text-align: center\">art 8. da Portaria 1.428\/2018<\/p>\n<ul>\n<li><a href=\"http:\/\/portal.unisepe.com.br\/unifia\/wp-content\/uploads\/sites\/10001\/2019\/10\/PI-cosmetologia-aplicada-a-est\u00aetica.pdf\" target=\"_blank\" rel=\"noopener noreferrer\">2019-2-UNIFIA-ART 8-INFORMA\u00c7\u00d5ES-PI COSMETOLOGIA APLICADA A EST\u00c9TICA<\/a><\/li>\n<li><a href=\"http:\/\/portal.unisepe.com.br\/unifia\/wp-content\/uploads\/sites\/10001\/2019\/10\/PI-Fitocosmetologia.pdf\" target=\"_blank\" rel=\"noopener noreferrer\">2019-2-UNIFIA-ART 8-INFORMA\u00c7\u00d5ES-PI FITOCOSMETOLOGIA<\/a><\/li>\n<li><a href=\"http:\/\/portal.unisepe.com.br\/unifia\/wp-content\/uploads\/sites\/10001\/2019\/10\/Psicologia.pdf\" target=\"_blank\" rel=\"noopener noreferrer\">2019-2-UNIFIA-ART 8-INFORMA\u00c7\u00d5ES-PSICOLOGIA<\/a><\/li>\n<li><a href=\"http:\/\/portal.unisepe.com.br\/unifia\/wp-content\/uploads\/sites\/10001\/2019\/10\/Teoria-Geral-da-Administra\u00ba\u00fao.pdf\" target=\"_blank\" rel=\"noopener noreferrer\">2019-2-UNIFIA-ART 8-INFORMA\u00c7\u00d5ES-TEORIA GERAL DA ADMINISTRA\u00c7\u00c3O<\/a><\/li>\n<\/ul>\n<\/div>\n<\/div>\n","protected":false},"excerpt":{"rendered":"<p>Matriz Informa\u00e7\u00f5es art 8 Matriz Est\u00e9tica e Cosm\u00e9tica 2021 Matriz Est\u00e9tica e Cosm\u00e9tica 2021.2 Matriz Est\u00e9tica e Cosm\u00e9tica 2025 art 8. da Portaria 1.428\/2018 2019-2-UNIFIA-ART 8-INFORMA\u00c7\u00d5ES-PI COSMETOLOGIA APLICADA A EST\u00c9TICA 2019-2-UNIFIA-ART 8-INFORMA\u00c7\u00d5ES-PI FITOCOSMETOLOGIA 2019-2-UNIFIA-ART 8-INFORMA\u00c7\u00d5ES-PSICOLOGIA 2019-2-UNIFIA-ART 8-INFORMA\u00c7\u00d5ES-TEORIA GERAL DA ADMINISTRA\u00c7\u00c3O<\/p>\n","protected":false},"author":1,"featured_media":0,"parent":391,"menu_order":0,"comment_status":"closed","ping_status":"closed","template":"templates\/template-curso_menu_vertical.php","meta":{"footnotes":""},"categories":[],"tags":[],"class_list":["post-397","page","type-page","status-publish","hentry"],"_links":{"self":[{"href":"https:\/\/portal.unisepe.com.br\/unifia\/wp-json\/wp\/v2\/pages\/397","targetHints":{"allow":["GET"]}}],"collection":[{"href":"https:\/\/portal.unisepe.com.br\/unifia\/wp-json\/wp\/v2\/pages"}],"about":[{"href":"https:\/\/portal.unisepe.com.br\/unifia\/wp-json\/wp\/v2\/types\/page"}],"author":[{"embeddable":true,"href":"https:\/\/portal.unisepe.com.br\/unifia\/wp-json\/wp\/v2\/users\/1"}],"replies":[{"embeddable":true,"href":"https:\/\/portal.unisepe.com.br\/unifia\/wp-json\/wp\/v2\/comments?post=397"}],"version-history":[{"count":10,"href":"https:\/\/portal.unisepe.com.br\/unifia\/wp-json\/wp\/v2\/pages\/397\/revisions"}],"predecessor-version":[{"id":10691,"href":"https:\/\/portal.unisepe.com.br\/unifia\/wp-json\/wp\/v2\/pages\/397\/revisions\/10691"}],"up":[{"embeddable":true,"href":"https:\/\/portal.unisepe.com.br\/unifia\/wp-json\/wp\/v2\/pages\/391"}],"wp:attachment":[{"href":"https:\/\/portal.unisepe.com.br\/unifia\/wp-json\/wp\/v2\/media?parent=397"}],"wp:term":[{"taxonomy":"category","embeddable":true,"href":"https:\/\/portal.unisepe.com.br\/unifia\/wp-json\/wp\/v2\/categories?post=397"},{"taxonomy":"post_tag","embeddable":true,"href":"https:\/\/portal.unisepe.com.br\/unifia\/wp-json\/wp\/v2\/tags?post=397"}],"curies":[{"name":"wp","href":"https:\/\/api.w.org\/{rel}","templated":true}]}}