{"id":3977,"date":"2018-07-02T16:01:54","date_gmt":"2018-07-02T19:01:54","guid":{"rendered":"http:\/\/portal.unisepe.com.br\/unifia\/?page_id=3977"},"modified":"2024-01-26T13:53:09","modified_gmt":"2024-01-26T16:53:09","slug":"matriz-curricular","status":"publish","type":"page","link":"https:\/\/portal.unisepe.com.br\/unifia\/mecatronica-industrial\/matriz-curricular\/","title":{"rendered":"Matriz Curricular"},"content":{"rendered":"<ul class=\"nav nav-tabs\">\n<li class=\"nav-item\"><a class=\"nav-link active\" href=\"#tab1\" data-toggle=\"tab\">Matriz<\/a><\/li>\n<li class=\"nav-item\"><a class=\"nav-link\" href=\"#tab2\" data-toggle=\"tab\">Informa\u00e7\u00f5es art 8<\/a><\/li>\n<\/ul>\n<div id=\"myTabContent\" class=\"tab-content\">\n<div id=\"tab1\" class=\"tab-pane fade active show\">\n<ul>\n<li><a href=\"https:\/\/portal.unisepe.com.br\/unifia\/wp-content\/uploads\/sites\/10001\/2024\/01\/matriz_mecatronica.pdf\" target=\"_blank\" rel=\"noopener noreferrer\">Matriz Mecatr\u00f4nica 2022<\/a><\/li>\n<\/ul>\n<\/div>\n<div id=\"tab2\" class=\"tab-pane fade\">\n<p style=\"text-align: center\">art 8. da Portaria 1.428\/2018<\/p>\n<ul>\n<li><a href=\"http:\/\/portal.unisepe.com.br\/unifia\/wp-content\/uploads\/sites\/10001\/2019\/10\/Cultura-e-Poder-nas-Organiza\u00ba\u00c1es-Eletiva-Mecatr\u00a6nica.pdf\" target=\"_blank\" rel=\"noopener noreferrer\">2019-2-UNIFIA-ART 8-INFORMA\u00c7\u00d5ES-CULTURA E PODER NAS ORGANIZA\u00c7\u00d5ES<\/a><\/li>\n<li><a href=\"http:\/\/portal.unisepe.com.br\/unifia\/wp-content\/uploads\/sites\/10001\/2019\/10\/Desenvolvimento-Pessoal-e-Profissional-Mecatr\u00a6nica.pdf\" target=\"_blank\" rel=\"noopener noreferrer\">2019-2-UNIFIA-ART 8-INFORMA\u00c7\u00d5ES-DESENVOLVIMENTO PESSOAL E PROFISSIONAL<\/a><\/li>\n<li><a href=\"http:\/\/portal.unisepe.com.br\/unifia\/wp-content\/uploads\/sites\/10001\/2019\/10\/Direito-e-Legisla\u00ba\u00fao-Eletiva-Mecatr\u00a6nica.pdf\" target=\"_blank\" rel=\"noopener noreferrer\">2019-2-UNIFIA-ART 8-INFORMA\u00c7\u00d5ES-DIREITO E LEGISLA\u00c7\u00c3O (ELETIVA)<\/a><\/li>\n<li><a href=\"http:\/\/portal.unisepe.com.br\/unifia\/wp-content\/uploads\/sites\/10001\/2019\/10\/Fundamentos-da-Matem\u00edtica-Mecatr\u00a6nica.pdf\" target=\"_blank\" rel=\"noopener noreferrer\">2019-2-UNIFIA-ART 8-INFORMA\u00c7\u00d5ES-FUNDAMENTOS DA MATEM\u00c1TICA<\/a><\/li>\n<li><a href=\"http:\/\/portal.unisepe.com.br\/unifia\/wp-content\/uploads\/sites\/10001\/2019\/10\/Libras-Eletiva-Mecatr\u00a6nica.pdf\" target=\"_blank\" rel=\"noopener noreferrer\">2019-2-UNIFIA-ART 8-INFORMA\u00c7\u00d5ES-LIBRAS(ELETIVA)<\/a><\/li>\n<li><a href=\"http:\/\/portal.unisepe.com.br\/unifia\/wp-content\/uploads\/sites\/10001\/2019\/10\/Metodologia-da-Pesquisa-Cient\u00a1fica-Mecatr\u00a6nica.pdf\" target=\"_blank\" rel=\"noopener noreferrer\">2019-2-UNIFIA-ART 8-INFORMA\u00c7\u00d5ES-METODOLOGIA DA PESQUISA CIENTIFICA<\/a><\/li>\n<li><a href=\"http:\/\/portal.unisepe.com.br\/unifia\/wp-content\/uploads\/sites\/10001\/2019\/10\/Portugu\u00acs-Instrumental-Eletiva-Mecatr\u00a6nica.pdf\" target=\"_blank\" rel=\"noopener noreferrer\">2019-2-UNIFIA-ART 8-INFORMA\u00c7\u00d5ES-PORTUGU\u00caS INSTRUMENTAL (ELETIVA)<\/a><\/li>\n<li><a href=\"http:\/\/portal.unisepe.com.br\/unifia\/wp-content\/uploads\/sites\/10001\/2019\/10\/Projeto-Integrador-Eletroeletr\u00a6nica-I-Mecatr\u00a6nica.pdf\" target=\"_blank\" rel=\"noopener noreferrer\">2019-2-UNIFIA-ART 8-INFORMA\u00c7\u00d5ES-PROJETO INTEGRADOR ELETROELETR\u00d4NICA I<\/a><\/li>\n<li><a href=\"http:\/\/portal.unisepe.com.br\/unifia\/wp-content\/uploads\/sites\/10001\/2019\/10\/Projeto-Integrador-Eletroeletr\u00a6nica-II-Mecatr\u00a6nica.pdf\" target=\"_blank\" rel=\"noopener noreferrer\">2019-2-UNIFIA-ART 8-INFORMA\u00c7\u00d5ES-PROJETO INTEGRADOR ELETROELETR\u00d4NICA II<\/a><\/li>\n<li><a href=\"http:\/\/portal.unisepe.com.br\/unifia\/wp-content\/uploads\/sites\/10001\/2019\/10\/Projeto-Integrador-Eletromec\u00f3nica-I-Mecatr\u00a6nica.pdf\" target=\"_blank\" rel=\"noopener noreferrer\">2019-2-UNIFIA-ART 8-INFORMA\u00c7\u00d5ES-PROJETO INTEGRADOR ELETROMEC\u00c2NICA I<\/a><\/li>\n<li><a href=\"http:\/\/portal.unisepe.com.br\/unifia\/wp-content\/uploads\/sites\/10001\/2019\/10\/Projeto-Integrador-Eletromec\u00f3nica-II-Mecatr\u00a6nica.pdf\" target=\"_blank\" rel=\"noopener noreferrer\">2019-2-UNIFIA-ART 8-INFORMA\u00c7\u00d5ES-PROJETO INTEGRADOR ELETROMEC\u00c2NICA II<\/a><\/li>\n<li><a href=\"http:\/\/portal.unisepe.com.br\/unifia\/wp-content\/uploads\/sites\/10001\/2019\/10\/Projeto-Integrador-Mecatr\u00a6nica-I-Mecatr\u00a6nica.pdf\" target=\"_blank\" rel=\"noopener noreferrer\">2019-2-UNIFIA-ART 8-INFORMA\u00c7\u00d5ES-PROJETO INTEGRADOR MECATR\u00d4NICA I<\/a><\/li>\n<li><a href=\"http:\/\/portal.unisepe.com.br\/unifia\/wp-content\/uploads\/sites\/10001\/2019\/10\/Projeto-Integrador-Mecatr\u00a6nica-II-Mecatr\u00a6nica.pdf\" target=\"_blank\" rel=\"noopener noreferrer\">2019-2-UNIFIA-ART 8-INFORMA\u00c7\u00d5ES-PROJETO INTEGRADOR MECATR\u00d4NICA II<\/a><\/li>\n<li><a href=\"http:\/\/portal.unisepe.com.br\/unifia\/wp-content\/uploads\/sites\/10001\/2019\/10\/Psicologia-Eletiva-Mecatr\u00a6nica.pdf\" target=\"_blank\" rel=\"noopener noreferrer\">2019-2-UNIFIA-ART 8-INFORMA\u00c7\u00d5ES-PSICOLOGIA (ELETIVA)<\/a><\/li>\n<li><a href=\"http:\/\/portal.unisepe.com.br\/unifia\/wp-content\/uploads\/sites\/10001\/2019\/10\/Responsabilidade-Social-e-Meio-Ambiente-Mecatr\u00a6nica.pdf\" target=\"_blank\" rel=\"noopener noreferrer\">2019-2-UNIFIA-ART 8-INFORMA\u00c7\u00d5ES-RESPONSABILIDADE SOCIAL E MEIO AMBIENTE<\/a><\/li>\n<\/ul>\n<\/div>\n<\/div>\n","protected":false},"excerpt":{"rendered":"<p>Matriz Informa\u00e7\u00f5es art 8 Matriz Mecatr\u00f4nica 2022 art 8. da Portaria 1.428\/2018 2019-2-UNIFIA-ART 8-INFORMA\u00c7\u00d5ES-CULTURA E PODER NAS ORGANIZA\u00c7\u00d5ES 2019-2-UNIFIA-ART 8-INFORMA\u00c7\u00d5ES-DESENVOLVIMENTO PESSOAL E PROFISSIONAL 2019-2-UNIFIA-ART 8-INFORMA\u00c7\u00d5ES-DIREITO E LEGISLA\u00c7\u00c3O (ELETIVA) 2019-2-UNIFIA-ART 8-INFORMA\u00c7\u00d5ES-FUNDAMENTOS DA MATEM\u00c1TICA 2019-2-UNIFIA-ART 8-INFORMA\u00c7\u00d5ES-LIBRAS(ELETIVA) 2019-2-UNIFIA-ART 8-INFORMA\u00c7\u00d5ES-METODOLOGIA DA PESQUISA CIENTIFICA 2019-2-UNIFIA-ART 8-INFORMA\u00c7\u00d5ES-PORTUGU\u00caS INSTRUMENTAL (ELETIVA) 2019-2-UNIFIA-ART 8-INFORMA\u00c7\u00d5ES-PROJETO INTEGRADOR ELETROELETR\u00d4NICA I 2019-2-UNIFIA-ART 8-INFORMA\u00c7\u00d5ES-PROJETO<\/p>\n","protected":false},"author":2,"featured_media":0,"parent":3970,"menu_order":0,"comment_status":"closed","ping_status":"closed","template":"templates\/template-curso_menu_vertical.php","meta":{"footnotes":""},"categories":[],"tags":[],"class_list":["post-3977","page","type-page","status-publish","hentry"],"_links":{"self":[{"href":"https:\/\/portal.unisepe.com.br\/unifia\/wp-json\/wp\/v2\/pages\/3977","targetHints":{"allow":["GET"]}}],"collection":[{"href":"https:\/\/portal.unisepe.com.br\/unifia\/wp-json\/wp\/v2\/pages"}],"about":[{"href":"https:\/\/portal.unisepe.com.br\/unifia\/wp-json\/wp\/v2\/types\/page"}],"author":[{"embeddable":true,"href":"https:\/\/portal.unisepe.com.br\/unifia\/wp-json\/wp\/v2\/users\/2"}],"replies":[{"embeddable":true,"href":"https:\/\/portal.unisepe.com.br\/unifia\/wp-json\/wp\/v2\/comments?post=3977"}],"version-history":[{"count":5,"href":"https:\/\/portal.unisepe.com.br\/unifia\/wp-json\/wp\/v2\/pages\/3977\/revisions"}],"predecessor-version":[{"id":9584,"href":"https:\/\/portal.unisepe.com.br\/unifia\/wp-json\/wp\/v2\/pages\/3977\/revisions\/9584"}],"up":[{"embeddable":true,"href":"https:\/\/portal.unisepe.com.br\/unifia\/wp-json\/wp\/v2\/pages\/3970"}],"wp:attachment":[{"href":"https:\/\/portal.unisepe.com.br\/unifia\/wp-json\/wp\/v2\/media?parent=3977"}],"wp:term":[{"taxonomy":"category","embeddable":true,"href":"https:\/\/portal.unisepe.com.br\/unifia\/wp-json\/wp\/v2\/categories?post=3977"},{"taxonomy":"post_tag","embeddable":true,"href":"https:\/\/portal.unisepe.com.br\/unifia\/wp-json\/wp\/v2\/tags?post=3977"}],"curies":[{"name":"wp","href":"https:\/\/api.w.org\/{rel}","templated":true}]}}