{"id":4316,"date":"2018-07-05T09:36:15","date_gmt":"2018-07-05T12:36:15","guid":{"rendered":"http:\/\/portal.unisepe.com.br\/unifia\/?page_id=4316"},"modified":"2023-05-30T20:56:37","modified_gmt":"2023-05-30T23:56:37","slug":"jornais","status":"publish","type":"page","link":"https:\/\/portal.unisepe.com.br\/unifia\/biblioteca\/jornais\/","title":{"rendered":"Jornais"},"content":{"rendered":"<h6 style=\"text-align: center\">Jornais do Brasil On-line<\/h6>\n<p style=\"text-align: center\">Jornal do Brasil<br \/>\n<a href=\"http:\/\/www.jb.com.br\/\" target=\"_blank\" rel=\"noopener noreferrer\">http:\/\/www.jb.com.br\/<\/a><\/p>\n<p style=\"text-align: center\">O Estado de S\u00e3o Paulo<br \/>\n<a href=\"http:\/\/www.estadao.com.br\/\" target=\"_blank\" rel=\"noopener noreferrer\">http:\/\/www.estadao.com.br\/<\/a><\/p>\n<p style=\"text-align: center\">Folha de S\u00e3o Paulo<br \/>\n<a href=\"http:\/\/www1.folha.uol.com.br\/fsp\/\" target=\"_blank\" rel=\"noopener noreferrer\">http:\/\/www1.folha.uol.com.br\/fsp\/<\/a><\/p>\n<p style=\"text-align: center\">Estado de Minas<br \/>\n<a href=\"http:\/\/www.em.com.br\/\" target=\"_blank\" rel=\"noopener noreferrer\">http:\/\/www.em.com.br\/<\/a><\/p>\n<p style=\"text-align: center\">Correio Braziliense<br \/>\n<a href=\"http:\/\/www.correiobraziliense.com.br\/\" target=\"_blank\" rel=\"noopener noreferrer\">http:\/\/www.correiobraziliense.com.br\/<\/a><\/p>\n<p style=\"text-align: center\">Gazeta do Povo<br \/>\n<a href=\"http:\/\/www.gazetadopovo.com.br\/\" target=\"_blank\" rel=\"noopener noreferrer\">http:\/\/www.gazetadopovo.com.br\/<\/a><\/p>\n<p style=\"text-align: center\">Correio do Povo<br \/>\n<a href=\"http:\/\/www.correiodopovo.com.br\/\" target=\"_blank\" rel=\"noopener noreferrer\">http:\/\/www.correiodopovo.com.br\/<\/a><\/p>\n<p style=\"text-align: center\">Zero Hora<br \/>\n<a href=\"http:\/\/zerohora.clicrbs.com.br\/zerohora\/jsp\/default.jsp?uf=1&amp;local=1&amp;section=capa_online\" target=\"_blank\" rel=\"noopener noreferrer\">http:\/\/zerohora.clicrbs.com.br\/zerohora\/jsp\/default.jsp?uf=1&amp;local=1&amp;section=capa_online<\/a><\/p>\n<p>&nbsp;<\/p>\n<h6 style=\"text-align: center\">Jornais Internacionais<\/h6>\n<p style=\"text-align: center\">Argentina &#8211; Clar\u00edn<br \/>\n<a href=\"http:\/\/www.clarin.com\/\" target=\"_blank\" rel=\"noopener noreferrer\">http:\/\/www.clarin.com\/<\/a><\/p>\n<p style=\"text-align: center\">Argentina &#8211; Ol\u00e9<br \/>\n<a href=\"http:\/\/www.ole.com.ar\/\" target=\"_blank\" rel=\"noopener noreferrer\">http:\/\/www.ole.com.ar\/<\/a><\/p>\n<p style=\"text-align: center\">Peru &#8211; El Com\u00e9rcio<br \/>\n<a href=\"http:\/\/elcomercio.pe\/\" target=\"_blank\" rel=\"noopener noreferrer\">http:\/\/elcomercio.pe\/<\/a><\/p>\n<p style=\"text-align: center\">Venezuela &#8211; El Nacional<br \/>\n<a href=\"http:\/\/www.el-nacional.com\" target=\"_blank\" rel=\"noopener noreferrer\">http:\/\/www.el-nacional.com<\/a><\/p>\n<p style=\"text-align: center\">Colombia &#8211; El Tiempo<br \/>\n<a href=\"http:\/\/www.eltiempo.com\/\" target=\"_blank\" rel=\"noopener noreferrer\">http:\/\/www.eltiempo.com\/<\/a><\/p>\n<p style=\"text-align: center\">Espanha &#8211; El Pais<br \/>\n<a href=\"http:\/\/www.elpais.com\/global\/\" target=\"_blank\" rel=\"noopener noreferrer\">http:\/\/www.elpais.com\/global\/<\/a><\/p>\n<p style=\"text-align: center\">Espanha &#8211; El Mundo<br \/>\n<a href=\"http:\/\/www.elmundo.es\" target=\"_blank\" rel=\"noopener noreferrer\">http:\/\/www.elmundo.es<\/a><\/p>\n<p style=\"text-align: center\">Espanha &#8211; Marca<br \/>\n<a href=\"http:\/\/www.marca.com\/\" target=\"_blank\" rel=\"noopener noreferrer\">http:\/\/www.marca.com\/<\/a><\/p>\n<p style=\"text-align: center\">Portugal &#8211; Diario de Noticias<br \/>\n<a href=\"http:\/\/www.dn.pt\/inicio\/default.aspx\" target=\"_blank\" rel=\"noopener noreferrer\">http:\/\/www.dn.pt\/inicio\/default.aspx<\/a><\/p>\n<p style=\"text-align: center\">Portugal &#8211; Correio da Manha<br \/>\n<a href=\"http:\/\/www.cmjornal.xl.pt\/\" target=\"_blank\" rel=\"noopener noreferrer\">http:\/\/www.cmjornal.xl.pt\/<\/a><\/p>\n<p style=\"text-align: center\">Portugal &#8211; Record<br \/>\n<a href=\"http:\/\/www.record.xl.pt\/\" target=\"_blank\" rel=\"noopener noreferrer\">http:\/\/www.record.xl.pt\/<\/a><\/p>\n<p style=\"text-align: center\">Portugal &#8211; A Bola<br \/>\n<a href=\"http:\/\/www.abola.pt\/\" target=\"_blank\" rel=\"noopener noreferrer\">http:\/\/www.abola.pt\/<\/a><\/p>\n<h6 style=\"text-align: center\"><\/h6>\n<p>&nbsp;<\/p>\n<h6 style=\"text-align: center\">Revistas Online<\/h6>\n<p style=\"text-align: center\"><a href=\"http:\/\/veja.abril.com.br\/\" target=\"_blank\" rel=\"noopener noreferrer\">VEJA.com<\/a><\/p>\n<p style=\"text-align: center\"><a href=\"http:\/\/revistaepoca.globo.com\/\" target=\"_blank\" rel=\"noopener noreferrer\">\u00c9POCA &#8211; Not\u00edcias e opini\u00e3o de Brasil, Mundo, Ci\u00eancia e Tecnologia<\/a><\/p>\n<p style=\"text-align: center\"><a href=\"http:\/\/www.istoe.com.br\/\" target=\"_blank\" rel=\"noopener noreferrer\">ISTO\u00c9 Independente &#8211; a revista mais combativa do pa\u00eds<\/a><\/p>\n<p style=\"text-align: center\"><a href=\"http:\/\/exame.abril.com.br\/\" target=\"_blank\" rel=\"noopener noreferrer\">Exame<\/a><\/p>\n<p style=\"text-align: center\"><a href=\"http:\/\/vocesa.abril.com.br\/\" target=\"_blank\" rel=\"noopener noreferrer\">Voc\u00ea S\/A<\/a><\/p>\n<p style=\"text-align: center\"><a href=\"http:\/\/info.abril.com.br\/\" target=\"_blank\" rel=\"noopener noreferrer\">INFO Online &#8211; Not\u00edcias, reviews, downloads, dicas e f\u00f3runs<\/a><\/p>\n<p style=\"text-align: center\"><a href=\"http:\/\/revistapegn.globo.com\/\" target=\"_blank\" rel=\"noopener noreferrer\">Pequenas Empresas &amp; Grandes Neg\u00f3cios &#8211; Empreendedorismo<\/a><\/p>\n<p style=\"text-align: center\">\n","protected":false},"excerpt":{"rendered":"<p>Jornais do Brasil On-line Jornal do Brasil http:\/\/www.jb.com.br\/ O Estado de S\u00e3o Paulo http:\/\/www.estadao.com.br\/ Folha de S\u00e3o Paulo http:\/\/www1.folha.uol.com.br\/fsp\/ Estado de Minas http:\/\/www.em.com.br\/ Correio Braziliense http:\/\/www.correiobraziliense.com.br\/ Gazeta do Povo http:\/\/www.gazetadopovo.com.br\/ Correio do Povo http:\/\/www.correiodopovo.com.br\/ Zero Hora http:\/\/zerohora.clicrbs.com.br\/zerohora\/jsp\/default.jsp?uf=1&amp;local=1&amp;section=capa_online &nbsp; Jornais Internacionais Argentina &#8211; Clar\u00edn http:\/\/www.clarin.com\/ Argentina &#8211; Ol\u00e9 http:\/\/www.ole.com.ar\/ Peru &#8211;<\/p>\n","protected":false},"author":2,"featured_media":0,"parent":285,"menu_order":0,"comment_status":"closed","ping_status":"closed","template":"templates\/template-curso_menu_vertical.php","meta":{"footnotes":""},"categories":[],"tags":[],"class_list":["post-4316","page","type-page","status-publish","hentry"],"_links":{"self":[{"href":"https:\/\/portal.unisepe.com.br\/unifia\/wp-json\/wp\/v2\/pages\/4316","targetHints":{"allow":["GET"]}}],"collection":[{"href":"https:\/\/portal.unisepe.com.br\/unifia\/wp-json\/wp\/v2\/pages"}],"about":[{"href":"https:\/\/portal.unisepe.com.br\/unifia\/wp-json\/wp\/v2\/types\/page"}],"author":[{"embeddable":true,"href":"https:\/\/portal.unisepe.com.br\/unifia\/wp-json\/wp\/v2\/users\/2"}],"replies":[{"embeddable":true,"href":"https:\/\/portal.unisepe.com.br\/unifia\/wp-json\/wp\/v2\/comments?post=4316"}],"version-history":[{"count":8,"href":"https:\/\/portal.unisepe.com.br\/unifia\/wp-json\/wp\/v2\/pages\/4316\/revisions"}],"predecessor-version":[{"id":8850,"href":"https:\/\/portal.unisepe.com.br\/unifia\/wp-json\/wp\/v2\/pages\/4316\/revisions\/8850"}],"up":[{"embeddable":true,"href":"https:\/\/portal.unisepe.com.br\/unifia\/wp-json\/wp\/v2\/pages\/285"}],"wp:attachment":[{"href":"https:\/\/portal.unisepe.com.br\/unifia\/wp-json\/wp\/v2\/media?parent=4316"}],"wp:term":[{"taxonomy":"category","embeddable":true,"href":"https:\/\/portal.unisepe.com.br\/unifia\/wp-json\/wp\/v2\/categories?post=4316"},{"taxonomy":"post_tag","embeddable":true,"href":"https:\/\/portal.unisepe.com.br\/unifia\/wp-json\/wp\/v2\/tags?post=4316"}],"curies":[{"name":"wp","href":"https:\/\/api.w.org\/{rel}","templated":true}]}}