{"id":4443,"date":"2018-07-17T14:45:17","date_gmt":"2018-07-17T17:45:17","guid":{"rendered":"http:\/\/portal.unisepe.com.br\/unifia\/?page_id=4443"},"modified":"2024-08-09T19:15:14","modified_gmt":"2024-08-09T22:15:14","slug":"projeto-pedagogico","status":"publish","type":"page","link":"https:\/\/portal.unisepe.com.br\/unifia\/gestao-da-producao-industrial\/projeto-pedagogico\/","title":{"rendered":"Projeto Pedag\u00f3gico"},"content":{"rendered":"<p><a href=\"https:\/\/portal.unisepe.com.br\/unifia\/wp-content\/uploads\/sites\/10001\/2024\/08\/PPC-GPI-2024-V_09-08_24.pdf\" target=\"_blank\" rel=\"noopener noreferrer\">PPC &#8211; Tecnologia em Gest\u00e3o da Produ\u00e7\u00e3o Industrial<\/a><\/p>\n","protected":false},"excerpt":{"rendered":"<p>PPC &#8211; Tecnologia em Gest\u00e3o da Produ\u00e7\u00e3o Industrial<\/p>\n","protected":false},"author":2,"featured_media":0,"parent":3900,"menu_order":0,"comment_status":"closed","ping_status":"closed","template":"templates\/template-pagina_link.php","meta":{"footnotes":""},"categories":[],"tags":[],"class_list":["post-4443","page","type-page","status-publish","hentry"],"_links":{"self":[{"href":"https:\/\/portal.unisepe.com.br\/unifia\/wp-json\/wp\/v2\/pages\/4443","targetHints":{"allow":["GET"]}}],"collection":[{"href":"https:\/\/portal.unisepe.com.br\/unifia\/wp-json\/wp\/v2\/pages"}],"about":[{"href":"https:\/\/portal.unisepe.com.br\/unifia\/wp-json\/wp\/v2\/types\/page"}],"author":[{"embeddable":true,"href":"https:\/\/portal.unisepe.com.br\/unifia\/wp-json\/wp\/v2\/users\/2"}],"replies":[{"embeddable":true,"href":"https:\/\/portal.unisepe.com.br\/unifia\/wp-json\/wp\/v2\/comments?post=4443"}],"version-history":[{"count":3,"href":"https:\/\/portal.unisepe.com.br\/unifia\/wp-json\/wp\/v2\/pages\/4443\/revisions"}],"predecessor-version":[{"id":10298,"href":"https:\/\/portal.unisepe.com.br\/unifia\/wp-json\/wp\/v2\/pages\/4443\/revisions\/10298"}],"up":[{"embeddable":true,"href":"https:\/\/portal.unisepe.com.br\/unifia\/wp-json\/wp\/v2\/pages\/3900"}],"wp:attachment":[{"href":"https:\/\/portal.unisepe.com.br\/unifia\/wp-json\/wp\/v2\/media?parent=4443"}],"wp:term":[{"taxonomy":"category","embeddable":true,"href":"https:\/\/portal.unisepe.com.br\/unifia\/wp-json\/wp\/v2\/categories?post=4443"},{"taxonomy":"post_tag","embeddable":true,"href":"https:\/\/portal.unisepe.com.br\/unifia\/wp-json\/wp\/v2\/tags?post=4443"}],"curies":[{"name":"wp","href":"https:\/\/api.w.org\/{rel}","templated":true}]}}