{"id":4644,"date":"2018-09-05T12:10:03","date_gmt":"2018-09-05T15:10:03","guid":{"rendered":"http:\/\/portal.unisepe.com.br\/unifia\/?page_id=4644"},"modified":"2020-01-21T18:16:35","modified_gmt":"2020-01-21T21:16:35","slug":"ciencia-e-tecnologia","status":"publish","type":"page","link":"https:\/\/portal.unisepe.com.br\/unifia\/ciencia-e-tecnologia\/","title":{"rendered":"Ci\u00eancia e Tecnologia"},"content":{"rendered":"<p class=\"\"><a href=\"http:\/\/portal.unisepe.com.br\/unifia\/wp-content\/uploads\/sites\/10001\/2018\/09\/ciencia_e_tecnologia.png\"><img loading=\"lazy\" decoding=\"async\" src=\"http:\/\/portal.unisepe.com.br\/unifia\/wp-content\/uploads\/sites\/10001\/2018\/09\/ciencia_e_tecnologia.png\" alt=\"\" width=\"183\" height=\"163\" class=\" wp-image-4630 alignleft\" srcset=\"https:\/\/portal.unisepe.com.br\/unifia\/wp-content\/uploads\/sites\/10001\/2018\/09\/ciencia_e_tecnologia.png 530w, https:\/\/portal.unisepe.com.br\/unifia\/wp-content\/uploads\/sites\/10001\/2018\/09\/ciencia_e_tecnologia-300x267.png 300w\" sizes=\"auto, (max-width: 183px) 100vw, 183px\" \/><\/a>O curso de<span>\u00a0<\/span><strong>Ci\u00eancia e Tecnologia<\/strong><span>\u00a0<\/span>forma profissionais com o conhecimento das Ci\u00eancias Exatas, Humanas e Naturais, somados aos princ\u00edpios b\u00e1sicos da Engenharia e Computa\u00e7\u00e3o.<\/p>\n<p class=\"\">Ao final do curso, o estudante pode optar por seguir um outro ciclo de gradua\u00e7\u00e3o complementar, como um bacharelado da \u00e1rea ou licenciatura, ou at\u00e9 mesmo uma p\u00f3s-gradua\u00e7\u00e3o.<\/p>\n<p class=\"\">Optando por um bacharelado complementar, em mais um ano o aluno pode se formar em alguma engenharia relacionada, como a qu\u00edmica e a f\u00edsica, ou aprofundar em uma \u00e1rea espec\u00edfica dentro do curso, como biologia, por exemplo. J\u00e1 os graduandos que optarem pela licenciatura poder\u00e3o dar aulas de f\u00edsica e matem\u00e1tica no ensino b\u00e1sico.<\/p>\n<p class=\"\">No mercado de trabalho, o bacharel em<span>\u00a0<\/span><strong>Ci\u00eancia e Tecnologia<\/strong>, por n\u00e3o ter uma forma\u00e7\u00e3o espec\u00edfica, tem um grande leque de possibilidades. A \u00e1rea exata de atua\u00e7\u00e3o ir\u00e1 depender do enfoque e complementa\u00e7\u00e3o escolhidos durante a gradua\u00e7\u00e3o ou como especializa\u00e7\u00e3o.<\/p>\n<p class=\"\">Trabalhar em ind\u00fastrias dos mais variados segmentos, em empresas do setor financeiro ou lecionar para o ensino fundamental e m\u00e9dio s\u00e3o algumas das dire\u00e7\u00f5es para o profissional.<\/p>\n","protected":false},"excerpt":{"rendered":"<p>O curso de\u00a0Ci\u00eancia e Tecnologia\u00a0forma profissionais com o conhecimento das Ci\u00eancias Exatas, Humanas e Naturais, somados aos princ\u00edpios b\u00e1sicos da Engenharia e Computa\u00e7\u00e3o. Ao final do curso, o estudante pode optar por seguir um outro ciclo de gradua\u00e7\u00e3o complementar, como um bacharelado da \u00e1rea ou licenciatura, ou at\u00e9 mesmo uma<\/p>\n","protected":false},"author":2,"featured_media":0,"parent":0,"menu_order":0,"comment_status":"closed","ping_status":"closed","template":"templates\/template-curso_menu_vertical.php","meta":{"footnotes":""},"categories":[],"tags":[],"class_list":["post-4644","page","type-page","status-publish","hentry"],"_links":{"self":[{"href":"https:\/\/portal.unisepe.com.br\/unifia\/wp-json\/wp\/v2\/pages\/4644","targetHints":{"allow":["GET"]}}],"collection":[{"href":"https:\/\/portal.unisepe.com.br\/unifia\/wp-json\/wp\/v2\/pages"}],"about":[{"href":"https:\/\/portal.unisepe.com.br\/unifia\/wp-json\/wp\/v2\/types\/page"}],"author":[{"embeddable":true,"href":"https:\/\/portal.unisepe.com.br\/unifia\/wp-json\/wp\/v2\/users\/2"}],"replies":[{"embeddable":true,"href":"https:\/\/portal.unisepe.com.br\/unifia\/wp-json\/wp\/v2\/comments?post=4644"}],"version-history":[{"count":2,"href":"https:\/\/portal.unisepe.com.br\/unifia\/wp-json\/wp\/v2\/pages\/4644\/revisions"}],"predecessor-version":[{"id":6223,"href":"https:\/\/portal.unisepe.com.br\/unifia\/wp-json\/wp\/v2\/pages\/4644\/revisions\/6223"}],"wp:attachment":[{"href":"https:\/\/portal.unisepe.com.br\/unifia\/wp-json\/wp\/v2\/media?parent=4644"}],"wp:term":[{"taxonomy":"category","embeddable":true,"href":"https:\/\/portal.unisepe.com.br\/unifia\/wp-json\/wp\/v2\/categories?post=4644"},{"taxonomy":"post_tag","embeddable":true,"href":"https:\/\/portal.unisepe.com.br\/unifia\/wp-json\/wp\/v2\/tags?post=4644"}],"curies":[{"name":"wp","href":"https:\/\/api.w.org\/{rel}","templated":true}]}}