{"id":4650,"date":"2018-09-05T12:18:05","date_gmt":"2018-09-05T15:18:05","guid":{"rendered":"http:\/\/portal.unisepe.com.br\/unifia\/?page_id=4650"},"modified":"2019-09-23T17:13:40","modified_gmt":"2019-09-23T20:13:40","slug":"matriz-curricular","status":"publish","type":"page","link":"https:\/\/portal.unisepe.com.br\/unifia\/ciencia-e-tecnologia\/matriz-curricular\/","title":{"rendered":"Matriz Curricular"},"content":{"rendered":"<ul class=\"nav nav-tabs\">\n<li class=\"nav-item\"><a class=\"nav-link active\" href=\"#tab1\" data-toggle=\"tab\">Matriz<\/a><\/li>\n<li class=\"nav-item\"><a class=\"nav-link\" href=\"#tab2\" data-toggle=\"tab\">Informa\u00e7\u00f5es art 8<\/a><\/li>\n<\/ul>\n<div id=\"myTabContent\" class=\"tab-content\">\n<div id=\"tab1\" class=\"tab-pane fade active show\">\n<p><a href=\"http:\/\/portal.unisepe.com.br\/unifia\/wp-content\/uploads\/sites\/10001\/2018\/09\/matriz_ciencia_e_tecnologia.pdf\" target=\"_blank\" rel=\"noopener\">Matriz Ci\u00eancia e Tecnologia<\/a><\/p>\n<\/div>\n<div id=\"tab2\" class=\"tab-pane fade\">\n<p>CONTEUDO 2<\/p>\n<\/div>\n<\/div>\n","protected":false},"excerpt":{"rendered":"<p>Matriz Informa\u00e7\u00f5es art 8 Matriz Ci\u00eancia e Tecnologia CONTEUDO 2<\/p>\n","protected":false},"author":2,"featured_media":0,"parent":4644,"menu_order":0,"comment_status":"closed","ping_status":"closed","template":"templates\/template-curso_ead_menu_vertical.php","meta":{"footnotes":""},"categories":[],"tags":[],"class_list":["post-4650","page","type-page","status-publish","hentry"],"_links":{"self":[{"href":"https:\/\/portal.unisepe.com.br\/unifia\/wp-json\/wp\/v2\/pages\/4650","targetHints":{"allow":["GET"]}}],"collection":[{"href":"https:\/\/portal.unisepe.com.br\/unifia\/wp-json\/wp\/v2\/pages"}],"about":[{"href":"https:\/\/portal.unisepe.com.br\/unifia\/wp-json\/wp\/v2\/types\/page"}],"author":[{"embeddable":true,"href":"https:\/\/portal.unisepe.com.br\/unifia\/wp-json\/wp\/v2\/users\/2"}],"replies":[{"embeddable":true,"href":"https:\/\/portal.unisepe.com.br\/unifia\/wp-json\/wp\/v2\/comments?post=4650"}],"version-history":[{"count":5,"href":"https:\/\/portal.unisepe.com.br\/unifia\/wp-json\/wp\/v2\/pages\/4650\/revisions"}],"predecessor-version":[{"id":5603,"href":"https:\/\/portal.unisepe.com.br\/unifia\/wp-json\/wp\/v2\/pages\/4650\/revisions\/5603"}],"up":[{"embeddable":true,"href":"https:\/\/portal.unisepe.com.br\/unifia\/wp-json\/wp\/v2\/pages\/4644"}],"wp:attachment":[{"href":"https:\/\/portal.unisepe.com.br\/unifia\/wp-json\/wp\/v2\/media?parent=4650"}],"wp:term":[{"taxonomy":"category","embeddable":true,"href":"https:\/\/portal.unisepe.com.br\/unifia\/wp-json\/wp\/v2\/categories?post=4650"},{"taxonomy":"post_tag","embeddable":true,"href":"https:\/\/portal.unisepe.com.br\/unifia\/wp-json\/wp\/v2\/tags?post=4650"}],"curies":[{"name":"wp","href":"https:\/\/api.w.org\/{rel}","templated":true}]}}