{"id":4652,"date":"2018-09-05T12:18:36","date_gmt":"2018-09-05T15:18:36","guid":{"rendered":"http:\/\/portal.unisepe.com.br\/unifia\/?page_id=4652"},"modified":"2020-01-21T18:15:12","modified_gmt":"2020-01-21T21:15:12","slug":"jogos-digitais","status":"publish","type":"page","link":"https:\/\/portal.unisepe.com.br\/unifia\/jogos-digitais\/","title":{"rendered":"Jogos Digitais"},"content":{"rendered":"<p><a href=\"http:\/\/portal.unisepe.com.br\/unifia\/wp-content\/uploads\/sites\/10001\/2018\/09\/jogosdigitais.png\"><img loading=\"lazy\" decoding=\"async\" src=\"http:\/\/portal.unisepe.com.br\/unifia\/wp-content\/uploads\/sites\/10001\/2018\/09\/jogosdigitais.png\" alt=\"\" width=\"215\" height=\"156\" class=\"size-full wp-image-4628 alignleft\" \/><\/a>O curso de Jogos Digitais mescla conhecimentos de<span>\u00a0<\/span><b>Inform\u00e1tica<\/b><span>\u00a0<\/span>e<span>\u00a0<\/span><b>Desenho<\/b>. O profissional \u00e9 capacitado a construir uma representa\u00e7\u00e3o gr\u00e1fica de personagens e cen\u00e1rios e tamb\u00e9m de realizar as anima\u00e7\u00f5es das telas.<\/p>\n<p>O aluno aprende a utilizar<span>\u00a0<\/span><b>softwares espec\u00edficos<\/b><span>\u00a0<\/span>para a constru\u00e7\u00e3o gr\u00e1fica, edi\u00e7\u00e3o de imagens, modelagem de cen\u00e1rios e anima\u00e7\u00e3o de personagens.<\/p>\n<p>Esta faculdade capacita o profissional a atuar tamb\u00e9m na defini\u00e7\u00e3o do<span>\u00a0<\/span><b>roteiro dos jogos<\/b>, criando regras e estabelecendo as condi\u00e7\u00f5es e caminhos para avan\u00e7ar nas fases do<span>\u00a0<\/span><i>game<\/i>.<\/p>\n<p>A maior parte das disciplinas alia os conhecimentos te\u00f3ricos com a pr\u00e1tica e os estudantes t\u00eam a oportunidade de realizar diversas<span>\u00a0<\/span><b>atividades em laborat\u00f3rios<\/b>.<\/p>\n","protected":false},"excerpt":{"rendered":"<p>O curso de Jogos Digitais mescla conhecimentos de\u00a0Inform\u00e1tica\u00a0e\u00a0Desenho. O profissional \u00e9 capacitado a construir uma representa\u00e7\u00e3o gr\u00e1fica de personagens e cen\u00e1rios e tamb\u00e9m de realizar as anima\u00e7\u00f5es das telas. O aluno aprende a utilizar\u00a0softwares espec\u00edficos\u00a0para a constru\u00e7\u00e3o gr\u00e1fica, edi\u00e7\u00e3o de imagens, modelagem de cen\u00e1rios e anima\u00e7\u00e3o de personagens. Esta faculdade<\/p>\n","protected":false},"author":2,"featured_media":0,"parent":0,"menu_order":0,"comment_status":"closed","ping_status":"closed","template":"templates\/template-curso_menu_vertical.php","meta":{"footnotes":""},"categories":[],"tags":[],"class_list":["post-4652","page","type-page","status-publish","hentry"],"_links":{"self":[{"href":"https:\/\/portal.unisepe.com.br\/unifia\/wp-json\/wp\/v2\/pages\/4652","targetHints":{"allow":["GET"]}}],"collection":[{"href":"https:\/\/portal.unisepe.com.br\/unifia\/wp-json\/wp\/v2\/pages"}],"about":[{"href":"https:\/\/portal.unisepe.com.br\/unifia\/wp-json\/wp\/v2\/types\/page"}],"author":[{"embeddable":true,"href":"https:\/\/portal.unisepe.com.br\/unifia\/wp-json\/wp\/v2\/users\/2"}],"replies":[{"embeddable":true,"href":"https:\/\/portal.unisepe.com.br\/unifia\/wp-json\/wp\/v2\/comments?post=4652"}],"version-history":[{"count":4,"href":"https:\/\/portal.unisepe.com.br\/unifia\/wp-json\/wp\/v2\/pages\/4652\/revisions"}],"predecessor-version":[{"id":6222,"href":"https:\/\/portal.unisepe.com.br\/unifia\/wp-json\/wp\/v2\/pages\/4652\/revisions\/6222"}],"wp:attachment":[{"href":"https:\/\/portal.unisepe.com.br\/unifia\/wp-json\/wp\/v2\/media?parent=4652"}],"wp:term":[{"taxonomy":"category","embeddable":true,"href":"https:\/\/portal.unisepe.com.br\/unifia\/wp-json\/wp\/v2\/categories?post=4652"},{"taxonomy":"post_tag","embeddable":true,"href":"https:\/\/portal.unisepe.com.br\/unifia\/wp-json\/wp\/v2\/tags?post=4652"}],"curies":[{"name":"wp","href":"https:\/\/api.w.org\/{rel}","templated":true}]}}