{"id":4654,"date":"2018-09-05T12:18:50","date_gmt":"2018-09-05T15:18:50","guid":{"rendered":"http:\/\/portal.unisepe.com.br\/unifia\/?page_id=4654"},"modified":"2018-09-05T12:18:50","modified_gmt":"2018-09-05T15:18:50","slug":"grade-e-corpo-docente","status":"publish","type":"page","link":"https:\/\/portal.unisepe.com.br\/unifia\/jogos-digitais\/grade-e-corpo-docente\/","title":{"rendered":"Grade e Corpo Docente"},"content":{"rendered":"<p>Corpo Docente formado por Especialistas, Mestres e Doutores com larga experi\u00eancia profissional que resulta em aulas pr\u00e1ticas em todos os cursos, mesmo nos cursos mais te\u00f3ricos. A experi\u00eancia em sala de aula \u00e9 um dos pilares de sele\u00e7\u00e3o docentes do Centro Universit\u00e1rio Amparense, fundamental para aplica\u00e7\u00e3o de novas metodologias de ensino, antenados com as mudan\u00e7as num mundo cada vez mais globalizado e conectado.<br \/>\nOs professores s\u00e3o compostos por 70% de mestres e doutores, sendo 25% de doutores e 70% de professores em tempo integral e parcial; proporcionando oferta de diversidade de atividades \u00e0 todos os alunos.<\/p>\n","protected":false},"excerpt":{"rendered":"<p>Corpo Docente formado por Especialistas, Mestres e Doutores com larga experi\u00eancia profissional que resulta em aulas pr\u00e1ticas em todos os cursos, mesmo nos cursos mais te\u00f3ricos. A experi\u00eancia em sala de aula \u00e9 um dos pilares de sele\u00e7\u00e3o docentes do Centro Universit\u00e1rio Amparense, fundamental para aplica\u00e7\u00e3o de novas metodologias de<\/p>\n","protected":false},"author":2,"featured_media":0,"parent":4652,"menu_order":0,"comment_status":"closed","ping_status":"closed","template":"templates\/template-curso_menu_vertical.php","meta":{"footnotes":""},"categories":[],"tags":[],"class_list":["post-4654","page","type-page","status-publish","hentry"],"_links":{"self":[{"href":"https:\/\/portal.unisepe.com.br\/unifia\/wp-json\/wp\/v2\/pages\/4654","targetHints":{"allow":["GET"]}}],"collection":[{"href":"https:\/\/portal.unisepe.com.br\/unifia\/wp-json\/wp\/v2\/pages"}],"about":[{"href":"https:\/\/portal.unisepe.com.br\/unifia\/wp-json\/wp\/v2\/types\/page"}],"author":[{"embeddable":true,"href":"https:\/\/portal.unisepe.com.br\/unifia\/wp-json\/wp\/v2\/users\/2"}],"replies":[{"embeddable":true,"href":"https:\/\/portal.unisepe.com.br\/unifia\/wp-json\/wp\/v2\/comments?post=4654"}],"version-history":[{"count":1,"href":"https:\/\/portal.unisepe.com.br\/unifia\/wp-json\/wp\/v2\/pages\/4654\/revisions"}],"predecessor-version":[{"id":4655,"href":"https:\/\/portal.unisepe.com.br\/unifia\/wp-json\/wp\/v2\/pages\/4654\/revisions\/4655"}],"up":[{"embeddable":true,"href":"https:\/\/portal.unisepe.com.br\/unifia\/wp-json\/wp\/v2\/pages\/4652"}],"wp:attachment":[{"href":"https:\/\/portal.unisepe.com.br\/unifia\/wp-json\/wp\/v2\/media?parent=4654"}],"wp:term":[{"taxonomy":"category","embeddable":true,"href":"https:\/\/portal.unisepe.com.br\/unifia\/wp-json\/wp\/v2\/categories?post=4654"},{"taxonomy":"post_tag","embeddable":true,"href":"https:\/\/portal.unisepe.com.br\/unifia\/wp-json\/wp\/v2\/tags?post=4654"}],"curies":[{"name":"wp","href":"https:\/\/api.w.org\/{rel}","templated":true}]}}