{"id":495,"date":"2016-07-12T18:59:02","date_gmt":"2016-07-12T18:59:02","guid":{"rendered":"http:\/\/www.fvr.edu.br\/fvr\/site\/?page_id=495"},"modified":"2020-10-29T15:26:36","modified_gmt":"2020-10-29T18:26:36","slug":"nutricao","status":"publish","type":"page","link":"https:\/\/portal.unisepe.com.br\/unifia\/nutricao\/","title":{"rendered":"Nutri\u00e7\u00e3o"},"content":{"rendered":"<p style=\"text-align: justify\"><strong><img loading=\"lazy\" decoding=\"async\" class=\"size-full wp-image-2396 alignleft\" src=\"http:\/\/portal.unisepe.com.br\/unifia\/wp-content\/uploads\/sites\/10001\/2018\/06\/nutricao.png\" alt=\"\" width=\"99\" height=\"100\" \/>Curso de Nutri\u00e7\u00e3o da UNISEPE-UNIFIA<\/strong><\/p>\n<p style=\"text-align: justify\">Nutri\u00e7\u00e3o \u00e9 o estudo da rela\u00e7\u00e3o entre o homem e o alimento. Al\u00e9m das \u00e1reas cl\u00e1ssicas de atua\u00e7\u00e3o como cl\u00ednicas, sa\u00fade p\u00fablica e administra\u00e7\u00e3o de servi\u00e7os de alimenta\u00e7\u00e3o, esse profissional tem encontrado espa\u00e7o nas \u00e1reas de marketing, esporte, ensino e pesquisa.<\/p>\n<p>&nbsp;<\/p>\n<p>&nbsp;<\/p>\n<p>&nbsp;<\/p>\n<p><iframe loading=\"lazy\" title=\"NUTRI\u00c7\u00c3O FEIRA DE PROFISS\u00d5ES AMPARO 2020 2\" width=\"500\" height=\"281\" src=\"https:\/\/www.youtube.com\/embed\/FULLXhg9w5A?list=PLf9h9rNyGnnrIVvd2-T_IuN90Vyj8a9u2\" frameborder=\"0\" allow=\"accelerometer; autoplay; clipboard-write; encrypted-media; gyroscope; picture-in-picture; web-share\" referrerpolicy=\"strict-origin-when-cross-origin\" allowfullscreen><\/iframe><\/p>\n<p>&nbsp;<\/p>\n<h2>Saiba mais<\/h2>\n<p>&nbsp;<\/p>\n<p><iframe loading=\"lazy\" title=\"NUTRI\u00c7\u00c3O VIDEO 3 FINAL\" width=\"500\" height=\"281\" src=\"https:\/\/www.youtube.com\/embed\/symY8q0fE1o?feature=oembed\" frameborder=\"0\" allow=\"accelerometer; autoplay; clipboard-write; encrypted-media; gyroscope; picture-in-picture; web-share\" referrerpolicy=\"strict-origin-when-cross-origin\" allowfullscreen><\/iframe><\/p>\n<p>&nbsp;<\/p>\n<p><iframe loading=\"lazy\" title=\"NUTRI\u00c7\u00c3O - JOICE BATISTA\" width=\"500\" height=\"281\" src=\"https:\/\/www.youtube.com\/embed\/HOpu4T20o0s?feature=oembed\" frameborder=\"0\" allow=\"accelerometer; autoplay; clipboard-write; encrypted-media; gyroscope; picture-in-picture; web-share\" referrerpolicy=\"strict-origin-when-cross-origin\" allowfullscreen><\/iframe><\/p>\n<h2>Voc\u00ea tamb\u00e9m pode ser parte desta hist\u00f3ria de sucesso! Venha para o UNIFIA<\/h2>\n<p><iframe loading=\"lazy\" title=\"Storytelling Joice Nutri\u00e7\u00e3o\" width=\"500\" height=\"281\" src=\"https:\/\/www.youtube.com\/embed\/8SXaKlcynxA?feature=oembed\" frameborder=\"0\" allow=\"accelerometer; autoplay; clipboard-write; encrypted-media; gyroscope; picture-in-picture; web-share\" referrerpolicy=\"strict-origin-when-cross-origin\" allowfullscreen><\/iframe><\/p>\n<p>&nbsp;<\/p>\n<p style=\"text-align: justify\">Abaixo, temos as \u00e1reas de atua\u00e7\u00e3o de maneira mais detalhada:<\/p>\n<p style=\"text-align: justify\"><strong>I. Alimenta\u00e7\u00e3o Coletiva:<\/strong><\/p>\n<p style=\"text-align: justify\">Empresas fornecedoras de servi\u00e7os de alimenta\u00e7\u00e3o coletiva<br \/>\nServi\u00e7os de alimenta\u00e7\u00e3o auto-gest\u00e3o<br \/>\nRestaurantes comerciais e similares<br \/>\nHotelaria mar\u00edtima<br \/>\nServi\u00e7os de buffet e de alimentos congelados<br \/>\nCozinhas dos estabelecimentos assistenciais de sa\u00fade<br \/>\nAlimenta\u00e7\u00e3o Escolar<br \/>\nAlimenta\u00e7\u00e3o do Trabalhador (cesta b\u00e1sica \/ refei\u00e7\u00e3o-conv\u00eanio)<\/p>\n<p style=\"text-align: justify\"><strong>II. Nutri\u00e7\u00e3o Cl\u00ednica:<\/strong><\/p>\n<p style=\"text-align: justify\">Hospitais e cl\u00ednicas<br \/>\nInstitui\u00e7\u00f5es de longa perman\u00eancia para idosos (ILPI)<br \/>\nAmbulat\u00f3rios e consult\u00f3rios<br \/>\nBancos de leite humano (BLH)<br \/>\nLact\u00e1rios<br \/>\nCentrais de terapia nutricional<br \/>\nSPA<br \/>\nAtendimento domiciliar (Home care)<\/p>\n<p style=\"text-align: justify\"><strong>III. Sa\u00fade Coletiva<\/strong><\/p>\n<p style=\"text-align: justify\">Pol\u00edticas e programas institucionais<br \/>\nAten\u00e7\u00e3o b\u00e1sica em sa\u00fade<br \/>\nVigil\u00e2ncia sanit\u00e1ria<\/p>\n<p style=\"text-align: justify\"><strong>IV. Doc\u00eancia<\/strong><\/p>\n<p style=\"text-align: justify\">Atividades de ensino, extens\u00e3o, pesquisa e coordena\u00e7\u00e3o relacionadas \u00e0 alimenta\u00e7\u00e3o e nutri\u00e7\u00e3o.<br \/>\nV. Ind\u00fastria de Alimentos<br \/>\nAtividades de desenvolvimento de produtos relacionados \u00e0 alimenta\u00e7\u00e3o e nutri\u00e7\u00e3o.<\/p>\n<p style=\"text-align: justify\"><strong>VI. Nutri\u00e7\u00e3o em Esportes<\/strong><\/p>\n<p style=\"text-align: justify\">Academias<br \/>\nClubes esportivos e similares<\/p>\n<p style=\"text-align: justify\"><strong>VII. Marketing na \u00e1rea de Alimenta\u00e7\u00e3o e Nutri\u00e7\u00e3o<\/strong><\/p>\n<p style=\"text-align: justify\">Marketing e publicidade cient\u00edfica relacionadas \u00e0 alimenta\u00e7\u00e3o e nutri\u00e7\u00e3o<br \/>\nFonte: <a href=\"http:\/\/www.crn3.org.br\/Institucional\/Setores\" target=\"_blank\" rel=\"noopener noreferrer\">http:\/\/www.crn3.org.br\/Institucional\/Setores<\/a><\/p>\n<p style=\"text-align: justify\"><strong>Objetivos do curso de Nutri\u00e7\u00e3o da UNISEPE<\/strong><\/p>\n<p style=\"text-align: justify\">Iniciar na regi\u00e3o um trabalho extensionista que possa contribuir para o desenvolvimento social da popula\u00e7\u00e3o. Formar um profissional de sa\u00fade generalista, integrado e comprometido com a transforma\u00e7\u00e3o social, que tem por objeto de estudo a rela\u00e7\u00e3o do homem com o alimento e por objeto de trabalho a alimenta\u00e7\u00e3o do homem como princ\u00edpio de cidadania.<\/p>\n<p style=\"text-align: justify\"><strong>Perfil do Egresso<\/strong><\/p>\n<p style=\"text-align: justify\">A forma\u00e7\u00e3o do profissional nutricionista deve ser generalista, humanista e cr\u00edtica, abrangendo uma consciente base te\u00f3rico-pr\u00e1tica, alicer\u00e7ada a partir do conhecimento da realidade, e articulada a uma instrumentaliza\u00e7\u00e3o t\u00e9cnica espec\u00edfica em seus campos de interven\u00e7\u00e3o profissional. A UNISEPE visa formar profissional nutricionista com uma vis\u00e3o ampla da realidade social, pol\u00edtica, cultural, e econ\u00f4mica do pa\u00eds, consciente das reais necessidades e possibilidades do cidad\u00e3o e das caracter\u00edsticas apresentadas pela sociedade, num sentido inovador, criador e democr\u00e1tico.<\/p>\n","protected":false},"excerpt":{"rendered":"<p>Curso de Nutri\u00e7\u00e3o da UNISEPE-UNIFIA Nutri\u00e7\u00e3o \u00e9 o estudo da rela\u00e7\u00e3o entre o homem e o alimento. Al\u00e9m das \u00e1reas cl\u00e1ssicas de atua\u00e7\u00e3o como cl\u00ednicas, sa\u00fade p\u00fablica e administra\u00e7\u00e3o de servi\u00e7os de alimenta\u00e7\u00e3o, esse profissional tem encontrado espa\u00e7o nas \u00e1reas de marketing, esporte, ensino e pesquisa. &nbsp; &nbsp; &nbsp; &nbsp;<\/p>\n","protected":false},"author":1,"featured_media":0,"parent":0,"menu_order":0,"comment_status":"closed","ping_status":"closed","template":"templates\/template-curso_menu_vertical.php","meta":{"footnotes":""},"categories":[],"tags":[],"class_list":["post-495","page","type-page","status-publish","hentry"],"_links":{"self":[{"href":"https:\/\/portal.unisepe.com.br\/unifia\/wp-json\/wp\/v2\/pages\/495","targetHints":{"allow":["GET"]}}],"collection":[{"href":"https:\/\/portal.unisepe.com.br\/unifia\/wp-json\/wp\/v2\/pages"}],"about":[{"href":"https:\/\/portal.unisepe.com.br\/unifia\/wp-json\/wp\/v2\/types\/page"}],"author":[{"embeddable":true,"href":"https:\/\/portal.unisepe.com.br\/unifia\/wp-json\/wp\/v2\/users\/1"}],"replies":[{"embeddable":true,"href":"https:\/\/portal.unisepe.com.br\/unifia\/wp-json\/wp\/v2\/comments?post=495"}],"version-history":[{"count":8,"href":"https:\/\/portal.unisepe.com.br\/unifia\/wp-json\/wp\/v2\/pages\/495\/revisions"}],"predecessor-version":[{"id":6974,"href":"https:\/\/portal.unisepe.com.br\/unifia\/wp-json\/wp\/v2\/pages\/495\/revisions\/6974"}],"wp:attachment":[{"href":"https:\/\/portal.unisepe.com.br\/unifia\/wp-json\/wp\/v2\/media?parent=495"}],"wp:term":[{"taxonomy":"category","embeddable":true,"href":"https:\/\/portal.unisepe.com.br\/unifia\/wp-json\/wp\/v2\/categories?post=495"},{"taxonomy":"post_tag","embeddable":true,"href":"https:\/\/portal.unisepe.com.br\/unifia\/wp-json\/wp\/v2\/tags?post=495"}],"curies":[{"name":"wp","href":"https:\/\/api.w.org\/{rel}","templated":true}]}}