{"id":5002,"date":"2019-01-23T16:02:29","date_gmt":"2019-01-23T18:02:29","guid":{"rendered":"http:\/\/portal.unisepe.com.br\/unifia\/?page_id=5002"},"modified":"2019-12-20T10:44:29","modified_gmt":"2019-12-20T13:44:29","slug":"ano-2019","status":"publish","type":"page","link":"https:\/\/portal.unisepe.com.br\/unifia\/direito-em-foco\/ano-2019\/","title":{"rendered":"Ano 2019"},"content":{"rendered":"<h6>Artigos<\/h6>\n<p>&nbsp;<\/p>\n<ul>\n<li><a href=\"http:\/\/portal.unisepe.com.br\/unifia\/wp-content\/uploads\/sites\/10001\/2019\/03\/001_O-USO-DA-L\u00d3GICA-JUR\u00cdDICA-NAS-DECIS\u00d5ES-DO-TRIBUNAL-DO-J\u00daRI.pdf\" target=\"_blank\" rel=\"noopener\">O USO DA L\u00d3GICA JUR\u00cdDICA NAS DECIS\u00d5ES DO TRIBUNAL DO J\u00daRI &#8211;<br \/>\np\u00e1g 1 \u00e0 8<\/a><br \/>\n<em>TOMAZI, Leandro Affonso<\/em><\/li>\n<\/ul>\n<hr \/>\n<ul>\n<li><a href=\"http:\/\/portal.unisepe.com.br\/unifia\/wp-content\/uploads\/sites\/10001\/2019\/08\/002_PR\u00c1TICAS-RESTAURATIVAS-UMA-POSSIBILIDADE-\u00c0-CONVIV\u00caNCIA-ESCOLAR-E-SOCIAL.pdf\" target=\"_blank\" rel=\"noopener\">PR\u00c1TICAS RESTAURATIVAS: UMA POSSIBILIDADE \u00c0 CONVIV\u00caNCIA ESCOLAR E SOCIAL &#8211;<br \/>\np\u00e1g 9 \u00e0 21<\/a><br \/>\n<em>Silmara Cristina Ramos Quintana <\/em><\/li>\n<\/ul>\n<hr \/>\n<ul>\n<li><a href=\"http:\/\/portal.unisepe.com.br\/unifia\/wp-content\/uploads\/sites\/10001\/2019\/09\/003_O-SERVI\u00c7O-SOCIAL-NA-PROTE\u00c7\u00c3O-SOCIAL-B\u00c1SICA-.pdf\" target=\"_blank\" rel=\"noopener\">O SERVI\u00c7O SOCIAL NA PROTE\u00c7\u00c3O SOCIAL B\u00c1SICA &#8211; SCFV SERVI\u00c7O DE CONVIV\u00caNCIA E FORTALECIMENTO DE V\u00cdNCULOS &#8211;<br \/>\np\u00e1g 22 \u00e0 30<\/a><br \/>\n<em>Giovanna Stevanin do Nascimento<br \/>\nGislaine Cristina Furlan<br \/>\nJirlane dos Santos Vasconcelos de Almeida<br \/>\nKaren da Silva Nunes<br \/>\nKaroline Santos Torres<br \/>\nSilmara Quintana.<br \/>\n<\/em><\/li>\n<\/ul>\n<hr \/>\n<ul>\n<li><a href=\"http:\/\/portal.unisepe.com.br\/unifia\/wp-content\/uploads\/sites\/10001\/2019\/12\/UM-ESTUDO-SOBRE-AS-V\u00c1RIAS-FORMAS-DE-VIOL\u00caNCIA-CONTRA-A-MULHER.pdf\" target=\"_blank\" rel=\"noopener\">UM ESTUDO SOBRE AS V\u00c1RIAS FORMAS DE VIOL\u00caNCIA CONTRA A MULHER p\u00e1g 31 \u00e0 38<\/a><br \/>\n<i> Otacisio Pereira Da Silva<br \/>\nPaola G B Carvalho Rodrigues<br \/>\nPatr\u00edcia Bastos<br \/>\nRafael Guilhem<br \/>\nRamon Alves Da Silveira Oraggio<br \/>\nLu\u00eds Henrique Romano.<br \/>\n<\/i><\/li>\n<\/ul>\n<hr \/>\n","protected":false},"excerpt":{"rendered":"<p>Artigos &nbsp; O USO DA L\u00d3GICA JUR\u00cdDICA NAS DECIS\u00d5ES DO TRIBUNAL DO J\u00daRI &#8211; p\u00e1g 1 \u00e0 8 TOMAZI, Leandro Affonso PR\u00c1TICAS RESTAURATIVAS: UMA POSSIBILIDADE \u00c0 CONVIV\u00caNCIA ESCOLAR E SOCIAL &#8211; p\u00e1g 9 \u00e0 21 Silmara Cristina Ramos Quintana O SERVI\u00c7O SOCIAL NA PROTE\u00c7\u00c3O SOCIAL B\u00c1SICA &#8211; SCFV SERVI\u00c7O DE<\/p>\n","protected":false},"author":2,"featured_media":0,"parent":2722,"menu_order":0,"comment_status":"closed","ping_status":"closed","template":"templates\/template-pagina_menu_vertical.php","meta":{"footnotes":""},"categories":[],"tags":[],"class_list":["post-5002","page","type-page","status-publish","hentry"],"_links":{"self":[{"href":"https:\/\/portal.unisepe.com.br\/unifia\/wp-json\/wp\/v2\/pages\/5002","targetHints":{"allow":["GET"]}}],"collection":[{"href":"https:\/\/portal.unisepe.com.br\/unifia\/wp-json\/wp\/v2\/pages"}],"about":[{"href":"https:\/\/portal.unisepe.com.br\/unifia\/wp-json\/wp\/v2\/types\/page"}],"author":[{"embeddable":true,"href":"https:\/\/portal.unisepe.com.br\/unifia\/wp-json\/wp\/v2\/users\/2"}],"replies":[{"embeddable":true,"href":"https:\/\/portal.unisepe.com.br\/unifia\/wp-json\/wp\/v2\/comments?post=5002"}],"version-history":[{"count":8,"href":"https:\/\/portal.unisepe.com.br\/unifia\/wp-json\/wp\/v2\/pages\/5002\/revisions"}],"predecessor-version":[{"id":6114,"href":"https:\/\/portal.unisepe.com.br\/unifia\/wp-json\/wp\/v2\/pages\/5002\/revisions\/6114"}],"up":[{"embeddable":true,"href":"https:\/\/portal.unisepe.com.br\/unifia\/wp-json\/wp\/v2\/pages\/2722"}],"wp:attachment":[{"href":"https:\/\/portal.unisepe.com.br\/unifia\/wp-json\/wp\/v2\/media?parent=5002"}],"wp:term":[{"taxonomy":"category","embeddable":true,"href":"https:\/\/portal.unisepe.com.br\/unifia\/wp-json\/wp\/v2\/categories?post=5002"},{"taxonomy":"post_tag","embeddable":true,"href":"https:\/\/portal.unisepe.com.br\/unifia\/wp-json\/wp\/v2\/tags?post=5002"}],"curies":[{"name":"wp","href":"https:\/\/api.w.org\/{rel}","templated":true}]}}