{"id":5095,"date":"2019-02-26T20:11:21","date_gmt":"2019-02-26T23:11:21","guid":{"rendered":"http:\/\/portal.unisepe.com.br\/unifia\/?page_id=5095"},"modified":"2019-10-14T17:22:51","modified_gmt":"2019-10-14T20:22:51","slug":"ano-2019","status":"publish","type":"page","link":"https:\/\/portal.unisepe.com.br\/unifia\/educacao-em-foco\/ano-2019\/","title":{"rendered":"Ano 2019"},"content":{"rendered":"<h6>Artigos<\/h6>\n<p>&nbsp;<\/p>\n<ul>\n<li><a href=\"http:\/\/portal.unisepe.com.br\/unifia\/wp-content\/uploads\/sites\/10001\/2019\/02\/001_INCLUS\u00c3O-A-COMPLEXA-RELA\u00c7\u00c3O-EM-ACEITAR-EDUCAR-E-FORMAR.pdf\" target=\"_blank\" rel=\"noopener\">INCLUS\u00c3O: A COMPLEXA RELA\u00c7\u00c3O EM ACEITAR, EDUCAR E FORMAR. DIVERSIFICANDO AS ATITUDES E REEDUCANDO CONCEITOS, UM NOVO OLHAR FRENTE \u00c0 REALIDADE DA INSER\u00c7\u00c3O DO DEFICIENTE NO ENSINO SUPERIOR. &#8211; p\u00e1g 01 \u00e0 22<\/a><br \/>\n<em>Celso Falcini Santos<\/em><\/li>\n<\/ul>\n<hr \/>\n<ul>\n<li><a href=\"http:\/\/portal.unisepe.com.br\/unifia\/wp-content\/uploads\/sites\/10001\/2019\/05\/002_O-USO-DE-SOFTWARES-NA-EDUCA\u00c7\u00c3O-MUSICAL.pdf\" target=\"_blank\" rel=\"noopener\">O USO DE SOFTWARES NA EDUCA\u00c7\u00c3O MUSICAL. &#8211; p\u00e1g 23 \u00e0 32<\/a><br \/>\n<em>Cristiane Bevil\u00e1qua Mota<\/em><\/li>\n<\/ul>\n<hr \/>\n<ul>\n<li><a href=\"http:\/\/portal.unisepe.com.br\/unifia\/wp-content\/uploads\/sites\/10001\/2019\/06\/003_A-NEUROPSICOPEDAGOGIA-NO-COTIDIANO-ESCOLAR-DA-EDUCA\u00c7\u00c3O-B\u00c1SICA.pdf\" target=\"_blank\" rel=\"noopener\">A NEUROPSICOPEDAGOGIA NO COTIDIANO ESCOLAR DA EDUCA\u00c7\u00c3O B\u00c1SICA. &#8211; p\u00e1g 33 \u00e0 44<\/a><br \/>\n<em>Wagner Feitosa Avelino<\/em><\/li>\n<\/ul>\n<hr \/>\n<ul>\n<li><a href=\"http:\/\/portal.unisepe.com.br\/unifia\/wp-content\/uploads\/sites\/10001\/2019\/08\/004_OS-DESAFIOS-DA-INCLUS\u00c3O-ESCOLAR.pdf\" target=\"_blank\" rel=\"noopener\">OS DESAFIOS DA INCLUS\u00c3O ESCOLAR. &#8211; p\u00e1g 45 \u00e0 48<\/a><br \/>\n<em>Alice Gritti<br \/>\nAline Gritti Rodrigues.<\/em><\/li>\n<\/ul>\n<hr \/>\n<ul>\n<li><a href=\"http:\/\/portal.unisepe.com.br\/unifia\/wp-content\/uploads\/sites\/10001\/2019\/09\/005_Envelhecimento-populacional-e-polifarm\u00e1cia-contribui\u00e7\u00f5es-do-profissional-farmac\u00eautico.pdf\" target=\"_blank\" rel=\"noopener\">Envelhecimento Populacional e Polifarm\u00e1cia: Contribui\u00e7\u00f5es do Profissional Farmac\u00eautico. &#8211; p\u00e1g 49 \u00e0 72<\/a><br \/>\n<em>Ana Carolina Marques<br \/>\nNathalia Serafim dos Santos<br \/>\nMaria de F\u00e1tima Fernandes Fujii<br \/>\nPedro Araujo dos Santos<br \/>\nPaulo Aparecido Vargas Salom\u00e3o<br \/>\nMariana Donato Pereira.<\/em><\/li>\n<\/ul>\n<hr \/>\n<ul>\n<li><a href=\"http:\/\/portal.unisepe.com.br\/unifia\/wp-content\/uploads\/sites\/10001\/2019\/09\/006_Materiais-educativos-para-interven\u00e7\u00e3o-farmac\u00eautica-nos-casos-de-automedica\u00e7\u00e3o.pdf\" target=\"_blank\" rel=\"noopener\">Materiais Educativos para Interven\u00e7\u00e3o Farmac\u00eautica nos Casos de Automedica\u00e7\u00e3o. &#8211; p\u00e1g 73 \u00e0 88<\/a><br \/>\n<em>Solange de Almeida<br \/>\nNathalia Serafim dos Santos<br \/>\nPedro Araujo dos Santos<br \/>\nMaria de F\u00e1tima Fernandes Fujii<br \/>\nPaulo Aparecido Vargas Salom\u00e3o<br \/>\nMariana Donato Pereira.<\/em><\/li>\n<\/ul>\n<hr \/>\n<ul>\n<li><a href=\"http:\/\/portal.unisepe.com.br\/unifia\/wp-content\/uploads\/sites\/10001\/2019\/09\/007_Artigo_Aves_Campus_Revista-Educa\u00e7\u00e3o-em-Foco.pdf\" target=\"_blank\" rel=\"noopener\">ESTUDO DE AVIFAUNA NO CAMPUS DAS FACULDADES INTEGRADAS DO VALE DO RIBEIRA \u2013 REGISTRO SP &#8211; p\u00e1g 89 \u00e0 98<\/a><br \/>\n<em>Juliana Tomaz da Silva<br \/>\nVit\u00f3ria Lupi Rodrigues Coelho<br \/>\nBianca Korisztek Teixeira da Cunha<br \/>\nRicardo Claudionor Mendes<\/em><\/li>\n<\/ul>\n<hr \/>\n<ul>\n<li><a href=\"http:\/\/portal.unisepe.com.br\/unifia\/wp-content\/uploads\/sites\/10001\/2019\/10\/008_AN\u00c1LISE-DA-REFORMA-UNIVERSIT\u00c1RIA-NO-SURGIMENTO-DO-ENSINO-SUPERIOR-.pdf\" target=\"_blank\" rel=\"noopener\">AN\u00c1LISE DA REFORMA UNIVERSIT\u00c1RIA NO SURGIMENTO DO ENSINO SUPERIOR NO BRASIL &#8211; p\u00e1g 99 \u00e0 109<\/a><br \/>\n<em>L\u00edlian Faustino da Rosa<\/em><\/li>\n<\/ul>\n<hr \/>\n","protected":false},"excerpt":{"rendered":"<p>Artigos &nbsp; INCLUS\u00c3O: A COMPLEXA RELA\u00c7\u00c3O EM ACEITAR, EDUCAR E FORMAR. DIVERSIFICANDO AS ATITUDES E REEDUCANDO CONCEITOS, UM NOVO OLHAR FRENTE \u00c0 REALIDADE DA INSER\u00c7\u00c3O DO DEFICIENTE NO ENSINO SUPERIOR. &#8211; p\u00e1g 01 \u00e0 22 Celso Falcini Santos O USO DE SOFTWARES NA EDUCA\u00c7\u00c3O MUSICAL. &#8211; p\u00e1g 23 \u00e0 32<\/p>\n","protected":false},"author":2,"featured_media":0,"parent":2819,"menu_order":0,"comment_status":"closed","ping_status":"closed","template":"templates\/template-pagina_menu_vertical.php","meta":{"footnotes":""},"categories":[],"tags":[],"class_list":["post-5095","page","type-page","status-publish","hentry"],"_links":{"self":[{"href":"https:\/\/portal.unisepe.com.br\/unifia\/wp-json\/wp\/v2\/pages\/5095","targetHints":{"allow":["GET"]}}],"collection":[{"href":"https:\/\/portal.unisepe.com.br\/unifia\/wp-json\/wp\/v2\/pages"}],"about":[{"href":"https:\/\/portal.unisepe.com.br\/unifia\/wp-json\/wp\/v2\/types\/page"}],"author":[{"embeddable":true,"href":"https:\/\/portal.unisepe.com.br\/unifia\/wp-json\/wp\/v2\/users\/2"}],"replies":[{"embeddable":true,"href":"https:\/\/portal.unisepe.com.br\/unifia\/wp-json\/wp\/v2\/comments?post=5095"}],"version-history":[{"count":12,"href":"https:\/\/portal.unisepe.com.br\/unifia\/wp-json\/wp\/v2\/pages\/5095\/revisions"}],"predecessor-version":[{"id":5732,"href":"https:\/\/portal.unisepe.com.br\/unifia\/wp-json\/wp\/v2\/pages\/5095\/revisions\/5732"}],"up":[{"embeddable":true,"href":"https:\/\/portal.unisepe.com.br\/unifia\/wp-json\/wp\/v2\/pages\/2819"}],"wp:attachment":[{"href":"https:\/\/portal.unisepe.com.br\/unifia\/wp-json\/wp\/v2\/media?parent=5095"}],"wp:term":[{"taxonomy":"category","embeddable":true,"href":"https:\/\/portal.unisepe.com.br\/unifia\/wp-json\/wp\/v2\/categories?post=5095"},{"taxonomy":"post_tag","embeddable":true,"href":"https:\/\/portal.unisepe.com.br\/unifia\/wp-json\/wp\/v2\/tags?post=5095"}],"curies":[{"name":"wp","href":"https:\/\/api.w.org\/{rel}","templated":true}]}}