{"id":511,"date":"2016-07-12T19:17:00","date_gmt":"2016-07-12T19:17:00","guid":{"rendered":"http:\/\/www.fvr.edu.br\/fvr\/site\/?page_id=511"},"modified":"2020-01-22T13:42:58","modified_gmt":"2020-01-22T16:42:58","slug":"atos-legais","status":"publish","type":"page","link":"https:\/\/portal.unisepe.com.br\/unifia\/pedagogia\/atos-legais\/","title":{"rendered":"Atos Legais"},"content":{"rendered":"<p><strong>Atos Legais<\/strong><\/p>\n<ul>\n<li>In\u00edcio do Curso em 2018<\/li>\n<li>Vagas oferecidas 125<\/li>\n<li>Dura\u00e7\u00e3o de 4 anos<\/li>\n<li>Noturno<\/li>\n<li>Renova\u00e7\u00e3o Reconhecimento: Portaria MEC 1091 de 24\/12\/2015<\/li>\n<\/ul>\n","protected":false},"excerpt":{"rendered":"<p>Atos Legais In\u00edcio do Curso em 2018 Vagas oferecidas 125 Dura\u00e7\u00e3o de 4 anos Noturno Renova\u00e7\u00e3o Reconhecimento: Portaria MEC 1091 de 24\/12\/2015<\/p>\n","protected":false},"author":1,"featured_media":0,"parent":509,"menu_order":0,"comment_status":"closed","ping_status":"closed","template":"templates\/template-curso_menu_vertical.php","meta":{"footnotes":""},"categories":[],"tags":[],"class_list":["post-511","page","type-page","status-publish","hentry"],"_links":{"self":[{"href":"https:\/\/portal.unisepe.com.br\/unifia\/wp-json\/wp\/v2\/pages\/511","targetHints":{"allow":["GET"]}}],"collection":[{"href":"https:\/\/portal.unisepe.com.br\/unifia\/wp-json\/wp\/v2\/pages"}],"about":[{"href":"https:\/\/portal.unisepe.com.br\/unifia\/wp-json\/wp\/v2\/types\/page"}],"author":[{"embeddable":true,"href":"https:\/\/portal.unisepe.com.br\/unifia\/wp-json\/wp\/v2\/users\/1"}],"replies":[{"embeddable":true,"href":"https:\/\/portal.unisepe.com.br\/unifia\/wp-json\/wp\/v2\/comments?post=511"}],"version-history":[{"count":2,"href":"https:\/\/portal.unisepe.com.br\/unifia\/wp-json\/wp\/v2\/pages\/511\/revisions"}],"predecessor-version":[{"id":6230,"href":"https:\/\/portal.unisepe.com.br\/unifia\/wp-json\/wp\/v2\/pages\/511\/revisions\/6230"}],"up":[{"embeddable":true,"href":"https:\/\/portal.unisepe.com.br\/unifia\/wp-json\/wp\/v2\/pages\/509"}],"wp:attachment":[{"href":"https:\/\/portal.unisepe.com.br\/unifia\/wp-json\/wp\/v2\/media?parent=511"}],"wp:term":[{"taxonomy":"category","embeddable":true,"href":"https:\/\/portal.unisepe.com.br\/unifia\/wp-json\/wp\/v2\/categories?post=511"},{"taxonomy":"post_tag","embeddable":true,"href":"https:\/\/portal.unisepe.com.br\/unifia\/wp-json\/wp\/v2\/tags?post=511"}],"curies":[{"name":"wp","href":"https:\/\/api.w.org\/{rel}","templated":true}]}}