{"id":5116,"date":"2019-03-07T20:44:36","date_gmt":"2019-03-07T23:44:36","guid":{"rendered":"http:\/\/portal.unisepe.com.br\/unifia\/?page_id=5116"},"modified":"2019-11-04T20:26:21","modified_gmt":"2019-11-04T22:26:21","slug":"ano-2019","status":"publish","type":"page","link":"https:\/\/portal.unisepe.com.br\/unifia\/gestao-em-foco\/ano-2019\/","title":{"rendered":"Ano 2019"},"content":{"rendered":"<h6>Artigos<\/h6>\n<p>&nbsp;<\/p>\n<ul>\n<li><a href=\"http:\/\/portal.unisepe.com.br\/unifia\/wp-content\/uploads\/sites\/10001\/2019\/03\/001_A-IMPORT\u00c2NCIA-DAS-INCUBADORAS-DE-EMPRESAS-PARA-O-DESENVOLVIMENTO-DO-EMPREENDEDORISMO-NO-BRASIL.pdf\" target=\"_blank\" rel=\"noopener\">A IMPORT\u00c2NCIA DAS INCUBADORAS DE EMPRESAS PARA O DESENVOLVIMENTO DO EMPREENDEDORISMO NO BRASIL &#8211; p\u00e1g 1 \u00e0 10<\/a><br \/>\n<em>Marco Aur\u00e9lio Batista de Sousa.<\/em><\/li>\n<\/ul>\n<hr \/>\n<ul>\n<li><a href=\"http:\/\/portal.unisepe.com.br\/unifia\/wp-content\/uploads\/sites\/10001\/2019\/03\/002-A-AGRICULTURA-FAMILIAR-COMO-ALTERNATIVA-SUSTENT\u00c1VEL-PARA-UM-APRIMORAMENTO-CONCEITUAL.pdf\" target=\"_blank\" rel=\"noopener\">A AGRICULTURA FAMILIAR COMO ALTERNATIVA SUSTENT\u00c1VEL PARA UM APRIMORAMENTO CONCEITURAL &#8211; p\u00e1g 11 \u00e0 24<\/a><br \/>\n<em>Paiva, D\u00eanis Mateus de<br \/>\nAlves, Cleber Rocha<br \/>\nGomes, Sandra Pontes.<\/em><\/li>\n<\/ul>\n<hr \/>\n<ul>\n<li><a href=\"http:\/\/portal.unisepe.com.br\/unifia\/wp-content\/uploads\/sites\/10001\/2019\/03\/003_ENGAJAMENTO-DE-FUNCIONARIOS-COMO-DIFERENCIAL-ESTRATEGICO.pdf\" target=\"_blank\" rel=\"noopener\">ENGAJAMENTO DE FUNCION\u00c1RIOS NO TRABALHO COMO DIFERENCIAL ESTRAT\u00c9GICO &#8211; p\u00e1g 25 \u00e0 38<\/a><br \/>\n<em>Paiva, William Mateus de<br \/>\nPaiva, D\u00eanis Mateus de<br \/>\nGomes, Sandra Pontes.<\/em><\/li>\n<\/ul>\n<hr \/>\n<ul>\n<li><a href=\"http:\/\/portal.unisepe.com.br\/unifia\/wp-content\/uploads\/sites\/10001\/2019\/04\/004_LEVANTAMENTO-BIBLIOGR\u00c1FICO-SOBRE-A-RELEV\u00c2NCIA-DA-CORRE\u00c7\u00c3O-MONET\u00c1RIA.pdf\" target=\"_blank\" rel=\"noopener\">LEVANTAMENTO BIBLIOGR\u00c1FICO SOBRE A RELEV\u00c2NCIA DA CORRE\u00c7\u00c3O MONET\u00c1RIA NAS DEMONSTRA\u00c7\u00d5ES CONT\u00c1BEIS NAS EMPRESAS BRASILEIRAS &#8211; p\u00e1g 39 \u00e0 55<\/a><br \/>\n<em>Guilherme Isidoro Junqueira<br \/>\nPaulo S\u00e9rgio Euz\u00e9bio<br \/>\nWillbryner Ramon de Moraes<br \/>\nPedro Alberto Chaib de Sousa Bernardes<br \/>\nNei Domiciano da Silva<br \/>\nL\u00edvio Agnew Bacci<br \/>\nGuido Agnew Bacci.<br \/>\n<\/em><\/li>\n<\/ul>\n<hr \/>\n<ul>\n<li><a href=\"http:\/\/portal.unisepe.com.br\/unifia\/wp-content\/uploads\/sites\/10001\/2019\/05\/005_OS-IMPACTOS-DA-JUDICIALIZA\u00c7\u00c3O-NA-SA\u00daDE-SUPLEMENTAR.pdf\" target=\"_blank\" rel=\"noopener\">OS IMPACTOS DA JUDICIALIZA\u00c7\u00c3O NA SA\u00daDE SUPLEMENTAR &#8211; p\u00e1g 56 \u00e0 71<\/a><br \/>\n<em>Priscila Freitas Cirico<br \/>\nAndrea Aparecida Ribeiro Resner<br \/>\nChennyfer Dobbins Abi Rached.<br \/>\n<\/em><\/li>\n<\/ul>\n<hr \/>\n<ul>\n<li><a href=\"http:\/\/portal.unisepe.com.br\/unifia\/wp-content\/uploads\/sites\/10001\/2019\/05\/006_A-IMPORT\u00c2NCIA-DA-COMUNICA\u00c7\u00c3O-NO-PLANEJAMENTO-TRIBUT\u00c1RIO.pdf\" target=\"_blank\" rel=\"noopener\">A IMPORT\u00c2NCIA DA COMUNICA\u00c7\u00c3O NO PLANEJAMENTO TRIBUT\u00c1RIO &#8211; p\u00e1g 72 \u00e0 85<\/a><br \/>\n<em>Felipe Matheus de Oliveira<br \/>\nFernanda Miyuki Kuwano<br \/>\nLigia Ferreira Museti<br \/>\nJuliane Luzia de Oliveira<br \/>\nIgor Gabriel Lima<br \/>\nMarise Gon\u00e7alves de Oliveira.<br \/>\n<\/em><\/li>\n<\/ul>\n<hr \/>\n<ul>\n<li><a href=\"http:\/\/portal.unisepe.com.br\/unifia\/wp-content\/uploads\/sites\/10001\/2019\/05\/007_A-CULTURA-CONSERVADORA-DE-GUARAPUAVA-FRENTE-AO-DESENVOLVIMENTO-ECON\u00d4MICO-SOCIAL-E-TECNOL\u00d3GICO.pdf\" target=\"_blank\" rel=\"noopener\">A CULTURA CONSERVADORA DE GUARAPUAVA, FRENTE AO DESENVOLVIMENTO ECON\u00d4MICO, SOCIAL E TECNOL\u00d3GICO. &#8211; p\u00e1g 86 \u00e0 94<\/a><br \/>\n<em>Marco Aur\u00e9lio Silva<br \/>\nAnt\u00f4nio Costa Gomes Filho.<br \/>\n<\/em><\/li>\n<\/ul>\n<hr \/>\n<ul>\n<li><a href=\"http:\/\/portal.unisepe.com.br\/unifia\/wp-content\/uploads\/sites\/10001\/2019\/07\/008_artigo_revista_.pdf\" target=\"_blank\" rel=\"noopener\">APRENDIZAGEM EM A\u00c7\u00c3O NO CONTEXTO DA FORMA\u00c7\u00c3O EM HOTELARIA EM UMA UNIVERSIDADE P\u00daBLICA FEDERAL &#8211; p\u00e1g 95 \u00e0 113<\/a><br \/>\n<em>GABRIELLA KALINE SILVA DE OLIVEIRA<br \/>\nTHALES BATISTA DE LIMA.<br \/>\n<\/em><\/li>\n<\/ul>\n<hr \/>\n<ul>\n<li><a href=\"http:\/\/portal.unisepe.com.br\/unifia\/wp-content\/uploads\/sites\/10001\/2019\/08\/009_EVOLU\u00c7\u00c3O-DOS-M\u00c9TODOS-DE-DESENVOLVIMENTO-DE-SOFTWARE-EM-MICROEMPRESAS.pdf\" target=\"_blank\" rel=\"noopener\">EVOLU\u00c7\u00c3O DOS M\u00c9TODOS DE DESENVOLVIMENTO DE SOFTWARE EM MICROEMPRESAS &#8211; p\u00e1g 114 \u00e0 122<\/a><br \/>\n<em>RAMON ALVES TRIGO<br \/>\nLUIZ CLAUDIO BARRETO.<br \/>\n<\/em><\/li>\n<\/ul>\n<hr \/>\n<ul>\n<li><a href=\"http:\/\/portal.unisepe.com.br\/unifia\/wp-content\/uploads\/sites\/10001\/2019\/08\/010_CONTROLES-INTERNOS-UM-ESTUDO-EM-UMA-ORGANIZA\u00c7\u00c3O-CONT\u00c1BIL.pdf\" target=\"_blank\" rel=\"noopener\">CONTROLES INTERNOS: UM ESTUDO EM UMA ORGANIZA\u00c7\u00c3O CONT\u00c1BIL &#8211; p\u00e1g 123 \u00e0 133<\/a><br \/>\n<em><em>Clari Schuh<br \/>\nLet\u00edcia Milena Etges<br \/>\nMarco Aur\u00e9lio Batista de Sousa<br \/>\nVanessa de Quadro Martins.<\/em><\/em><\/li>\n<\/ul>\n<hr \/>\n<ul>\n<li><a href=\"http:\/\/portal.unisepe.com.br\/unifia\/wp-content\/uploads\/sites\/10001\/2019\/08\/011_ASPECTOS-CONT\u00c1BEIS-E-PARTICIPA\u00c7\u00c3O-SOCIAL-NO-TERCEIRO-SETOR.pdf\" target=\"_blank\" rel=\"noopener\">ASPECTOS CONT\u00c1BEIS E PARTICIPA\u00c7\u00c3O SOCIAL NO TERCEIRO SETOR &#8211; p\u00e1g 134 \u00e0 141<\/a><br \/>\n<em><em>Ana Caroline Gaspar Cesar<br \/>\nIsis Maciel Marinho<br \/>\nLu\u00eds Eduardo da Silva Souza.<br \/>\nNei Domiciano da Silva.<\/em><\/em><\/li>\n<\/ul>\n<hr \/>\n<ul>\n<li><a href=\"http:\/\/portal.unisepe.com.br\/unifia\/wp-content\/uploads\/sites\/10001\/2019\/08\/012_OS-REGIMES-PREVIDENCI\u00c1RIOS-NO-BRASIL-E-A-ATUALIDADE-DO-FATOR-PREVIDENCI\u00c1RIO.pdf\" target=\"_blank\" rel=\"noopener\">OS REGIMES PREVIDENCI\u00c1RIOS NO BRASIL E A ATUALIDADE DO FATOR PREVIDENCI\u00c1RIO &#8211; p\u00e1g 142 \u00e0 151<\/a><br \/>\n<em><em>Rafaela Padilha Lucas Nune<br \/>\nNei Domiciano da Silva.<\/em><\/em><\/li>\n<\/ul>\n<hr \/>\n<ul>\n<li><a href=\"http:\/\/portal.unisepe.com.br\/unifia\/wp-content\/uploads\/sites\/10001\/2019\/08\/013_A-RESPONSABILIDADE-CIVIL-DO-CONTADOR.pdf\" target=\"_blank\" rel=\"noopener\">A RESPONSABILIDADE CIVIL DO CONTADOR &#8211; p\u00e1g 143 \u00e0 165<\/a><br \/>\n<em><em>Celso Falcini.<\/em><\/em><\/li>\n<\/ul>\n<hr \/>\n<ul>\n<li><a href=\"http:\/\/portal.unisepe.com.br\/unifia\/wp-content\/uploads\/sites\/10001\/2019\/10\/014_FATORES-CONDICIONANTES-NA-RETOMADA-DAS-ATIVIDADES-CR\u00cdTICAS-AP\u00d3S-DESASTRES.pdf\" target=\"_blank\" rel=\"noopener\">FATORES CONDICIONANTES NA RETOMADA DAS ATIVIDADES CR\u00cdTICAS AP\u00d3S DESASTRES: UM ESTUDO DE CASO EM PROJETOS DE CONTINUIDADE DE NEG\u00d3CIOS &#8211; p\u00e1g 166 \u00e0 186<\/a><br \/>\n<em><em>S\u00e9rgio Luis Mattos Melchiori<br \/>\nRoque Rabechini Jr.<br \/>\nAline Michelle Cardoso.<\/em><\/em><\/li>\n<\/ul>\n<hr \/>\n<ul>\n<li><a href=\"http:\/\/portal.unisepe.com.br\/unifia\/wp-content\/uploads\/sites\/10001\/2019\/10\/015_AS-PERSPECTIVAS-DA-JUDICIALIZA\u00c7\u00c3O-DA-SA\u00daDE-EM-\u00c2MBITO-MUNICIPAL-E-SUAS-POSSIBILIDADES-DE-RESOLU\u00c7\u00c3O.pdf\" target=\"_blank\" rel=\"noopener\">AS PERSPECTIVAS DA JUDICIALIZA\u00c7\u00c3O DA SA\u00daDE EM \u00c2MBITO MUNICIPAL E SUAS POSSIBILIDADES DE RESOLU\u00c7\u00c3O &#8211; p\u00e1g 187 \u00e0 204<\/a><br \/>\n<em><em><em>F\u00e1bio Luis Borri<br \/>\nV\u00edtor S\u00e9rgio Couto dos Santos.<\/em><\/em><\/em><\/li>\n<\/ul>\n<hr \/>\n<ul>\n<li><a href=\"http:\/\/portal.unisepe.com.br\/unifia\/wp-content\/uploads\/sites\/10001\/2019\/10\/016_SISTEMA-DE-GEST\u00c3O-DA-SEGURAN\u00c7A-E-SA\u00daDE-NO-TRABALHO-COM-BASE-NA-ISO-45001-2018.pdf\" target=\"_blank\" rel=\"noopener\">SISTEMA DE GEST\u00c3O DA SEGURAN\u00c7A E SA\u00daDE NO TRABALHO COM BASE NA ISO 45001\/2018 &#8211; p\u00e1g 205 \u00e0 212<\/a><br \/>\n<em><em><em>Caio Cesar Kosouski<br \/>\nDionei Pereira<br \/>\nMarco Aur\u00e9lio Silva<br \/>\n\u00c1lvaro Jos\u00e9 Argemiro da Silva.<\/em><\/em><\/em><\/li>\n<\/ul>\n<hr \/>\n<ul>\n<li><a href=\"http:\/\/portal.unisepe.com.br\/unifia\/wp-content\/uploads\/sites\/10001\/2019\/11\/A\u00c7\u00d5ES-E-PROCESSOS-GERENCIAIS-E-ESTRUTURAIS-DE-UMA-EQUIPE-MULTIPROFISSIONAL-COM-BASE-NOS-ATRIBUTOS-DA-ATEN\u00c7\u00c3O-PRIMARIA-EM-SA\u00daDE.pdf\" target=\"_blank\" rel=\"noopener\">A\u00c7\u00d5ES E PROCESSOS GERENCIAIS E ESTRUTURAIS DE UMA EQUIPE MULTIPROFISSIONAL COM BASE NOS ATRIBUTOS DA ATEN\u00c7\u00c3O PRIMARIA EM SA\u00daDE &#8211; p\u00e1g 213 \u00e0 224<\/a><br \/>\n<em><em><em>Sandra Thais Silva Amorim<br \/>\nAlexandre Padilha<br \/>\nChennyfer Dobbins Abi Rached<\/em><\/em><\/em><\/li>\n<\/ul>\n<hr \/>\n","protected":false},"excerpt":{"rendered":"<p>Artigos &nbsp; A IMPORT\u00c2NCIA DAS INCUBADORAS DE EMPRESAS PARA O DESENVOLVIMENTO DO EMPREENDEDORISMO NO BRASIL &#8211; p\u00e1g 1 \u00e0 10 Marco Aur\u00e9lio Batista de Sousa. A AGRICULTURA FAMILIAR COMO ALTERNATIVA SUSTENT\u00c1VEL PARA UM APRIMORAMENTO CONCEITURAL &#8211; p\u00e1g 11 \u00e0 24 Paiva, D\u00eanis Mateus de Alves, Cleber Rocha Gomes, Sandra Pontes.<\/p>\n","protected":false},"author":2,"featured_media":0,"parent":2940,"menu_order":0,"comment_status":"closed","ping_status":"closed","template":"templates\/template-pagina_menu_vertical.php","meta":{"footnotes":""},"categories":[],"tags":[],"class_list":["post-5116","page","type-page","status-publish","hentry"],"_links":{"self":[{"href":"https:\/\/portal.unisepe.com.br\/unifia\/wp-json\/wp\/v2\/pages\/5116","targetHints":{"allow":["GET"]}}],"collection":[{"href":"https:\/\/portal.unisepe.com.br\/unifia\/wp-json\/wp\/v2\/pages"}],"about":[{"href":"https:\/\/portal.unisepe.com.br\/unifia\/wp-json\/wp\/v2\/types\/page"}],"author":[{"embeddable":true,"href":"https:\/\/portal.unisepe.com.br\/unifia\/wp-json\/wp\/v2\/users\/2"}],"replies":[{"embeddable":true,"href":"https:\/\/portal.unisepe.com.br\/unifia\/wp-json\/wp\/v2\/comments?post=5116"}],"version-history":[{"count":21,"href":"https:\/\/portal.unisepe.com.br\/unifia\/wp-json\/wp\/v2\/pages\/5116\/revisions"}],"predecessor-version":[{"id":5981,"href":"https:\/\/portal.unisepe.com.br\/unifia\/wp-json\/wp\/v2\/pages\/5116\/revisions\/5981"}],"up":[{"embeddable":true,"href":"https:\/\/portal.unisepe.com.br\/unifia\/wp-json\/wp\/v2\/pages\/2940"}],"wp:attachment":[{"href":"https:\/\/portal.unisepe.com.br\/unifia\/wp-json\/wp\/v2\/media?parent=5116"}],"wp:term":[{"taxonomy":"category","embeddable":true,"href":"https:\/\/portal.unisepe.com.br\/unifia\/wp-json\/wp\/v2\/categories?post=5116"},{"taxonomy":"post_tag","embeddable":true,"href":"https:\/\/portal.unisepe.com.br\/unifia\/wp-json\/wp\/v2\/tags?post=5116"}],"curies":[{"name":"wp","href":"https:\/\/api.w.org\/{rel}","templated":true}]}}