{"id":5313,"date":"2019-05-06T14:27:33","date_gmt":"2019-05-06T17:27:33","guid":{"rendered":"http:\/\/portal.unisepe.com.br\/unifia\/?page_id=5313"},"modified":"2019-05-06T14:33:31","modified_gmt":"2019-05-06T17:33:31","slug":"ficha-catalografica-2","status":"publish","type":"page","link":"https:\/\/portal.unisepe.com.br\/unifia\/biblioteca\/ficha-catalografica-2\/","title":{"rendered":"Ficha Catalogr\u00e1fica"},"content":{"rendered":"<h3 style=\"text-align: center\"><strong>FICHA CATALOGR\u00c1FICA<\/strong><\/h3>\n<p>&nbsp;<\/p>\n<p>Procedimentos para confec\u00e7\u00e3o de Ficha Catalogr\u00e1fica:<\/p>\n<p>O aluno dever\u00e1 preencher o formul\u00e1rio (<a href=\"http:\/\/portal.unisepe.com.br\/unifia\/wp-content\/uploads\/sites\/10001\/2019\/05\/Formulario-para-ficha-Catalografica.doc\" target=\"_blank\" rel=\"noopener\"><strong>Download do Formul\u00e1rio<\/strong><\/a>) e enviar para o e-mail:\u00a0<strong><a href=\"mailto:bb@unifia.edu.br\">bb@unifia.edu.br<\/a><\/strong><\/p>\n<p>&nbsp;<\/p>\n<p><strong>Prazo para confec\u00e7\u00e3o: 72 horas<\/strong><\/p>\n<p>A ficha ser\u00e1 enviada para o e-mail do solicitante.<\/p>\n","protected":false},"excerpt":{"rendered":"<p>FICHA CATALOGR\u00c1FICA &nbsp; Procedimentos para confec\u00e7\u00e3o de Ficha Catalogr\u00e1fica: O aluno dever\u00e1 preencher o formul\u00e1rio (Download do Formul\u00e1rio) e enviar para o e-mail:\u00a0bb@unifia.edu.br &nbsp; Prazo para confec\u00e7\u00e3o: 72 horas A ficha ser\u00e1 enviada para o e-mail do solicitante.<\/p>\n","protected":false},"author":2,"featured_media":0,"parent":285,"menu_order":0,"comment_status":"closed","ping_status":"closed","template":"templates\/template-curso_menu_vertical.php","meta":{"footnotes":""},"categories":[],"tags":[],"class_list":["post-5313","page","type-page","status-publish","hentry"],"_links":{"self":[{"href":"https:\/\/portal.unisepe.com.br\/unifia\/wp-json\/wp\/v2\/pages\/5313","targetHints":{"allow":["GET"]}}],"collection":[{"href":"https:\/\/portal.unisepe.com.br\/unifia\/wp-json\/wp\/v2\/pages"}],"about":[{"href":"https:\/\/portal.unisepe.com.br\/unifia\/wp-json\/wp\/v2\/types\/page"}],"author":[{"embeddable":true,"href":"https:\/\/portal.unisepe.com.br\/unifia\/wp-json\/wp\/v2\/users\/2"}],"replies":[{"embeddable":true,"href":"https:\/\/portal.unisepe.com.br\/unifia\/wp-json\/wp\/v2\/comments?post=5313"}],"version-history":[{"count":5,"href":"https:\/\/portal.unisepe.com.br\/unifia\/wp-json\/wp\/v2\/pages\/5313\/revisions"}],"predecessor-version":[{"id":5319,"href":"https:\/\/portal.unisepe.com.br\/unifia\/wp-json\/wp\/v2\/pages\/5313\/revisions\/5319"}],"up":[{"embeddable":true,"href":"https:\/\/portal.unisepe.com.br\/unifia\/wp-json\/wp\/v2\/pages\/285"}],"wp:attachment":[{"href":"https:\/\/portal.unisepe.com.br\/unifia\/wp-json\/wp\/v2\/media?parent=5313"}],"wp:term":[{"taxonomy":"category","embeddable":true,"href":"https:\/\/portal.unisepe.com.br\/unifia\/wp-json\/wp\/v2\/categories?post=5313"},{"taxonomy":"post_tag","embeddable":true,"href":"https:\/\/portal.unisepe.com.br\/unifia\/wp-json\/wp\/v2\/tags?post=5313"}],"curies":[{"name":"wp","href":"https:\/\/api.w.org\/{rel}","templated":true}]}}