{"id":533,"date":"2016-07-12T19:31:00","date_gmt":"2016-07-12T19:31:00","guid":{"rendered":"http:\/\/www.fvr.edu.br\/fvr\/site\/?page_id=533"},"modified":"2020-10-31T16:36:43","modified_gmt":"2020-10-31T19:36:43","slug":"psicologia","status":"publish","type":"page","link":"https:\/\/portal.unisepe.com.br\/unifia\/psicologia\/","title":{"rendered":"Psicologia"},"content":{"rendered":"<p style=\"text-align: left\"><img loading=\"lazy\" decoding=\"async\" class=\"wp-image-2394 alignleft\" src=\"http:\/\/portal.unisepe.com.br\/unifia\/wp-content\/uploads\/sites\/10001\/2019\/04\/PSICO.png\" alt=\"\" width=\"109\" height=\"105\" \/>A Psicologia, como ci\u00eancia e \u00e1rea de atua\u00e7\u00e3o profissional, tem sofrido, nas \u00faltimas d\u00e9cadas, profundas transforma\u00e7\u00f5es, deixando de ser um saber exclusivamente ocupado com a vida ps\u00edquica do indiv\u00edduo (isolado do contexto social) e uma pr\u00e1tica circunscrita ao consult\u00f3rio, para estabelecer conex\u00f5es e interagir com outras \u00e1reas do saber, ampliando sua extens\u00e3o e complexidade de atua\u00e7\u00e3o. Atualmente, para as ci\u00eancias psicol\u00f3gicas, a vida ps\u00edquica compreende n\u00e3o somente uma inst\u00e2ncia subjetiva, do comportamento individual, mas, sobretudo, processos sociais, culturais e simb\u00f3licos que se d\u00e3o no contexto objetivo da vida social, pol\u00edtica, \u00e9tnica e econ\u00f4mica que acabam por interferir na vida ps\u00edquica. O conhecimento da Psicologia permeia, mesmo que indiretamente, a pr\u00e1xis de todo profissional da sa\u00fade.<\/p>\n<p>&nbsp;<\/p>\n<p>&nbsp;<\/p>\n<p><iframe loading=\"lazy\" title=\"PSICOLOGIA FEIRA DE PROFISS\u00d5ES AMPARO 2020 2\" width=\"500\" height=\"281\" src=\"https:\/\/www.youtube.com\/embed\/DeO0Sv2rQZ0?list=PLf9h9rNyGnnrIVvd2-T_IuN90Vyj8a9u2\" frameborder=\"0\" allow=\"accelerometer; autoplay; clipboard-write; encrypted-media; gyroscope; picture-in-picture; web-share\" referrerpolicy=\"strict-origin-when-cross-origin\" allowfullscreen><\/iframe><\/p>\n<h2>Saiba mais<\/h2>\n<p><iframe loading=\"lazy\" title=\"PSICOLOGIA V\u00cdDEO 2\" width=\"500\" height=\"281\" src=\"https:\/\/www.youtube.com\/embed\/RDbT7qYJmDw?feature=oembed\" frameborder=\"0\" allow=\"accelerometer; autoplay; clipboard-write; encrypted-media; gyroscope; picture-in-picture; web-share\" referrerpolicy=\"strict-origin-when-cross-origin\" allowfullscreen><\/iframe><\/p>\n<h2>Voc\u00ea tamb\u00e9m pode fazer parte desta hist\u00f3ria de sucesso! Venha para o UNIFIA<\/h2>\n<p><iframe loading=\"lazy\" title=\"PSICOLOGIA\" width=\"500\" height=\"281\" src=\"https:\/\/www.youtube.com\/embed\/sKMhI_AG-Zw?feature=oembed\" frameborder=\"0\" allow=\"accelerometer; autoplay; clipboard-write; encrypted-media; gyroscope; picture-in-picture; web-share\" referrerpolicy=\"strict-origin-when-cross-origin\" allowfullscreen><\/iframe><\/p>\n<p>&nbsp;<\/p>\n<p>&nbsp;<\/p>\n<p style=\"text-align: left\">O curso de Psicologia do Centro Universit\u00e1rio Amparense \u2013 UNIFIA, em conson\u00e2ncia com sua miss\u00e3o, tem como objetivo central formar profissionais psic\u00f3logos capacitados para intervir nas diferentes \u00e1reas e campos da Psicologia, com vis\u00e3o abrangente, sustentada pelo pluralismo de saberes psicol\u00f3gicos e suas bases epistemol\u00f3gicas, visando a preven\u00e7\u00e3o e a promo\u00e7\u00e3o da sa\u00fade, a compreens\u00e3o e atua\u00e7\u00e3o nos processos educativos e nos processos cl\u00ednicos em Psicologia, em prol de uma atua\u00e7\u00e3o futura que considere as necessidades sociais, os direitos humanos, a \u00e9tica, a bio\u00e9tica e a interdisciplinaridade. O Curso de Gradua\u00e7\u00e3o em Psicologia do Centro Universit\u00e1rio Amparense &#8211; UNIFIA pretende que o psic\u00f3logo formado nesta institui\u00e7\u00e3o seja um profissional generalista, sem perder de vista as especializa\u00e7\u00f5es necess\u00e1rias a seu campo de trabalho.<\/p>\n<p style=\"text-align: left\">Profissional com capacidade de utilizar de forma eficiente as teorias, m\u00e9todos e instrumentos da Psicologia. Sendo assim, capaz de compreender, avaliar e intervir em seu campo de atua\u00e7\u00e3o, trabalhando em equipe multidisciplinar, favorecendo o di\u00e1logo e a inter e multidisciplinaridade. O profissional estar\u00e1 capacitado para enfrentar situa\u00e7\u00f5es novas com iniciativa e criatividade, tendo internalizado valores \u00e9ticos que o levem a buscar uma constante atualiza\u00e7\u00e3o. O psic\u00f3logo a ser formado poder\u00e1 ser definido como aquele dotado de racioc\u00ednio l\u00f3gico, reflex\u00e3o cr\u00edtica, rigor cient\u00edfico, capacidade de investiga\u00e7\u00e3o, para a atua\u00e7\u00e3o interdisciplinar nos diferentes enfoques te\u00f3ricos da Psicologia. Profissional com capacidade compreensiva da intera\u00e7\u00e3o de processos biol\u00f3gicos, psicol\u00f3gicos e sociais, que respeita as diferen\u00e7as culturais, revelando sua responsabilidade nos contextos social e t\u00e9cnico, bem como capaz de compreender a si e ao outro, aberto e com capacidade de escuta. Norteado pelas duas \u00eanfases em Psicologia e Processos Educativos, Psicologia e Processos Cl\u00ednicos e da Sa\u00fade, o Curso de Psicologia desta IES forma seu profissional egresso para reunir conhecimentos a fim de atuar em diversos contextos da sociedade.<\/p>\n","protected":false},"excerpt":{"rendered":"<p>A Psicologia, como ci\u00eancia e \u00e1rea de atua\u00e7\u00e3o profissional, tem sofrido, nas \u00faltimas d\u00e9cadas, profundas transforma\u00e7\u00f5es, deixando de ser um saber exclusivamente ocupado com a vida ps\u00edquica do indiv\u00edduo (isolado do contexto social) e uma pr\u00e1tica circunscrita ao consult\u00f3rio, para estabelecer conex\u00f5es e interagir com outras \u00e1reas do saber, ampliando<\/p>\n","protected":false},"author":1,"featured_media":0,"parent":0,"menu_order":0,"comment_status":"closed","ping_status":"closed","template":"templates\/template-curso_menu_vertical.php","meta":{"footnotes":""},"categories":[],"tags":[],"class_list":["post-533","page","type-page","status-publish","hentry"],"_links":{"self":[{"href":"https:\/\/portal.unisepe.com.br\/unifia\/wp-json\/wp\/v2\/pages\/533","targetHints":{"allow":["GET"]}}],"collection":[{"href":"https:\/\/portal.unisepe.com.br\/unifia\/wp-json\/wp\/v2\/pages"}],"about":[{"href":"https:\/\/portal.unisepe.com.br\/unifia\/wp-json\/wp\/v2\/types\/page"}],"author":[{"embeddable":true,"href":"https:\/\/portal.unisepe.com.br\/unifia\/wp-json\/wp\/v2\/users\/1"}],"replies":[{"embeddable":true,"href":"https:\/\/portal.unisepe.com.br\/unifia\/wp-json\/wp\/v2\/comments?post=533"}],"version-history":[{"count":9,"href":"https:\/\/portal.unisepe.com.br\/unifia\/wp-json\/wp\/v2\/pages\/533\/revisions"}],"predecessor-version":[{"id":7025,"href":"https:\/\/portal.unisepe.com.br\/unifia\/wp-json\/wp\/v2\/pages\/533\/revisions\/7025"}],"wp:attachment":[{"href":"https:\/\/portal.unisepe.com.br\/unifia\/wp-json\/wp\/v2\/media?parent=533"}],"wp:term":[{"taxonomy":"category","embeddable":true,"href":"https:\/\/portal.unisepe.com.br\/unifia\/wp-json\/wp\/v2\/categories?post=533"},{"taxonomy":"post_tag","embeddable":true,"href":"https:\/\/portal.unisepe.com.br\/unifia\/wp-json\/wp\/v2\/tags?post=533"}],"curies":[{"name":"wp","href":"https:\/\/api.w.org\/{rel}","templated":true}]}}