{"id":535,"date":"2016-07-12T19:32:30","date_gmt":"2016-07-12T19:32:30","guid":{"rendered":"http:\/\/www.fvr.edu.br\/fvr\/site\/?page_id=535"},"modified":"2018-06-29T21:41:38","modified_gmt":"2018-06-30T00:41:38","slug":"atos-legais","status":"publish","type":"page","link":"https:\/\/portal.unisepe.com.br\/unifia\/psicologia\/atos-legais\/","title":{"rendered":"Atos Legais"},"content":{"rendered":"<p><strong>Atos Legais<\/strong><\/p>\n<ul>\n<li>In\u00edcio do curso em 2018<\/li>\n<li>Dura\u00e7\u00e3o de 5 anos<\/li>\n<li>60 vagas<\/li>\n<li>Noturno<\/li>\n<li>Autorizado pela Portaria n\u00ba 1210, de 24 de novembro de 2017.<\/li>\n<\/ul>\n","protected":false},"excerpt":{"rendered":"<p>Atos Legais In\u00edcio do curso em 2018 Dura\u00e7\u00e3o de 5 anos 60 vagas Noturno Autorizado pela Portaria n\u00ba 1210, de 24 de novembro de 2017.<\/p>\n","protected":false},"author":1,"featured_media":0,"parent":533,"menu_order":0,"comment_status":"closed","ping_status":"closed","template":"templates\/template-curso_menu_vertical.php","meta":{"footnotes":""},"categories":[],"tags":[],"class_list":["post-535","page","type-page","status-publish","hentry"],"_links":{"self":[{"href":"https:\/\/portal.unisepe.com.br\/unifia\/wp-json\/wp\/v2\/pages\/535","targetHints":{"allow":["GET"]}}],"collection":[{"href":"https:\/\/portal.unisepe.com.br\/unifia\/wp-json\/wp\/v2\/pages"}],"about":[{"href":"https:\/\/portal.unisepe.com.br\/unifia\/wp-json\/wp\/v2\/types\/page"}],"author":[{"embeddable":true,"href":"https:\/\/portal.unisepe.com.br\/unifia\/wp-json\/wp\/v2\/users\/1"}],"replies":[{"embeddable":true,"href":"https:\/\/portal.unisepe.com.br\/unifia\/wp-json\/wp\/v2\/comments?post=535"}],"version-history":[{"count":1,"href":"https:\/\/portal.unisepe.com.br\/unifia\/wp-json\/wp\/v2\/pages\/535\/revisions"}],"predecessor-version":[{"id":3839,"href":"https:\/\/portal.unisepe.com.br\/unifia\/wp-json\/wp\/v2\/pages\/535\/revisions\/3839"}],"up":[{"embeddable":true,"href":"https:\/\/portal.unisepe.com.br\/unifia\/wp-json\/wp\/v2\/pages\/533"}],"wp:attachment":[{"href":"https:\/\/portal.unisepe.com.br\/unifia\/wp-json\/wp\/v2\/media?parent=535"}],"wp:term":[{"taxonomy":"category","embeddable":true,"href":"https:\/\/portal.unisepe.com.br\/unifia\/wp-json\/wp\/v2\/categories?post=535"},{"taxonomy":"post_tag","embeddable":true,"href":"https:\/\/portal.unisepe.com.br\/unifia\/wp-json\/wp\/v2\/tags?post=535"}],"curies":[{"name":"wp","href":"https:\/\/api.w.org\/{rel}","templated":true}]}}