{"id":539,"date":"2016-07-12T19:35:08","date_gmt":"2016-07-12T22:35:08","guid":{"rendered":"http:\/\/www.fvr.edu.br\/fvr\/site\/?page_id=539"},"modified":"2024-01-26T13:57:16","modified_gmt":"2024-01-26T16:57:16","slug":"matriz-curricular","status":"publish","type":"page","link":"https:\/\/portal.unisepe.com.br\/unifia\/psicologia\/matriz-curricular\/","title":{"rendered":"Matriz Curricular"},"content":{"rendered":"<ul class=\"nav nav-tabs\">\n<li class=\"nav-item\"><a class=\"nav-link active\" href=\"#tab1\" data-toggle=\"tab\">Matriz<\/a><\/li>\n<li class=\"nav-item\"><a class=\"nav-link\" href=\"#tab2\" data-toggle=\"tab\">Informa\u00e7\u00f5es art 8<\/a><\/li>\n<\/ul>\n<div id=\"myTabContent\" class=\"tab-content\">\n<div id=\"tab1\" class=\"tab-pane fade active show\">\n<ul>\n<li><a href=\"https:\/\/portal.unisepe.com.br\/unifia\/wp-content\/uploads\/sites\/10001\/2024\/01\/matriz_psicologia.pdf\" target=\"_blank\" rel=\"noopener noreferrer\">Matriz Psicologia 2022<\/a><\/li>\n<\/ul>\n<\/div>\n<div id=\"tab2\" class=\"tab-pane fade\">\n<p style=\"text-align: center\">art 8. da Portaria 1.428\/2018<\/p>\n<ul>\n<li><a href=\"http:\/\/portal.unisepe.com.br\/unifia\/wp-content\/uploads\/sites\/10001\/2019\/10\/ETICAPROFISSOINAL_EAD_PSicologia.pdf\" target=\"_blank\" rel=\"noopener noreferrer\">2019-2-UNIFIA-ART 8-INFORMA\u00c7\u00d5ES-\u00c9TICA PROFISSIONAL<\/a><\/li>\n<li><a href=\"http:\/\/portal.unisepe.com.br\/unifia\/wp-content\/uploads\/sites\/10001\/2019\/10\/Fundamentos-da-Psicologia-Existencial-Humanista_EAD_PSicologia.pdf\" target=\"_blank\" rel=\"noopener noreferrer\">2019-2-UNIFIA-ART 8-INFORMA\u00c7\u00d5ES-FUNDAMENTOS DA PSICOLOGIA EXISTENCIAL HUMANISTA<\/a><\/li>\n<li><a href=\"http:\/\/portal.unisepe.com.br\/unifia\/wp-content\/uploads\/sites\/10001\/2019\/10\/Fundamentos-em-Psicologia-S\u00a6cio-Institucional_EAD_PSicologia.pdf\" target=\"_blank\" rel=\"noopener noreferrer\">2019-2-UNIFIA-ART 8-INFORMA\u00c7\u00d5ES-FUNDAMENTOS EM PSICOLOGIA S\u00d3CIO-INSTITUCIONAL<\/a><\/li>\n<li><a href=\"http:\/\/portal.unisepe.com.br\/unifia\/wp-content\/uploads\/sites\/10001\/2019\/10\/Llingua-Portuguesa_EAD_PSicologia.pdf\" target=\"_blank\" rel=\"noopener noreferrer\">2019-2-UNIFIA-ART 8-INFORMA\u00c7\u00d5ES-L\u00cdNGUA PORTUGUESA<\/a><\/li>\n<li><a href=\"http:\/\/portal.unisepe.com.br\/unifia\/wp-content\/uploads\/sites\/10001\/2019\/10\/METODOLOGIADOTRABALHOCIENT\u00ecFICO_EAD_PSicologia.pdf\" target=\"_blank\" rel=\"noopener noreferrer\">2019-2-UNIFIA-ART 8-INFORMA\u00c7\u00d5ES-METODOLOGIA DO TRABALHO CIENTIFICO<\/a><\/li>\n<li><a href=\"http:\/\/portal.unisepe.com.br\/unifia\/wp-content\/uploads\/sites\/10001\/2019\/10\/Psicofarmacologia_EAD_PSicologia.pdf\" target=\"_blank\" rel=\"noopener noreferrer\">2019-2-UNIFIA-ART 8-INFORMA\u00c7\u00d5ES-PSICOFARMACOLOGIA<\/a><\/li>\n<li><a href=\"http:\/\/portal.unisepe.com.br\/unifia\/wp-content\/uploads\/sites\/10001\/2019\/10\/Psicologia-Cognitiva-_EAD_PSicologia.pdf\" target=\"_blank\" rel=\"noopener noreferrer\">2019-2-UNIFIA-ART 8-INFORMA\u00c7\u00d5ES-PSICOLOGIA COGNITIVA<\/a><\/li>\n<li><a href=\"http:\/\/portal.unisepe.com.br\/unifia\/wp-content\/uploads\/sites\/10001\/2019\/10\/Psicologia-Social-das-Organiza\u00ba\u00c1es-do-Trabalho_EAD_PSicologia.pdf\" target=\"_blank\" rel=\"noopener noreferrer\">2019-2-UNIFIA-ART 8-INFORMA\u00c7\u00d5ES-PSICOLOGIA SOCIAL DAS ORGANIZA\u00c7\u00d5ES DO TRABALHO<\/a><\/li>\n<li><a href=\"http:\/\/portal.unisepe.com.br\/unifia\/wp-content\/uploads\/sites\/10001\/2019\/10\/Terapia-Sist\u00acmica-da-Fam\u00a1lia-_EAD_PSicologia.pdf\" target=\"_blank\" rel=\"noopener noreferrer\">2019-2-UNIFIA-ART 8-INFORMA\u00c7\u00d5ES-TERAPIA SIST\u00caMICA DA FAM\u00cdLIA<\/a><\/li>\n<\/ul>\n<\/div>\n<\/div>\n","protected":false},"excerpt":{"rendered":"<p>Matriz Informa\u00e7\u00f5es art 8 Matriz Psicologia 2022 art 8. da Portaria 1.428\/2018 2019-2-UNIFIA-ART 8-INFORMA\u00c7\u00d5ES-\u00c9TICA PROFISSIONAL 2019-2-UNIFIA-ART 8-INFORMA\u00c7\u00d5ES-FUNDAMENTOS DA PSICOLOGIA EXISTENCIAL HUMANISTA 2019-2-UNIFIA-ART 8-INFORMA\u00c7\u00d5ES-FUNDAMENTOS EM PSICOLOGIA S\u00d3CIO-INSTITUCIONAL 2019-2-UNIFIA-ART 8-INFORMA\u00c7\u00d5ES-L\u00cdNGUA PORTUGUESA 2019-2-UNIFIA-ART 8-INFORMA\u00c7\u00d5ES-METODOLOGIA DO TRABALHO CIENTIFICO 2019-2-UNIFIA-ART 8-INFORMA\u00c7\u00d5ES-PSICOFARMACOLOGIA 2019-2-UNIFIA-ART 8-INFORMA\u00c7\u00d5ES-PSICOLOGIA COGNITIVA 2019-2-UNIFIA-ART 8-INFORMA\u00c7\u00d5ES-PSICOLOGIA SOCIAL DAS ORGANIZA\u00c7\u00d5ES DO TRABALHO 2019-2-UNIFIA-ART 8-INFORMA\u00c7\u00d5ES-TERAPIA SIST\u00caMICA DA<\/p>\n","protected":false},"author":1,"featured_media":0,"parent":533,"menu_order":0,"comment_status":"closed","ping_status":"closed","template":"templates\/template-curso_menu_vertical.php","meta":{"footnotes":""},"categories":[],"tags":[],"class_list":["post-539","page","type-page","status-publish","hentry"],"_links":{"self":[{"href":"https:\/\/portal.unisepe.com.br\/unifia\/wp-json\/wp\/v2\/pages\/539","targetHints":{"allow":["GET"]}}],"collection":[{"href":"https:\/\/portal.unisepe.com.br\/unifia\/wp-json\/wp\/v2\/pages"}],"about":[{"href":"https:\/\/portal.unisepe.com.br\/unifia\/wp-json\/wp\/v2\/types\/page"}],"author":[{"embeddable":true,"href":"https:\/\/portal.unisepe.com.br\/unifia\/wp-json\/wp\/v2\/users\/1"}],"replies":[{"embeddable":true,"href":"https:\/\/portal.unisepe.com.br\/unifia\/wp-json\/wp\/v2\/comments?post=539"}],"version-history":[{"count":6,"href":"https:\/\/portal.unisepe.com.br\/unifia\/wp-json\/wp\/v2\/pages\/539\/revisions"}],"predecessor-version":[{"id":9592,"href":"https:\/\/portal.unisepe.com.br\/unifia\/wp-json\/wp\/v2\/pages\/539\/revisions\/9592"}],"up":[{"embeddable":true,"href":"https:\/\/portal.unisepe.com.br\/unifia\/wp-json\/wp\/v2\/pages\/533"}],"wp:attachment":[{"href":"https:\/\/portal.unisepe.com.br\/unifia\/wp-json\/wp\/v2\/media?parent=539"}],"wp:term":[{"taxonomy":"category","embeddable":true,"href":"https:\/\/portal.unisepe.com.br\/unifia\/wp-json\/wp\/v2\/categories?post=539"},{"taxonomy":"post_tag","embeddable":true,"href":"https:\/\/portal.unisepe.com.br\/unifia\/wp-json\/wp\/v2\/tags?post=539"}],"curies":[{"name":"wp","href":"https:\/\/api.w.org\/{rel}","templated":true}]}}