{"id":545,"date":"2016-07-12T19:38:37","date_gmt":"2016-07-12T19:38:37","guid":{"rendered":"http:\/\/www.fvr.edu.br\/fvr\/site\/?page_id=545"},"modified":"2018-06-22T17:20:27","modified_gmt":"2018-06-22T20:20:27","slug":"servico-social","status":"publish","type":"page","link":"https:\/\/portal.unisepe.com.br\/unifia\/servico-social\/","title":{"rendered":"Servi\u00e7o Social"},"content":{"rendered":"<p style=\"text-align: justify\"><img loading=\"lazy\" decoding=\"async\" class=\"size-full wp-image-2400 alignleft\" src=\"http:\/\/portal.unisepe.com.br\/unifia\/wp-content\/uploads\/sites\/10001\/2018\/06\/servico_social.png\" alt=\"\" width=\"57\" height=\"100\" \/>O Servi\u00e7o Social \u00e9 uma profiss\u00e3o que requer forma\u00e7\u00e3o de gradua\u00e7\u00e3o superior de no m\u00ednimo 8 Semestres (4 anos) compat\u00edvel com o proposto pela Associa\u00e7\u00e3o Brasileira de\u00a0 Pesquisa Ensino em Servi\u00e7o Social &#8211; ABPESS e reconhecida pelo minist\u00e9rio da Educa\u00e7\u00e3o \u2013 MEC.<br \/>\n\u00c9 um curso que privilegia o car\u00e1ter de interven\u00e7\u00e3o investigativa atrav\u00e9s da pesquisa, reflex\u00e3o e an\u00e1lise da realidade social. Para tanto tem a contribui\u00e7\u00e3o da Sociologia, Psicologia, Economia, Ci\u00eancia Pol\u00edtica, Filosofia e Antropologia. O discente que completa o curso de Servi\u00e7o Social obt\u00e9m o titulo de Assistente Social ou Bacharel em Servi\u00e7o Social<\/p>\n<p>&nbsp;<\/p>\n<p><iframe loading=\"lazy\" title=\"Servi\u00e7o Social - UNIFIA\" width=\"500\" height=\"281\" src=\"https:\/\/www.youtube.com\/embed\/iVZVGUoM4GE?feature=oembed\" frameborder=\"0\" allow=\"accelerometer; autoplay; clipboard-write; encrypted-media; gyroscope; picture-in-picture; web-share\" referrerpolicy=\"strict-origin-when-cross-origin\" allowfullscreen><\/iframe><\/p>\n<p>&nbsp;<\/p>\n<p style=\"text-align: justify\"><strong>\u00c1reas de Atua\u00e7\u00e3o do Bacharel em Servi\u00e7o Social:<\/strong><\/p>\n<ul style=\"text-align: justify\">\n<li>Assist\u00eancia Social;<\/li>\n<li>Sa\u00fade;<\/li>\n<li>Empresas e Ind\u00fastrias \u2013 Recursos Humanos e Responsabilidade Social;<\/li>\n<li>Educa\u00e7\u00e3o;<\/li>\n<li>Crian\u00e7a e Adolescente;<\/li>\n<li>Idoso;<\/li>\n<li>Habita\u00e7\u00e3o;<\/li>\n<li>Previd\u00eancia Social;<\/li>\n<li>Judici\u00e1rio;<\/li>\n<li>Organiza\u00e7\u00f5es N\u00e3o Governamentais \u2013 ONGs;<\/li>\n<li>Meio Ambiente.<\/li>\n<\/ul>\n<p style=\"text-align: justify\"><strong>Miss\u00e3o do Curso de Servi\u00e7o Social<\/strong><\/p>\n<p style=\"text-align: justify\">O curso de Servi\u00e7o Social do Centro Universit\u00e1rio Amparense &#8211; UNIFIA,\u00a0 pretende contribuir para a forma\u00e7\u00e3o de profissionais que compreendam o significado social de sua pr\u00e1tica, com postura cr\u00edtica e investigativa, estando em constante busca de aperfei\u00e7oamento com vistas \u00e0s exig\u00eancias do mercado de trabalho e \u00e0 realidade vivenciada.<\/p>\n","protected":false},"excerpt":{"rendered":"<p>O Servi\u00e7o Social \u00e9 uma profiss\u00e3o que requer forma\u00e7\u00e3o de gradua\u00e7\u00e3o superior de no m\u00ednimo 8 Semestres (4 anos) compat\u00edvel com o proposto pela Associa\u00e7\u00e3o Brasileira de\u00a0 Pesquisa Ensino em Servi\u00e7o Social &#8211; ABPESS e reconhecida pelo minist\u00e9rio da Educa\u00e7\u00e3o \u2013 MEC. \u00c9 um curso que privilegia o car\u00e1ter de<\/p>\n","protected":false},"author":1,"featured_media":0,"parent":0,"menu_order":0,"comment_status":"closed","ping_status":"closed","template":"templates\/template-curso_menu_vertical.php","meta":{"footnotes":""},"categories":[],"tags":[],"class_list":["post-545","page","type-page","status-publish","hentry"],"_links":{"self":[{"href":"https:\/\/portal.unisepe.com.br\/unifia\/wp-json\/wp\/v2\/pages\/545","targetHints":{"allow":["GET"]}}],"collection":[{"href":"https:\/\/portal.unisepe.com.br\/unifia\/wp-json\/wp\/v2\/pages"}],"about":[{"href":"https:\/\/portal.unisepe.com.br\/unifia\/wp-json\/wp\/v2\/types\/page"}],"author":[{"embeddable":true,"href":"https:\/\/portal.unisepe.com.br\/unifia\/wp-json\/wp\/v2\/users\/1"}],"replies":[{"embeddable":true,"href":"https:\/\/portal.unisepe.com.br\/unifia\/wp-json\/wp\/v2\/comments?post=545"}],"version-history":[{"count":2,"href":"https:\/\/portal.unisepe.com.br\/unifia\/wp-json\/wp\/v2\/pages\/545\/revisions"}],"predecessor-version":[{"id":3814,"href":"https:\/\/portal.unisepe.com.br\/unifia\/wp-json\/wp\/v2\/pages\/545\/revisions\/3814"}],"wp:attachment":[{"href":"https:\/\/portal.unisepe.com.br\/unifia\/wp-json\/wp\/v2\/media?parent=545"}],"wp:term":[{"taxonomy":"category","embeddable":true,"href":"https:\/\/portal.unisepe.com.br\/unifia\/wp-json\/wp\/v2\/categories?post=545"},{"taxonomy":"post_tag","embeddable":true,"href":"https:\/\/portal.unisepe.com.br\/unifia\/wp-json\/wp\/v2\/tags?post=545"}],"curies":[{"name":"wp","href":"https:\/\/api.w.org\/{rel}","templated":true}]}}