{"id":547,"date":"2016-07-12T19:40:05","date_gmt":"2016-07-12T19:40:05","guid":{"rendered":"http:\/\/www.fvr.edu.br\/fvr\/site\/?page_id=547"},"modified":"2018-06-22T17:21:41","modified_gmt":"2018-06-22T20:21:41","slug":"atos-legais","status":"publish","type":"page","link":"https:\/\/portal.unisepe.com.br\/unifia\/servico-social\/atos-legais\/","title":{"rendered":"Atos Legais"},"content":{"rendered":"<p><strong>Atos Legais<\/strong><\/p>\n<ul>\n<li>In\u00edcio do Curso em 2018<\/li>\n<li>Vagas oferecidas 100<\/li>\n<li>Dura\u00e7\u00e3o de 4 anos<\/li>\n<li>Noturno<\/li>\n<li>Reconhecido: Portaria MEC 122 de 05\/07\/2012<\/li>\n<\/ul>\n","protected":false},"excerpt":{"rendered":"<p>Atos Legais In\u00edcio do Curso em 2018 Vagas oferecidas 100 Dura\u00e7\u00e3o de 4 anos Noturno Reconhecido: Portaria MEC 122 de 05\/07\/2012<\/p>\n","protected":false},"author":1,"featured_media":0,"parent":545,"menu_order":0,"comment_status":"closed","ping_status":"closed","template":"templates\/template-curso_menu_vertical.php","meta":{"footnotes":""},"categories":[],"tags":[],"class_list":["post-547","page","type-page","status-publish","hentry"],"_links":{"self":[{"href":"https:\/\/portal.unisepe.com.br\/unifia\/wp-json\/wp\/v2\/pages\/547","targetHints":{"allow":["GET"]}}],"collection":[{"href":"https:\/\/portal.unisepe.com.br\/unifia\/wp-json\/wp\/v2\/pages"}],"about":[{"href":"https:\/\/portal.unisepe.com.br\/unifia\/wp-json\/wp\/v2\/types\/page"}],"author":[{"embeddable":true,"href":"https:\/\/portal.unisepe.com.br\/unifia\/wp-json\/wp\/v2\/users\/1"}],"replies":[{"embeddable":true,"href":"https:\/\/portal.unisepe.com.br\/unifia\/wp-json\/wp\/v2\/comments?post=547"}],"version-history":[{"count":1,"href":"https:\/\/portal.unisepe.com.br\/unifia\/wp-json\/wp\/v2\/pages\/547\/revisions"}],"predecessor-version":[{"id":3815,"href":"https:\/\/portal.unisepe.com.br\/unifia\/wp-json\/wp\/v2\/pages\/547\/revisions\/3815"}],"up":[{"embeddable":true,"href":"https:\/\/portal.unisepe.com.br\/unifia\/wp-json\/wp\/v2\/pages\/545"}],"wp:attachment":[{"href":"https:\/\/portal.unisepe.com.br\/unifia\/wp-json\/wp\/v2\/media?parent=547"}],"wp:term":[{"taxonomy":"category","embeddable":true,"href":"https:\/\/portal.unisepe.com.br\/unifia\/wp-json\/wp\/v2\/categories?post=547"},{"taxonomy":"post_tag","embeddable":true,"href":"https:\/\/portal.unisepe.com.br\/unifia\/wp-json\/wp\/v2\/tags?post=547"}],"curies":[{"name":"wp","href":"https:\/\/api.w.org\/{rel}","templated":true}]}}