{"id":5560,"date":"2019-09-19T10:54:07","date_gmt":"2019-09-19T13:54:07","guid":{"rendered":"http:\/\/portal.unisepe.com.br\/unifia\/?page_id=5560"},"modified":"2019-10-26T15:38:43","modified_gmt":"2019-10-26T18:38:43","slug":"iniciacao-cientifica-unifia","status":"publish","type":"page","link":"https:\/\/portal.unisepe.com.br\/unifia\/iniciacao-cientifica-unifia\/","title":{"rendered":"Inicia\u00e7\u00e3o Cient\u00edfica UNIFIA"},"content":{"rendered":"<p><a href=\"http:\/\/portal.unisepe.com.br\/unifia\/wp-content\/uploads\/sites\/10001\/2019\/09\/INICIA\u00c7\u00c3O-CIENT\u00cdFICA-2019-2-1.jpg\"><img loading=\"lazy\" decoding=\"async\" src=\"http:\/\/portal.unisepe.com.br\/unifia\/wp-content\/uploads\/sites\/10001\/2019\/09\/INICIA\u00c7\u00c3O-CIENT\u00cdFICA-2019-2-1.jpg\" alt=\"\" width=\"2481\" height=\"1364\" class=\"aligncenter size-full wp-image-5561\" srcset=\"https:\/\/portal.unisepe.com.br\/unifia\/wp-content\/uploads\/sites\/10001\/2019\/09\/INICIA\u00c7\u00c3O-CIENT\u00cdFICA-2019-2-1.jpg 2481w, https:\/\/portal.unisepe.com.br\/unifia\/wp-content\/uploads\/sites\/10001\/2019\/09\/INICIA\u00c7\u00c3O-CIENT\u00cdFICA-2019-2-1-300x165.jpg 300w, https:\/\/portal.unisepe.com.br\/unifia\/wp-content\/uploads\/sites\/10001\/2019\/09\/INICIA\u00c7\u00c3O-CIENT\u00cdFICA-2019-2-1-768x422.jpg 768w, https:\/\/portal.unisepe.com.br\/unifia\/wp-content\/uploads\/sites\/10001\/2019\/09\/INICIA\u00c7\u00c3O-CIENT\u00cdFICA-2019-2-1-1024x563.jpg 1024w\" sizes=\"auto, (max-width: 2481px) 100vw, 2481px\" \/><\/a><\/p>\n<h4 style=\"text-align: center\"><a href=\"http:\/\/portal.unisepe.com.br\/unifia\/wp-content\/uploads\/sites\/10001\/2019\/09\/Edital-IC-2019.pdf\" target=\"_blank\" rel=\"noopener\">EDITAL IC 2019<\/a><\/h4>\n<h4 style=\"text-align: center\"><a href=\"http:\/\/portal.unisepe.com.br\/unifia\/wp-content\/uploads\/sites\/10001\/2019\/09\/Modelo-de-Projeto-de-Pesquisa-2019.doc\" target=\"_blank\" rel=\"noopener\">Modelo de Projeto de Pesquisa 2019<\/a><\/h4>\n<h4 style=\"text-align: center\"><a href=\"http:\/\/portal.unisepe.com.br\/unifia\/wp-content\/uploads\/sites\/10001\/2019\/10\/Termo-de-aceite-de-orienta\u00e7\u00e3o.pdf\" target=\"_blank\" rel=\"noopener\">Termo de Aceite de Orienta\u00e7\u00e3o<\/a><\/h4>\n<p>&nbsp;<\/p>\n<h3 style=\"text-align: center\"><u><a href=\"http:\/\/portal.unisepe.com.br\/unifia\/wp-content\/uploads\/sites\/10001\/2019\/10\/Lista-de-Aprovados-IC-UNIFIA-2019-2.pdf\" target=\"_blank\" rel=\"noopener\">Lista de Alunos Aprovados na Inicia\u00e7\u00e3o Cient\u00edfica<\/a><\/u><\/h3>\n<h4 style=\"text-align: center\"><\/h4>\n","protected":false},"excerpt":{"rendered":"<p>EDITAL IC 2019 Modelo de Projeto de Pesquisa 2019 Termo de Aceite de Orienta\u00e7\u00e3o &nbsp; Lista de Alunos Aprovados na Inicia\u00e7\u00e3o Cient\u00edfica<\/p>\n","protected":false},"author":2,"featured_media":0,"parent":0,"menu_order":0,"comment_status":"closed","ping_status":"closed","template":"","meta":{"footnotes":""},"categories":[],"tags":[],"class_list":["post-5560","page","type-page","status-publish","hentry"],"_links":{"self":[{"href":"https:\/\/portal.unisepe.com.br\/unifia\/wp-json\/wp\/v2\/pages\/5560","targetHints":{"allow":["GET"]}}],"collection":[{"href":"https:\/\/portal.unisepe.com.br\/unifia\/wp-json\/wp\/v2\/pages"}],"about":[{"href":"https:\/\/portal.unisepe.com.br\/unifia\/wp-json\/wp\/v2\/types\/page"}],"author":[{"embeddable":true,"href":"https:\/\/portal.unisepe.com.br\/unifia\/wp-json\/wp\/v2\/users\/2"}],"replies":[{"embeddable":true,"href":"https:\/\/portal.unisepe.com.br\/unifia\/wp-json\/wp\/v2\/comments?post=5560"}],"version-history":[{"count":14,"href":"https:\/\/portal.unisepe.com.br\/unifia\/wp-json\/wp\/v2\/pages\/5560\/revisions"}],"predecessor-version":[{"id":5951,"href":"https:\/\/portal.unisepe.com.br\/unifia\/wp-json\/wp\/v2\/pages\/5560\/revisions\/5951"}],"wp:attachment":[{"href":"https:\/\/portal.unisepe.com.br\/unifia\/wp-json\/wp\/v2\/media?parent=5560"}],"wp:term":[{"taxonomy":"category","embeddable":true,"href":"https:\/\/portal.unisepe.com.br\/unifia\/wp-json\/wp\/v2\/categories?post=5560"},{"taxonomy":"post_tag","embeddable":true,"href":"https:\/\/portal.unisepe.com.br\/unifia\/wp-json\/wp\/v2\/tags?post=5560"}],"curies":[{"name":"wp","href":"https:\/\/api.w.org\/{rel}","templated":true}]}}