{"id":6131,"date":"2020-01-09T15:08:33","date_gmt":"2020-01-09T18:08:33","guid":{"rendered":"http:\/\/portal.unisepe.com.br\/unifia\/?page_id=6131"},"modified":"2020-11-16T14:23:03","modified_gmt":"2020-11-16T17:23:03","slug":"ano-2020","status":"publish","type":"page","link":"https:\/\/portal.unisepe.com.br\/unifia\/educacao-em-foco\/ano-2020\/","title":{"rendered":"Ano 2020"},"content":{"rendered":"<h6>Artigos<\/h6>\n<p>&nbsp;<\/p>\n<ul>\n<li><a href=\"http:\/\/portal.unisepe.com.br\/unifia\/wp-content\/uploads\/sites\/10001\/2020\/01\/Artigo-Conscientiza\u00e7\u00e3o-ambiental-aplicada-\u00e0-para-a-comunidade-acad\u00eamica-do-centro-universit\u00e1rio-max-planck-1.pdf\" target=\"_blank\" rel=\"noopener noreferrer\">CONSCIENTIZA\u00c7\u00c3O AMBIENTAL APLICADA \u00c0 PARA A COMUNIDADE ACAD\u00caMICA DO CENTRO UNIVERSIT\u00c1RIO MAX PLANCK. &#8211; p\u00e1g 01 \u00e0 09<\/a><br \/>\n<em>Francine de Mendon\u00e7a F\u00e1brega<br \/>\nFernanda Nab\u00e3o<br \/>\nKaren Christina de Freitas<br \/>\nGustavo Queiroz Gomes<\/em><\/li>\n<\/ul>\n<hr \/>\n<ul>\n<li><a href=\"http:\/\/portal.unisepe.com.br\/unifia\/wp-content\/uploads\/sites\/10001\/2020\/01\/DESENVOLVIMENTO-DE-UM-FILTRO-PARA-REUSO-DE-\u00c1GUA-DE-CHUVA-ATRAV\u00c9S-DE-UM-PROJETO-DE-PESQUISA-APLICADO-\u00c0-ENGENHARIA-CIVIL.pdf\" target=\"_blank\" rel=\"noopener noreferrer\">DESENVOLVIMENTO DE UM FILTRO PARA REUSO DE \u00c1GUA DE CHUVA ATRAV\u00c9S DE UM PROJETO DE PESQUISA APLICADO \u00c0 ENGENHARIA CIVIL &#8211; p\u00e1g 10 \u00e0 20<\/a><br \/>\n<em>Larisson Piccinin<br \/>\nLucas Tadeu Pereira da Silva<br \/>\nFrancine de Mendon\u00e7a F\u00e1brega<br \/>\nFernanda Nab\u00e3o<br \/>\nKaren Christina de Freitas<br \/>\nGustavo Queiroz Gomes<\/em><\/li>\n<\/ul>\n<hr \/>\n<ul>\n<li><a href=\"http:\/\/portal.unisepe.com.br\/unifia\/wp-content\/uploads\/sites\/10001\/2020\/01\/IMPLANTA\u00c7\u00c3O-DE-BITUQUEIRAS-NO-CENTRO-UNIVERSIT\u00c1RIO-MAX-PLANCK-COMO-PROJETO-DE-PESQUISA-DO-CURSO-DE-ENGENHARIA-CIVIL.pdf\" target=\"_blank\" rel=\"noopener noreferrer\">IMPLANTA\u00c7\u00c3O DE BITUQUEIRAS NO CENTRO UNIVERSIT\u00c1RIO MAX PLANCK COMO PROJETO DE PESQUISA DO CURSO DE ENGENHARIA CIVIL &#8211; p\u00e1g 21 \u00e0 30<\/a><br \/>\n<em>Alan Fernando Borges<br \/>\nGuilherme Alves Cavalcante<br \/>\nFrancine de Mendon\u00e7a F\u00e1brega<br \/>\nFernanda Nab\u00e3o<br \/>\nKaren Christina de Freitas<br \/>\nGustavo Queiroz Gomes.<\/em><\/li>\n<\/ul>\n<hr \/>\n<ul>\n<li><a href=\"http:\/\/portal.unisepe.com.br\/unifia\/wp-content\/uploads\/sites\/10001\/2020\/01\/TELHADO-VERDE-DESENVOLVIMENTO-DE-UM-PROT\u00d3TIPO-UTILIZANDO-A-APRENDIZAGEM-BASEADA-EM-PROJETOS.pdf\" target=\"_blank\" rel=\"noopener noreferrer\">TELHADO VERDE: DESENVOLVIMENTO DE UM PROT\u00d3TIPO UTILIZANDO A APRENDIZAGEM BASEADA EM PROJETOS &#8211; p\u00e1g 31 \u00e0 39<\/a><br \/>\n<em>Beatriz Rodrigues<br \/>\nEllen Lira de Souza<br \/>\nMaiara Carvalho da Silva<br \/>\nFrancine de Mendon\u00e7a F\u00e1brega<br \/>\nFernanda Nab\u00e3o<br \/>\nKaren Christina de Freitas<br \/>\nGustavo Queiroz Gomes.<\/em><\/li>\n<\/ul>\n<hr \/>\n<ul>\n<li><a href=\"http:\/\/portal.unisepe.com.br\/unifia\/wp-content\/uploads\/sites\/10001\/2020\/02\/Aves-de-invernada-.pdf\" target=\"_blank\" rel=\"noopener noreferrer\">AVIFAUNA DE INVERNADA NO CAMPUS DO CENTRO UNIVERSIT\u00c1RIO DO VALE DO RIBEIRA \u2013 REGISTRO SP &#8211; p\u00e1g 40 \u00e0 48<\/a><br \/>\n<em>Luana de Carvalho Medeiros<br \/>\nJuliana Tomaz da Silva<br \/>\nWillian Pereira de Camargo<br \/>\nRicardo Claudionor Mendes.<\/em><\/li>\n<\/ul>\n<hr \/>\n<ul>\n<li><a href=\"http:\/\/portal.unisepe.com.br\/unifia\/wp-content\/uploads\/sites\/10001\/2020\/03\/Renato-Revista-Educac_a_o-em-Foco.pdf\" target=\"_blank\" rel=\"noopener noreferrer\">A GAMIFICA\u00c7\u00c3O NO PROCESSO DE ENSINO-APRENDIZAGEM: UMA REVIS\u00c3O INTEGRATIVA &#8211; p\u00e1g 49 \u00e0 60<\/a><br \/>\n<em>Renato Barbosa Japiassu<br \/>\nChennyfer Dobbins Abi Rached.<\/em><\/li>\n<\/ul>\n<hr \/>\n<ul>\n<li><a href=\"http:\/\/portal.unisepe.com.br\/unifia\/wp-content\/uploads\/sites\/10001\/2020\/06\/O-SERVI\u00c7O-SOCIAL-NA-\u00c1REA-DA-EDUCA\u00c7\u00c3O-INCLUSIVA.pdf\" target=\"_blank\" rel=\"noopener noreferrer\">O SERVI\u00c7O SOCIAL NA \u00c1REA DA EDUCA\u00c7\u00c3O INCLUSIVA &#8211; p\u00e1g 61 \u00e0 70<\/a><br \/>\n<em>Helena Di\u00f3genes A. De Souza<br \/>\nJirlane Dos Santos V. De Almeida<br \/>\nLarissa Cristina Ferracioli<br \/>\nMariana De Faria Teixeira<br \/>\nRobson Ribeiro Carvalho Filho<br \/>\nSilmara Quintana<\/em><\/li>\n<\/ul>\n<hr \/>\n<ul>\n<li><a href=\"http:\/\/portal.unisepe.com.br\/unifia\/wp-content\/uploads\/sites\/10001\/2020\/06\/O-SERVI\u00c7O-SOCIAL-NA-PROTE\u00c7\u00c3O-B\u00c1SICA-\u2013-SCFV.pdf\" target=\"_blank\" rel=\"noopener noreferrer\">O SERVI\u00c7O SOCIAL NA PROTE\u00c7\u00c3O B\u00c1SICA \u2013 SCFV SERVI\u00c7O DE CONVIV\u00caNCIA E FORTALECIMENTO DE V\u00cdNCULOS &#8211; p\u00e1g 71 \u00e0 79<\/a><br \/>\n<em>Andrea Cristina Mecenero<br \/>\nJessica L. K. Hernandez<br \/>\nMarilsa Aparecida Silva Lopes<br \/>\nRegina C\u00e9lia da Silva Alves<br \/>\nSilmara Quintana<\/em><\/li>\n<\/ul>\n<hr \/>\n<ul>\n<li><a href=\"http:\/\/portal.unisepe.com.br\/unifia\/wp-content\/uploads\/sites\/10001\/2020\/06\/A-MEDIA\u00c7\u00c3O-PSICOPEDAG\u00d3GICA-NO-PROCESSO-DE-APRENDIZAGEM-DE-CRIAN\u00c7AS-COM-TRANSTORNO-DO-ESPECTRO-AUTISTA-NA-EDUCA\u00c7\u00c3O-INFANTIL.pdf\" target=\"_blank\" rel=\"noopener noreferrer\">A MEDIA\u00c7\u00c3O PSICOPEDAG\u00d3GICA NO PROCESSO DE APRENDIZAGEM DE CRIAN\u00c7AS COM TRANSTORNO DO ESPECTRO AUTISTA NA EDUCA\u00c7\u00c3O INFANTIL &#8211; p\u00e1g 80 \u00e0 95<\/a><br \/>\n<em>M\u00e9rcia da Costa Lins<br \/>\nRegiane Andrade<br \/>\n<\/em><\/li>\n<\/ul>\n<hr \/>\n<ul>\n<li><a href=\"http:\/\/portal.unisepe.com.br\/unifia\/wp-content\/uploads\/sites\/10001\/2020\/06\/O-SERVI\u00c7O-SOCIAL-COMO-ARTICULADOR-DA-INCLUS\u00c3O-DA-PESSOA-COM-TRANSTORNO-DO-ESPECTRO-AUTISTA.pdf\" target=\"_blank\" rel=\"noopener noreferrer\">O SERVI\u00c7O SOCIAL COMO ARTICULADOR DA INCLUS\u00c3O DA PESSOA COM TRANSTORNO DO ESPECTRO AUTISTA &#8211; p\u00e1g 96 \u00e0 112<\/a><br \/>\n<em>Geovanna dos Santos da Silva<br \/>\nIsabela Cristina Moraes Lopes<br \/>\nSilmara Cristina Ramos Quintana<br \/>\n<\/em><\/li>\n<\/ul>\n<hr \/>\n<ul>\n<li><a href=\"https:\/\/portal.unisepe.com.br\/unifia\/wp-content\/uploads\/sites\/10001\/2020\/08\/O-QUE-TENHO-DE-NOVO-\u00c9-O-JEITO-DE-CAMINHAR-WEBF\u00d3LIO-NA-GRADUA\u00c7\u00c3O-EM-ENFERMAGEM-113-a-128.pdf\" target=\"_blank\" rel=\"noopener noreferrer\">O QUE TENHO DE NOVO \u00c9 O JEITO DE CAMINHAR &#8211; WEBF\u00d3LIO NA GRADUA\u00c7\u00c3O EM ENFERMAGEM &#8211; p\u00e1g 113 \u00e0 128<\/a><br \/>\n<em>Alexandro Marcos Meneg\u00f3cio<br \/>\nCarolina Pessoni Garcia<br \/>\nPatricia Helena Breno Queiroz<br \/>\n<\/em><\/li>\n<\/ul>\n<hr \/>\n<ul>\n<li><a href=\"https:\/\/portal.unisepe.com.br\/unifia\/wp-content\/uploads\/sites\/10001\/2020\/07\/AS-NOVAS-TRANSCEND\u00caNCIAS-DA-EDUCA\u00c7\u00c3O-129-a-134.pdf\" target=\"_blank\" rel=\"noopener noreferrer\">AS NOVAS TRANSCEND\u00caNCIAS DA EDUCA\u00c7\u00c3O &#8211; p\u00e1g 129 \u00e0 134<\/a><br \/>\n<em>Cristiane Bevilaqua Mota<br \/>\n<\/em><\/li>\n<\/ul>\n<hr \/>\n<ul>\n<li><a href=\"https:\/\/portal.unisepe.com.br\/unifia\/wp-content\/uploads\/sites\/10001\/2020\/08\/A-IMPORT\u00c2NCIA-DO-DESENHO-NO-DESENVOLVIMENTO-DA-CRIAN\u00c7A-135-a-138.pdf\" target=\"_blank\" rel=\"noopener noreferrer\">A IMPORT\u00c2NCIA DO DESENHO NO DESENVOLVIMENTO DA CRIAN\u00c7A &#8211; p\u00e1g 135 \u00e0 138<\/a><br \/>\n<em>Alice Gritti<br \/>\nAline Gritti Rodrigues<br \/>\n<\/em><\/li>\n<\/ul>\n<hr \/>\n<ul>\n<li><a href=\"https:\/\/portal.unisepe.com.br\/unifia\/wp-content\/uploads\/sites\/10001\/2020\/09\/DISCUTINDO-A-DIABOLIZA\u00c7\u00c3O-DAS-JUVENTUDES-CONTEMPOR\u00c2NEAS-139-a-140.pdf\" target=\"_blank\" rel=\"noopener noreferrer\">DISCUTINDO A DIABOLIZA\u00c7\u00c3O DAS JUVENTUDES CONTEMPOR\u00c2NEAS &#8211; p\u00e1g 139 \u00e0 140<\/a><br \/>\n<em>Victor Hugo Nedel Oliveira<br \/>\n<\/em><\/li>\n<\/ul>\n<hr \/>\n<ul>\n<li><a href=\"https:\/\/portal.unisepe.com.br\/unifia\/wp-content\/uploads\/sites\/10001\/2020\/11\/REDA\u00c7\u00c3O-DE-ARTIGO-CIENT\u00cdFICO-DO-MANEJO-DAS-ESTRUTURAS-\u00c0-VISIBILIDADE-141-a-156.pdf\" target=\"_blank\" rel=\"noopener noreferrer\">REDA\u00c7\u00c3O DE ARTIGO CIENT\u00cdFICO: DO MANEJO DAS ESTRUTURAS \u00c0 VISIBILIDADE &#8211; p\u00e1g 141 \u00e0 156<\/a><br \/>\n<em>Alexandro Marcos Meneg\u00f3cio<br \/>\nCarolina Pessoni Garcia<br \/>\nMaria Paula Banwart Amgarten<br \/>\nPatricia Helena Breno Queiroz<br \/>\n<\/em><\/li>\n<\/ul>\n<hr \/>\n<p>&nbsp;<\/p>\n","protected":false},"excerpt":{"rendered":"<p>Artigos &nbsp; CONSCIENTIZA\u00c7\u00c3O AMBIENTAL APLICADA \u00c0 PARA A COMUNIDADE ACAD\u00caMICA DO CENTRO UNIVERSIT\u00c1RIO MAX PLANCK. &#8211; p\u00e1g 01 \u00e0 09 Francine de Mendon\u00e7a F\u00e1brega Fernanda Nab\u00e3o Karen Christina de Freitas Gustavo Queiroz Gomes DESENVOLVIMENTO DE UM FILTRO PARA REUSO DE \u00c1GUA DE CHUVA ATRAV\u00c9S DE UM PROJETO DE PESQUISA APLICADO<\/p>\n","protected":false},"author":2,"featured_media":0,"parent":2819,"menu_order":0,"comment_status":"closed","ping_status":"closed","template":"templates\/template-pagina_menu_vertical.php","meta":{"footnotes":""},"categories":[],"tags":[],"class_list":["post-6131","page","type-page","status-publish","hentry"],"_links":{"self":[{"href":"https:\/\/portal.unisepe.com.br\/unifia\/wp-json\/wp\/v2\/pages\/6131","targetHints":{"allow":["GET"]}}],"collection":[{"href":"https:\/\/portal.unisepe.com.br\/unifia\/wp-json\/wp\/v2\/pages"}],"about":[{"href":"https:\/\/portal.unisepe.com.br\/unifia\/wp-json\/wp\/v2\/types\/page"}],"author":[{"embeddable":true,"href":"https:\/\/portal.unisepe.com.br\/unifia\/wp-json\/wp\/v2\/users\/2"}],"replies":[{"embeddable":true,"href":"https:\/\/portal.unisepe.com.br\/unifia\/wp-json\/wp\/v2\/comments?post=6131"}],"version-history":[{"count":21,"href":"https:\/\/portal.unisepe.com.br\/unifia\/wp-json\/wp\/v2\/pages\/6131\/revisions"}],"predecessor-version":[{"id":7087,"href":"https:\/\/portal.unisepe.com.br\/unifia\/wp-json\/wp\/v2\/pages\/6131\/revisions\/7087"}],"up":[{"embeddable":true,"href":"https:\/\/portal.unisepe.com.br\/unifia\/wp-json\/wp\/v2\/pages\/2819"}],"wp:attachment":[{"href":"https:\/\/portal.unisepe.com.br\/unifia\/wp-json\/wp\/v2\/media?parent=6131"}],"wp:term":[{"taxonomy":"category","embeddable":true,"href":"https:\/\/portal.unisepe.com.br\/unifia\/wp-json\/wp\/v2\/categories?post=6131"},{"taxonomy":"post_tag","embeddable":true,"href":"https:\/\/portal.unisepe.com.br\/unifia\/wp-json\/wp\/v2\/tags?post=6131"}],"curies":[{"name":"wp","href":"https:\/\/api.w.org\/{rel}","templated":true}]}}