{"id":6257,"date":"2020-01-28T13:51:14","date_gmt":"2020-01-28T16:51:14","guid":{"rendered":"http:\/\/portal.unisepe.com.br\/unifia\/?page_id=6257"},"modified":"2021-05-25T18:25:34","modified_gmt":"2021-05-25T21:25:34","slug":"ano-2020","status":"publish","type":"page","link":"https:\/\/portal.unisepe.com.br\/unifia\/gestao-em-foco\/ano-2020\/","title":{"rendered":"Ano 2020"},"content":{"rendered":"<h6>Artigos<\/h6>\n<p>&nbsp;<\/p>\n<ul>\n<li><a href=\"http:\/\/portal.unisepe.com.br\/unifia\/wp-content\/uploads\/sites\/10001\/2020\/01\/Estudo-Comparativo-dos-Tributos-sobre-o-Lucro-em-uma-Loja-de-Materiais-de-Constru\u00e7\u00e3o.pdf\" target=\"_blank\" rel=\"noopener noreferrer\">ESTUDO COMPARATIVO DOS TRIBUTOS SOBRE O LUCRO EM UMA LOJA DE MATERIAIS DE CONSTRU\u00c7\u00c3O &#8211;<br \/>\np\u00e1g 1 \u00e0 13<\/a><br \/>\n<em>Diones Kleinibing Bugalho<br \/>\nFrancieli Morlin<br \/>\n<\/em><\/li>\n<\/ul>\n<hr \/>\n<ul>\n<li><a href=\"http:\/\/portal.unisepe.com.br\/unifia\/wp-content\/uploads\/sites\/10001\/2020\/02\/Aproveitamento_Agua_Chuva.pdf\" target=\"_blank\" rel=\"noopener noreferrer\">AVALIA\u00c7\u00c3O DO POTENCIAL E DIMENSIONAMENTO DE RESERVAT\u00d3RIOS PARA APROVEITAMENTO DE \u00c1GUAS PLUVIAIS NO MUNIC\u00cdPIO DE VI\u00c7OSA \u2013 MG &#8211;<br \/>\np\u00e1g 14 \u00e0 22<\/a><br \/>\n<em><br \/>\nEduardo Vicente do Prado<br \/>\nCarlos \u00cdcaro Monteiro da Silva<br \/>\nSaulo de Souza Paoli.<br \/>\n<\/em><\/li>\n<\/ul>\n<hr \/>\n<ul>\n<li><a href=\"http:\/\/portal.unisepe.com.br\/unifia\/wp-content\/uploads\/sites\/10001\/2020\/02\/ESTUDO-BIBLIOM\u00c9TRICO-EM-CUSTO-AMBIENTAL-NO-CONGRESSO-BRASILEIRO-DE-CUSTOS-NO-PER\u00cdODO-DE-1994-A-2019.pdf\" target=\"_blank\" rel=\"noopener noreferrer\">ESTUDO BIBLIOM\u00c9TRICO EM CUSTO AMBIENTAL NO CONGRESSO BRASILEIRO DE CUSTOS, NO PER\u00cdODO DE 1994 A 2019 &#8211; p\u00e1g 23 \u00e0 32<\/a><br \/>\n<em><br \/>\nFernanda Barbosa<br \/>\nFrancisco Feitosa<br \/>\nLuiz Ant\u00f4nio Ferreira de S\u00e1<br \/>\nS\u00edlvio Paula Ribeiro<br \/>\nMarco Aur\u00e9lio Batista de Sousa<br \/>\nClari Schuh.<br \/>\n<\/em><\/li>\n<\/ul>\n<hr \/>\n<ul>\n<li><a href=\"http:\/\/portal.unisepe.com.br\/unifia\/wp-content\/uploads\/sites\/10001\/2020\/03\/O-IMPACTO-DO-PLANEJAMENTO-TRIBUT\u00c1RIO-NO-COTIDIANO-DAS-EMPRESAS.pdf\" target=\"_blank\" rel=\"noopener noreferrer\">O IMPACTO DO PLANEJAMENTO TRIBUT\u00c1RIO NO COTIDIANO DAS EMPRESAS &#8211; p\u00e1g 33 \u00e0 47<\/a><br \/>\n<em>Rafael Henrique Erbes<br \/>\nRaphael Martini<br \/>\nDiones Kleinibing Bugalho<br \/>\nFrancieli Morlin Bugalho.<br \/>\n<\/em><\/li>\n<\/ul>\n<hr \/>\n<ul>\n<li><a href=\"http:\/\/portal.unisepe.com.br\/unifia\/wp-content\/uploads\/sites\/10001\/2020\/05\/DESAFIOS-E-BENEFICIOS-DA-IMPLEMENTA\u00c7\u00c3O-DE-UM-ESCRIT\u00d3RIO-DE-GERENCIAMENTO-DE-PROJETOS.pdf\" target=\"_blank\" rel=\"noopener noreferrer\">DESAFIOS E BENEFICIOS DA IMPLEMENTA\u00c7\u00c3O DE UM ESCRIT\u00d3RIO DE GERENCIAMENTO DE PROJETOS &#8211; p\u00e1g 48 \u00e0 72<\/a><br \/>\n<em>Leandro da Silva Passos<br \/>\nCarlos Roberto Campos<br \/>\nM\u00e1rcio Zamboti Fortes<br \/>\n<\/em><\/li>\n<\/ul>\n<hr \/>\n<ul>\n<li><a href=\"http:\/\/portal.unisepe.com.br\/unifia\/wp-content\/uploads\/sites\/10001\/2020\/05\/ESTUDO-DE-VIABILIDADE-T\u00c9CNICA-PARA-IMPLANTA\u00c7\u00c3O-DE-BIODIGESTOR-EM-PEQUENA-PROPRIEDADE-RURAL-UM-ESTUDO-DE-CASO.pdf\" target=\"_blank\" rel=\"noopener noreferrer\">ESTUDO DE VIABILIDADE T\u00c9CNICA PARA IMPLANTA\u00c7\u00c3O DE BIODIGESTOR EM PEQUENA PROPRIEDADE RURAL: UM ESTUDO DE CASO &#8211; p\u00e1g 73 \u00e0 81<\/a><br \/>\n<em>Lorena Souza Abduani Firmino<br \/>\nEduardo Vicente do Prado<br \/>\n<\/em><\/li>\n<\/ul>\n<hr \/>\n<ul>\n<li><a href=\"http:\/\/portal.unisepe.com.br\/unifia\/wp-content\/uploads\/sites\/10001\/2020\/06\/O-PROCESSO-DE-MUDAN\u00c7A-ORGANIZACIONAL-E-O-BALANCED-SCORECARD.pdf\" target=\"_blank\" rel=\"noopener noreferrer\">O PROCESSO DE MUDAN\u00c7A ORGANIZACIONAL E O BALANCED SCORECARD &#8211; p\u00e1g 82 \u00e0 92<\/a><br \/>\n<em>Fladmir Fernandes dos Santos<br \/>\nMarco Aur\u00e9lio Batista de Sousa<br \/>\nVera Luci de Almeida<br \/>\nLissandro Wilhem<br \/>\n<\/em><\/li>\n<\/ul>\n<hr \/>\n<ul>\n<li><a href=\"http:\/\/portal.unisepe.com.br\/unifia\/wp-content\/uploads\/sites\/10001\/2020\/06\/A-TRAJET\u00d3RIA-DE-CAMPINAS-SP-NO-SERVI\u00c7O-DE-ACOLHIMENTO-FAMILIAR-DE-CRIAN\u00c7AS-E-ADOLESCENTES-93-a-110.pdf\" target=\"_blank\" rel=\"noopener noreferrer\">A TRAJET\u00d3RIA DE CAMPINAS\/SP NO SERVI\u00c7O DE ACOLHIMENTO FAMILIAR DE CRIAN\u00c7AS E ADOLESCENTES &#8211; p\u00e1g 93 \u00e0 110<\/a><br \/>\n<em>Regina Selma Catini Meceneiro<br \/>\nSilmara Cristina Ramos Quintana<br \/>\n<\/em><\/li>\n<\/ul>\n<hr \/>\n<ul>\n<li><a href=\"http:\/\/portal.unisepe.com.br\/unifia\/wp-content\/uploads\/sites\/10001\/2020\/06\/A-ADOLESC\u00caNCIA-E-O-DESLIGAMENTO-DO-SERVI\u00c7O-DE-ACOLHIMENTO-INSTITUCIONAL-111-a-126.pdf\" target=\"_blank\" rel=\"noopener noreferrer\">A ADOLESC\u00caNCIA E O DESLIGAMENTO DO SERVI\u00c7O DE ACOLHIMENTO INSTITUCIONAL &#8211; p\u00e1g 111 \u00e0 126<\/a><br \/>\n<em>Ana Gabriela Vicentin<br \/>\nEster Geovanini de Oliveira<br \/>\nLucirlei Lopes de Moraes e Silva<br \/>\nProf.\u00aa Ma. Silmara Quintana<br \/>\n<\/em><\/li>\n<\/ul>\n<hr \/>\n<ul>\n<li><a href=\"http:\/\/portal.unisepe.com.br\/unifia\/wp-content\/uploads\/sites\/10001\/2020\/06\/INDUSTRIA-4.0-NO-MONITORAMENTO-E-CONTROLE-DA-PRODU\u00c7\u00c3O-UM-ESTUDO-POR-MAPEAMENTO-SISTEM\u00c1TICO-127-a-161.pdf\" target=\"_blank\" rel=\"noopener noreferrer\">INDUSTRIA 4.0 NO MONITORAMENTO E CONTROLE DA PRODU\u00c7\u00c3O: UM ESTUDO POR MAPEAMENTO SISTEM\u00c1TICO &#8211; p\u00e1g 127 \u00e0 161<\/a><br \/>\n<em>Franklin da Silva Nonato<br \/>\nAndr\u00e9 Luiz de Castro Leal<br \/>\nM\u00e1rcio Zamboti Fortes<br \/>\n<\/em><\/li>\n<\/ul>\n<hr \/>\n<ul>\n<li><a href=\"http:\/\/portal.unisepe.com.br\/unifia\/wp-content\/uploads\/sites\/10001\/2020\/06\/SERVI\u00c7OS-DE-CONVIV\u00caNCIA-E-FORTALECIMENTO-DE-V\u00cdNCULOS-162-a-175.pdf\" target=\"_blank\" rel=\"noopener noreferrer\">SERVI\u00c7OS DE CONVIV\u00caNCIA E FORTALECIMENTO DE V\u00cdNCULOS:<br \/>\nA REALIDADE DE UM MUNIC\u00cdPIO &#8211; p\u00e1g 162 \u00e0 175<\/a><br \/>\n<em>Gabriella N. dos Santos Agostinho<br \/>\nJuliana Fioravante<br \/>\nJhuly Gabrieli Fernandes Vacaro<br \/>\nLeticia Bianca Ferreira Talassi<br \/>\nVanessa de Oliveira Alves<br \/>\nSilmara Quintana<br \/>\n<\/em><\/li>\n<\/ul>\n<hr \/>\n<ul>\n<li><a href=\"https:\/\/portal.unisepe.com.br\/unifia\/wp-content\/uploads\/sites\/10001\/2021\/05\/A-INTERVEN\u00c7\u00c3O-DO-SERVI\u00c7O-SOCIAL-COM-A-POPULA\u00c7\u00c3O-EM-SITUA\u00c7\u00c3O-DE-RUA-176-\u00e0-188.pdf\" target=\"_blank\" rel=\"noopener noreferrer\">A INTERVEN\u00c7\u00c3O DO SERVI\u00c7O SOCIAL COM<br \/>\nA POPULA\u00c7\u00c3O EM SITUA\u00c7\u00c3O DE RUA &#8211; p\u00e1g 176 \u00e0 188<\/a><br \/>\n<em>Mayara Vieira Gomes<br \/>\nNicolle Marie Briquet Garding<br \/>\nM\u00e1rcia Aparecida Infer Falsarella<br \/>\nJhennifer Moreira Lucena<br \/>\nJuliana da Luz Silva<br \/>\nSilmara Quintana<br \/>\n<\/em><\/li>\n<\/ul>\n<hr \/>\n<ul>\n<li><a href=\"https:\/\/portal.unisepe.com.br\/unifia\/wp-content\/uploads\/sites\/10001\/2020\/07\/EDUCANDO-A-PARTIR-DA-VIOL\u00caNCIA-189-a-217.pdf\" target=\"_blank\" rel=\"noopener noreferrer\">\u201cEDUCANDO\u201d A PARTIR DA VIOL\u00caNCIA? &#8211; p\u00e1g 189 \u00e0 217<\/a><br \/>\n<em>Isabelle Carvalho Rocha De Almeida<br \/>\nKennia Larissa Herdy Gontijo<br \/>\nMaria Luiza Da Silva Gon\u00e7alves<br \/>\nSilmara Quintana<br \/>\n<\/em><\/li>\n<\/ul>\n<hr \/>\n<ul>\n<li><a href=\"https:\/\/portal.unisepe.com.br\/unifia\/wp-content\/uploads\/sites\/10001\/2020\/07\/AS-NECESSIDADES-HUMANAS-E-A-GARANTIA-DOS-M\u00cdNIMOS-SOCIAIS-218-a-230.pdf\" target=\"_blank\" rel=\"noopener noreferrer\">AS NECESSIDADES HUMANAS E A GARANTIA DOS M\u00cdNIMOS SOCIAIS &#8211; p\u00e1g 218 \u00e0 230<\/a><br \/>\n<em>Nadja Eduarda Martins dos Santos<br \/>\nSilmara Quintana<br \/>\n<\/em><\/li>\n<\/ul>\n<hr \/>\n<ul>\n<li><a href=\"https:\/\/portal.unisepe.com.br\/unifia\/wp-content\/uploads\/sites\/10001\/2020\/09\/O-PAPEL-DA-NUTRI\u00c7\u00c3O-NO-SISTEMA-IMUNOL\u00d3GICO-E-SUA-RELA\u00c7\u00c3O-COM-O-COVID-19-231-a-244.pdf\" target=\"_blank\" rel=\"noopener noreferrer\">O PAPEL DA NUTRI\u00c7\u00c3O NO SISTEMA IMUNOL\u00d3GICO E SUA RELA\u00c7\u00c3O COM O COVID-19 &#8211; p\u00e1g 231 \u00e0 244<\/a><br \/>\n<em>Giane da Silva Rezende<br \/>\nViviane de Souza Silva<br \/>\n<\/em><\/li>\n<\/ul>\n<hr \/>\n<ul>\n<li><a href=\"https:\/\/portal.unisepe.com.br\/unifia\/wp-content\/uploads\/sites\/10001\/2020\/11\/A-CONTABILIDADE-P\u00daBLICA-COMO-INSTRUMENTO-DE-APOIO-PARA-PARTICIPA\u00c7\u00c3O-POPULAR-NAS-DECIS\u00d5ES-POL\u00cdTICAS.pdf\" target=\"_blank\" rel=\"noopener noreferrer\">A CONTABILIDADE P\u00daBLICA, COMO INSTRUMENTO DE APOIO PARA PARTICIPA\u00c7\u00c3O POPULAR NAS DECIS\u00d5ES POL\u00cdTICAS &#8211; p\u00e1g 245 \u00e0 265<\/a><br \/>\n<em>LOLOBR\u00cdGIDA MARADEI, Ant\u00f4nio Reis<br \/>\nSIQUEIRA DA SILVA, Adriano Jose<br \/>\n<\/em><\/li>\n<\/ul>\n<hr \/>\n<ul>\n<li><a href=\"https:\/\/portal.unisepe.com.br\/unifia\/wp-content\/uploads\/sites\/10001\/2020\/11\/A-RELEV\u00c2NCIA-DO-MARKETING-DIRECIONADO-PARA-O-P\u00daBLICO-LGBT.pdf\" target=\"_blank\" rel=\"noopener noreferrer\">A RELEV\u00c2NCIA DO MARKETING DIRECIONADO PARA O P\u00daBLICO LGBT &#8211; p\u00e1g 266 \u00e0 276<\/a><br \/>\n<em>David Oliveira de Almeida<br \/>\nMarcos Vinicius Carraro Ramos<br \/>\nD\u00eanis Mateus de Paiva<br \/>\nCarlos Roberto Morais Andery<br \/>\n<\/em><\/li>\n<\/ul>\n<hr \/>\n<ul>\n<li><a href=\"https:\/\/portal.unisepe.com.br\/unifia\/wp-content\/uploads\/sites\/10001\/2020\/11\/PROCESSO-DE-AUDITORIA-REALIZADO-EM-EMPRESAS-DO-SEGMENTO-FUNER\u00c1RIO.pdf\" target=\"_blank\" rel=\"noopener noreferrer\">PROCESSO DE AUDITORIA REALIZADO EM EMPRESAS DO SEGMENTO FUNER\u00c1RIO &#8211; p\u00e1g 277 \u00e0 291<\/a><br \/>\n<em>Carlos Roberto Morais Andery<br \/>\nMichelle Vanessa Benhame Vieira<br \/>\nSamuel Andrade Benhame<br \/>\nMarcos Vinicius Carraro Ramos<br \/>\nD\u00eanis Mateus de Paiva<br \/>\n<\/em><\/li>\n<\/ul>\n<hr \/>\n<ul>\n<li><a href=\"https:\/\/portal.unisepe.com.br\/unifia\/wp-content\/uploads\/sites\/10001\/2020\/12\/Intelig\u00eancia-Emocional-292-\u00e0-300.pdf\" target=\"_blank\" rel=\"noopener noreferrer\">INTELIG\u00caNCIA EMOCIONAL &#8211; p\u00e1g 292 \u00e0 300 <\/a><br \/>\n<em>ARA\u00daJO, F\u00e1bio Gomes de<br \/>\n<\/em><\/li>\n<\/ul>\n<hr \/>\n<p>&nbsp;<\/p>\n","protected":false},"excerpt":{"rendered":"<p>Artigos &nbsp; ESTUDO COMPARATIVO DOS TRIBUTOS SOBRE O LUCRO EM UMA LOJA DE MATERIAIS DE CONSTRU\u00c7\u00c3O &#8211; p\u00e1g 1 \u00e0 13 Diones Kleinibing Bugalho Francieli Morlin AVALIA\u00c7\u00c3O DO POTENCIAL E DIMENSIONAMENTO DE RESERVAT\u00d3RIOS PARA APROVEITAMENTO DE \u00c1GUAS PLUVIAIS NO MUNIC\u00cdPIO DE VI\u00c7OSA \u2013 MG &#8211; p\u00e1g 14 \u00e0 22 Eduardo<\/p>\n","protected":false},"author":2,"featured_media":0,"parent":2940,"menu_order":0,"comment_status":"closed","ping_status":"closed","template":"templates\/template-pagina_menu_vertical.php","meta":{"footnotes":""},"categories":[],"tags":[],"class_list":["post-6257","page","type-page","status-publish","hentry"],"_links":{"self":[{"href":"https:\/\/portal.unisepe.com.br\/unifia\/wp-json\/wp\/v2\/pages\/6257","targetHints":{"allow":["GET"]}}],"collection":[{"href":"https:\/\/portal.unisepe.com.br\/unifia\/wp-json\/wp\/v2\/pages"}],"about":[{"href":"https:\/\/portal.unisepe.com.br\/unifia\/wp-json\/wp\/v2\/types\/page"}],"author":[{"embeddable":true,"href":"https:\/\/portal.unisepe.com.br\/unifia\/wp-json\/wp\/v2\/users\/2"}],"replies":[{"embeddable":true,"href":"https:\/\/portal.unisepe.com.br\/unifia\/wp-json\/wp\/v2\/comments?post=6257"}],"version-history":[{"count":20,"href":"https:\/\/portal.unisepe.com.br\/unifia\/wp-json\/wp\/v2\/pages\/6257\/revisions"}],"predecessor-version":[{"id":7320,"href":"https:\/\/portal.unisepe.com.br\/unifia\/wp-json\/wp\/v2\/pages\/6257\/revisions\/7320"}],"up":[{"embeddable":true,"href":"https:\/\/portal.unisepe.com.br\/unifia\/wp-json\/wp\/v2\/pages\/2940"}],"wp:attachment":[{"href":"https:\/\/portal.unisepe.com.br\/unifia\/wp-json\/wp\/v2\/media?parent=6257"}],"wp:term":[{"taxonomy":"category","embeddable":true,"href":"https:\/\/portal.unisepe.com.br\/unifia\/wp-json\/wp\/v2\/categories?post=6257"},{"taxonomy":"post_tag","embeddable":true,"href":"https:\/\/portal.unisepe.com.br\/unifia\/wp-json\/wp\/v2\/tags?post=6257"}],"curies":[{"name":"wp","href":"https:\/\/api.w.org\/{rel}","templated":true}]}}