{"id":6288,"date":"2020-02-12T16:56:16","date_gmt":"2020-02-12T19:56:16","guid":{"rendered":"http:\/\/portal.unisepe.com.br\/unifia\/?page_id=6288"},"modified":"2020-12-29T18:13:36","modified_gmt":"2020-12-29T21:13:36","slug":"ano-2020","status":"publish","type":"page","link":"https:\/\/portal.unisepe.com.br\/unifia\/direito-em-foco\/ano-2020\/","title":{"rendered":"Ano 2020"},"content":{"rendered":"<h6>Artigos<\/h6>\n<p>&nbsp;<\/p>\n<ul>\n<li><a href=\"http:\/\/portal.unisepe.com.br\/unifia\/wp-content\/uploads\/sites\/10001\/2020\/02\/ARTIGO-DIREITO-A-SAUDE-E-SEPARACAO-DE-PODERES_Direito-em-Foco.pdf\" target=\"_blank\" rel=\"noopener noreferrer\">O PRINC\u00cdPIO DA SEPARA\u00c7\u00c3O DOS PODERES FRENTE AO DIREITO FUNDAMENTAL \u00c0 SA\u00daDE. &#8211; p\u00e1g 01 \u00e0 21<\/a><br \/>\n<em>Marielen Cristina da Silva Ferreira<br \/>\nGeraldo Luiz Vianna<br \/>\n<\/em><\/li>\n<\/ul>\n<hr \/>\n<ul>\n<li><a href=\"http:\/\/portal.unisepe.com.br\/unifia\/wp-content\/uploads\/sites\/10001\/2020\/06\/O-SERVI\u00c7O-SOCIAL-NO-\u00c2MBITO-AGR\u00c1RIO-A-VIOLA\u00c7\u00c3O-DO-DIREITO-\u00c0-TERRA-DO-TRABALHADOR.pdf\" target=\"_blank\" rel=\"noopener noreferrer\">O SERVI\u00c7O SOCIAL NO \u00c2MBITO AGR\u00c1RIO: A VIOLA\u00c7\u00c3O DO DIREITO \u00c0<br \/>\nTERRA DO TRABALHADOR. &#8211; p\u00e1g 22 \u00e0 31<\/a><br \/>\n<em>Gustavo Agamenon Fran\u00e7a dos Santos<br \/>\nLivia Maria Piloto Rossi<br \/>\nSilmara Quintana<br \/>\n<\/em><\/li>\n<\/ul>\n<hr \/>\n<ul>\n<li><a href=\"http:\/\/portal.unisepe.com.br\/unifia\/wp-content\/uploads\/sites\/10001\/2020\/06\/O-SERVI\u00c7O-SOCIAL-E-O-DIREITO-A-HABITA\u00c7\u00c3O-32-a-41.pdf\" target=\"_blank\" rel=\"noopener noreferrer\">O SERVI\u00c7O SOCIAL E O DIREITO A HABITA\u00c7\u00c3O &#8211; p\u00e1g 32 \u00e0 41<\/a><br \/>\n<em>Cleide T\u00e2nia Domingues<br \/>\nRegina Selma Catini Meceneiro<br \/>\nPaola Luiza Pereira de Oliveira<br \/>\nNadja Eduarda Martins dos Santos<br \/>\nSilmara Quintana<br \/>\n<\/em><\/li>\n<\/ul>\n<hr \/>\n<ul>\n<li><a href=\"http:\/\/portal.unisepe.com.br\/unifia\/wp-content\/uploads\/sites\/10001\/2020\/07\/A-ATUA\u00c7\u00c3O-DO-ASSISTENTE-SOCIAL-42-a-55.pdf\" target=\"_blank\" rel=\"noopener noreferrer\">A ATUA\u00c7\u00c3O DO ASSISTENTE SOCIALNO PROCESSO DE ADO\u00c7\u00c3O JUNTO \u00c0 FAM\u00cdLIA SUBSTITUTA &#8211; p\u00e1g 42 \u00e0 55<\/a><br \/>\n<em>Rosane de Miranda Fonseca Neves<br \/>\nSilmara Quintana<br \/>\n<\/em><\/li>\n<\/ul>\n<hr \/>\n<ul>\n<li><a href=\"http:\/\/portal.unisepe.com.br\/unifia\/wp-content\/uploads\/sites\/10001\/2020\/07\/O-SERVI\u00c7O-SOCIAL-E-SUA-PRAXIS-PROFISISONAL-NO-QUE-TANGE-AO-DIREITO-A-HABITA\u00c7\u00c3O.pdf\" target=\"_blank\" rel=\"noopener noreferrer\">O SERVI\u00c7O SOCIAL E SUA PRAXIS PROFISISONAL NO QUE TANGE AO DIREITO A HABITA\u00c7\u00c3O &#8211; p\u00e1g 56 \u00e0 67<\/a><em><br \/>\nAna Gabriela Vicentin<br \/>\nGeovanna dos Santos da Silva<br \/>\nIsabela Cristina Moraes Lopes<br \/>\nProf.\u00aa Ma. Silmara Cristina Quintana<br \/>\n<\/em><\/li>\n<\/ul>\n<hr \/>\n<ul>\n<li><a href=\"https:\/\/portal.unisepe.com.br\/unifia\/wp-content\/uploads\/sites\/10001\/2020\/07\/ISONOMIA-ENTRE-HOMENS-E-MULHERES-NO-\u00c2MBITO-DO-LAR-E-OS-DIREITOS-DAS-MULHERES-VITIMIZADAS-PELA-VIOL\u00caNCIA-DOM\u00c9STICA-68-a-74.pdf\" target=\"_blank\" rel=\"noopener noreferrer\">ISONOMIA ENTRE HOMENS E MULHERES NO \u00c2MBITO DO LAR E OS DIREITOS DAS MULHERES VITIMIZADAS PELA VIOL\u00caNCIA DOM\u00c9STICA &#8211; p\u00e1g 68 \u00e0 74<\/a><em><br \/>\n\u00c1dila Ribeiro da Silva<br \/>\nCaroline Alves Salvador<br \/>\nSoraia Castellano<br \/>\n<\/em><\/li>\n<\/ul>\n<hr \/>\n<ul>\n<li><a href=\"https:\/\/portal.unisepe.com.br\/unifia\/wp-content\/uploads\/sites\/10001\/2020\/07\/HUMANIZA\u00c7\u00c3O-DAS-PENAS-E-SUA-IMPLICA\u00c7\u00c3O-NA-RESSOCIALIZA\u00c7\u00c3O-DO-PRESO-75-a-80.pdf\" target=\"_blank\" rel=\"noopener noreferrer\">HUMANIZA\u00c7\u00c3O DAS PENAS E SUA IMPLICA\u00c7\u00c3O NA RESSOCIALIZA\u00c7\u00c3O DO PRESO &#8211; p\u00e1g 75 \u00e0 80<\/a><em><br \/>\nCaroline Mayumi Novaes Akutsu<br \/>\nCaroline Alves Salvador<br \/>\nSoraia Castellano<br \/>\n<\/em><\/li>\n<\/ul>\n<hr \/>\n<ul>\n<li><a href=\"https:\/\/portal.unisepe.com.br\/unifia\/wp-content\/uploads\/sites\/10001\/2020\/07\/A-REALIDADE-VIVENCIADA-PELAS-MULHERES-EM-C\u00c1RCERE-PRIVADO-NO-BRASIL-E-OS-CONFLITOS-COM-OS-DIREITOS-HUMANOS-81-a-91.pdf\" target=\"_blank\" rel=\"noopener noreferrer\">A REALIDADE VIVENCIADA PELAS MULHERES EM C\u00c1RCERE PRIVADO NO BRASIL E OS CONFLITOS COM OS DIREITOS HUMANOS &#8211; p\u00e1g 81 \u00e0 91<\/a><em><br \/>\nGabrielle Abreu Nascimento<br \/>\nCaroline Alves Salvador<br \/>\nSoraia Castellano<br \/>\n<\/em><\/li>\n<\/ul>\n<hr \/>\n<ul>\n<li><a href=\"https:\/\/portal.unisepe.com.br\/unifia\/wp-content\/uploads\/sites\/10001\/2020\/07\/DIREITOS-HUMANOS-E-O-RELATIVISMO-CULTURAL-92-a-98.pdf\" target=\"_blank\" rel=\"noopener noreferrer\">DIREITOS HUMANOS E O RELATIVISMO CULTURAL &#8211; p\u00e1g 92 \u00e0 98<\/a><em><br \/>\nLarissa Cristiny Nunes dos Reis<br \/>\nCaroline Alves Salvador<br \/>\nSoraia Castellano<br \/>\n<\/em><\/li>\n<\/ul>\n<hr \/>\n<ul>\n<li><a href=\"https:\/\/portal.unisepe.com.br\/unifia\/wp-content\/uploads\/sites\/10001\/2020\/11\/O-NEOCONSTITUCIONALISMO-E-SUA-INTERPRETA\u00c7\u00c3O-CONSTITUCIONAL.pdf\" target=\"_blank\" rel=\"noopener noreferrer\">O NEOCONSTITUCIONALISMO E SUA INTERPRETA\u00c7\u00c3O CONSTITUCIONAL &#8211; p\u00e1g 99 \u00e0 109<\/a><em><br \/>\nCaroline Gon\u00e7alves Jacomassi Dorigan<br \/>\n<\/em><\/li>\n<\/ul>\n<hr \/>\n<ul>\n<li><a href=\"https:\/\/portal.unisepe.com.br\/unifia\/wp-content\/uploads\/sites\/10001\/2020\/12\/A-M\u00c1-PRESTA\u00c7\u00c3O-DE-SERVI\u00c7OS-P\u00daBLICOS-COMO-REFLEXO-110-\u00e0-125.pdf\" target=\"_blank\" rel=\"noopener noreferrer\">A M\u00c1 PRESTA\u00c7\u00c3O DE SERVI\u00c7OS P\u00daBLICOS COMO REFLEXO DA CRISE DE REPRESENTATIVIDADE &#8211; p\u00e1g 110 \u00e0 125<\/a><em><br \/>\nLeandro Affonso Tomazi<br \/>\n<\/em><\/li>\n<\/ul>\n<hr \/>\n<ul>\n<li><a href=\"https:\/\/portal.unisepe.com.br\/unifia\/wp-content\/uploads\/sites\/10001\/2020\/12\/AS-ELEI\u00c7\u00d5ES-SABOTADAS-NO-IN\u00cdCIO-DO-REGIME-MILITAR-126-\u00e0-139.pdf\" target=\"_blank\" rel=\"noopener noreferrer\">AS ELEI\u00c7\u00d5ES SABOTADAS NO IN\u00cdCIO DO REGIME MILITAR &#8211; p\u00e1g 126 \u00e0 139<\/a><em><br \/>\nJulio Arthur Marques Nepomuceno<br \/>\n<\/em><\/li>\n<\/ul>\n<hr \/>\n<ul>\n<li><a href=\"https:\/\/portal.unisepe.com.br\/unifia\/wp-content\/uploads\/sites\/10001\/2020\/12\/O-DESCUMPRIMENTO-DA-TUTELA-DE-URG\u00caNCIA-ANTECIPADA-140-\u00e0-155.pdf\" target=\"_blank\" rel=\"noopener noreferrer\">O DESCUMPRIMENTO DA TUTELA DE URG\u00caNCIA ANTECIPADA PELO ESTADO NO \u00c2MBITO DA SA\u00daDE P\u00daBLICA: UMA AN\u00c1LISE A PARTIR DE A\u00c7\u00d5ES PROPOSTAS NA DEFENSORIA P\u00daBLICA DE BAEPENDI\/MG &#8211; p\u00e1g 140 \u00e0 155<\/a><em><br \/>\nAnne Salgado de Souza<br \/>\nGeraldo Luiz Vianna<br \/>\n<\/em><\/li>\n<\/ul>\n<hr \/>\n<ul>\n<li><a href=\"https:\/\/portal.unisepe.com.br\/unifia\/wp-content\/uploads\/sites\/10001\/2020\/12\/PALAVRA-PEJORATIVA-NEGRO-VIOL\u00caNCIA-SIMB\u00d3LICA-CONTRA-AFROS-IMPACTO-DO-EVOLUCIONISMO-CULTURAL-SOBRE-A-IMAGEM-DOS-AFRICANOS-156-\u00e0-171.pdf\" target=\"_blank\" rel=\"noopener noreferrer\">PALAVRA PEJORATIVA NEGRO, VIOL\u00caNCIA SIMB\u00d3LICA CONTRA AFROS: IMPACTO DO EVOLUCIONISMO CULTURAL SOBRE A IMAGEM DOS AFRICANOS &#8211; p\u00e1g 156 \u00e0 171<\/a><em><br \/>\nJoel Nemona Mendes<br \/>\n<\/em><\/li>\n<\/ul>\n<hr \/>\n<p>&nbsp;<\/p>\n<p>&nbsp;<\/p>\n<p>&nbsp;<\/p>\n","protected":false},"excerpt":{"rendered":"<p>Artigos &nbsp; O PRINC\u00cdPIO DA SEPARA\u00c7\u00c3O DOS PODERES FRENTE AO DIREITO FUNDAMENTAL \u00c0 SA\u00daDE. &#8211; p\u00e1g 01 \u00e0 21 Marielen Cristina da Silva Ferreira Geraldo Luiz Vianna O SERVI\u00c7O SOCIAL NO \u00c2MBITO AGR\u00c1RIO: A VIOLA\u00c7\u00c3O DO DIREITO \u00c0 TERRA DO TRABALHADOR. &#8211; p\u00e1g 22 \u00e0 31 Gustavo Agamenon Fran\u00e7a dos<\/p>\n","protected":false},"author":2,"featured_media":0,"parent":2722,"menu_order":0,"comment_status":"closed","ping_status":"closed","template":"templates\/template-pagina_menu_vertical.php","meta":{"footnotes":""},"categories":[],"tags":[],"class_list":["post-6288","page","type-page","status-publish","hentry"],"_links":{"self":[{"href":"https:\/\/portal.unisepe.com.br\/unifia\/wp-json\/wp\/v2\/pages\/6288","targetHints":{"allow":["GET"]}}],"collection":[{"href":"https:\/\/portal.unisepe.com.br\/unifia\/wp-json\/wp\/v2\/pages"}],"about":[{"href":"https:\/\/portal.unisepe.com.br\/unifia\/wp-json\/wp\/v2\/types\/page"}],"author":[{"embeddable":true,"href":"https:\/\/portal.unisepe.com.br\/unifia\/wp-json\/wp\/v2\/users\/2"}],"replies":[{"embeddable":true,"href":"https:\/\/portal.unisepe.com.br\/unifia\/wp-json\/wp\/v2\/comments?post=6288"}],"version-history":[{"count":15,"href":"https:\/\/portal.unisepe.com.br\/unifia\/wp-json\/wp\/v2\/pages\/6288\/revisions"}],"predecessor-version":[{"id":7165,"href":"https:\/\/portal.unisepe.com.br\/unifia\/wp-json\/wp\/v2\/pages\/6288\/revisions\/7165"}],"up":[{"embeddable":true,"href":"https:\/\/portal.unisepe.com.br\/unifia\/wp-json\/wp\/v2\/pages\/2722"}],"wp:attachment":[{"href":"https:\/\/portal.unisepe.com.br\/unifia\/wp-json\/wp\/v2\/media?parent=6288"}],"wp:term":[{"taxonomy":"category","embeddable":true,"href":"https:\/\/portal.unisepe.com.br\/unifia\/wp-json\/wp\/v2\/categories?post=6288"},{"taxonomy":"post_tag","embeddable":true,"href":"https:\/\/portal.unisepe.com.br\/unifia\/wp-json\/wp\/v2\/tags?post=6288"}],"curies":[{"name":"wp","href":"https:\/\/api.w.org\/{rel}","templated":true}]}}