{"id":647,"date":"2016-07-14T00:41:26","date_gmt":"2016-07-14T00:41:26","guid":{"rendered":"http:\/\/www.fvr.edu.br\/fvr\/site\/?page_id=647"},"modified":"2024-08-06T18:20:02","modified_gmt":"2024-08-06T21:20:02","slug":"bolsas-e-financiamento","status":"publish","type":"page","link":"https:\/\/portal.unisepe.com.br\/unifia\/bolsas-e-financiamento\/","title":{"rendered":"Bolsas e Financiamento"},"content":{"rendered":"<p>A Unisepe \u2013 Uni\u00e3o das Institui\u00e7\u00f5es de Servi\u00e7os, Ensino e Pesquisa, mantenedora do Centro Amparense Universit\u00e1rio, cria oportunidades reais para as pessoas que querem evoluir e conquistar seu espa\u00e7o no mercado de trabalho, porque entende que formar pessoas \u00e9 transform\u00e1-las profunda e decisivamente, criando pontes para que o conhecimento possa resultar em conquistas profissionais e pessoais, oferecendo um conjunto de oportunidades para que o conhecimento esteja ao alcance de todos.<\/p>\n<p>Com esse prop\u00f3sito, torna realidade o ensino superior viabilizando uma forma\u00e7\u00e3o de qualidade buscando atingir cada vez mais pessoas, por meio de programas de bolsas e programa de pagamento diferido (PPD). Dessa forma, possibilita o ingresso de quem busca estudar no UNIFIA e a perman\u00eancia dos alunos na institui\u00e7\u00e3o.<\/p>\n<p>Conhe\u00e7a todas as propostas de bolsas e financiamentos que a UNISEPE oferece e escolha a que melhor se encaixa a voc\u00ea!<\/p>\n<p><a href=\"http:\/\/portal.unisepe.com.br\/unifia\/bolsas-e-financiamento\/bolsas-institucionais\/\" target=\"_blank\" rel=\"noopener noreferrer\"><img loading=\"lazy\" decoding=\"async\" class=\"scale-bounce aligncenter size-full wp-image-2318\" src=\"https:\/\/portal.unisepe.com.br\/unifia\/wp-content\/uploads\/sites\/10001\/2024\/08\/bolsa_institucional-1024x402-2.png\" alt=\"\" width=\"787\" height=\"353\" \/><\/a><\/p>\n<p><a href=\"http:\/\/portal.unisepe.com.br\/unifia\/bolsas-e-financiamento\/fies\/\" target=\"_blank\" rel=\"noopener noreferrer\"><img loading=\"lazy\" decoding=\"async\" class=\"alignleft wp-image-5425 size-full\" src=\"http:\/\/portal.unisepe.com.br\/unifia\/wp-content\/uploads\/sites\/10001\/2019\/07\/Bolsas_link_2.png\" alt=\"\" width=\"400\" height=\"190\" srcset=\"https:\/\/portal.unisepe.com.br\/unifia\/wp-content\/uploads\/sites\/10001\/2019\/07\/Bolsas_link_2.png 400w, https:\/\/portal.unisepe.com.br\/unifia\/wp-content\/uploads\/sites\/10001\/2019\/07\/Bolsas_link_2-300x143.png 300w\" sizes=\"auto, (max-width: 400px) 100vw, 400px\" \/><\/a><\/p>\n<p><a href=\"http:\/\/portal.unisepe.com.br\/unifia\/bolsas-e-financiamento\/ppd\/\" target=\"_blank\" rel=\"noopener noreferrer\"><img loading=\"lazy\" decoding=\"async\" class=\"scale-bounce size-full wp-image-5428 alignleft\" src=\"http:\/\/portal.unisepe.com.br\/unifia\/wp-content\/uploads\/sites\/10001\/2019\/07\/Bolsas_link_5.png\" alt=\"\" width=\"400\" height=\"190\" srcset=\"https:\/\/portal.unisepe.com.br\/unifia\/wp-content\/uploads\/sites\/10001\/2019\/07\/Bolsas_link_5.png 400w, https:\/\/portal.unisepe.com.br\/unifia\/wp-content\/uploads\/sites\/10001\/2019\/07\/Bolsas_link_5-300x143.png 300w\" sizes=\"auto, (max-width: 400px) 100vw, 400px\" \/><\/a><\/p>\n<p><a href=\"http:\/\/portal.unisepe.com.br\/unifia\/bolsas-e-financiamento\/prouni\/\" target=\"_blank\" rel=\"noopener noreferrer\"><img loading=\"lazy\" decoding=\"async\" class=\"scale-bounce alignleft size-full wp-image-5427\" src=\"http:\/\/portal.unisepe.com.br\/unifia\/wp-content\/uploads\/sites\/10001\/2019\/07\/Bolsas_link_4.png\" alt=\"\" width=\"400\" height=\"190\" srcset=\"https:\/\/portal.unisepe.com.br\/unifia\/wp-content\/uploads\/sites\/10001\/2019\/07\/Bolsas_link_4.png 400w, https:\/\/portal.unisepe.com.br\/unifia\/wp-content\/uploads\/sites\/10001\/2019\/07\/Bolsas_link_4-300x143.png 300w\" sizes=\"auto, (max-width: 400px) 100vw, 400px\" \/><\/a><\/p>\n","protected":false},"excerpt":{"rendered":"<p>A Unisepe \u2013 Uni\u00e3o das Institui\u00e7\u00f5es de Servi\u00e7os, Ensino e Pesquisa, mantenedora do Centro Amparense Universit\u00e1rio, cria oportunidades reais para as pessoas que querem evoluir e conquistar seu espa\u00e7o no mercado de trabalho, porque entende que formar pessoas \u00e9 transform\u00e1-las profunda e decisivamente, criando pontes para que o conhecimento possa<\/p>\n","protected":false},"author":1,"featured_media":0,"parent":0,"menu_order":0,"comment_status":"closed","ping_status":"closed","template":"templates\/template-fullwidth.php","meta":{"footnotes":""},"categories":[],"tags":[],"class_list":["post-647","page","type-page","status-publish","hentry"],"_links":{"self":[{"href":"https:\/\/portal.unisepe.com.br\/unifia\/wp-json\/wp\/v2\/pages\/647","targetHints":{"allow":["GET"]}}],"collection":[{"href":"https:\/\/portal.unisepe.com.br\/unifia\/wp-json\/wp\/v2\/pages"}],"about":[{"href":"https:\/\/portal.unisepe.com.br\/unifia\/wp-json\/wp\/v2\/types\/page"}],"author":[{"embeddable":true,"href":"https:\/\/portal.unisepe.com.br\/unifia\/wp-json\/wp\/v2\/users\/1"}],"replies":[{"embeddable":true,"href":"https:\/\/portal.unisepe.com.br\/unifia\/wp-json\/wp\/v2\/comments?post=647"}],"version-history":[{"count":27,"href":"https:\/\/portal.unisepe.com.br\/unifia\/wp-json\/wp\/v2\/pages\/647\/revisions"}],"predecessor-version":[{"id":5429,"href":"https:\/\/portal.unisepe.com.br\/unifia\/wp-json\/wp\/v2\/pages\/647\/revisions\/5429"}],"wp:attachment":[{"href":"https:\/\/portal.unisepe.com.br\/unifia\/wp-json\/wp\/v2\/media?parent=647"}],"wp:term":[{"taxonomy":"category","embeddable":true,"href":"https:\/\/portal.unisepe.com.br\/unifia\/wp-json\/wp\/v2\/categories?post=647"},{"taxonomy":"post_tag","embeddable":true,"href":"https:\/\/portal.unisepe.com.br\/unifia\/wp-json\/wp\/v2\/tags?post=647"}],"curies":[{"name":"wp","href":"https:\/\/api.w.org\/{rel}","templated":true}]}}