{"id":689,"date":"2016-07-14T19:35:31","date_gmt":"2016-07-14T19:35:31","guid":{"rendered":"http:\/\/www.fvr.edu.br\/fvr\/site\/?page_id=689"},"modified":"2025-04-04T21:10:42","modified_gmt":"2025-04-05T00:10:42","slug":"instalacoes","status":"publish","type":"page","link":"https:\/\/portal.unisepe.com.br\/unifia\/biblioteca\/instalacoes\/","title":{"rendered":"Instala\u00e7\u00f5es"},"content":{"rendered":"<p><strong>Instala\u00e7\u00f5es\u00a0<\/strong><\/p>\n<p><span class=\"spaceleft\">Tendo em vista a import\u00e2ncia da Biblioteca, suporte fundamental para o desenvolvimento das atividades de ensino, pesquisa e extens\u00e3o a Biblioteca Central &#8220;Josephina de Martim Bernardes&#8221;, do Centro Universit\u00e1rio Amparense, est\u00e1 instalada numa \u00e1rea de 614,57 m\u00b2 sendo que sala de acervo, \u00e1rea de estudo, salas de estudo em grupos, cabines individuais de estudo, terminais para acesso a internet, \u00e1rea administrativa, sala de Bibliotec\u00e1rio, oficina de manuten\u00e7\u00e3o e restaura\u00e7\u00e3o de livros totalizam 435,00 m\u00b2, e os sanit\u00e1rios, 2 masculinos e 2 femininos totalizam 22,70 m\u00b2. O acesso ao pr\u00e9dio, ao acervo, aos sanit\u00e1rios atendem perfeitamente aos portadores de necessidades especiais..<\/span><\/p>\n<p align=\"justify\"><span class=\"spaceleft\">Como<\/span>\u00a0centro de Presta\u00e7\u00e3o de Servi\u00e7os, a Biblioteca oferece:<\/p>\n<ul>\n<li>&#8211; 05 &#8211; Cabines de Estudo Individual<br \/>\n&#8211; 07 &#8211; Salas de Estudo em Grupo<br \/>\n&#8211; 35- Computadores para uso de internet<br \/>\n&#8211; Recep\u00e7\u00e3o para atendimento dos usu\u00e1rios<br \/>\n&#8211; Sala do Bibliotec\u00e1rio<\/li>\n<li>servi\u00e7os de pesquisa bibliogr\u00e1fica; empr\u00e9stimo domiciliar; consulta local; elabora\u00e7\u00e3o de refer\u00eancias bibliogr\u00e1ficas (ABNT); Boletim Informativo sobre novas aquisi\u00e7\u00f5es e dicas de leitura; empr\u00e9stimo entre bibliotecas; bases de dados<\/li>\n<\/ul>\n<p align=\"justify\"><span class=\"spaceleft\">A<\/span>\u00a0Biblioteca funciona nos seguintes hor\u00e1rios:<\/p>\n<p>De 2\u00aa a 6\u00aa feira das <span lang=\"PT-BR\">18hs \/ 22hs.<\/span><\/p>\n","protected":false},"excerpt":{"rendered":"<p>Instala\u00e7\u00f5es\u00a0 Tendo em vista a import\u00e2ncia da Biblioteca, suporte fundamental para o desenvolvimento das atividades de ensino, pesquisa e extens\u00e3o a Biblioteca Central &#8220;Josephina de Martim Bernardes&#8221;, do Centro Universit\u00e1rio Amparense, est\u00e1 instalada numa \u00e1rea de 614,57 m\u00b2 sendo que sala de acervo, \u00e1rea de estudo, salas de estudo em<\/p>\n","protected":false},"author":1,"featured_media":0,"parent":285,"menu_order":0,"comment_status":"closed","ping_status":"closed","template":"templates\/template-pagina_menu_vertical.php","meta":{"footnotes":""},"categories":[],"tags":[],"class_list":["post-689","page","type-page","status-publish","hentry"],"_links":{"self":[{"href":"https:\/\/portal.unisepe.com.br\/unifia\/wp-json\/wp\/v2\/pages\/689","targetHints":{"allow":["GET"]}}],"collection":[{"href":"https:\/\/portal.unisepe.com.br\/unifia\/wp-json\/wp\/v2\/pages"}],"about":[{"href":"https:\/\/portal.unisepe.com.br\/unifia\/wp-json\/wp\/v2\/types\/page"}],"author":[{"embeddable":true,"href":"https:\/\/portal.unisepe.com.br\/unifia\/wp-json\/wp\/v2\/users\/1"}],"replies":[{"embeddable":true,"href":"https:\/\/portal.unisepe.com.br\/unifia\/wp-json\/wp\/v2\/comments?post=689"}],"version-history":[{"count":5,"href":"https:\/\/portal.unisepe.com.br\/unifia\/wp-json\/wp\/v2\/pages\/689\/revisions"}],"predecessor-version":[{"id":10752,"href":"https:\/\/portal.unisepe.com.br\/unifia\/wp-json\/wp\/v2\/pages\/689\/revisions\/10752"}],"up":[{"embeddable":true,"href":"https:\/\/portal.unisepe.com.br\/unifia\/wp-json\/wp\/v2\/pages\/285"}],"wp:attachment":[{"href":"https:\/\/portal.unisepe.com.br\/unifia\/wp-json\/wp\/v2\/media?parent=689"}],"wp:term":[{"taxonomy":"category","embeddable":true,"href":"https:\/\/portal.unisepe.com.br\/unifia\/wp-json\/wp\/v2\/categories?post=689"},{"taxonomy":"post_tag","embeddable":true,"href":"https:\/\/portal.unisepe.com.br\/unifia\/wp-json\/wp\/v2\/tags?post=689"}],"curies":[{"name":"wp","href":"https:\/\/api.w.org\/{rel}","templated":true}]}}