{"id":715,"date":"2016-07-14T21:10:33","date_gmt":"2016-07-14T21:10:33","guid":{"rendered":"http:\/\/www.fvr.edu.br\/fvr\/site\/?page_id=715"},"modified":"2025-04-15T14:33:20","modified_gmt":"2025-04-15T17:33:20","slug":"base-de-dados","status":"publish","type":"page","link":"https:\/\/portal.unisepe.com.br\/unifia\/biblioteca\/base-de-dados\/","title":{"rendered":"Base de Dados"},"content":{"rendered":"<ul>\n<li><a href=\"http:\/\/www.usp.br\/sibi\">DEDALUS \u2013 http:\/\/www.usp.br\/sibi<\/a><\/li>\n<li><a href=\"http:\/\/www.periodicos.capes.gov.br\/\" target=\"_blank\" rel=\"noopener noreferrer\">PORTAL PERI\u00d3DICOS CAPES &#8211; www.perodicos.capes.gov.br<\/a><br \/>\n<strong><br \/>\n<\/strong><strong>PSICODOC \u00a0 \u00a0 \u00a0 \u00a0<\/strong><br \/>\n<a href=\"http:\/\/www.scelisul.com.br\/biblioteca\/www.bvs-psi.org.br\"><\/a><\/li>\n<li><a href=\"http:\/\/www.ibict.br\/\">TESES BRASILEIRAS &#8211; www.ibict.br<\/a><\/li>\n<li><a href=\"http:\/\/www.usp.br\/sibi\">WEB OF SCIENCE &#8211; www.usp.br\/sibi<\/a><\/li>\n<li><a href=\"http:\/\/www.senado.gov.br\/biblioteca\">Biblioteca do Senado Federal<\/a><\/li>\n<li><a href=\"http:\/\/www.ibict.br\/\">IBICT<\/a><\/li>\n<li><a href=\"http:\/\/www.cnpq.br\/plataformalattes\/index.htm\">Plataforma Lattes<\/a><\/li>\n<li><a href=\"http:\/\/www.ncbi.nlm.nih.gov\/entrez\/query.fcgi\">MEDLINE \u2013 PUBMED<\/a><\/li>\n<li><a href=\"http:\/\/freebooks4doctors.com\/\">FreeBooks4Doctors!<\/a><\/li>\n<li><a href=\"http:\/\/www.freemedicaljournals.com\/\">Free Medical Journals<\/a><\/li>\n<li><a href=\"https:\/\/scholar.google.com.br\/\" target=\"_blank\" rel=\"noopener noreferrer\">Google Acad\u00eamico<\/a><\/li>\n<li><a href=\"http:\/\/www.teses.usp.br\/\" target=\"_blank\" rel=\"noopener noreferrer\">Biblioteca Digital de Teses e Disserta\u00e7\u00f5es da USP<\/a><\/li>\n<li><a href=\"http:\/\/bdtd.ibict.br\/\" target=\"_blank\" rel=\"noopener noreferrer\">Biblioteca Digital de Teses IBICT<\/a><\/li>\n<li><a href=\"http:\/\/www.biblioteca.ufrgs.br\/bibliotecadigital\" target=\"_blank\" rel=\"noopener noreferrer\">Biblioteca Digital de Teses e Disserta\u00e7\u00f5es da UFRGS<\/a><\/li>\n<li><a href=\"http:\/\/www2.senado.gov.br\/bdsf\/\" target=\"_blank\" rel=\"noopener noreferrer\">Biblioteca Digital do Senado Federal<\/a><\/li>\n<li><a href=\"http:\/\/www.usp.br\/sibi\" target=\"_blank\" rel=\"noopener noreferrer\">DEDALUS USP<\/a><\/li>\n<li><a href=\"http:\/\/www.periodicos.capes.gov.br\/\" target=\"_blank\" rel=\"noopener noreferrer\">PORTAL PERI\u00d3DICOS CAPES<\/a><\/li>\n<li><a href=\"https:\/\/doaj.org\/\" target=\"_blank\" rel=\"noopener noreferrer\">Directory of Open Access Journals &#8211; DOAJ<\/a><\/li>\n<li><a href=\"http:\/\/ieeexplore.ieee.org\/\" target=\"_blank\" rel=\"noopener noreferrer\">IEEE Xplore Digital Library<\/a><\/li>\n<li><a href=\"http:\/\/www.scielo.org\/php\/index.php\" target=\"_blank\" rel=\"noopener noreferrer\">SCIELO<\/a><\/li>\n<li><a href=\"http:\/\/www.ibict.br\/\" target=\"_blank\" rel=\"noopener noreferrer\">IBICT<\/a><\/li>\n<li><a href=\"http:\/\/www.senado.gov.br\/biblioteca\" target=\"_blank\" rel=\"noopener noreferrer\">Biblioteca do Senado Federal<\/a><\/li>\n<li><a href=\"https:\/\/www.scopus.com\/home.uri\" target=\"_blank\" rel=\"noopener noreferrer\">SCOPUS<\/a><\/li>\n<li><a href=\"http:\/\/www.prefeitura.sp.gov.br\/cidade\/secretarias\/esportes\/biblioteca\/links\/index.php?p=9331\" target=\"_blank\" rel=\"noopener noreferrer\">Bibliotecas das Universidades Paulistas<\/a><\/li>\n<li><a href=\"http:\/\/lattes.cnpq.br\/\" target=\"_blank\" rel=\"noopener noreferrer\">Plataforma Lattes<\/a><\/li>\n<li><a href=\"http:\/\/www.unicamp.br\/fea\/ortega\/info\/links2.htm\" target=\"_blank\" rel=\"noopener noreferrer\">Biblioteca Virtual Engenharia Qu\u00edmica<\/a><\/li>\n<li><a href=\"http:\/\/www.ncbi.nlm.nih.gov\/entrez\/query.fcgi\" target=\"_blank\" rel=\"noopener noreferrer\">MEDLINE \u2013 PUBMED<\/a><\/li>\n<li><a href=\"http:\/\/portal.revistas.bvs.br\/\" target=\"_blank\" rel=\"noopener noreferrer\">Portal de Revistas Cient\u00edficas &#8211; Bireme<\/a><\/li>\n<li><a href=\"http:\/\/freebooks4doctors.com\/\" target=\"_blank\" rel=\"noopener noreferrer\">FreeBooks4Doctors!<\/a><\/li>\n<li><a href=\"http:\/\/www.freemedicaljournals.com\/\" target=\"_blank\" rel=\"noopener noreferrer\">Free Medical Journals<\/a><\/li>\n<\/ul>\n<hr \/>\n<p>&nbsp;<\/p>\n<p><strong>Administra\u00e7\u00e3o<\/strong><\/p>\n<ul>\n<li><a href=\"http:\/\/www.scielo.br\/\">Revista Sielobrazil<\/a><\/li>\n<li><a href=\"http:\/\/www.regeusp.com.br\/\">Revista Rege Usp<\/a><\/li>\n<li><a href=\"http:\/\/www.sbc.org.br\/index.php?language=1&amp;subject=101\">Revista SBC<\/a><\/li>\n<li><a href=\"http:\/\/www.revista.inf.br\/\">Revista Administra\u00e7\u00e3o Faesp<\/a><\/li>\n<li><a href=\"http:\/\/www.scielo.br\/scielo.php?script=sci_issues&amp;pid=0104-530X&amp;lng=pt&amp;nrm=iso\">Revista Gest\u00e3o da Produ\u00e7\u00e3o UFScar<\/a><\/li>\n<li><a href=\"http:\/\/revistaadmmade.estacio.br\/index.php\/admmade\">Revista ADM MADE<\/a><\/li>\n<li><a href=\"http:\/\/www.acrwebsite.org\/volumes\/\">Revista Association for Consumer Research<\/a><\/li>\n<li><a href=\"http:\/\/portal.revistas.bvs.br\/index.php?issn=0034-7604&amp;lang=pt\">Revista Administra\u00e7\u00e3o Municipal<\/a><\/li>\n<li><a href=\"http:\/\/www.revista.inf.br\/\">Revista Eletr\u00f4nica de Administra\u00e7\u00e3o<\/a><\/li>\n<\/ul>\n<hr \/>\n<p>&nbsp;<\/p>\n<p><strong>An\u00e1lise e desenvolvimento de sistemas<\/strong><\/p>\n<ul>\n<li><a href=\"http:\/\/cjtcs.cs.uchicago.edu\/chicago-journal.html\">Chicago Journal of Theoretical Computer Science<\/a><\/li>\n<li><a href=\"http:\/\/www.devmedia.com.br\/delphi\/\" target=\"_blank\" rel=\"noopener noreferrer\">ClubeDelphi*<\/a><\/li>\n<li><a href=\"http:\/\/www.devmedia.com.br\/assgold\/listmag.asp?site=48\">Engenharia de Software Magazine*<\/a><\/li>\n<li><a href=\"http:\/\/www.firstmonday.org\/\">First Monday<\/a><\/li>\n<li><a href=\"http:\/\/www.acm.org\/ubiquity\/views_index.html\">Ubiquity<\/a><\/li>\n<\/ul>\n<hr \/>\n<p>&nbsp;<\/p>\n<p><strong>Direito<\/strong><\/p>\n<ul>\n<li><a href=\"http:\/\/www.ufsm.br\/revistadireito\/\" target=\"_blank\" rel=\"noopener noreferrer\">http:\/\/www.ufsm.br\/revistadireito\/<\/a><\/li>\n<\/ul>\n<p>Links Jur\u00eddicos<\/p>\n<p>Poder Executivo<\/p>\n<ul>\n<li><a href=\"http:\/\/www.planalto.gov.br\/\" target=\"_blank\" rel=\"noopener noreferrer\">www.planalto.gov.br<\/a><\/li>\n<li><a href=\"http:\/\/www.mec.gov.br\/\" target=\"_blank\" rel=\"noopener noreferrer\">www.mec.gov.br<\/a><\/li>\n<li><a href=\"http:\/\/www.mj.gov.br\/\" target=\"_blank\" rel=\"noopener noreferrer\">www.mj.gov.br<\/a><\/li>\n<\/ul>\n<p>Tribunais Superiores<\/p>\n<ul>\n<li><a href=\"http:\/\/www.stm.gov.br\/\" target=\"_blank\" rel=\"noopener noreferrer\">Superior Tribunal Militar &#8211; STM<\/a><\/li>\n<\/ul>\n<p>Tribunais Regionais Federais e Justi\u00e7a Federal<\/p>\n<ul>\n<li><a href=\"http:\/\/www.trf2.gov.br\/\" target=\"_blank\" rel=\"noopener noreferrer\">Tribunal Regional Federal da 2\u00aa Regi\u00e3o &#8211; Rio de Janeiro<\/a><\/li>\n<li><a href=\"http:\/\/www.jfrn.gov.br\/\" target=\"_blank\" rel=\"noopener noreferrer\">Justi\u00e7a Federal &#8211; Se\u00e7\u00e3o Judici\u00e1ria do Rio Grande do Norte<\/a><\/li>\n<\/ul>\n<p>Tribunais Superior do Trabalho e Justi\u00e7a do Trabalho<\/p>\n<ul>\n<li><a href=\"http:\/\/www.trt6.gov.br\/\" target=\"_blank\" rel=\"noopener noreferrer\">Tribunal Regional do Trabalho da 6\u00aa Regi\u00e3o &#8211; Pernambuco<\/a><\/li>\n<\/ul>\n<p>Tribunais Estaduais<\/p>\n<ul>\n<li><a href=\"http:\/\/www.tj.ba.gov.br\/\" target=\"_blank\" rel=\"noopener noreferrer\">Tribunal de Justi\u00e7a do Estado da Bahia<\/a><\/li>\n<li><a href=\"http:\/\/www.tj.es.gov.br\/\" target=\"_blank\" rel=\"noopener noreferrer\">Tribunal de Justi\u00e7a do Estado do Esp\u00edrito Santo<\/a><\/li>\n<\/ul>\n<p>Tribunais de Contas<\/p>\n<ul>\n<li><a href=\"http:\/\/www.tce.ba.gov.br\/\" target=\"_blank\" rel=\"noopener noreferrer\">Tribunal de Contas do Estado da Bahia<\/a><\/li>\n<li><a href=\"http:\/\/www.tce.es.gov.br\/\" target=\"_blank\" rel=\"noopener noreferrer\">Tribunal de Contas do Estado do Esp\u00edrito Santo<\/a><\/li>\n<li><a href=\"http:\/\/www.tce.pb.gov.br\/\" target=\"_blank\" rel=\"noopener noreferrer\">Tribunal de Contas do Estado da Para\u00edba<\/a><\/li>\n<li><a href=\"http:\/\/www.tce.rj.gov.br\/\" target=\"_blank\" rel=\"noopener noreferrer\">Tribunal de Contas do Estado do Rio de Janeiro<\/a><\/li>\n<li><a href=\"http:\/\/www.tcm.rj.gov.br\/\" target=\"_blank\" rel=\"noopener noreferrer\">Tribunal de Contas do Munic\u00edpio do Rio de janeiro<\/a><\/li>\n<li><a href=\"http:\/\/www.tce.rs.gov.br\/\" target=\"_blank\" rel=\"noopener noreferrer\">Tribunal de Contas do Estado do Rio Grande do Sul<\/a><\/li>\n<li><a href=\"http:\/\/www.tce.sc.gov.br\/\" target=\"_blank\" rel=\"noopener noreferrer\">Tribunal de Contas do Estado de Santa Catarina<\/a><\/li>\n<li><a href=\"http:\/\/www.tce.sp.gov.br\/\" target=\"_blank\" rel=\"noopener noreferrer\">Tribunal de Contas do Estado de S\u00e3o Paulo<\/a><\/li>\n<\/ul>\n<p>Minist\u00e9rio P\u00fablico<\/p>\n<ul>\n<li style=\"list-style-type: none\">\n<ul>\n<li><a href=\"http:\/\/www.pge.es.gov.br\/\" target=\"_blank\" rel=\"noopener noreferrer\">Procuradoria Geral do Estado do Esp\u00edrito Santo<\/a><\/li>\n<li><a href=\"http:\/\/www.mp.rs.gov.br\/\" target=\"_blank\" rel=\"noopener noreferrer\">Minist\u00e9rio P\u00fablico do Estado do Rio Grande do Sul<\/a><\/li>\n<\/ul>\n<\/li>\n<\/ul>\n<p>&nbsp;<\/p>\n<p>Ordem dos Advogados<\/p>\n<ul>\n<li><a href=\"http:\/\/www.oab.org.br\/\" target=\"_blank\" rel=\"noopener noreferrer\">Ordem dos Advogados do Brasil &#8211; Conselho Federal &#8211; OAB<\/a><\/li>\n<li><a href=\"http:\/\/www.oabes.org.br\/\" target=\"_blank\" rel=\"noopener noreferrer\">Ordem dos Advogados do Brasil &#8211; Esp\u00edrito Santo &#8211; OAB\/ES<\/a><\/li>\n<\/ul>\n<p>Legisla\u00e7\u00e3o em outros Sites<\/p>\n<p>&nbsp;<\/p>\n<ul>\n<li><a href=\"http:\/\/www.crea-am.org.br\/\" target=\"_blank\" rel=\"noopener noreferrer\"><strong>CREA-AM\/RR:<\/strong> Legisla\u00e7\u00e3o de Engenharia, Arquitetura e Agronomia (Conselho Regional de Engenharia, Arquitetura e Agronomia &#8211; AM\/RR) Legisla\u00e7\u00e3o dos ge\u00f3logos, engenheiros, engenheiros agr\u00f4nomos, arquitetos, ge\u00f3grafos, meteorologistas, veterin\u00e1rios, t\u00e9cnicos industriais, qu\u00edmicos etc.; para download, zipados<\/a><\/li>\n<li><a href=\"http:\/\/www.sefaz.ce.gov.br\/\" target=\"_blank\" rel=\"noopener noreferrer\"><strong>Secretaria de Fazenda &#8211; CE:<\/strong> Legisla\u00e7\u00e3o Tribut\u00e1ria do Cear\u00e1 Leis, decretos e instru\u00e7\u00f5es<\/a><\/li>\n<\/ul>\n<hr \/>\n<p>&nbsp;<\/p>\n<p><strong>Est\u00e9tica<\/strong><\/p>\n<ul>\n<li><a href=\"http:\/\/www.scielo.br\/scielo.php?script=sci_serial&amp;pid=0102-8650&amp;lng=en&amp;nrm=iso\" target=\"_blank\" rel=\"noopener noreferrer\">Acta Cirurgica Brasileira<\/a><\/li>\n<li><a href=\"http:\/\/www.scielo.br\/scielo.php?script=sci_serial&amp;pid=0102-8650&amp;lng=en&amp;nrm=iso\">http:\/\/www.scielo.br\/scielo.php?script=sci_serial&amp;pid=0102-8650&amp;lng=en&amp;nrm=iso<\/a><\/li>\n<li><a href=\"http:\/\/www.scielo.br\/scielo.php?script=sci_serial&amp;pid=0365-0596&amp;lng=en&amp;nrm=iso\" target=\"_blank\" rel=\"noopener noreferrer\"><strong>Anais Br. De Dermatol\u00a0<\/strong><\/a><\/li>\n<li><a href=\"http:\/\/www.scielo.br\/scielo.php?script=sci_serial&amp;pid=0365-0596&amp;lng=en&amp;nrm=iso\">http:\/\/www.scielo.br\/scielo.php?script=sci_serial&amp;pid=0365-0596&amp;lng=en&amp;nrm=iso<\/a><\/li>\n<li><a href=\"http:\/\/www.scielo.br\/scielo.php?script=sci_serial&amp;pid=1983-5175&amp;lng=en&amp;nrm=iso\" target=\"_blank\" rel=\"noopener noreferrer\">Rev Br. Cirurgia Pl\u00e1stica<\/a><\/li>\n<li><a href=\"http:\/\/www.scielo.br\/scielo.php?script=sci_serial&amp;pid=1983-5175&amp;lng=en&amp;nrm=iso\">http:\/\/www.scielo.br\/scielo.php?script=sci_serial&amp;pid=1983-5175&amp;lng=en&amp;nrm=iso<\/a><\/li>\n<li><a href=\"http:\/\/www.scielo.br\/scielo.php?script=sci_serial&amp;pid=1413-3555&amp;lng=en&amp;nrm=iso\">Rev Br. de Fisioterapia<\/a><\/li>\n<li><a href=\"http:\/\/www.scielo.br\/scielo.php?script=sci_serial&amp;pid=1413-3555&amp;lng=en&amp;nrm=iso\">http:\/\/www.scielo.br\/scielo.php?script=sci_serial&amp;pid=1413-3555&amp;lng=en&amp;nrm=iso<\/a><\/li>\n<li><a href=\"http:\/\/www.scielo.br\/scielo.php?script=sci_serial&amp;pid=1516-9332&amp;lng=en&amp;nrm=iso\" target=\"_blank\" rel=\"noopener noreferrer\">Rev Br. Ciencias Farmaceuticas<\/a><\/li>\n<li><a href=\"http:\/\/www.scielo.br\/scielo.php?script=sci_serial&amp;pid=1516-9332&amp;lng=en&amp;nrm=iso\">http:\/\/www.scielo.br\/scielo.php?script=sci_serial&amp;pid=1516-9332&amp;lng=en&amp;nrm=iso<\/a><\/li>\n<\/ul>\n<hr \/>\n<p>&nbsp;<\/p>\n<p><strong>Meio ambiente \/ inform\u00e1tica<\/strong><\/p>\n<ul>\n<li><a href=\"http:\/\/www.crmariocovas.sp.gov.br\/pdf\/pol\/unesco_desafios.pdf\">http:\/\/www.crmariocovas.sp.gov.br\/pdf\/pol\/unesco_desafios.pdf<\/a><\/li>\n<\/ul>\n<hr \/>\n<p>&nbsp;<\/p>\n","protected":false},"excerpt":{"rendered":"<p>DEDALUS \u2013 http:\/\/www.usp.br\/sibi PORTAL PERI\u00d3DICOS CAPES &#8211; www.perodicos.capes.gov.br PSICODOC \u00a0 \u00a0 \u00a0 \u00a0 TESES BRASILEIRAS &#8211; www.ibict.br WEB OF SCIENCE &#8211; www.usp.br\/sibi Biblioteca do Senado Federal IBICT Plataforma Lattes MEDLINE \u2013 PUBMED FreeBooks4Doctors! Free Medical Journals Google Acad\u00eamico Biblioteca Digital de Teses e Disserta\u00e7\u00f5es da USP Biblioteca Digital de Teses<\/p>\n","protected":false},"author":1,"featured_media":0,"parent":285,"menu_order":0,"comment_status":"closed","ping_status":"closed","template":"templates\/template-pagina_menu_vertical.php","meta":{"footnotes":""},"categories":[],"tags":[],"class_list":["post-715","page","type-page","status-publish","hentry"],"_links":{"self":[{"href":"https:\/\/portal.unisepe.com.br\/unifia\/wp-json\/wp\/v2\/pages\/715","targetHints":{"allow":["GET"]}}],"collection":[{"href":"https:\/\/portal.unisepe.com.br\/unifia\/wp-json\/wp\/v2\/pages"}],"about":[{"href":"https:\/\/portal.unisepe.com.br\/unifia\/wp-json\/wp\/v2\/types\/page"}],"author":[{"embeddable":true,"href":"https:\/\/portal.unisepe.com.br\/unifia\/wp-json\/wp\/v2\/users\/1"}],"replies":[{"embeddable":true,"href":"https:\/\/portal.unisepe.com.br\/unifia\/wp-json\/wp\/v2\/comments?post=715"}],"version-history":[{"count":8,"href":"https:\/\/portal.unisepe.com.br\/unifia\/wp-json\/wp\/v2\/pages\/715\/revisions"}],"predecessor-version":[{"id":10823,"href":"https:\/\/portal.unisepe.com.br\/unifia\/wp-json\/wp\/v2\/pages\/715\/revisions\/10823"}],"up":[{"embeddable":true,"href":"https:\/\/portal.unisepe.com.br\/unifia\/wp-json\/wp\/v2\/pages\/285"}],"wp:attachment":[{"href":"https:\/\/portal.unisepe.com.br\/unifia\/wp-json\/wp\/v2\/media?parent=715"}],"wp:term":[{"taxonomy":"category","embeddable":true,"href":"https:\/\/portal.unisepe.com.br\/unifia\/wp-json\/wp\/v2\/categories?post=715"},{"taxonomy":"post_tag","embeddable":true,"href":"https:\/\/portal.unisepe.com.br\/unifia\/wp-json\/wp\/v2\/tags?post=715"}],"curies":[{"name":"wp","href":"https:\/\/api.w.org\/{rel}","templated":true}]}}