{"id":7189,"date":"2021-01-11T22:23:39","date_gmt":"2021-01-12T01:23:39","guid":{"rendered":"https:\/\/portal.unisepe.com.br\/unifia\/?page_id=7189"},"modified":"2021-10-14T19:09:49","modified_gmt":"2021-10-14T22:09:49","slug":"ano-2021","status":"publish","type":"page","link":"https:\/\/portal.unisepe.com.br\/unifia\/direito-em-foco\/ano-2021\/","title":{"rendered":"Ano 2021"},"content":{"rendered":"<h6>Artigos<\/h6>\n<p>&nbsp;<\/p>\n<ul>\n<li><a href=\"https:\/\/portal.unisepe.com.br\/unifia\/wp-content\/uploads\/sites\/10001\/2021\/01\/Direito-Penal-Atrav\u00e9s-do-Tempo-p\u00e1g.-01-\u00e0-11.pdf\" target=\"_blank\" rel=\"noopener noreferrer\">DIREITO PENAL ATRAV\u00c9S DO TEMPO. &#8211; p\u00e1g 01 \u00e0 11<\/a><br \/>\n<em>Eduardo Torres Prado<br \/>\nDaniel Aparecido Coregio.<\/em><\/li>\n<\/ul>\n<hr \/>\n<ul>\n<li><a href=\"https:\/\/portal.unisepe.com.br\/unifia\/wp-content\/uploads\/sites\/10001\/2021\/05\/AS-TRANSFER\u00caNCIAS-INTERGOVERNAMENTAIS-O-FUNDO-DE-PARTICIPA\u00c7\u00c3O-DOS-MUNIC\u00cdPIOS-p\u00e1g.-12-\u00e0-27.pdf\" target=\"_blank\" rel=\"noopener noreferrer\">AS TRANSFER\u00caNCIAS INTERGOVERNAMENTAIS: O FUNDO DE PARTICIPA\u00c7\u00c3O DOS MUNIC\u00cdPIOS. &#8211; p\u00e1g 12 \u00e0 27<\/a><br \/>\n<em>Cristiano Jos\u00e9 Martins de Oliveira.<\/em><\/li>\n<\/ul>\n<hr \/>\n<ul>\n<li><a href=\"https:\/\/portal.unisepe.com.br\/unifia\/wp-content\/uploads\/sites\/10001\/2021\/05\/HABITE-SE-UM-DOS-PRINCIPAIS-DOCUMENTOS-DE-REGULARIDADE-IMOBILI\u00c1RIA-DE-IM\u00d3VEIS-EDIFICADOS-p\u00e1g.-28-\u00e0-31.pdf\" target=\"_blank\" rel=\"noopener noreferrer\">HABITE-SE: UM DOS PRINCIPAIS DOCUMENTOS DE REGULARIDADE IMOBILI\u00c1RIA DE IM\u00d3VEIS EDIFICADOS. &#8211; p\u00e1g 28 \u00e0 31<\/a><br \/>\n<em>Cristiano Jos\u00e9 Martins de Oliveira.<\/em><\/li>\n<\/ul>\n<hr \/>\n<ul>\n<li><a href=\"https:\/\/portal.unisepe.com.br\/unifia\/wp-content\/uploads\/sites\/10001\/2021\/05\/A-NULIDADE-DAS-DECIS\u00d5ES-JUDICIAIS-CITRA-OU-INFRA-PETITA-NO-DIREITO-PENAL-UMA-AN\u00c1LISE-SEGUNDO-A-LEGISLA\u00c7\u00c3O-DOUTRINA-E-JURISPRUD\u00caNCIA-P\u00c1TRIA-p\u00e1g.-32-\u00e0-38.pdf\" target=\"_blank\" rel=\"noopener noreferrer\">A NULIDADE DAS DECIS\u00d5ES JUDICIAIS CITRA OU INFRA PETITA NO DIREITO PENAL -UMA AN\u00c1LISE SEGUNDO A LEGISLA\u00c7\u00c3O, DOUTRINA E JURISPRUD\u00caNCIA P\u00c1TRIA. &#8211; p\u00e1g 32 \u00e0 38<\/a><br \/>\n<em>Cristiano Jos\u00e9 Martins de Oliveira<br \/>\nHelder Augusto Cordeiro Ferreira Piedade<br \/>\nManoel Abrah\u00e3o Neto.<\/em><\/li>\n<\/ul>\n<hr \/>\n<ul>\n<li><a href=\"https:\/\/portal.unisepe.com.br\/unifia\/wp-content\/uploads\/sites\/10001\/2021\/05\/O-OFICIAL-DE-JUSTI\u00c7A-COMO-EFICAZ-INTERMEDIADOR-DOS-CONFLITOS-PROCESSUAIS-POR-MEIO-DA-AUTOCOMPOSI\u00c7\u00c3O-\u00c0-LUZ-DO-NOVO-CPC-p\u00e1g.-39-\u00e0-48.pdf\" target=\"_blank\" rel=\"noopener noreferrer\">O OFICIAL DE JUSTI\u00c7A COMO EFICAZ INTERMEDIADOR DOS CONFLITOS PROCESSUAIS, POR MEIO DA AUTOCOMPOSI\u00c7\u00c3O, \u00c0 LUZ DO NOVO CPC. &#8211; p\u00e1g 39 \u00e0 48<\/a><br \/>\n<em>Caroline Alves Salvador<br \/>\nNara Mariano Pereira Xavier Rego<br \/>\nThiago Augusto Carvalho de Sousa.<\/em><\/li>\n<\/ul>\n<hr \/>\n<ul>\n<li><a href=\"https:\/\/portal.unisepe.com.br\/unifia\/wp-content\/uploads\/sites\/10001\/2021\/05\/A-IMPOSSIBILIDADE-DE-ACUMULA\u00c7\u00c3O-DE-CARGOS-P\u00daBLICOS-NOS-CASOS-DE-LICEN\u00c7A-N\u00c3O-REMUNERADA-DO-SERVIDOR-p\u00e1g.-49-\u00e0-53.pdf\" target=\"_blank\" rel=\"noopener noreferrer\">A IMPOSSIBILIDADE DE ACUMULA\u00c7\u00c3O DE CARGOS P\u00daBLICOS NOS CASOS DE LICEN\u00c7A N\u00c3O REMUNERADA DO SERVIDOR. &#8211; p\u00e1g 49 \u00e0 53<\/a><br \/>\n<em>Helder Augusto Cordeiro Ferreira Piedade<br \/>\nCristiano Jos\u00e9 Martins de Oliveira<br \/>\nManoel Abrah\u00e3o Neto.<\/em><\/li>\n<\/ul>\n<hr \/>\n<ul>\n<li><a href=\"https:\/\/portal.unisepe.com.br\/unifia\/wp-content\/uploads\/sites\/10001\/2021\/05\/PONDERA\u00c7\u00d5ES-SOBRE-DIREITO-INTERNACIONAL-P\u00daBLICO-p\u00e1g.-54-\u00e0-62.pdf\" target=\"_blank\" rel=\"noopener noreferrer\">PONDERA\u00c7\u00d5ES SOBRE DIREITO INTERNACIONAL P\u00daBLICO. &#8211; p\u00e1g 54 \u00e0 62<\/a><br \/>\n<em>Manoel Abrah\u00e3o Neto<br \/>\nMaria Eduarda Mariano Pereira Lins dos Santos<br \/>\nNayara Lays Mariano Xavier Rego<br \/>\nNara Mariano Pereira Xavier Rego<br \/>\nHelder Augusto Cordeiro Ferreira Piedade<br \/>\nCristiano Jos\u00e9 Martins de Oliveira.<\/em><\/li>\n<\/ul>\n<hr \/>\n<ul>\n<li><a href=\"https:\/\/portal.unisepe.com.br\/unifia\/wp-content\/uploads\/sites\/10001\/2021\/05\/A-SA\u00daDE-MENTAL-DO-TRABALHADOR-SOB-A-\u00d3TICA-DO-MEIO-AMBIENTE-LABORAL-p\u00e1g.-63-\u00e0-82.pdf\" target=\"_blank\" rel=\"noopener noreferrer\">A SA\u00daDE MENTAL DO TRABALHADOR SOB A \u00d3TICA DO MEIO AMBIENTE LABORAL. &#8211; p\u00e1g 63 \u00e0 82<\/a><br \/>\n<em>Nayara Lays Mariano Xavier Rego<br \/>\nNara Mariano Pereira Xavier Rego<br \/>\nMaria Eduarda Mariano Pereira Lins dos Santos<br \/>\nManoel Abrah\u00e3o Neto.<\/em><\/li>\n<\/ul>\n<hr \/>\n<ul>\n<li><a href=\"https:\/\/portal.unisepe.com.br\/unifia\/wp-content\/uploads\/sites\/10001\/2021\/05\/A-REDA\u00c7\u00c3O-JUR\u00cdDICA-E-OS-PARADIGMAS-DE-UMA-LINGUAGEM-ATUAL-p\u00e1g-83-\u00e0-89.pdf\" target=\"_blank\" rel=\"noopener noreferrer\">A REDA\u00c7\u00c3O JUR\u00cdDICA E OS PARADIGMAS DE UMA LINGUAGEM ATUAL. &#8211; p\u00e1g 83 \u00e0 89<\/a><br \/>\n<em>Renaldo Rodrigues Junior.<\/em><\/li>\n<\/ul>\n<hr \/>\n<ul>\n<li><a href=\"https:\/\/portal.unisepe.com.br\/unifia\/wp-content\/uploads\/sites\/10001\/2021\/07\/A-JUSTI\u00c7A-RESTAURATIVA-NO-ENFRENTAMENTO-DA-VIOL\u00caNCIA-DOM\u00c9STICA-E-DE-G\u00caNERO-CONTRA-A-MULHER-COMPARATIVO-ENTRE-OS-MUNIC\u00cdPIOS-DE-CAMPINAS-SP-E-CAXIAS-DO-SUL-RS-p\u00e1g-90-\u00e0-106.pdf\" target=\"_blank\" rel=\"noopener noreferrer\">A JUSTI\u00c7A RESTAURATIVA NO ENFRENTAMENTO DA VIOL\u00caNCIA DOM\u00c9STICA E DE G\u00caNERO CONTRA A MULHER: COMPARATIVO ENTRE OS MUNIC\u00cdPIOS DE CAMPINAS\/SP E CAXIAS DO SUL\/RS. &#8211; p\u00e1g 90 \u00e0 106<\/a><br \/>\n<em>Helena Di\u00f3genes A. de Souza<br \/>\nLarissa Cristina Ferracioli<br \/>\nMariana de Faria Teixeira<br \/>\nSilmara Quintana<\/em><\/li>\n<\/ul>\n<hr \/>\n<ul>\n<li><a href=\"https:\/\/portal.unisepe.com.br\/unifia\/wp-content\/uploads\/sites\/10001\/2021\/07\/A-JUSTI\u00c7A-RESTAURATIVA-NO-ENFRENTAMENTO-DA-VIOL\u00caNCIA-DOM\u00c9STICA-E-DE-G\u00caNERO-UMA-MUDAN\u00c7A-DE-PARADIGMA-p\u00e1g-107-\u00e0-123.pdf\" target=\"_blank\" rel=\"noopener noreferrer\">A JUSTI\u00c7A RESTAURATIVA NO ENFRENTAMENTO DA VIOL\u00caNCIA DOM\u00c9STICA E DE G\u00caNERO, UMA MUDAN\u00c7A DE PARADIGMA. &#8211; p\u00e1g 107 \u00e0 123<\/a><br \/>\n<em>Helena Di\u00f3genes A. de Souza<br \/>\nLarissa Cristina Ferracioli<br \/>\nMariana de Faria Teixeira<br \/>\nSilmara Quintana<\/em><\/li>\n<\/ul>\n<hr \/>\n<ul>\n<li><a href=\"https:\/\/portal.unisepe.com.br\/unifia\/wp-content\/uploads\/sites\/10001\/2021\/07\/TRANSFORMANDO-VIDAS-DE-MENINAS-E-MENINOS-ACOLHIDOS-p\u00e1g-124-\u00e0-146.pdf\" target=\"_blank\" rel=\"noopener noreferrer\">TRANSFORMANDO VIDAS DE MENINAS E MENINOS ACOLHIDOS: COM DESINSTITUCIONALIZA\u00c7\u00c3O AFETIVA E PROTETIVA. &#8211; p\u00e1g 124 \u00e0 146<\/a><br \/>\n<em>Beatriz Sofiatti Gutierrez<br \/>\nRosieny Assis dos Santos<br \/>\nSarah da Silva Rangel Esteves<br \/>\nSilmara Quintana<\/em><\/li>\n<\/ul>\n<hr \/>\n<ul>\n<li><a href=\"https:\/\/portal.unisepe.com.br\/unifia\/wp-content\/uploads\/sites\/10001\/2021\/08\/FAM\u00cdLIA-ACOLHEDORA-UM-ATO-DE-AMOR-p\u00e1g-147-\u00e0-176.pdf\" target=\"_blank\" rel=\"noopener noreferrer\">FAM\u00cdLIA ACOLHEDORA: UM ATO DE AMOR. &#8211; p\u00e1g 147 \u00e0 176<\/a><br \/>\n<em>Eva Bruna de Sales Cunha<br \/>\nJuliana Pereira de Freitas<br \/>\nMaria De Fatima Magalhaes Santana<br \/>\nSilmara Quintana<br \/>\n<\/em><\/li>\n<\/ul>\n<hr \/>\n<ul>\n<li><a href=\"https:\/\/portal.unisepe.com.br\/unifia\/wp-content\/uploads\/sites\/10001\/2021\/10\/DEFICI\u00caNCIA-REFLEXOS-ESTRUTURAIS-NO-\u00c2MBITO-FAMILIAR-p\u00e1g-177-\u00e0-201.pdf\" target=\"_blank\" rel=\"noopener noreferrer\">DEFICI\u00caNCIA: REFLEXOS ESTRUTURAIS NO \u00c2MBITO FAMILIAR. &#8211; p\u00e1g 177 \u00e0 201<\/a><br \/>\n<em>Andrielly Haustenreites de Oliveira<br \/>\nArmando Sacolli Junior<br \/>\nEster Gabriela Guedes<br \/>\nSilmara Quintana<br \/>\n<\/em><\/li>\n<\/ul>\n<hr \/>\n","protected":false},"excerpt":{"rendered":"<p>Artigos &nbsp; DIREITO PENAL ATRAV\u00c9S DO TEMPO. &#8211; p\u00e1g 01 \u00e0 11 Eduardo Torres Prado Daniel Aparecido Coregio. AS TRANSFER\u00caNCIAS INTERGOVERNAMENTAIS: O FUNDO DE PARTICIPA\u00c7\u00c3O DOS MUNIC\u00cdPIOS. &#8211; p\u00e1g 12 \u00e0 27 Cristiano Jos\u00e9 Martins de Oliveira. HABITE-SE: UM DOS PRINCIPAIS DOCUMENTOS DE REGULARIDADE IMOBILI\u00c1RIA DE IM\u00d3VEIS EDIFICADOS. &#8211; p\u00e1g<\/p>\n","protected":false},"author":2,"featured_media":0,"parent":2722,"menu_order":0,"comment_status":"closed","ping_status":"closed","template":"templates\/template-pagina_menu_vertical.php","meta":{"footnotes":""},"categories":[],"tags":[],"class_list":["post-7189","page","type-page","status-publish","hentry"],"_links":{"self":[{"href":"https:\/\/portal.unisepe.com.br\/unifia\/wp-json\/wp\/v2\/pages\/7189","targetHints":{"allow":["GET"]}}],"collection":[{"href":"https:\/\/portal.unisepe.com.br\/unifia\/wp-json\/wp\/v2\/pages"}],"about":[{"href":"https:\/\/portal.unisepe.com.br\/unifia\/wp-json\/wp\/v2\/types\/page"}],"author":[{"embeddable":true,"href":"https:\/\/portal.unisepe.com.br\/unifia\/wp-json\/wp\/v2\/users\/2"}],"replies":[{"embeddable":true,"href":"https:\/\/portal.unisepe.com.br\/unifia\/wp-json\/wp\/v2\/comments?post=7189"}],"version-history":[{"count":11,"href":"https:\/\/portal.unisepe.com.br\/unifia\/wp-json\/wp\/v2\/pages\/7189\/revisions"}],"predecessor-version":[{"id":7482,"href":"https:\/\/portal.unisepe.com.br\/unifia\/wp-json\/wp\/v2\/pages\/7189\/revisions\/7482"}],"up":[{"embeddable":true,"href":"https:\/\/portal.unisepe.com.br\/unifia\/wp-json\/wp\/v2\/pages\/2722"}],"wp:attachment":[{"href":"https:\/\/portal.unisepe.com.br\/unifia\/wp-json\/wp\/v2\/media?parent=7189"}],"wp:term":[{"taxonomy":"category","embeddable":true,"href":"https:\/\/portal.unisepe.com.br\/unifia\/wp-json\/wp\/v2\/categories?post=7189"},{"taxonomy":"post_tag","embeddable":true,"href":"https:\/\/portal.unisepe.com.br\/unifia\/wp-json\/wp\/v2\/tags?post=7189"}],"curies":[{"name":"wp","href":"https:\/\/api.w.org\/{rel}","templated":true}]}}