{"id":7191,"date":"2021-01-11T22:24:27","date_gmt":"2021-01-12T01:24:27","guid":{"rendered":"https:\/\/portal.unisepe.com.br\/unifia\/?page_id=7191"},"modified":"2021-12-11T13:09:40","modified_gmt":"2021-12-11T16:09:40","slug":"ano-2021","status":"publish","type":"page","link":"https:\/\/portal.unisepe.com.br\/unifia\/educacao-em-foco\/ano-2021\/","title":{"rendered":"Ano 2021"},"content":{"rendered":"<h6>Artigos<\/h6>\n<p>&nbsp;<\/p>\n<ul>\n<li><a href=\"https:\/\/portal.unisepe.com.br\/unifia\/wp-content\/uploads\/sites\/10001\/2021\/03\/GEST\u00c3O-DEMOCR\u00c1TICA-\u2013-INSTRUMENTO-PARA-MELHORIA-DA-QUALIDADE-DA-EDUCA\u00c7\u00c3O.pdf\" target=\"_blank\" rel=\"noopener noreferrer\">GEST\u00c3O DEMOCR\u00c1TICA \u2013 INSTRUMENTO PARA MELHORIA DA QUALIDADE DA EDUCA\u00c7\u00c3O. &#8211; p\u00e1g 01 \u00e0 17<\/a><br \/>\n<em>Alessandra Maria Aquino Canivezi<br \/>\nSimone Cassiani<br \/>\n<\/em><\/li>\n<\/ul>\n<hr \/>\n<ul>\n<li><a href=\"https:\/\/portal.unisepe.com.br\/unifia\/wp-content\/uploads\/sites\/10001\/2021\/03\/DESAFIOS-PARA-ALFABETIZAR-EM-TEMPOS-DE-PANDEMIA.pdf\" target=\"_blank\" rel=\"noopener noreferrer\">DESAFIOS PARA ALFABETIZAR EM TEMPOS DE PANDEMIA. &#8211; p\u00e1g 18 \u00e0 25<\/a><br \/>\n<em>Helena Mesquita Burguete Santos<br \/>\n<\/em><\/li>\n<\/ul>\n<hr \/>\n<ul>\n<li><a href=\"https:\/\/portal.unisepe.com.br\/unifia\/wp-content\/uploads\/sites\/10001\/2021\/04\/RESENHA-DO-LIVRO-AVALIA\u00c7\u00c3O-ESCOLAR-E-TAXONOMIA-DE-BLOOM.pdf\" target=\"_blank\" rel=\"noopener noreferrer\">RESENHA DO LIVRO AVALIA\u00c7\u00c3O ESCOLAR E TAXONOMIA DE BLOOM. &#8211; p\u00e1g 26 \u00e0 27<\/a><br \/>\n<em>Cristiane Bevilaqua Mota<br \/>\n<\/em><\/li>\n<\/ul>\n<hr \/>\n<ul>\n<li><a href=\"https:\/\/portal.unisepe.com.br\/unifia\/wp-content\/uploads\/sites\/10001\/2021\/04\/Transpondo-fronteiras-em-metodologias-ativas.pdf\" target=\"_blank\" rel=\"noopener noreferrer\">TRANSPONDO FRONTEIRAS EM METODOLOGIAS ATIVAS: DA AUTONOMIA \u00c0 EFETIVIDADE DO PROCESSO DE APRENDER A APRENDER. &#8211; p\u00e1g 28 \u00e0 45<\/a><br \/>\n<em>Alexandro Marcos Meneg\u00f3cio<br \/>\nMirian de Oliveira Neves Gaeta<br \/>\nCarolina P. Garcia<br \/>\nAna Leticia Morales de Mattos<br \/>\nFl\u00e1via Ferreira Ramos Rodrigues<br \/>\nMatheus de Andrade Ruas<br \/>\nPatricia Helena Breno Queiroz<br \/>\n<\/em><\/li>\n<\/ul>\n<hr \/>\n<ul>\n<li><a href=\"https:\/\/portal.unisepe.com.br\/unifia\/wp-content\/uploads\/sites\/10001\/2021\/07\/INCLUS\u00c3O-COMO-DIREITO-p\u00e1g-46-\u00e0-56.pdf\" target=\"_blank\" rel=\"noopener noreferrer\">INCLUS\u00c3O COMO DIREITO. &#8211; p\u00e1g 46 \u00e0 56<\/a><br \/>\n<em>Andrea Cristina Mecenero<br \/>\nJessica L. K. Hernandez<br \/>\nMarilsa Aparecida Silva Lopes<br \/>\nRegina C\u00e9lia da Silva Alves<br \/>\nProf.\u00aa Ma. Silmara Quintana<br \/>\n<\/em><\/li>\n<\/ul>\n<hr \/>\n<ul>\n<li><a href=\"https:\/\/portal.unisepe.com.br\/unifia\/wp-content\/uploads\/sites\/10001\/2021\/07\/OS-BENEF\u00cdCIOS-DO-OLHAR-ATENTO-E-DA-PR\u00c1TICA-ESTRUTURADA-DO-BRINCAR-PARA-O-DESENVOLVIMENTO-DAS-CRIAN\u00c7AS-DE-0-A-3-ANOS-p\u00e1g-57-\u00e0-80.pdf\" target=\"_blank\" rel=\"noopener noreferrer\">OS BENEF\u00cdCIOS DO OLHAR ATENTO E DA PR\u00c1TICA ESTRUTURADA DO BRINCAR PARA O DESENVOLVIMENTO DAS CRIAN\u00c7AS DE 0 A 3 ANOS. &#8211; p\u00e1g 57 \u00e0 80<\/a><br \/>\n<em>Vanessa Passos<br \/>\nSilmara Quintana<br \/>\n<\/em><\/li>\n<\/ul>\n<hr \/>\n<ul>\n<li><a href=\"https:\/\/portal.unisepe.com.br\/unifia\/wp-content\/uploads\/sites\/10001\/2021\/08\/A-EDUCA\u00c7\u00c3O-ATRAV\u00c9S-DA-TECNOLOGIA-81-\u00e0-88.pdf\" target=\"_blank\" rel=\"noopener noreferrer\">A EDUCA\u00c7\u00c3O ATRAV\u00c9S DA TECNOLOGIA. &#8211; p\u00e1g 81 \u00e0 88<\/a><br \/>\n<em>Alice Gritti<br \/>\nRenata Urbano Moro Alves<br \/>\nSalete Maia<br \/>\n<\/em><\/li>\n<\/ul>\n<hr \/>\n<ul>\n<li><a href=\"https:\/\/portal.unisepe.com.br\/unifia\/wp-content\/uploads\/sites\/10001\/2021\/08\/DEFINI\u00c7\u00c3O-CARACTER\u00cdSTICAS-E-EXEMPLOS-DA-AVALIA\u00c7\u00c3O-FORMATIVA-88-\u00e0-92.pdf\" target=\"_blank\" rel=\"noopener noreferrer\">DEFINI\u00c7\u00c3O, CARACTER\u00cdSTICAS E EXEMPLOS DA AVALIA\u00c7\u00c3O FORMATIVA. &#8211; p\u00e1g 88 \u00e0 92<\/a><br \/>\n<em>Alice Gritti<br \/>\nEdilaine Fernandes de Melo<br \/>\nMar\u00edlia Fernanda Galli<br \/>\nSilvana Pereira Cardoso de Oliveira<br \/>\n<\/em><\/li>\n<\/ul>\n<hr \/>\n<ul>\n<li><a href=\"https:\/\/portal.unisepe.com.br\/unifia\/wp-content\/uploads\/sites\/10001\/2021\/09\/O-TRABALHO-COM-A-DIVERSIDADE-NAS-ESCOLAS-p\u00e1g-93-\u00e0-96.pdf\" target=\"_blank\" rel=\"noopener noreferrer\">O TRABALHO COM A DIVERSIDADE NAS ESCOLAS. &#8211; p\u00e1g 93 \u00e0 96<\/a><br \/>\n<em>Alice Gritti<br \/>\nEdilaine Fernandes de Melo<br \/>\nSilvana Pereira Cardoso de Oliveira<br \/>\n<\/em><\/li>\n<\/ul>\n<hr \/>\n<ul>\n<li><a href=\"https:\/\/portal.unisepe.com.br\/unifia\/wp-content\/uploads\/sites\/10001\/2021\/11\/CULTURA-DE-PAZ-NO-BRASIL-p\u00e1g-97-\u00e0-108.pdf\" target=\"_blank\" rel=\"noopener noreferrer\">CULTURA DE PAZ NO BRASIL. &#8211; p\u00e1g 97 \u00e0 108<\/a><br \/>\n<em>Cristiane Bevilaqua Mota<br \/>\n<\/em><\/li>\n<\/ul>\n<hr \/>\n<ul>\n<li><a href=\"https:\/\/portal.unisepe.com.br\/unifia\/wp-content\/uploads\/sites\/10001\/2021\/11\/EDUCAcao-FINANCEIRA-NAS-SeRIES-INICIAIS-DAS-ESCOLAS_pag109-120.pdf\" target=\"_blank\" rel=\"noopener noreferrer\">EDUCA\u00c7\u00c3O FINANCEIRA NAS S\u00c9RIES INICIAIS DAS ESCOLAS &#8211; p\u00e1g 109 \u00e0 120<\/a><br \/>\n<em>Poliana de Azevedo Gomes<br \/>\nTha\u00eds Koiavinski Oliveira<br \/>\n<\/em><\/li>\n<\/ul>\n<hr \/>\n<ul>\n<li><a href=\"https:\/\/portal.unisepe.com.br\/unifia\/wp-content\/uploads\/sites\/10001\/2021\/12\/ATIVIDADES-PR\u00c1TICAS-SUPERVISIONADAS-COMO-ESTRAT\u00c9GIA-NA-ATEN\u00c7\u00c3O-FARMAC\u00caUTICA-PARA-PACIENTES-DIAB\u00c9TICOS-P\u00c1G-121-A-134.pdf\" target=\"_blank\" rel=\"noopener noreferrer\">ATIVIDADES PR\u00c1TICAS SUPERVISIONADAS COMO ESTRAT\u00c9GIA NA ATEN\u00c7\u00c3O FARMAC\u00caUTICA PARA PACIENTES DIAB\u00c9TICOS &#8211; p\u00e1g 121 \u00e0 134<\/a><br \/>\n<em>Laura Horta Figueiredo<br \/>\nAna Clara Pereira da Silva<br \/>\nDenis de Souza Carmona<br \/>\nMaria Helena Silva Leite<br \/>\nTareane Tumoto<br \/>\nMariana Donato Pereira<br \/>\nLeon\u00ed Adriana de Souza<br \/>\nM\u00e1rcia de Ara\u00fajo Rebelo<br \/>\n<\/em><\/li>\n<\/ul>\n<hr \/>\n","protected":false},"excerpt":{"rendered":"<p>Artigos &nbsp; GEST\u00c3O DEMOCR\u00c1TICA \u2013 INSTRUMENTO PARA MELHORIA DA QUALIDADE DA EDUCA\u00c7\u00c3O. &#8211; p\u00e1g 01 \u00e0 17 Alessandra Maria Aquino Canivezi Simone Cassiani DESAFIOS PARA ALFABETIZAR EM TEMPOS DE PANDEMIA. &#8211; p\u00e1g 18 \u00e0 25 Helena Mesquita Burguete Santos RESENHA DO LIVRO AVALIA\u00c7\u00c3O ESCOLAR E TAXONOMIA DE BLOOM. &#8211; p\u00e1g<\/p>\n","protected":false},"author":2,"featured_media":0,"parent":2819,"menu_order":0,"comment_status":"closed","ping_status":"closed","template":"templates\/template-pagina_menu_vertical.php","meta":{"footnotes":""},"categories":[],"tags":[],"class_list":["post-7191","page","type-page","status-publish","hentry"],"_links":{"self":[{"href":"https:\/\/portal.unisepe.com.br\/unifia\/wp-json\/wp\/v2\/pages\/7191","targetHints":{"allow":["GET"]}}],"collection":[{"href":"https:\/\/portal.unisepe.com.br\/unifia\/wp-json\/wp\/v2\/pages"}],"about":[{"href":"https:\/\/portal.unisepe.com.br\/unifia\/wp-json\/wp\/v2\/types\/page"}],"author":[{"embeddable":true,"href":"https:\/\/portal.unisepe.com.br\/unifia\/wp-json\/wp\/v2\/users\/2"}],"replies":[{"embeddable":true,"href":"https:\/\/portal.unisepe.com.br\/unifia\/wp-json\/wp\/v2\/comments?post=7191"}],"version-history":[{"count":13,"href":"https:\/\/portal.unisepe.com.br\/unifia\/wp-json\/wp\/v2\/pages\/7191\/revisions"}],"predecessor-version":[{"id":7521,"href":"https:\/\/portal.unisepe.com.br\/unifia\/wp-json\/wp\/v2\/pages\/7191\/revisions\/7521"}],"up":[{"embeddable":true,"href":"https:\/\/portal.unisepe.com.br\/unifia\/wp-json\/wp\/v2\/pages\/2819"}],"wp:attachment":[{"href":"https:\/\/portal.unisepe.com.br\/unifia\/wp-json\/wp\/v2\/media?parent=7191"}],"wp:term":[{"taxonomy":"category","embeddable":true,"href":"https:\/\/portal.unisepe.com.br\/unifia\/wp-json\/wp\/v2\/categories?post=7191"},{"taxonomy":"post_tag","embeddable":true,"href":"https:\/\/portal.unisepe.com.br\/unifia\/wp-json\/wp\/v2\/tags?post=7191"}],"curies":[{"name":"wp","href":"https:\/\/api.w.org\/{rel}","templated":true}]}}