{"id":7193,"date":"2021-01-11T22:25:37","date_gmt":"2021-01-12T01:25:37","guid":{"rendered":"https:\/\/portal.unisepe.com.br\/unifia\/?page_id=7193"},"modified":"2021-10-29T19:27:27","modified_gmt":"2021-10-29T22:27:27","slug":"ano-2021","status":"publish","type":"page","link":"https:\/\/portal.unisepe.com.br\/unifia\/gestao-em-foco\/ano-2021\/","title":{"rendered":"Ano 2021"},"content":{"rendered":"<h6>Artigos<\/h6>\n<p>&nbsp;<\/p>\n<ul>\n<li><a href=\"https:\/\/portal.unisepe.com.br\/unifia\/wp-content\/uploads\/sites\/10001\/2021\/01\/O-GESTOR-ESCOLAR-E-A-GEST\u00c3O-DO-CONHECIMENTO-1-\u00e0-13.pdf\" target=\"_blank\" rel=\"noopener noreferrer\">O GESTOR ESCOLAR E A GEST\u00c3O DO CONHECIMENTO: Como construir o conhecimento em uma equipe? &#8211; p\u00e1g 01 \u00e0 13<\/a><br \/>\n<em>Paulo de S\u00e1 Filho<br \/>\n<\/em><\/li>\n<\/ul>\n<hr \/>\n<ul>\n<li><a href=\"https:\/\/portal.unisepe.com.br\/unifia\/wp-content\/uploads\/sites\/10001\/2021\/03\/IMPACTOS-DA-GEST\u00c3O-DE-ENERGIA-E-EFICI\u00caNCIA-ENERG\u00c9TICA-NA-REDU\u00c7\u00c3O-DE-DEMANDA-DE-PONTA-E-ECONOMIA-DE-ENERGIA.pdf\" target=\"_blank\" rel=\"noopener noreferrer\">IMPACTOS DA GEST\u00c3O DE ENERGIA E EFICI\u00caNCIA ENERG\u00c9TICA NA REDU\u00c7\u00c3O DE DEMANDA DE PONTA E ECONOMIA DE ENERGIA \u2013 ESTUDO DE CASO: PROGRAMA LUZ SOLID\u00c1RIA ENEL RIO DE JANEIRO &#8211; p\u00e1g 14 \u00e0 36<\/a><br \/>\n<em>Thamires Ferreira de Souza<br \/>\nAdriano Pinheiros Fragoso<br \/>\nM\u00e1rcio Zamboti Fortes<br \/>\nLuana Merenciano da Silva<br \/>\nLuiz Oct\u00e1vio Gavi\u00e3o<br \/>\nGilson Brito Alves Lima<br \/>\n<\/em><\/li>\n<\/ul>\n<hr \/>\n<ul>\n<li><a href=\"https:\/\/portal.unisepe.com.br\/unifia\/wp-content\/uploads\/sites\/10001\/2021\/03\/VANTAGENS-DE-UM-CONTROLE-FINANCEIRO-EFICIENTE-FRENTE-AS-INCERTEZAS-NO-P\u00d3S-COVID-19-PARA-MICRO-E-PEQUENAS-EMPRESAS..pdf\" target=\"_blank\" rel=\"noopener noreferrer\">VANTAGENS DE UM CONTROLE FINANCEIRO EFICIENTE, FRENTE AS INCERTEZAS NO P\u00d3S-COVID-19 PARA MICRO E PEQUENAS EMPRESAS &#8211; p\u00e1g 37 \u00e0 49<\/a><br \/>\n<em>Carlos Eduardo Gon\u00e7alves<br \/>\nEdgard Monteiro de Faria<br \/>\nGilmar Lima Santana<br \/>\nRobson Cezar Ferreira<br \/>\nAdilson do Carmo Bassan<br \/>\n<\/em><\/li>\n<\/ul>\n<hr \/>\n<ul>\n<li><a href=\"https:\/\/portal.unisepe.com.br\/unifia\/wp-content\/uploads\/sites\/10001\/2021\/03\/A-GEST\u00c3O-DE-CUSTOS-EM-TEMPO-DE-PANDEMIA-DE-COVID-19.pdf\" target=\"_blank\" rel=\"noopener noreferrer\">A GEST\u00c3O DE CUSTOS EM TEMPO DE PANDEMIA DE COVID-19 &#8211; p\u00e1g 50 \u00e0 62<\/a><br \/>\n<em>Anderson Frezzato<br \/>\n<\/em><\/li>\n<\/ul>\n<hr \/>\n<ul>\n<li><a href=\"https:\/\/portal.unisepe.com.br\/unifia\/wp-content\/uploads\/sites\/10001\/2021\/03\/Estudo-Bibliom\u00e9trico-das-Barreiras-da-Energia-E\u00f3lica-no-Mundo-\u2013-An\u00e1lise-para-o-Brasil.pdf\" target=\"_blank\" rel=\"noopener noreferrer\"> ESTUDO BIBLIOM\u00c9TRICO DAS BARREIRAS DA ENERGIA E\u00d3LICA NO MUNDO \u2013 AN\u00c1LISE PARA O BRASIL &#8211; p\u00e1g 63 \u00e0 82<\/a><br \/>\n<em>Maria Fernanda Fernandes Morais<br \/>\nM\u00e1rcio Zamboti Fortes<br \/>\n<\/em><\/li>\n<\/ul>\n<hr \/>\n<ul>\n<li><a href=\"https:\/\/portal.unisepe.com.br\/unifia\/wp-content\/uploads\/sites\/10001\/2021\/05\/AN\u00c1LISE-DA-ESTRUTURA-DO-PLANO-PLURIANUAL-DOS-MUNIC\u00cdPIOS-DO-ESTADO-DE-MATO-GROSSO-DO-SUL.pdf\" target=\"_blank\" rel=\"noopener noreferrer\"> AN\u00c1LISE DA ESTRUTURA DO PLANO PLURIANUAL DOS MUNIC\u00cdPIOS DO ESTADO DE MATO GROSSO DO SUL &#8211; p\u00e1g 83 \u00e0 95<\/a><br \/>\n<em>Marco Aur\u00e9lio Batista de Sousa<br \/>\nSilvio Paula Ribeiro<br \/>\nClari Schuh<br \/>\nJo\u00e3o Martins de Arruda Neto<br \/>\nVinicius de Souza Fernandes<br \/>\nFabiola Tamie Shiraishi<br \/>\n<\/em><\/li>\n<\/ul>\n<hr \/>\n<ul>\n<li><a href=\"https:\/\/portal.unisepe.com.br\/unifia\/wp-content\/uploads\/sites\/10001\/2021\/07\/METODOLOGIA-DE-C\u00c1LCULO-DO-REQUISITO-DE-POT\u00caNCIA-PARA-APOIO-\u00c0-GEST\u00c3O-DO-PLANEJAMENTO-DA-EXPANS\u00c3O-DO-SISTEMA-EL\u00c9TRICO-BRASILEIRO-p\u00e1g-96-\u00e0-110.pdf\" target=\"_blank\" rel=\"noopener noreferrer\"> METODOLOGIA DE C\u00c1LCULO DO REQUISITO DE POT\u00caNCIA PARA APOIO \u00c0 GEST\u00c3O DO PLANEJAMENTO DA EXPANS\u00c3O DO SISTEMA EL\u00c9TRICO BRASILEIRO. &#8211; p\u00e1g 96 \u00e0 110<\/a><br \/>\n<em>Yasmina El-Heri<br \/>\nBruno Borba<br \/>\n<\/em><\/li>\n<\/ul>\n<hr \/>\n<ul>\n<li><a href=\"https:\/\/portal.unisepe.com.br\/unifia\/wp-content\/uploads\/sites\/10001\/2021\/07\/HABITA\u00c7\u00c3O-DE-INTERESSE-SOCIAL-NO-MUNIC\u00cdPIO-DE-HORTOL\u00c2NDIA-A-CONTRIBUI\u00c7\u00c3O-DO-ASSISTENTE-SOCIAL-p\u00e1g-111-\u00e0-130.pdf\" target=\"_blank\" rel=\"noopener noreferrer\"> HABITA\u00c7\u00c3O DE INTERESSE SOCIAL NO MUNIC\u00cdPIO DE HORTOL\u00c2NDIA: A CONTRIBUI\u00c7\u00c3O DO ASSISTENTE SOCIAL. &#8211; p\u00e1g 111 \u00e0 130<\/a><br \/>\n<em>Isabela Maier de Barros<br \/>\nVit\u00f3ria Aparecida Bazili Pardini<br \/>\nVit\u00f3ria Henrique de Sousa<br \/>\nSilmara Quintana<br \/>\n<\/em><\/li>\n<\/ul>\n<hr \/>\n<ul>\n<li><a href=\"https:\/\/portal.unisepe.com.br\/unifia\/wp-content\/uploads\/sites\/10001\/2021\/07\/PR\u00c1XIS-PROFISSIONAL-DO-ASSISTENTE-SOCIAL-NO-SERVI\u00c7O-DE-CONVIV\u00caNCIA-E-FORTALECIMENTO-DE-VINCULOS-p\u00e1g-131-\u00e0-145.pdf\" target=\"_blank\" rel=\"noopener noreferrer\">PR\u00c1XIS PROFISSIONAL DO ASSISTENTE SOCIAL NO SERVI\u00c7O DE CONVIV\u00caNCIA E FORTALECIMENTO DE VINCULOS. &#8211; p\u00e1g 131 \u00e0 145<\/a><br \/>\n<em>Carla Alessandra Marques Ribeiro<br \/>\nGuilherme Gomes do Prado<br \/>\nIsabela Caroline Correia da Mota<br \/>\nRafaela de Oliveira<br \/>\nSilmara C.R. Quintana<br \/>\n<\/em><\/li>\n<\/ul>\n<hr \/>\n<ul>\n<li><a href=\"https:\/\/portal.unisepe.com.br\/unifia\/wp-content\/uploads\/sites\/10001\/2021\/07\/DESAFIOS-DO-SERVI\u00c7O-DE-CONVIV\u00caNCIA-E-FORTALECIMENTO-DE-V\u00cdNCULOS-NO-CONTEXTO-PAND\u00caMICO-p\u00e1g-146-\u00e0-156.pdf\" target=\"_blank\" rel=\"noopener noreferrer\">DESAFIOS DO SERVI\u00c7O DE CONVIV\u00caNCIA E FORTALECIMENTO DE V\u00cdNCULOS NO CONTEXTO PAND\u00caMICO. &#8211; p\u00e1g 146 \u00e0 156<\/a><br \/>\n<em>\u00c9rika Rocha de Oliveira<br \/>\nRayane Nogueira do Nascimento<br \/>\nSuelen Maiara de Oliveira<br \/>\nYara A. Z. Picolomini<br \/>\nSilmara Cristina Ramos Quintana<br \/>\n<\/em><\/li>\n<\/ul>\n<hr \/>\n<ul>\n<li><a href=\"https:\/\/portal.unisepe.com.br\/unifia\/wp-content\/uploads\/sites\/10001\/2021\/07\/SERVI\u00c7O-DE-CONVIV\u00caNCIA-E-FORTALECIMENTO-DE-VINCULOS-DIALOGO-TE\u00d3RICO-E-PR\u00c1TICO-p\u00e1g-157-\u00e0-166.pdf\" target=\"_blank\" rel=\"noopener noreferrer\">SERVI\u00c7O DE CONVIV\u00caNCIA E FORTALECIMENTO DE VINCULOS: DIALOGO TE\u00d3RICO E PR\u00c1TICO. &#8211; p\u00e1g 157 \u00e0 166<\/a><br \/>\n<em>Andreza Yaorrudim de Araujo Domingos<br \/>\nGabriela dos Santos Lemos<br \/>\nShiara Rocha Maciel<br \/>\nProf\u00aa Silmara C.R. Quintana<br \/>\n<\/em><\/li>\n<\/ul>\n<hr \/>\n<ul>\n<li><a href=\"https:\/\/portal.unisepe.com.br\/unifia\/wp-content\/uploads\/sites\/10001\/2021\/07\/Sensibilidade-do-Valor-do-Investimento-nos-Lances-em-Licita\u00e7\u00f5es-de-Empreendimento-de-Transmiss\u00e3o-p\u00e1g-167-\u00e0-184.pdf\" target=\"_blank\" rel=\"noopener noreferrer\"> SENSIBILIDADE DO VALOR DO INVESTIMENTO NOS LANCES EM LICITA\u00c7\u00d5ES DE EMPREENDIMENTOS DE TRANSMISS\u00c3O. &#8211; p\u00e1g 167 \u00e0 184<\/a><br \/>\n<em>Gabriel Mar\u00e7al Barroso<br \/>\nRonald Cabo Jogaib<br \/>\nHenrique de Oliveira Henriques<br \/>\nYonatan Mois\u00e9s Mizrahi<br \/>\n<\/em><\/li>\n<\/ul>\n<hr \/>\n<ul>\n<li><a href=\"https:\/\/portal.unisepe.com.br\/unifia\/wp-content\/uploads\/sites\/10001\/2021\/09\/AVALIA\u00c7\u00c3O-DE-DESEMPENHO-NA-ADMINISTRA\u00c7\u00c3O-P\u00daBLICA-p\u00e1g-185-\u00e0-206.pdf\" target=\"_blank\" rel=\"noopener noreferrer\"> AVALIA\u00c7\u00c3O DE DESEMPENHO NA ADMINISTRA\u00c7\u00c3O P\u00daBLICA. &#8211; p\u00e1g 185 \u00e0 206<\/a><br \/>\n<em>Araujo, L. K.<br \/>\nAndrade, R.<br \/>\n<\/em><\/li>\n<\/ul>\n<hr \/>\n<ul>\n<li><a href=\"https:\/\/portal.unisepe.com.br\/unifia\/wp-content\/uploads\/sites\/10001\/2021\/10\/ABRINDO-OS-OLHOS-PARA-A-POPULA\u00c7\u00c3O-ESQUECIDA-p\u00e1g-207-\u00e0-218.pdf\" target=\"_blank\" rel=\"noopener noreferrer\">ABRINDO OS OLHOS PARA A POPULA\u00c7\u00c3O ESQUECIDA. &#8211; p\u00e1g 207 \u00e0 218<\/a><br \/>\n<em>Ester Gabriela Guedes<br \/>\nSilmara Quintana<br \/>\n<\/em><\/li>\n<\/ul>\n<hr \/>\n<ul>\n<li><a href=\"https:\/\/portal.unisepe.com.br\/unifia\/wp-content\/uploads\/sites\/10001\/2021\/10\/A-POL\u00cdTICA-DE-HABITA\u00c7\u00c3O-ARTICULADA-COM-O-SGD-SISTEMA-DE-GARANTIA-DE-DIREITOS-p\u00e1g-219-\u00e0-231-.pdf\" target=\"_blank\" rel=\"noopener noreferrer\">A POL\u00cdTICA DE HABITA\u00c7\u00c3O ARTICULADA COM O SGD (SISTEMA DE GARANTIA DE DIREITOS). &#8211; p\u00e1g 219 \u00e0 231<\/a><br \/>\n<em>Andrielly Haustenreites de Oliveira<br \/>\nArmando Sacolli Junior<br \/>\nBeatriz Sofiatti Gutierrez<br \/>\nEster Gabriela Guedes<br \/>\nSarah da Silva Rangel Esteves<br \/>\nProf\u00aa Bruna Carneloss<br \/>\n<\/em><\/li>\n<\/ul>\n<hr \/>\n<ul>\n<li><a href=\"https:\/\/portal.unisepe.com.br\/unifia\/wp-content\/uploads\/sites\/10001\/2021\/10\/MONITORAMENTO-DE-CULTURAS-AGR\u00cdCOLAS-UTILIZANDO-VIS\u00c3O-ARTIFICIAL-P\u00e1g-232-\u00e0-243.pdf\" target=\"_blank\" rel=\"noopener noreferrer\">MONITORAMENTO DE CULTURAS AGR\u00cdCOLAS UTILIZANDO VIS\u00c3O ARTIFICIAL. &#8211; p\u00e1g 232 \u00e0 243<\/a><br \/>\n<em>Eduardo Vicente do Prado<br \/>\n<\/em><\/li>\n<\/ul>\n<hr \/>\n<p>&nbsp;<\/p>\n<p>&nbsp;<\/p>\n<p>&nbsp;<\/p>\n<p>&nbsp;<\/p>\n","protected":false},"excerpt":{"rendered":"<p>Artigos &nbsp; O GESTOR ESCOLAR E A GEST\u00c3O DO CONHECIMENTO: Como construir o conhecimento em uma equipe? &#8211; p\u00e1g 01 \u00e0 13 Paulo de S\u00e1 Filho IMPACTOS DA GEST\u00c3O DE ENERGIA E EFICI\u00caNCIA ENERG\u00c9TICA NA REDU\u00c7\u00c3O DE DEMANDA DE PONTA E ECONOMIA DE ENERGIA \u2013 ESTUDO DE CASO: PROGRAMA LUZ<\/p>\n","protected":false},"author":2,"featured_media":0,"parent":2940,"menu_order":0,"comment_status":"closed","ping_status":"closed","template":"templates\/template-pagina_menu_vertical.php","meta":{"footnotes":""},"categories":[],"tags":[],"class_list":["post-7193","page","type-page","status-publish","hentry"],"_links":{"self":[{"href":"https:\/\/portal.unisepe.com.br\/unifia\/wp-json\/wp\/v2\/pages\/7193","targetHints":{"allow":["GET"]}}],"collection":[{"href":"https:\/\/portal.unisepe.com.br\/unifia\/wp-json\/wp\/v2\/pages"}],"about":[{"href":"https:\/\/portal.unisepe.com.br\/unifia\/wp-json\/wp\/v2\/types\/page"}],"author":[{"embeddable":true,"href":"https:\/\/portal.unisepe.com.br\/unifia\/wp-json\/wp\/v2\/users\/2"}],"replies":[{"embeddable":true,"href":"https:\/\/portal.unisepe.com.br\/unifia\/wp-json\/wp\/v2\/comments?post=7193"}],"version-history":[{"count":16,"href":"https:\/\/portal.unisepe.com.br\/unifia\/wp-json\/wp\/v2\/pages\/7193\/revisions"}],"predecessor-version":[{"id":7491,"href":"https:\/\/portal.unisepe.com.br\/unifia\/wp-json\/wp\/v2\/pages\/7193\/revisions\/7491"}],"up":[{"embeddable":true,"href":"https:\/\/portal.unisepe.com.br\/unifia\/wp-json\/wp\/v2\/pages\/2940"}],"wp:attachment":[{"href":"https:\/\/portal.unisepe.com.br\/unifia\/wp-json\/wp\/v2\/media?parent=7193"}],"wp:term":[{"taxonomy":"category","embeddable":true,"href":"https:\/\/portal.unisepe.com.br\/unifia\/wp-json\/wp\/v2\/categories?post=7193"},{"taxonomy":"post_tag","embeddable":true,"href":"https:\/\/portal.unisepe.com.br\/unifia\/wp-json\/wp\/v2\/tags?post=7193"}],"curies":[{"name":"wp","href":"https:\/\/api.w.org\/{rel}","templated":true}]}}