{"id":722,"date":"2016-07-14T21:14:03","date_gmt":"2016-07-14T21:14:03","guid":{"rendered":"http:\/\/www.fvr.edu.br\/fvr\/site\/?page_id=722"},"modified":"2023-05-30T20:14:50","modified_gmt":"2023-05-30T23:14:50","slug":"politica-de-atualizacao","status":"publish","type":"page","link":"https:\/\/portal.unisepe.com.br\/unifia\/biblioteca\/politica-de-atualizacao\/","title":{"rendered":"Pol\u00edtica de Atualiza\u00e7\u00e3o"},"content":{"rendered":"<p><a href=\"https:\/\/portal.unisepe.com.br\/unifia\/wp-content\/uploads\/sites\/10001\/2023\/05\/Pol\u00edtica-de-atualiza\u00e7\u00e3o-do-Acervo-AMP3005.pdf\">Pol\u00edtica de atualiza\u00e7\u00e3o do Acervo &#8211; AM<\/a><\/p>\n","protected":false},"excerpt":{"rendered":"<p>Pol\u00edtica de atualiza\u00e7\u00e3o do Acervo &#8211; AM<\/p>\n","protected":false},"author":1,"featured_media":0,"parent":285,"menu_order":0,"comment_status":"closed","ping_status":"closed","template":"templates\/template-pagina_link.php","meta":{"footnotes":""},"categories":[],"tags":[],"class_list":["post-722","page","type-page","status-publish","hentry"],"_links":{"self":[{"href":"https:\/\/portal.unisepe.com.br\/unifia\/wp-json\/wp\/v2\/pages\/722","targetHints":{"allow":["GET"]}}],"collection":[{"href":"https:\/\/portal.unisepe.com.br\/unifia\/wp-json\/wp\/v2\/pages"}],"about":[{"href":"https:\/\/portal.unisepe.com.br\/unifia\/wp-json\/wp\/v2\/types\/page"}],"author":[{"embeddable":true,"href":"https:\/\/portal.unisepe.com.br\/unifia\/wp-json\/wp\/v2\/users\/1"}],"replies":[{"embeddable":true,"href":"https:\/\/portal.unisepe.com.br\/unifia\/wp-json\/wp\/v2\/comments?post=722"}],"version-history":[{"count":4,"href":"https:\/\/portal.unisepe.com.br\/unifia\/wp-json\/wp\/v2\/pages\/722\/revisions"}],"predecessor-version":[{"id":8844,"href":"https:\/\/portal.unisepe.com.br\/unifia\/wp-json\/wp\/v2\/pages\/722\/revisions\/8844"}],"up":[{"embeddable":true,"href":"https:\/\/portal.unisepe.com.br\/unifia\/wp-json\/wp\/v2\/pages\/285"}],"wp:attachment":[{"href":"https:\/\/portal.unisepe.com.br\/unifia\/wp-json\/wp\/v2\/media?parent=722"}],"wp:term":[{"taxonomy":"category","embeddable":true,"href":"https:\/\/portal.unisepe.com.br\/unifia\/wp-json\/wp\/v2\/categories?post=722"},{"taxonomy":"post_tag","embeddable":true,"href":"https:\/\/portal.unisepe.com.br\/unifia\/wp-json\/wp\/v2\/tags?post=722"}],"curies":[{"name":"wp","href":"https:\/\/api.w.org\/{rel}","templated":true}]}}