{"id":730,"date":"2016-07-14T21:39:41","date_gmt":"2016-07-14T21:39:41","guid":{"rendered":"http:\/\/www.fvr.edu.br\/fvr\/site\/?page_id=730"},"modified":"2016-07-14T21:39:41","modified_gmt":"2016-07-14T21:39:41","slug":"cpsa","status":"publish","type":"page","link":"https:\/\/portal.unisepe.com.br\/unifia\/cpsa\/","title":{"rendered":"CPSA"},"content":{"rendered":"<p><strong>CPSA &#8211; FVR<\/strong><br \/>\n<strong>COMISS\u00c3O PERMANENTE DE SUPERVIS\u00c3O E ACOMPANHAMENTO DO FIES das Faculdades Integradas do Vale do Ribeira &#8211; FVR<\/strong><\/p>\n<p><strong>CONSTITUI\u00c7\u00c3O E ATRIBUI\u00c7\u00d5ES DO CPSA<\/strong><br \/>\nCada local de oferta de cursos da institui\u00e7\u00e3o de ensino, por meio de seu representante, dever\u00e1 constituir uma Comiss\u00e3o Permanente de Supervis\u00e3o e Acompanhamento do FIES (CPSA).<\/p>\n<p><strong>COMPOSI\u00c7\u00c3O:<\/strong><br \/>\nA CPSA ser\u00e1 composta por cinco membros, dentre os quais, dois representantes da institui\u00e7\u00e3o de ensino, dois representantes da entidade m\u00e1xima de representa\u00e7\u00e3o estudantil da institui\u00e7\u00e3o de ensino e um representante do corpo docente da institui\u00e7\u00e3o de ensino.<\/p>\n<ul>\n<li>EDUARDO OGAWA &#8211; MEMBRO INSTITUI\u00c7\u00c3O (PRESIDENTE)<\/li>\n<li>ANDERSON MARTINS DA SILVA \u2013 MEMBRO DOCENTE<\/li>\n<li>ANDRESSA STEFANI DE LIMA CARNEIRO \u2013 MEMBRO INSTITUI\u00c7\u00c3O (VICE-PRESIDENTE)<\/li>\n<li>MATHEUS EDUARDO SOUZA PEDROSO \u2013 MEMBRO ESTUDANTE<\/li>\n<li>MARCIO DOS REIS GUIMAR\u00c3ES \u00a0\u2013 MEMBRO ESTUDANTE<\/li>\n<\/ul>\n<p>* O presidente e o vice-presidente da CPSA dever\u00e3o, obrigatoriamente, ser o representante da institui\u00e7\u00e3o de ensino ou o representante da IES no local de oferta de cursos no FIES.<\/p>\n<p>** N\u00e3o havendo entidade representativa dos estudantes no local de oferta de cursos, os representantes estudantis ser\u00e3o escolhidos pelo corpo discente da institui\u00e7\u00e3o de ensino.<\/p>\n<p><strong>COMPET\u00caNCIAS:<\/strong><\/p>\n<p><strong>S\u00e3o atribui\u00e7\u00f5es da CPSA:<\/strong><br \/>\nI \u2013 tornar p\u00fablicas as normas que disciplinam o FIES em todos os locais de oferta de cursos da institui\u00e7\u00e3o;<br \/>\nII &#8211; permitir a divulga\u00e7\u00e3o, inclusive via internet, dos nomes e do endere\u00e7o eletr\u00f4nico dos membros da CPSA;<br \/>\nIII \u2013 analisar e validar a pertin\u00eancia e a veracidade das informa\u00e7\u00f5es prestadas pelo aluno no m\u00f3dulo de inscri\u00e7\u00e3o do SisFIES, bem como da documenta\u00e7\u00e3o por este<br \/>\napresentada para habilita\u00e7\u00e3o ao financiamento estudantil, na forma da Lei n\u00ba 10.260\/2001 e demais normas que regulamentam o FIES;<br \/>\nIV \u2013 emitir, por meio do sistema, Documento de Regularidade de Inscri\u00e7\u00e3o (DRI) do estudante;<br \/>\nV &#8211; avaliar, a cada per\u00edodo letivo, o aproveitamento acad\u00eamico dos estudantes financiados, tendo em vista o desempenho necess\u00e1rio \u00e0 continuidade do<br \/>\nfinanciamento;<br \/>\nVI &#8211; adotar as provid\u00eancias necess\u00e1rias ao aditamento dos contratos de financiamento, mediante a emiss\u00e3o, ao t\u00e9rmino de cada semestre letivo, do Documento de<br \/>\nRegularidade de Matr\u00edcula (DRM);<br \/>\nVII \u2013 zelar pelo cumprimento do disposto no art. 6\u00ba desta Portaria.<\/p>\n<p><a href=\"\/uploads\/2016\/07\/CPSA_Portaria_Normativa_-01_22-10-2010.pdf\" target=\"_blank\" rel=\"noopener\">Portaria Normativa n\u00ba 01 de 22\/10\/2010<\/a><br \/>\n<a href=\"\/uploads\/2016\/07\/CPSA_Portaria_Normativa_-05_14-03-2013.pdf\" target=\"_blank\" rel=\"noopener\">Portaria Normativa n\u00ba 05 de 14\/03\/2013<\/a><\/p>\n<p><strong>LOCALIZA\u00c7\u00c3O:<\/strong><br \/>\nCPSA &#8211; FVR<br \/>\nR. Oscar Yoshiaki Mag\u00e1rio, n\u00ba 185, Pr\u00e9dio Administrativo.<br \/>\nJardim das Palmeiras \u2013 Registro \u2013 S\u00e3o Paulo.<\/p>\n","protected":false},"excerpt":{"rendered":"<p>CPSA &#8211; FVR COMISS\u00c3O PERMANENTE DE SUPERVIS\u00c3O E ACOMPANHAMENTO DO FIES das Faculdades Integradas do Vale do Ribeira &#8211; FVR CONSTITUI\u00c7\u00c3O E ATRIBUI\u00c7\u00d5ES DO CPSA Cada local de oferta de cursos da institui\u00e7\u00e3o de ensino, por meio de seu representante, dever\u00e1 constituir uma Comiss\u00e3o Permanente de Supervis\u00e3o e Acompanhamento do<\/p>\n","protected":false},"author":1,"featured_media":0,"parent":0,"menu_order":0,"comment_status":"closed","ping_status":"closed","template":"templates\/template-fullwidth.php","meta":{"footnotes":""},"categories":[],"tags":[],"class_list":["post-730","page","type-page","status-publish","hentry"],"_links":{"self":[{"href":"https:\/\/portal.unisepe.com.br\/unifia\/wp-json\/wp\/v2\/pages\/730","targetHints":{"allow":["GET"]}}],"collection":[{"href":"https:\/\/portal.unisepe.com.br\/unifia\/wp-json\/wp\/v2\/pages"}],"about":[{"href":"https:\/\/portal.unisepe.com.br\/unifia\/wp-json\/wp\/v2\/types\/page"}],"author":[{"embeddable":true,"href":"https:\/\/portal.unisepe.com.br\/unifia\/wp-json\/wp\/v2\/users\/1"}],"replies":[{"embeddable":true,"href":"https:\/\/portal.unisepe.com.br\/unifia\/wp-json\/wp\/v2\/comments?post=730"}],"version-history":[{"count":0,"href":"https:\/\/portal.unisepe.com.br\/unifia\/wp-json\/wp\/v2\/pages\/730\/revisions"}],"wp:attachment":[{"href":"https:\/\/portal.unisepe.com.br\/unifia\/wp-json\/wp\/v2\/media?parent=730"}],"wp:term":[{"taxonomy":"category","embeddable":true,"href":"https:\/\/portal.unisepe.com.br\/unifia\/wp-json\/wp\/v2\/categories?post=730"},{"taxonomy":"post_tag","embeddable":true,"href":"https:\/\/portal.unisepe.com.br\/unifia\/wp-json\/wp\/v2\/tags?post=730"}],"curies":[{"name":"wp","href":"https:\/\/api.w.org\/{rel}","templated":true}]}}