{"id":745,"date":"2016-07-14T21:50:53","date_gmt":"2016-07-14T21:50:53","guid":{"rendered":"http:\/\/www.fvr.edu.br\/fvr\/site\/?page_id=745"},"modified":"2024-01-31T19:42:08","modified_gmt":"2024-01-31T22:42:08","slug":"portarias","status":"publish","type":"page","link":"https:\/\/portal.unisepe.com.br\/unifia\/comissao-propria-de-avaliacao\/portarias\/","title":{"rendered":"Portarias"},"content":{"rendered":"<ul>\n<li><a href=\"http:\/\/portal.unisepe.com.br\/unifia\/wp-content\/uploads\/sites\/10001\/2018\/06\/Portaria_300_de_30.pdf\" target=\"_blank\" rel=\"noopener noreferrer\"> Portaria 300 de 30 de janeiro de 2006 Instrumento de Avalia\u00e7\u00e3o Externa da IES<\/a><\/li>\n<li><a href=\"http:\/\/portal.unisepe.com.br\/unifia\/wp-content\/uploads\/sites\/10001\/2018\/06\/Portaria_1081_de_2008.pdf\" target=\"_blank\" rel=\"noopener noreferrer\"> Portaria 1081 de 2008 SINAES Instrumento de Avalia\u00e7\u00e3o de Cursos de Gradua\u00e7\u00e3o<\/a><\/li>\n<li><a href=\"http:\/\/portal.unisepe.com.br\/unifia\/wp-content\/uploads\/sites\/10001\/2018\/06\/Portaria_1264_de_2008.pdf\" target=\"_blank\" rel=\"noopener noreferrer\"> Portaria 1264 de 2008 SINAES Instrumento de Avalia\u00e7\u00e3o Externa de IES<\/a><\/li>\n<li><a href=\"http:\/\/portal.unisepe.com.br\/unifia\/wp-content\/uploads\/sites\/10001\/2018\/06\/portaria_821_2009.pdf\" target=\"_blank\" rel=\"noopener noreferrer\">Portaria 821 de 2009 Prazo para postagem Relat\u00f3rio de Auto-Avalia\u00e7\u00e3o<\/a><\/li>\n<li><a href=\"http:\/\/portal.unisepe.com.br\/unifia\/wp-content\/uploads\/sites\/10001\/2018\/06\/Portaria-582013-CPA.pdf\" target=\"_blank\" rel=\"noopener noreferrer\">Portaria 58 de 2013 DESIGNA MEMBROS DA CPA: Comiss\u00e3o Pr\u00f3pria de Avalia\u00e7\u00e3o<\/a><\/li>\n<li><a href=\"http:\/\/portal.unisepe.com.br\/unifia\/wp-content\/uploads\/sites\/10001\/2018\/06\/Portaria-462014-CPA.pdf\" target=\"_blank\" rel=\"noopener noreferrer\">Portaria 46 de 2014 DESIGNA MEMBROS DA CPA: Comiss\u00e3o Pr\u00f3pria de Avalia\u00e7\u00e3o<\/a><\/li>\n<li><a href=\"http:\/\/portal.unisepe.com.br\/unifia\/wp-content\/uploads\/sites\/10001\/2018\/06\/portaria_662015-CPA.pdf\" target=\"_blank\" rel=\"noopener noreferrer\">Portaria 66 de 2015 DESIGNA MEMBROS DA CPA: Comiss\u00e3o Pr\u00f3pria de Avalia\u00e7\u00e3o<\/a><\/li>\n<li><a href=\"http:\/\/portal.unisepe.com.br\/unifia\/wp-content\/uploads\/sites\/10001\/2018\/06\/Portaria-682015-Composi\u00e7\u00e3o-CPA.pdf\" target=\"_blank\" rel=\"noopener noreferrer\">Portaria 68 de 2015 DESIGNA MEMBROS DA CPA: Comiss\u00e3o Pr\u00f3pria de Avalia\u00e7\u00e3o<\/a><\/li>\n<li><a href=\"http:\/\/portal.unisepe.com.br\/unifia\/wp-content\/uploads\/sites\/10001\/2018\/06\/Portaria-1252016-Composi\u00e7\u00e3o-CPA.pdf\" target=\"_blank\" rel=\"noopener noreferrer\"> Portaria 125 de 2016 DESIGNA MEMBROS DA CPA: Comiss\u00e3o Pr\u00f3pria de Avalia\u00e7\u00e3o<\/a><\/li>\n<li><a href=\"http:\/\/portal.unisepe.com.br\/unifia\/wp-content\/uploads\/sites\/10001\/2018\/06\/portaria_1032017_composicao_cpa-1.pdf\" target=\"_blank\" rel=\"noopener noreferrer\">Portaria 103 de 2017 DESIGNA MEMBROS DA CPA: Comiss\u00e3o Pr\u00f3pria de Avalia\u00e7\u00e3o<\/a><\/li>\n<li><a href=\"http:\/\/portal.unisepe.com.br\/unifia\/wp-content\/uploads\/sites\/10001\/2018\/06\/Portaria-052017-Composi\u00e7\u00e3o-CPA.pdf\" target=\"_blank\" rel=\"noopener noreferrer\">Portaria 05 de 2017 DESIGNA MEMBROS DA CPA: Comiss\u00e3o Pr\u00f3pria de Avalia\u00e7\u00e3o<\/a><\/li>\n<li><a href=\"http:\/\/portal.unisepe.com.br\/unifia\/wp-content\/uploads\/sites\/10001\/2018\/06\/portaria_032018_composicao_cpa-1.pdf\" target=\"_blank\" rel=\"noopener noreferrer\"> Portaria 03 de 2018 DESIGNA MEMBROS DA CPA: Comiss\u00e3o Pr\u00f3pria de Avalia\u00e7\u00e3o<\/a><\/li>\n<li><a href=\"http:\/\/portal.unisepe.com.br\/unifia\/wp-content\/uploads\/sites\/10001\/2019\/06\/Portaria-612019-Composi\u00e7\u00e3o-CPA.pdf\">Portaria 19 de 2019 DESIGNA MEMBROS DA CPA: Comiss\u00e3o Pr\u00f3pria de Avalia\u00e7\u00e3o<\/a><\/li>\n<li><a href=\"https:\/\/portal.unisepe.com.br\/unifia\/wp-content\/uploads\/sites\/10001\/2024\/01\/portaria-102020-CPA.pdf\">Portaria 10 de 2020 DESIGNA MEMBROS DA CPA: Comiss\u00e3o Pr\u00f3pria de Avalia\u00e7\u00e3o<\/a><\/li>\n<li><a href=\"https:\/\/portal.unisepe.com.br\/unifia\/wp-content\/uploads\/sites\/10001\/2024\/01\/portaria-022021-CPA.pdf\">Portaria 02 de 2021 DESIGNA MEMBROS DA CPA: Comiss\u00e3o Pr\u00f3pria de Avalia\u00e7\u00e3o<\/a><\/li>\n<li><a href=\"https:\/\/portal.unisepe.com.br\/unifia\/wp-content\/uploads\/sites\/10001\/2024\/01\/portaria-012022-CPA.pdf\">Portaria 01 de 2022 DESIGNA MEMBROS DA CPA: Comiss\u00e3o Pr\u00f3pria de Avalia\u00e7\u00e3o<\/a><\/li>\n<li><a href=\"https:\/\/portal.unisepe.com.br\/unifia\/wp-content\/uploads\/sites\/10001\/2024\/01\/portaria-382023-CPA.pdf\">Portaria 38 de 2023 DESIGNA MEMBROS DA CPA: Comiss\u00e3o Pr\u00f3pria de Avalia\u00e7\u00e3o<\/a><\/li>\n<li><a href=\"https:\/\/portal.unisepe.com.br\/unifia\/wp-content\/uploads\/sites\/10001\/2024\/01\/portaria-042024-CPA.pdf\" target=\"_blank\" rel=\"noopener noreferrer\">Portaria 04 de 2024 DESIGNA MEMBROS DA CPA: Comiss\u00e3o Pr\u00f3pria de Avalia\u00e7\u00e3o<\/a><\/li>\n<\/ul>\n","protected":false},"excerpt":{"rendered":"<p>Portaria 300 de 30 de janeiro de 2006 Instrumento de Avalia\u00e7\u00e3o Externa da IES Portaria 1081 de 2008 SINAES Instrumento de Avalia\u00e7\u00e3o de Cursos de Gradua\u00e7\u00e3o Portaria 1264 de 2008 SINAES Instrumento de Avalia\u00e7\u00e3o Externa de IES Portaria 821 de 2009 Prazo para postagem Relat\u00f3rio de Auto-Avalia\u00e7\u00e3o Portaria 58 de<\/p>\n","protected":false},"author":1,"featured_media":0,"parent":732,"menu_order":0,"comment_status":"closed","ping_status":"closed","template":"templates\/template-pagina_menu_vertical.php","meta":{"footnotes":""},"categories":[],"tags":[],"class_list":["post-745","page","type-page","status-publish","hentry"],"_links":{"self":[{"href":"https:\/\/portal.unisepe.com.br\/unifia\/wp-json\/wp\/v2\/pages\/745","targetHints":{"allow":["GET"]}}],"collection":[{"href":"https:\/\/portal.unisepe.com.br\/unifia\/wp-json\/wp\/v2\/pages"}],"about":[{"href":"https:\/\/portal.unisepe.com.br\/unifia\/wp-json\/wp\/v2\/types\/page"}],"author":[{"embeddable":true,"href":"https:\/\/portal.unisepe.com.br\/unifia\/wp-json\/wp\/v2\/users\/1"}],"replies":[{"embeddable":true,"href":"https:\/\/portal.unisepe.com.br\/unifia\/wp-json\/wp\/v2\/comments?post=745"}],"version-history":[{"count":9,"href":"https:\/\/portal.unisepe.com.br\/unifia\/wp-json\/wp\/v2\/pages\/745\/revisions"}],"predecessor-version":[{"id":9725,"href":"https:\/\/portal.unisepe.com.br\/unifia\/wp-json\/wp\/v2\/pages\/745\/revisions\/9725"}],"up":[{"embeddable":true,"href":"https:\/\/portal.unisepe.com.br\/unifia\/wp-json\/wp\/v2\/pages\/732"}],"wp:attachment":[{"href":"https:\/\/portal.unisepe.com.br\/unifia\/wp-json\/wp\/v2\/media?parent=745"}],"wp:term":[{"taxonomy":"category","embeddable":true,"href":"https:\/\/portal.unisepe.com.br\/unifia\/wp-json\/wp\/v2\/categories?post=745"},{"taxonomy":"post_tag","embeddable":true,"href":"https:\/\/portal.unisepe.com.br\/unifia\/wp-json\/wp\/v2\/tags?post=745"}],"curies":[{"name":"wp","href":"https:\/\/api.w.org\/{rel}","templated":true}]}}