{"id":7796,"date":"2022-04-26T10:19:25","date_gmt":"2022-04-26T13:19:25","guid":{"rendered":"https:\/\/portal.unisepe.com.br\/unifia\/?page_id=7796"},"modified":"2022-04-26T10:31:25","modified_gmt":"2022-04-26T13:31:25","slug":"avaliacao-do-egresso-2","status":"publish","type":"page","link":"https:\/\/portal.unisepe.com.br\/unifia\/comissao-propria-de-avaliacao\/avaliacao-do-egresso-2\/","title":{"rendered":"Avalia\u00e7\u00e3o do egresso"},"content":{"rendered":"<p style=\"text-align: justify;\">O <span>Centro Universit\u00e1rio Amparense<\/span>\u00a0quer saber como est\u00e1 a vida profissional de seus ex-alunos. Para isso, pedimos sua colabora\u00e7\u00e3o, para responder o question\u00e1rio que ser\u00e1 lhe apresentado. Este question\u00e1rio tem o objetivo de colher informa\u00e7\u00f5es que possibilitem tomadas de decis\u00f5es, visando \u00e0 melhoria cont\u00ednua da oferta de educa\u00e7\u00e3o. Sua colabora\u00e7\u00e3o \u00e9 de fundamental import\u00e2ncia para o aprimoramento dos cursos e da institui\u00e7\u00e3o.<\/p>\n<p style=\"text-align: center;\"><a href=\"https:\/\/portal.unisepe.com.br\/unisepe\/geral\/pesquisas\/responder\/pesquisas\/?pesquisa_filial=0001&amp;pesquisa=49\" class=\"btn btn-primary \">Iniciar pesquisa<\/a><\/p>\n<p>&nbsp;<\/p>\n","protected":false},"excerpt":{"rendered":"<p>O Centro Universit\u00e1rio Amparense\u00a0quer saber como est\u00e1 a vida profissional de seus ex-alunos. Para isso, pedimos sua colabora\u00e7\u00e3o, para responder o question\u00e1rio que ser\u00e1 lhe apresentado. Este question\u00e1rio tem o objetivo de colher informa\u00e7\u00f5es que possibilitem tomadas de decis\u00f5es, visando \u00e0 melhoria cont\u00ednua da oferta de educa\u00e7\u00e3o. Sua colabora\u00e7\u00e3o \u00e9<\/p>\n","protected":false},"author":1,"featured_media":0,"parent":732,"menu_order":0,"comment_status":"closed","ping_status":"closed","template":"templates\/template-pagina_menu_vertical.php","meta":{"footnotes":""},"categories":[],"tags":[],"class_list":["post-7796","page","type-page","status-publish","hentry"],"_links":{"self":[{"href":"https:\/\/portal.unisepe.com.br\/unifia\/wp-json\/wp\/v2\/pages\/7796","targetHints":{"allow":["GET"]}}],"collection":[{"href":"https:\/\/portal.unisepe.com.br\/unifia\/wp-json\/wp\/v2\/pages"}],"about":[{"href":"https:\/\/portal.unisepe.com.br\/unifia\/wp-json\/wp\/v2\/types\/page"}],"author":[{"embeddable":true,"href":"https:\/\/portal.unisepe.com.br\/unifia\/wp-json\/wp\/v2\/users\/1"}],"replies":[{"embeddable":true,"href":"https:\/\/portal.unisepe.com.br\/unifia\/wp-json\/wp\/v2\/comments?post=7796"}],"version-history":[{"count":1,"href":"https:\/\/portal.unisepe.com.br\/unifia\/wp-json\/wp\/v2\/pages\/7796\/revisions"}],"predecessor-version":[{"id":7797,"href":"https:\/\/portal.unisepe.com.br\/unifia\/wp-json\/wp\/v2\/pages\/7796\/revisions\/7797"}],"up":[{"embeddable":true,"href":"https:\/\/portal.unisepe.com.br\/unifia\/wp-json\/wp\/v2\/pages\/732"}],"wp:attachment":[{"href":"https:\/\/portal.unisepe.com.br\/unifia\/wp-json\/wp\/v2\/media?parent=7796"}],"wp:term":[{"taxonomy":"category","embeddable":true,"href":"https:\/\/portal.unisepe.com.br\/unifia\/wp-json\/wp\/v2\/categories?post=7796"},{"taxonomy":"post_tag","embeddable":true,"href":"https:\/\/portal.unisepe.com.br\/unifia\/wp-json\/wp\/v2\/tags?post=7796"}],"curies":[{"name":"wp","href":"https:\/\/api.w.org\/{rel}","templated":true}]}}