{"id":785,"date":"2016-07-14T22:11:49","date_gmt":"2016-07-14T22:11:49","guid":{"rendered":"http:\/\/www.fvr.edu.br\/fvr\/site\/?page_id=785"},"modified":"2022-07-28T13:44:10","modified_gmt":"2022-07-28T16:44:10","slug":"cep","status":"publish","type":"page","link":"https:\/\/portal.unisepe.com.br\/unifia\/cep\/","title":{"rendered":"CEP"},"content":{"rendered":"<p><strong>Comit\u00ea De \u00c9tica Em Pesquisa<\/strong><\/p>\n<p>De acordo com Of\u00edcio 2861\/CONEP\/CNS\/MS de 22 de setembro de 2010, e carta 0164\/CONEP\/CNS da mesma data, o Comit\u00ea de \u00c9tica em Pesquisa da Uni\u00e3o das Institui\u00e7\u00f5es de Servi\u00e7os, Ensino e Pesquisa Ltda \u2013 UNISEPE \u2013 CEP-UNISEPE, \u00e9 \u00f3rg\u00e3o com sede no Centro Universit\u00e1rio Amparense \u2013 UNIFIA, atendendo a Associa\u00e7\u00e3o Sul Mineira de Educa\u00e7\u00e3o e Cultura \u2013 ASMEC, Instituto Superior de Educa\u00e7\u00e3o de Pouso Alegre &#8211; Pouso Alegre, a Faculdade de Peru\u00edbe \u2013 FPbe, Faculdade Sul Paulista de Itanha\u00e9m &#8211; Itanha\u00e9m-SP,\u00a0 as Faculdades Integradas do Vale do Ribeira \u2013 UNIVR e a Faculdade de S\u00e3o Louren\u00e7o, respons\u00e1veis pelo cumprimento da Resolu\u00e7\u00e3o 466\/12 do Conselho Nacional de Sa\u00fade \u2013 CNS, bem como da Norma Operacional 001\/13.<\/p>\n<p>O CEP-UNISEPE \u00e9 um colegiado interdisciplinar e independente, com\u00a0<em>munus<\/em>\u00a0p\u00fablico de car\u00e1ter consultivo, deliberativo e educativo, criado para defender os interesses dos sujeitos de pesquisa em sua integridade e dignidade e para contribuir para o desenvolvimento da pesquisa dentro de padr\u00f5es \u00e9ticos.<\/p>\n<p><strong>\u00a0<\/strong><\/p>\n<p><strong>O CEP-UNISEPE tem por finalidades:<\/strong><\/p>\n<ul>\n<li>1\u00ba Incentivar o desenvolvimento da cultura \u00e9tica e human\u00edstica, por meio de atividades educativas voltadas \u00e0 institui\u00e7\u00e3o e comunidade externa, e do fomento da doc\u00eancia desta disciplina nos cursos de gradua\u00e7\u00e3o e p\u00f3s-gradua\u00e7\u00e3o da Uni\u00e3o das Institui\u00e7\u00f5es de Servi\u00e7os, Ensino e Pesquisa \u2013 UNISEPE.<\/li>\n<li>2\u00ba Assessorar como \u00f3rg\u00e3o consultivo qualquer profissional ou aluno da institui\u00e7\u00e3o que tenha, no exercer de suas atividades dentro da Uni\u00e3o das Institui\u00e7\u00f5es de Servi\u00e7o, Ensino e Pesquisa Ltda \u2013 UNISEPE, dilemas ou d\u00favidas relativas \u00e0 \u00e9tica.<\/li>\n<li>3\u00ba Avaliar e acompanhar os protocolos de pesquisa que envolvam seres humanos na Uni\u00e3o das Institui\u00e7\u00f5es de Servi\u00e7o, Ensino e Pesquisa \u2013 UNISEPE, nos seguintes aspectos:<\/li>\n<\/ul>\n<ol>\n<li>t\u00e9cnico-cient\u00edfico, principalmente quanto \u00e0 adequa\u00e7\u00e3o aos princ\u00edpios cient\u00edficos e observa\u00e7\u00e3o de metodologia adequada \u00e0s quest\u00f5es \u00e9ticas na pesquisa;<\/li>\n<li>\u00e9tico, visando resguardar e garantir a integridade e os direitos dos sujeitos de pesquisa participantes;<\/li>\n<li>s\u00f3cio-humanit\u00e1rio, visando preservar a relev\u00e2ncia social da pesquisa e igual considera\u00e7\u00e3o dos interesses envolvidos;<\/li>\n<li>adequa\u00e7\u00e3o \u00e0 legisla\u00e7\u00e3o vigente, especialmente \u00e0s Resolu\u00e7\u00f5es 466\/12 e 510\/16 do CNS e \u00e0s diretrizes e \u00e0 miss\u00e3o da Uni\u00e3o das Institui\u00e7\u00f5es de Servi\u00e7os, Ensino e Pesquisa Ltda \u2013 UNISEPE; e<\/li>\n<li>integra\u00e7\u00e3o com as demais a\u00e7\u00f5es setoriais.<\/li>\n<\/ol>\n<p>&nbsp;<\/p>\n<p><strong>CEP \u2013 UNISEPE<\/strong><\/p>\n<p>Rodovia Jo\u00e3o Beira \u2013 SP 95 \u2013 Km 46,5 \u2013 Bairro Modelo.<\/p>\n<p>Caixa Postal 118 \u2013 Cep: 13905-529.<\/p>\n<p>Amparo \u2013 SP.<\/p>\n<p>&nbsp;<\/p>\n<p>Telefone: 19 3907 9870<\/p>\n<p>Email: <a href=\"mailto:cep@unifia.edu.br\">cep@unifia.edu.br<\/a><\/p>\n<p>&nbsp;<\/p>\n<p>Hor\u00e1rio de Funcionamento: 13h \u00e0s 17h.<\/p>\n<p>De segunda a sexta-feira.<\/p>\n","protected":false},"excerpt":{"rendered":"<p>Comit\u00ea De \u00c9tica Em Pesquisa De acordo com Of\u00edcio 2861\/CONEP\/CNS\/MS de 22 de setembro de 2010, e carta 0164\/CONEP\/CNS da mesma data, o Comit\u00ea de \u00c9tica em Pesquisa da Uni\u00e3o das Institui\u00e7\u00f5es de Servi\u00e7os, Ensino e Pesquisa Ltda \u2013 UNISEPE \u2013 CEP-UNISEPE, \u00e9 \u00f3rg\u00e3o com sede no Centro Universit\u00e1rio Amparense<\/p>\n","protected":false},"author":1,"featured_media":0,"parent":0,"menu_order":0,"comment_status":"closed","ping_status":"closed","template":"templates\/template-pagina_menu_vertical.php","meta":{"footnotes":""},"categories":[],"tags":[],"class_list":["post-785","page","type-page","status-publish","hentry"],"_links":{"self":[{"href":"https:\/\/portal.unisepe.com.br\/unifia\/wp-json\/wp\/v2\/pages\/785","targetHints":{"allow":["GET"]}}],"collection":[{"href":"https:\/\/portal.unisepe.com.br\/unifia\/wp-json\/wp\/v2\/pages"}],"about":[{"href":"https:\/\/portal.unisepe.com.br\/unifia\/wp-json\/wp\/v2\/types\/page"}],"author":[{"embeddable":true,"href":"https:\/\/portal.unisepe.com.br\/unifia\/wp-json\/wp\/v2\/users\/1"}],"replies":[{"embeddable":true,"href":"https:\/\/portal.unisepe.com.br\/unifia\/wp-json\/wp\/v2\/comments?post=785"}],"version-history":[{"count":5,"href":"https:\/\/portal.unisepe.com.br\/unifia\/wp-json\/wp\/v2\/pages\/785\/revisions"}],"predecessor-version":[{"id":8036,"href":"https:\/\/portal.unisepe.com.br\/unifia\/wp-json\/wp\/v2\/pages\/785\/revisions\/8036"}],"wp:attachment":[{"href":"https:\/\/portal.unisepe.com.br\/unifia\/wp-json\/wp\/v2\/media?parent=785"}],"wp:term":[{"taxonomy":"category","embeddable":true,"href":"https:\/\/portal.unisepe.com.br\/unifia\/wp-json\/wp\/v2\/categories?post=785"},{"taxonomy":"post_tag","embeddable":true,"href":"https:\/\/portal.unisepe.com.br\/unifia\/wp-json\/wp\/v2\/tags?post=785"}],"curies":[{"name":"wp","href":"https:\/\/api.w.org\/{rel}","templated":true}]}}