{"id":793,"date":"2016-07-14T22:21:32","date_gmt":"2016-07-14T22:21:32","guid":{"rendered":"http:\/\/www.fvr.edu.br\/fvr\/site\/?page_id=793"},"modified":"2026-01-30T13:58:42","modified_gmt":"2026-01-30T16:58:42","slug":"portarias","status":"publish","type":"page","link":"https:\/\/portal.unisepe.com.br\/unifia\/manuais-editais-e-regulamentos\/portarias\/","title":{"rendered":"Portarias"},"content":{"rendered":"<p><a href=\"http:\/\/portal.unisepe.com.br\/unifia\/wp-content\/uploads\/sites\/10001\/2018\/11\/2018-2-RENOVA\u00c7\u00c3O-DE-RECONHECIMENTO-ENFERMAGEM-PG01.pdf\" target=\"_blank\" rel=\"noopener noreferrer\">20182-\u00a0 Renova\u00e7\u00e3o de Reconhecimento Enfermagem &#8211; PG1<\/a><\/p>\n<p><a href=\"http:\/\/portal.unisepe.com.br\/unifia\/wp-content\/uploads\/sites\/10001\/2018\/11\/2018-2-RENOVA\u00c7\u00c3O-DE-RECONHECIMENTO-ENFERMAGEM-PG02.pdf\" target=\"_blank\" rel=\"noopener noreferrer\">20182-\u00a0 Renova\u00e7\u00e3o de Reconhecimento Enfermagem &#8211; PG2<\/a><\/p>\n<p><a href=\"http:\/\/portal.unisepe.com.br\/unifia\/wp-content\/uploads\/sites\/10001\/2019\/05\/portaria-602019-CESU-2019-2.pdf\" target=\"_blank\" rel=\"noopener noreferrer\">20192 &#8211; Portaria 602019 &#8211; CESU 2019-2<\/a><\/p>\n<p><a href=\"http:\/\/portal.unisepe.com.br\/unifia\/wp-content\/uploads\/sites\/10001\/2020\/02\/portaria-012020-bolsa-PROERS_ENEM.pdf\" target=\"_blank\" rel=\"noopener noreferrer\">20201 &#8211; Portaria 01\/2020 &#8211; BOLSA PROERS ENEM<\/a><\/p>\n<p><a href=\"http:\/\/portal.unisepe.com.br\/unifia\/wp-content\/uploads\/sites\/10001\/2020\/04\/portaria-542020-COVID-19-Unifia.pdf\" target=\"_blank\" rel=\"noopener noreferrer\">20201 &#8211; Portaria 542020 &#8211; COVID-19-UNIFIA<\/a><\/p>\n<p><a href=\"http:\/\/portal.unisepe.com.br\/unifia\/wp-content\/uploads\/sites\/10001\/2020\/07\/PORTARIA-203-25062020-Renova\u00e7\u00e3o-de-reconhecimento-Qualidade_MKT_RH_Log\u00edstica.pdf\" target=\"_blank\" rel=\"noopener noreferrer\">20201 &#8211; Portaria 203 &#8211; 25062020 RENOVA\u00c7\u00c3O DE RECONHECIMENTO<\/a><\/p>\n<p><a href=\"http:\/\/portal.unisepe.com.br\/unifia\/wp-content\/uploads\/sites\/10001\/2020\/07\/portaria-572020-Portaria-covid-auxilio-financeiro-aos-alunos.pdf\" target=\"_blank\" rel=\"noopener noreferrer\">20201 &#8211;\u00a0PORTARIA 572020 &#8211; PORTARIA COVID &#8211; auxilio financeiro aos alunos<\/a><\/p>\n<p><a href=\"http:\/\/portal.unisepe.com.br\/unifia\/wp-content\/uploads\/sites\/10001\/2020\/07\/portaria-582020-Portaria-Cesu-2020_2.pdf\" target=\"_blank\" rel=\"noopener noreferrer\">20202 &#8211; PORTARIA 582020 &#8211; PORTARIA CESU 2020_2<\/a><\/p>\n<p><a href=\"https:\/\/portal.unisepe.com.br\/unifia\/wp-content\/uploads\/sites\/10001\/2023\/12\/portaria-862023-cesu.pdf\" target=\"_blank\" rel=\"noopener noreferrer\">20232 &#8211; PORTARIA 862023 &#8211; PORTARIA CESU 2023_2<\/a><\/p>\n<p><a href=\"https:\/\/portal.unisepe.com.br\/unifia\/wp-content\/uploads\/sites\/10001\/2025\/06\/portaria-512025-CESU.pdf\" target=\"_blank\" rel=\"noopener\">20252 &#8211; PORTARIA 512025 &#8211; PORTARIA CESU 2025_2<\/a><\/p>\n<p><a href=\"https:\/\/portal.unisepe.com.br\/unifia\/wp-content\/uploads\/sites\/10001\/2025\/07\/portaria-522025-PPD.pdf\" target=\"_blank\" rel=\"noopener\">20252 &#8211; PORTARIA 522025 &#8211; PORTARIA PPD 2025_2<\/a><\/p>\n<p><a href=\"https:\/\/portal.unisepe.com.br\/unifia\/wp-content\/uploads\/sites\/10001\/2026\/01\/portaria-022026-cesu.pdf\" target=\"_blank\" rel=\"noopener\">20261 &#8211; PORTARIA 022026 &#8211; Programa de Cr\u00e9dito Educativo Solid\u00e1rio Unisepe &#8211; CESU<\/a><\/p>\n<p><a href=\"https:\/\/portal.unisepe.com.br\/unifia\/wp-content\/uploads\/sites\/10001\/2026\/01\/portaria-032026-PPD-resgate.pdf\" target=\"_blank\" rel=\"noopener\">20261 &#8211; PORTARIA 032026 &#8211; Programa de Pagamento Diferido \u2013 PPD &#8211; Resgate<\/a><\/p>\n","protected":false},"excerpt":{"rendered":"<p>20182-\u00a0 Renova\u00e7\u00e3o de Reconhecimento Enfermagem &#8211; PG1 20182-\u00a0 Renova\u00e7\u00e3o de Reconhecimento Enfermagem &#8211; PG2 20192 &#8211; Portaria 602019 &#8211; CESU 2019-2 20201 &#8211; Portaria 01\/2020 &#8211; BOLSA PROERS ENEM 20201 &#8211; Portaria 542020 &#8211; COVID-19-UNIFIA 20201 &#8211; Portaria 203 &#8211; 25062020 RENOVA\u00c7\u00c3O DE RECONHECIMENTO 20201 &#8211;\u00a0PORTARIA 572020 &#8211; PORTARIA COVID<\/p>\n","protected":false},"author":1,"featured_media":0,"parent":788,"menu_order":0,"comment_status":"closed","ping_status":"closed","template":"templates\/template-pagina_menu_vertical.php","meta":{"footnotes":""},"categories":[],"tags":[],"class_list":["post-793","page","type-page","status-publish","hentry"],"_links":{"self":[{"href":"https:\/\/portal.unisepe.com.br\/unifia\/wp-json\/wp\/v2\/pages\/793","targetHints":{"allow":["GET"]}}],"collection":[{"href":"https:\/\/portal.unisepe.com.br\/unifia\/wp-json\/wp\/v2\/pages"}],"about":[{"href":"https:\/\/portal.unisepe.com.br\/unifia\/wp-json\/wp\/v2\/types\/page"}],"author":[{"embeddable":true,"href":"https:\/\/portal.unisepe.com.br\/unifia\/wp-json\/wp\/v2\/users\/1"}],"replies":[{"embeddable":true,"href":"https:\/\/portal.unisepe.com.br\/unifia\/wp-json\/wp\/v2\/comments?post=793"}],"version-history":[{"count":16,"href":"https:\/\/portal.unisepe.com.br\/unifia\/wp-json\/wp\/v2\/pages\/793\/revisions"}],"predecessor-version":[{"id":11464,"href":"https:\/\/portal.unisepe.com.br\/unifia\/wp-json\/wp\/v2\/pages\/793\/revisions\/11464"}],"up":[{"embeddable":true,"href":"https:\/\/portal.unisepe.com.br\/unifia\/wp-json\/wp\/v2\/pages\/788"}],"wp:attachment":[{"href":"https:\/\/portal.unisepe.com.br\/unifia\/wp-json\/wp\/v2\/media?parent=793"}],"wp:term":[{"taxonomy":"category","embeddable":true,"href":"https:\/\/portal.unisepe.com.br\/unifia\/wp-json\/wp\/v2\/categories?post=793"},{"taxonomy":"post_tag","embeddable":true,"href":"https:\/\/portal.unisepe.com.br\/unifia\/wp-json\/wp\/v2\/tags?post=793"}],"curies":[{"name":"wp","href":"https:\/\/api.w.org\/{rel}","templated":true}]}}