{"id":7947,"date":"2022-06-24T15:35:21","date_gmt":"2022-06-24T18:35:21","guid":{"rendered":"https:\/\/portal.unisepe.com.br\/unifia\/?page_id=7947"},"modified":"2022-10-07T08:52:42","modified_gmt":"2022-10-07T11:52:42","slug":"atendimento-juridico-on-line","status":"publish","type":"page","link":"https:\/\/portal.unisepe.com.br\/unifia\/direito\/atendimento-juridico-on-line\/","title":{"rendered":"Atendimento Jur\u00eddico On-Line"},"content":{"rendered":"<div class=\"row\">\n<div class=\"col-md-4\"><img loading=\"lazy\" decoding=\"async\" src=\"https:\/\/portal.unisepe.com.br\/unifia\/wp-content\/uploads\/sites\/10001\/2022\/06\/PROJETO-NPJ-T\u00c1-ON-CAPA.jpg\" alt=\"\" class=\"alignnone wp-image-4565\" style=\"font-size: 15.2015px\" width=\"400\" height=\"571\" \/><\/div>\n<div class=\"col-md-8\">\n<p style=\"text-align: justify\">A UNIFIA, por meio do N\u00facleo de Pr\u00e1ticas Jur\u00eddicas do Curso de Gradua\u00e7\u00e3o em Direito, oferece \u00e0 popula\u00e7\u00e3o carente e vulner\u00e1vel orienta\u00e7\u00f5es jur\u00eddicas, gratuitas e on-line, nas \u00e1reas Penal, C\u00edvel e Trabalhista.<\/p>\n<p><a href=\"https:\/\/portal.unisepe.com.br\/unifia\/wp-content\/uploads\/sites\/10001\/2022\/10\/PROJETO-NPJ-TA\u0301-ON-UNIFIA.pdf\" target=\"_blank\" rel=\"noopener noreferrer\"><span style=\"text-align: justify;font-size: 0.95em\">Clique aqui<\/span><\/a> e confira o projeto na \u00edntegra.<\/p>\n<p><a href=\"https:\/\/mautic.unisepe.com.br\/asset\/32:termos-de-condicoes-de-uso-do-servico-npj-online-unifiapdf\" target=\"_blank\" rel=\"noopener noreferrer\">Clique aqui<\/a> para conferir os termos de uso.<\/p>\n<p><script type=\"text\/javascript\" src=\"\/\/mautic.unisepe.com.br\/form\/generate.js?id=24\"><\/script><\/p>\n<\/div>\n<\/div>\n","protected":false},"excerpt":{"rendered":"<p>A UNIFIA, por meio do N\u00facleo de Pr\u00e1ticas Jur\u00eddicas do Curso de Gradua\u00e7\u00e3o em Direito, oferece \u00e0 popula\u00e7\u00e3o carente e vulner\u00e1vel orienta\u00e7\u00f5es jur\u00eddicas, gratuitas e on-line, nas \u00e1reas Penal, C\u00edvel e Trabalhista. Clique aqui e confira o projeto na \u00edntegra. Clique aqui para conferir os termos de uso.<\/p>\n","protected":false},"author":1,"featured_media":0,"parent":348,"menu_order":0,"comment_status":"closed","ping_status":"closed","template":"templates\/template-curso_menu_vertical.php","meta":{"footnotes":""},"categories":[],"tags":[],"class_list":["post-7947","page","type-page","status-publish","hentry"],"_links":{"self":[{"href":"https:\/\/portal.unisepe.com.br\/unifia\/wp-json\/wp\/v2\/pages\/7947","targetHints":{"allow":["GET"]}}],"collection":[{"href":"https:\/\/portal.unisepe.com.br\/unifia\/wp-json\/wp\/v2\/pages"}],"about":[{"href":"https:\/\/portal.unisepe.com.br\/unifia\/wp-json\/wp\/v2\/types\/page"}],"author":[{"embeddable":true,"href":"https:\/\/portal.unisepe.com.br\/unifia\/wp-json\/wp\/v2\/users\/1"}],"replies":[{"embeddable":true,"href":"https:\/\/portal.unisepe.com.br\/unifia\/wp-json\/wp\/v2\/comments?post=7947"}],"version-history":[{"count":5,"href":"https:\/\/portal.unisepe.com.br\/unifia\/wp-json\/wp\/v2\/pages\/7947\/revisions"}],"predecessor-version":[{"id":8190,"href":"https:\/\/portal.unisepe.com.br\/unifia\/wp-json\/wp\/v2\/pages\/7947\/revisions\/8190"}],"up":[{"embeddable":true,"href":"https:\/\/portal.unisepe.com.br\/unifia\/wp-json\/wp\/v2\/pages\/348"}],"wp:attachment":[{"href":"https:\/\/portal.unisepe.com.br\/unifia\/wp-json\/wp\/v2\/media?parent=7947"}],"wp:term":[{"taxonomy":"category","embeddable":true,"href":"https:\/\/portal.unisepe.com.br\/unifia\/wp-json\/wp\/v2\/categories?post=7947"},{"taxonomy":"post_tag","embeddable":true,"href":"https:\/\/portal.unisepe.com.br\/unifia\/wp-json\/wp\/v2\/tags?post=7947"}],"curies":[{"name":"wp","href":"https:\/\/api.w.org\/{rel}","templated":true}]}}