{"id":799,"date":"2016-07-14T22:28:24","date_gmt":"2016-07-14T22:28:24","guid":{"rendered":"http:\/\/www.fvr.edu.br\/fvr\/site\/?page_id=799"},"modified":"2024-04-05T18:37:24","modified_gmt":"2024-04-05T21:37:24","slug":"manuais-institucionais","status":"publish","type":"page","link":"https:\/\/portal.unisepe.com.br\/unifia\/manuais-editais-e-regulamentos\/manuais-institucionais\/","title":{"rendered":"Manuais Institucionais"},"content":{"rendered":"<p><strong>Manuais Institucionais<\/strong><\/p>\n<ul>\n<li><a href=\"https:\/\/portal.unisepe.com.br\/wp-content\/uploads\/2024\/02\/UNISEPE-SECRETARIA-VIRUTAL-DISCENTE-.pdf\" target=\"_blank\" rel=\"noopener noreferrer\">Manual Secretaria Virtual<\/a><\/li>\n<li><a href=\"http:\/\/portal.unisepe.com.br\/unifia\/wp-content\/uploads\/sites\/10001\/2018\/06\/manual_atividades_complementares.pdf\" target=\"_blank\" rel=\"noopener noreferrer\">Manual de Procedimentos de Atividades Complementares<\/a><\/li>\n<li><a href=\"http:\/\/portal.unisepe.com.br\/unifia\/wp-content\/uploads\/sites\/10001\/2018\/06\/manual_artigo_cientifico.pdf\" target=\"_blank\" rel=\"noopener noreferrer\">Manual de Artigo Cient\u00edfico MAC<\/a><\/li>\n<li><a href=\"http:\/\/portal.unisepe.com.br\/unifia\/wp-content\/uploads\/sites\/10001\/2018\/06\/manual_relatorio_cientifico.pdf\" target=\"_blank\" rel=\"noopener noreferrer\">Manual de Relat\u00f3rio Cient\u00edfico MRC<\/a><\/li>\n<li><a href=\"http:\/\/portal.unisepe.com.br\/unifia\/wp-content\/uploads\/sites\/10001\/2018\/06\/Manual_biosseguranca.pdf\" target=\"_blank\" rel=\"noopener noreferrer\">Manual de Biosseguran\u00e7a<\/a><\/li>\n<li><a href=\"http:\/\/portal.unisepe.com.br\/unifia\/wp-content\/uploads\/sites\/10001\/2018\/06\/Manual_de_Normas.pdf\" target=\"_blank\" rel=\"noopener noreferrer\">Manual de Normas<\/a><\/li>\n<li><a href=\"https:\/\/portal.unisepe.com.br\/unifia\/wp-content\/uploads\/sites\/10001\/2022\/05\/ALUNO-MANUAL-REMATRICULA.pdf\" target=\"_blank\" rel=\"noopener noreferrer\">Manual de Rematricula<\/a><\/li>\n<li><a href=\"https:\/\/portal.unisepe.com.br\/unifia\/wp-content\/uploads\/sites\/10001\/2024\/04\/MANUAL-DO-ALUNO-20241.pdf\" target=\"_blank\" rel=\"noopener noreferrer\">Manual do Aluno<\/a><\/li>\n<li><a href=\"https:\/\/portal.unisepe.com.br\/unifia\/wp-content\/uploads\/sites\/10001\/2023\/08\/plano-de-fuga.pdf\" target=\"_blank\" rel=\"noopener noreferrer\">Plano de Fuga<\/a><\/li>\n<li><a href=\"https:\/\/portal.unisepe.com.br\/unifia\/wp-content\/uploads\/sites\/10001\/2023\/08\/plano-de-garantia-de-Acessibilidade.pdf\" target=\"_blank\" rel=\"noopener noreferrer\">Plano de Garantia de Acessibilidade<\/a><\/li>\n<\/ul>\n<p><strong>Normas<\/strong><\/p>\n<ul>\n<li><a href=\"https:\/\/portal.unisepe.com.br\/unifia\/wp-content\/uploads\/sites\/10001\/2022\/05\/UNISEPE-NORMAS-PARA-USO-DE-INTERNET.pdf\" target=\"_blank\" rel=\"noopener noreferrer\">Normas para uso de internet<\/a><\/li>\n<\/ul>\n<ul><\/ul>\n<p><strong>Informativos<\/strong><\/p>\n<ul>\n<li><a href=\"https:\/\/portal.unisepe.com.br\/unifia\/wp-content\/uploads\/sites\/10001\/2018\/12\/slide_aviso_virus_2018_Amparo.pdf\" target=\"_blank\" rel=\"noopener noreferrer\">Informativo &#8211; Identificando Boletos Unisepe para n\u00e3o ser v\u00edtima de v\u00edru<\/a><\/li>\n<\/ul>\n<p>&nbsp;<\/p>\n<p>&nbsp;<\/p>\n<p>&nbsp;<\/p>\n<p>&nbsp;<\/p>\n","protected":false},"excerpt":{"rendered":"<p>Manuais Institucionais Manual Secretaria Virtual Manual de Procedimentos de Atividades Complementares Manual de Artigo Cient\u00edfico MAC Manual de Relat\u00f3rio Cient\u00edfico MRC Manual de Biosseguran\u00e7a Manual de Normas Manual de Rematricula Manual do Aluno Plano de Fuga Plano de Garantia de Acessibilidade Normas Normas para uso de internet Informativos Informativo &#8211;<\/p>\n","protected":false},"author":1,"featured_media":0,"parent":788,"menu_order":0,"comment_status":"closed","ping_status":"closed","template":"templates\/template-pagina_menu_vertical.php","meta":{"footnotes":""},"categories":[],"tags":[],"class_list":["post-799","page","type-page","status-publish","hentry"],"_links":{"self":[{"href":"https:\/\/portal.unisepe.com.br\/unifia\/wp-json\/wp\/v2\/pages\/799","targetHints":{"allow":["GET"]}}],"collection":[{"href":"https:\/\/portal.unisepe.com.br\/unifia\/wp-json\/wp\/v2\/pages"}],"about":[{"href":"https:\/\/portal.unisepe.com.br\/unifia\/wp-json\/wp\/v2\/types\/page"}],"author":[{"embeddable":true,"href":"https:\/\/portal.unisepe.com.br\/unifia\/wp-json\/wp\/v2\/users\/1"}],"replies":[{"embeddable":true,"href":"https:\/\/portal.unisepe.com.br\/unifia\/wp-json\/wp\/v2\/comments?post=799"}],"version-history":[{"count":18,"href":"https:\/\/portal.unisepe.com.br\/unifia\/wp-json\/wp\/v2\/pages\/799\/revisions"}],"predecessor-version":[{"id":9967,"href":"https:\/\/portal.unisepe.com.br\/unifia\/wp-json\/wp\/v2\/pages\/799\/revisions\/9967"}],"up":[{"embeddable":true,"href":"https:\/\/portal.unisepe.com.br\/unifia\/wp-json\/wp\/v2\/pages\/788"}],"wp:attachment":[{"href":"https:\/\/portal.unisepe.com.br\/unifia\/wp-json\/wp\/v2\/media?parent=799"}],"wp:term":[{"taxonomy":"category","embeddable":true,"href":"https:\/\/portal.unisepe.com.br\/unifia\/wp-json\/wp\/v2\/categories?post=799"},{"taxonomy":"post_tag","embeddable":true,"href":"https:\/\/portal.unisepe.com.br\/unifia\/wp-json\/wp\/v2\/tags?post=799"}],"curies":[{"name":"wp","href":"https:\/\/api.w.org\/{rel}","templated":true}]}}