{"id":81,"date":"2015-07-28T12:24:00","date_gmt":"2015-07-28T12:24:00","guid":{"rendered":"http:\/\/www.fasupi.com.br\/site\/?page_id=81"},"modified":"2015-07-28T12:24:00","modified_gmt":"2015-07-28T12:24:00","slug":"a-instituicao","status":"publish","type":"page","link":"https:\/\/portal.unisepe.com.br\/unifia\/a-instituicao\/","title":{"rendered":"A Institui\u00e7\u00e3o"},"content":{"rendered":"<p><strong>Hist\u00f3rico institucional <\/strong><\/p>\n<p>Centro Universit\u00e1rio Amparense &#8211; UNIFIA<\/p>\n<p style=\"text-align: justify\">O Centro Universit\u00e1rio Amparense credenciado pela Portaria 195, de 23.01.2006, publicada \u00e0 p\u00e1g. 12 , Se\u00e7\u00e3o I do DOU n\u00ba 17, de 24.01.2006, \u00e9 decorrente da transforma\u00e7\u00e3o em Centro Universit\u00e1rio das Faculdades Integradas de Amparo, sediadas no munic\u00edpio de Amparo, Estado de S\u00e3o Paulo, que por sua vez foram resultante da unifica\u00e7\u00e3o da Faculdade de Ci\u00eancias e Letras \u201cPl\u00ednio Augusto do Amaral\u201d e Faculdade de Ci\u00eancias Cont\u00e1beis de Amparo, unifica\u00e7\u00e3o esta, devidamente autorizada pela Portaria n\u00ba 255, de 11 de fevereiro de 1999, publicada no D.O.U. n\u00ba 31-E, de 17 de fevereiro de 1999, Se\u00e7\u00e3o I, p\u00e1gina 5.<\/p>\n<p style=\"text-align: justify\">\nA Faculdade de Ci\u00eancias e Letras \u201cPl\u00ednio Augusto do Amaral\u201d teve suas atividades iniciadas em 1971, s\u00e3o mais de 40 anos de excelentes servi\u00e7os prestados \u00e0 Educa\u00e7\u00e3o Superior, no munic\u00edpio de Amparo, cidades circunvizinhas, enfim, para toda a Regi\u00e3o Leste do Estado de S\u00e3o Paulo.<\/p>\n<p style=\"text-align: justify\">\nA Faculdade de Ci\u00eancias Cont\u00e1beis de Amparo teve seu funcionamento autorizado por Decreto s\/n de 27\/03\/1995, publicado no D.O.U. de 28.03.1995, Se\u00e7\u00e3o I, p\u00e1gina 4279.<br \/>\nA Sociedade Acad\u00eamica Amparense S\/C Ltda ap\u00f3s a publica\u00e7\u00e3o da Portaria n\u00ba. 889, de 18 de outubro de 2007, passou a ser composta pela Sociedade de Cultura e Educa\u00e7\u00e3o do Litoral Sul, que mantinha o Centro Universit\u00e1rio Amparense no munic\u00edpio de Amparo e as Faculdades Integradas do Vale do Ribeira no munic\u00edpio de Registro -SP; pela Sociedade Sul Mineira de Educa\u00e7\u00e3o e Cultura Ltda., que mantinha as Faculdades ASMEC do munic\u00edpio de Ouro Fino-MG; e pela Sociedade Educacional Santa Marta Ltda, que mantinha a Faculdade de S\u00e3o Louren\u00e7o do munic\u00edpio de S\u00e3o Louren\u00e7o-MG.<\/p>\n<p style=\"text-align: justify\">\nEm janeiro de 2008, a Sociedade Acad\u00eamica Amparense S\/C Ltda mudou sua raz\u00e3o social para Uni\u00e3o das Institui\u00e7\u00f5es de Servi\u00e7os, Ensino e Pesquisa Ltda. \u2013 UNISEPE, tornando-se a mantenedora dos campi relacionados acima.<\/p>\n<p style=\"text-align: justify\">\nO Centro Universit\u00e1rio Amparense \u2013 UNIFIA, consciente de sua miss\u00e3o, tem como filosofia, oferecer um ensino direcionado \u00e0s necessidades da comunidade e da regi\u00e3o, preocupando-se sempre em formar quadros profissionais de ensino, de pesquisa, de extens\u00e3o e de dom\u00ednio e cultivo do saber humano, de modo a atingir os objetivos do ensino superior mais relacionados ao est\u00edmulo da cria\u00e7\u00e3o cultural, do desenvolvimento do esp\u00edrito cient\u00edfico e do pensamento reflexivo.<\/p>\n<p style=\"text-align: justify\">\nA Institui\u00e7\u00e3o sempre procurou, atrav\u00e9s dos cursos que ministra, da pesquisa que incentiva e dos servi\u00e7os especiais que presta uma integra\u00e7\u00e3o com a sociedade onde est\u00e1 inserida, formando diplomados aptos para inser\u00e7\u00e3o em setores profissionais, para participa\u00e7\u00e3o no desenvolvimento da sociedade brasileira, colaborando em sua forma\u00e7\u00e3o cont\u00ednua, incentivando o trabalho de pesquisa e investiga\u00e7\u00e3o cient\u00edfica, com vistas ao desenvolvimento da ci\u00eancia, da tecnologia e da cria\u00e7\u00e3o e difus\u00e3o da cultura, de maneira a desenvolver o entendimento do homem e sua integra\u00e7\u00e3o ao meio em que vive.<\/p>\n","protected":false},"excerpt":{"rendered":"<p>Hist\u00f3rico institucional Centro Universit\u00e1rio Amparense &#8211; UNIFIA O Centro Universit\u00e1rio Amparense credenciado pela Portaria 195, de 23.01.2006, publicada \u00e0 p\u00e1g. 12 , Se\u00e7\u00e3o I do DOU n\u00ba 17, de 24.01.2006, \u00e9 decorrente da transforma\u00e7\u00e3o em Centro Universit\u00e1rio das Faculdades Integradas de Amparo, sediadas no munic\u00edpio de Amparo, Estado de S\u00e3o<\/p>\n","protected":false},"author":1,"featured_media":0,"parent":0,"menu_order":0,"comment_status":"open","ping_status":"open","template":"templates\/template-pagina_menu_vertical.php","meta":{"footnotes":""},"categories":[],"tags":[],"class_list":["post-81","page","type-page","status-publish","hentry"],"_links":{"self":[{"href":"https:\/\/portal.unisepe.com.br\/unifia\/wp-json\/wp\/v2\/pages\/81","targetHints":{"allow":["GET"]}}],"collection":[{"href":"https:\/\/portal.unisepe.com.br\/unifia\/wp-json\/wp\/v2\/pages"}],"about":[{"href":"https:\/\/portal.unisepe.com.br\/unifia\/wp-json\/wp\/v2\/types\/page"}],"author":[{"embeddable":true,"href":"https:\/\/portal.unisepe.com.br\/unifia\/wp-json\/wp\/v2\/users\/1"}],"replies":[{"embeddable":true,"href":"https:\/\/portal.unisepe.com.br\/unifia\/wp-json\/wp\/v2\/comments?post=81"}],"version-history":[{"count":0,"href":"https:\/\/portal.unisepe.com.br\/unifia\/wp-json\/wp\/v2\/pages\/81\/revisions"}],"wp:attachment":[{"href":"https:\/\/portal.unisepe.com.br\/unifia\/wp-json\/wp\/v2\/media?parent=81"}],"wp:term":[{"taxonomy":"category","embeddable":true,"href":"https:\/\/portal.unisepe.com.br\/unifia\/wp-json\/wp\/v2\/categories?post=81"},{"taxonomy":"post_tag","embeddable":true,"href":"https:\/\/portal.unisepe.com.br\/unifia\/wp-json\/wp\/v2\/tags?post=81"}],"curies":[{"name":"wp","href":"https:\/\/api.w.org\/{rel}","templated":true}]}}