{"id":8557,"date":"2023-04-13T17:55:57","date_gmt":"2023-04-13T20:55:57","guid":{"rendered":"https:\/\/portal.unisepe.com.br\/unifia\/?page_id=8557"},"modified":"2025-12-09T13:36:24","modified_gmt":"2025-12-09T16:36:24","slug":"repositorios","status":"publish","type":"page","link":"https:\/\/portal.unisepe.com.br\/unifia\/biblioteca\/repositorios\/","title":{"rendered":"Reposit\u00f3rios"},"content":{"rendered":"<p><strong>REPOSIT\u00d3RIO INSTITUCIONAL DO CENTRO UNIVERIT\u00c1RIO AMPARENSE &#8211; UNIFIA<\/strong><\/p>\n<hr \/>\n<p>&nbsp;<\/p>\n<p><strong>Reposit\u00f3rio dos cursos<\/strong><\/p>\n<hr \/>\n<p>O Reposit\u00f3rio Institucional (RI) do Centro Universit\u00e1rio Amparense (UNIFIA) tem como miss\u00e3o: armazenar, preservar, divulgar e oferecer acesso \u00e0 produ\u00e7\u00e3o cient\u00edfica e institucional do UNIFIA, tem por objetivo disseminar e possibilitar o acesso aberto, \u00e0 produ\u00e7\u00e3o cient\u00edfica, acad\u00eamica, art\u00edstica, t\u00e9cnica e administrativa.<br \/>\n\u00c9 um conjunto de servi\u00e7os oferecidos pela Biblioteca do UNIFIA para a gest\u00e3o e dissemina\u00e7\u00e3o da produ\u00e7\u00e3o cient\u00edfica, em conjunto com a coordena\u00e7\u00e3o do curso e o Setor de Tecnologia da Informa\u00e7\u00e3o que fica disponibilizada na p\u00e1gina da Biblioteca no site do UNIFIA.<\/p>\n<p><a href=\"https:\/\/portal.unisepe.com.br\/unifia\/biblioteca\/repositorios\/biomedicina\/\">Biomedicina<\/a><\/p>\n<p><a href=\"https:\/\/portal.unisepe.com.br\/unifia\/biblioteca\/repositorios\/direito\/\">Direito<\/a><\/p>\n<p><a href=\"https:\/\/portal.unisepe.com.br\/unifia\/biblioteca\/repositorios\/educacao-fisica\/\">Educa\u00e7\u00e3o F\u00edsica<\/a><\/p>\n<p><a href=\"https:\/\/portal.unisepe.com.br\/unifia\/biblioteca\/repositorios\/enfermagem\/\">Enfermagem<\/a><\/p>\n<p><a href=\"https:\/\/portal.unisepe.com.br\/unifia\/biblioteca\/repositorios\/estetica-e-cosmetica\/\">Est\u00e9tica e Cosm\u00e9tica<\/a><\/p>\n<p><a href=\"https:\/\/portal.unisepe.com.br\/unifia\/biblioteca\/repositorios\/nutricao\/\">Nutri\u00e7\u00e3o<\/a><\/p>\n<p><a href=\"https:\/\/portal.unisepe.com.br\/unifia\/biblioteca\/repositorios\/psicologia\/\">Psicologia<\/a><\/p>\n","protected":false},"excerpt":{"rendered":"<p>REPOSIT\u00d3RIO INSTITUCIONAL DO CENTRO UNIVERIT\u00c1RIO AMPARENSE &#8211; UNIFIA &nbsp; Reposit\u00f3rio dos cursos O Reposit\u00f3rio Institucional (RI) do Centro Universit\u00e1rio Amparense (UNIFIA) tem como miss\u00e3o: armazenar, preservar, divulgar e oferecer acesso \u00e0 produ\u00e7\u00e3o cient\u00edfica e institucional do UNIFIA, tem por objetivo disseminar e possibilitar o acesso aberto, \u00e0 produ\u00e7\u00e3o cient\u00edfica, acad\u00eamica,<\/p>\n","protected":false},"author":2,"featured_media":0,"parent":285,"menu_order":0,"comment_status":"closed","ping_status":"closed","template":"templates\/template-pagina_menu_vertical.php","meta":{"footnotes":""},"categories":[],"tags":[],"class_list":["post-8557","page","type-page","status-publish","hentry"],"_links":{"self":[{"href":"https:\/\/portal.unisepe.com.br\/unifia\/wp-json\/wp\/v2\/pages\/8557","targetHints":{"allow":["GET"]}}],"collection":[{"href":"https:\/\/portal.unisepe.com.br\/unifia\/wp-json\/wp\/v2\/pages"}],"about":[{"href":"https:\/\/portal.unisepe.com.br\/unifia\/wp-json\/wp\/v2\/types\/page"}],"author":[{"embeddable":true,"href":"https:\/\/portal.unisepe.com.br\/unifia\/wp-json\/wp\/v2\/users\/2"}],"replies":[{"embeddable":true,"href":"https:\/\/portal.unisepe.com.br\/unifia\/wp-json\/wp\/v2\/comments?post=8557"}],"version-history":[{"count":13,"href":"https:\/\/portal.unisepe.com.br\/unifia\/wp-json\/wp\/v2\/pages\/8557\/revisions"}],"predecessor-version":[{"id":11273,"href":"https:\/\/portal.unisepe.com.br\/unifia\/wp-json\/wp\/v2\/pages\/8557\/revisions\/11273"}],"up":[{"embeddable":true,"href":"https:\/\/portal.unisepe.com.br\/unifia\/wp-json\/wp\/v2\/pages\/285"}],"wp:attachment":[{"href":"https:\/\/portal.unisepe.com.br\/unifia\/wp-json\/wp\/v2\/media?parent=8557"}],"wp:term":[{"taxonomy":"category","embeddable":true,"href":"https:\/\/portal.unisepe.com.br\/unifia\/wp-json\/wp\/v2\/categories?post=8557"},{"taxonomy":"post_tag","embeddable":true,"href":"https:\/\/portal.unisepe.com.br\/unifia\/wp-json\/wp\/v2\/tags?post=8557"}],"curies":[{"name":"wp","href":"https:\/\/api.w.org\/{rel}","templated":true}]}}