{"id":8566,"date":"2023-04-25T17:52:11","date_gmt":"2023-04-25T20:52:11","guid":{"rendered":"https:\/\/portal.unisepe.com.br\/unifia\/?page_id=8566"},"modified":"2024-02-28T18:19:04","modified_gmt":"2024-02-28T21:19:04","slug":"2022-2","status":"publish","type":"page","link":"https:\/\/portal.unisepe.com.br\/unifia\/biblioteca\/repositorios\/psicologia\/2022-2\/","title":{"rendered":"PSICOLOGIA &#8211; 2022"},"content":{"rendered":"<h2 style=\"text-align: center\"><strong>TCC<\/strong><\/h2>\n<p>&nbsp;<\/p>\n<ul>\n<li><em><strong><a href=\"https:\/\/portal.unisepe.com.br\/unifia\/wp-content\/uploads\/sites\/10001\/2023\/04\/TCC-O-PAPEL-DO-PSIC\u00d3LOGO-NA-EQUIPE-DE-CUIDADOS-PALIATIVOS-JUNTO-AO-PACIENTE-COM-C\u00c2NCER-6.pdf\" rel=\"attachment wp-att-6112\">O PAPEL DO PSIC\u00d3LOGO NA EQUIPE DE CUIDADOS PALIATIVOS JUNTO AO PACIENTE COM C\u00c2NCER<\/a><\/strong><\/em><\/li>\n<\/ul>\n<hr \/>\n<ul>\n<li><em><strong><a href=\"https:\/\/portal.unisepe.com.br\/unifia\/wp-content\/uploads\/sites\/10001\/2023\/04\/TCC-ALINE-LETICIA.pdf\" rel=\"attachment wp-att-6113\">OS IMPACTOS DA PANDEMIA DE COVID-19 NA SA\u00daDE MENTAL<\/a><\/strong><\/em><\/li>\n<\/ul>\n<hr \/>\n<ul>\n<li><em><strong><a href=\"https:\/\/portal.unisepe.com.br\/unifia\/wp-content\/uploads\/sites\/10001\/2023\/04\/TCC-Angela-Dedeschi.pdf\" rel=\"attachment wp-att-6113\">A RELA\u00c7\u00c3O DOS CONCEITOS DA APRENDIZAGEM CENTRADA NO ALUNO DE CARL ROGERS COM UM PROJETO DE VALORES NUMA INSTITUI\u00c7\u00c3O EDUCACIONAL NA CIDADE DE AMPARO- SP.<\/a><\/strong><\/em><\/li>\n<\/ul>\n<hr \/>\n<ul>\n<li><em><strong><a href=\"https:\/\/portal.unisepe.com.br\/unifia\/wp-content\/uploads\/sites\/10001\/2023\/04\/TCC-Auana-Oliveira-da-Silva-Psicologia.pdf\" rel=\"attachment wp-att-6113\">CONSTRU\u00c7\u00c3O DA AUTOIMAGEM SOB A CULTURA DO NARCISISMO.<\/a><\/strong><\/em><\/li>\n<\/ul>\n<hr \/>\n<ul>\n<li><em><strong><a href=\"https:\/\/portal.unisepe.com.br\/unifia\/wp-content\/uploads\/sites\/10001\/2023\/04\/TCC.Bruna_.template.revista.pdf\" rel=\"attachment wp-att-6113\">A CL\u00cdNICA AMPLIADA NO CRAS: UMA REVIS\u00c3O INTEGRATIVA.<\/a><\/strong><\/em><\/li>\n<\/ul>\n<hr \/>\n<ul>\n<li><em><strong><a href=\"https:\/\/portal.unisepe.com.br\/unifia\/wp-content\/uploads\/sites\/10001\/2023\/04\/Trabalho-de-Conclus\u00e3o-de-Curso-Femininos.pdf\" rel=\"attachment wp-att-6113\">FEMININOS, FEMINISMO E PROCESSOS DE SUBJETIVA\u00c7\u00c3O.<\/a><\/strong><\/em><\/li>\n<\/ul>\n<hr \/>\n<ul>\n<li><em><strong><a href=\"https:\/\/portal.unisepe.com.br\/unifia\/wp-content\/uploads\/sites\/10001\/2023\/04\/TCC_Isabela.pdf\" rel=\"attachment wp-att-6113\">VIOL\u00caNCIA CONTRA MULHER: PSICAN\u00c1LISE, AMOR E FEMININO.<\/a><\/strong><\/em><\/li>\n<\/ul>\n<hr \/>\n<ul>\n<li><em><strong><a href=\"https:\/\/portal.unisepe.com.br\/unifia\/wp-content\/uploads\/sites\/10001\/2023\/04\/Projeto-TCC-Livya.pdf\" rel=\"attachment wp-att-6113\">BULLYING NO CONTEXTO ESCOLAR.<\/a><\/strong><\/em><\/li>\n<\/ul>\n<hr \/>\n<ul>\n<li><em><strong><a href=\"https:\/\/portal.unisepe.com.br\/unifia\/wp-content\/uploads\/sites\/10001\/2023\/04\/TCC-LUCAS-G.-NARDIN.pdf\" rel=\"attachment wp-att-6113\">CONSTITUI\u00c7\u00c3O DO FATALISMO EM ADOLESCENTES: UMA REVIS\u00c3O INTEGRATIVA.<\/a><\/strong><\/em><\/li>\n<\/ul>\n<hr \/>\n","protected":false},"excerpt":{"rendered":"<p>TCC &nbsp; O PAPEL DO PSIC\u00d3LOGO NA EQUIPE DE CUIDADOS PALIATIVOS JUNTO AO PACIENTE COM C\u00c2NCER OS IMPACTOS DA PANDEMIA DE COVID-19 NA SA\u00daDE MENTAL A RELA\u00c7\u00c3O DOS CONCEITOS DA APRENDIZAGEM CENTRADA NO ALUNO DE CARL ROGERS COM UM PROJETO DE VALORES NUMA INSTITUI\u00c7\u00c3O EDUCACIONAL NA CIDADE DE AMPARO- SP.<\/p>\n","protected":false},"author":2,"featured_media":0,"parent":8569,"menu_order":0,"comment_status":"closed","ping_status":"closed","template":"templates\/template-pagina_menu_vertical.php","meta":{"footnotes":""},"categories":[],"tags":[],"class_list":["post-8566","page","type-page","status-publish","hentry"],"_links":{"self":[{"href":"https:\/\/portal.unisepe.com.br\/unifia\/wp-json\/wp\/v2\/pages\/8566","targetHints":{"allow":["GET"]}}],"collection":[{"href":"https:\/\/portal.unisepe.com.br\/unifia\/wp-json\/wp\/v2\/pages"}],"about":[{"href":"https:\/\/portal.unisepe.com.br\/unifia\/wp-json\/wp\/v2\/types\/page"}],"author":[{"embeddable":true,"href":"https:\/\/portal.unisepe.com.br\/unifia\/wp-json\/wp\/v2\/users\/2"}],"replies":[{"embeddable":true,"href":"https:\/\/portal.unisepe.com.br\/unifia\/wp-json\/wp\/v2\/comments?post=8566"}],"version-history":[{"count":11,"href":"https:\/\/portal.unisepe.com.br\/unifia\/wp-json\/wp\/v2\/pages\/8566\/revisions"}],"predecessor-version":[{"id":8603,"href":"https:\/\/portal.unisepe.com.br\/unifia\/wp-json\/wp\/v2\/pages\/8566\/revisions\/8603"}],"up":[{"embeddable":true,"href":"https:\/\/portal.unisepe.com.br\/unifia\/wp-json\/wp\/v2\/pages\/8569"}],"wp:attachment":[{"href":"https:\/\/portal.unisepe.com.br\/unifia\/wp-json\/wp\/v2\/media?parent=8566"}],"wp:term":[{"taxonomy":"category","embeddable":true,"href":"https:\/\/portal.unisepe.com.br\/unifia\/wp-json\/wp\/v2\/categories?post=8566"},{"taxonomy":"post_tag","embeddable":true,"href":"https:\/\/portal.unisepe.com.br\/unifia\/wp-json\/wp\/v2\/tags?post=8566"}],"curies":[{"name":"wp","href":"https:\/\/api.w.org\/{rel}","templated":true}]}}