{"id":8599,"date":"2023-04-26T14:34:00","date_gmt":"2023-04-26T17:34:00","guid":{"rendered":"https:\/\/portal.unisepe.com.br\/unifia\/?page_id=8599"},"modified":"2024-02-28T18:18:14","modified_gmt":"2024-02-28T21:18:14","slug":"enfermagem-2022","status":"publish","type":"page","link":"https:\/\/portal.unisepe.com.br\/unifia\/biblioteca\/repositorios\/enfermagem\/enfermagem-2022\/","title":{"rendered":"ENFERMAGEM &#8211; 2022"},"content":{"rendered":"<h2 style=\"text-align: center\"><strong>TCC<\/strong><\/h2>\n<p>&nbsp;<\/p>\n<ul>\n<li><em><strong><a href=\"https:\/\/portal.unisepe.com.br\/unifia\/wp-content\/uploads\/sites\/10001\/2023\/04\/TCC_PRISCILA.pdf\" rel=\"attachment wp-att-6112\">CUIDADO DE ENFERMAGEM COM PACIENTE EM INFARTO AGUDO DO MIOC\u00c1RDIO.<\/a><\/strong><\/em><\/li>\n<\/ul>\n<hr \/>\n<ul>\n<li><em><strong><a href=\"https:\/\/portal.unisepe.com.br\/unifia\/wp-content\/uploads\/sites\/10001\/2023\/04\/Tcc-CAMILA-CONSOLIN.pdf\" rel=\"attachment wp-att-6112\">TRANSTORNO AFETIVO BIPOLAR: CARACTER\u00cdSTICAS, CAUSAS E TRATAMENTOS. REVIS\u00c3O DE LITERATURA.<\/a><\/strong><\/em><\/li>\n<\/ul>\n<hr \/>\n<ul>\n<li><em><strong><a href=\"https:\/\/portal.unisepe.com.br\/unifia\/wp-content\/uploads\/sites\/10001\/2023\/04\/Tcc-Cris-e-Joselaine.pdf\" rel=\"attachment wp-att-6112\">CUIDADOS DE ENFERMAGEM AO PACIENTE PORTADOR DE MARCAPASSO.<\/a><\/strong><\/em><\/li>\n<\/ul>\n<hr \/>\n<ul>\n<li><em><strong><a href=\"https:\/\/portal.unisepe.com.br\/unifia\/wp-content\/uploads\/sites\/10001\/2023\/04\/TCC-IURI.pdf\" rel=\"attachment wp-att-6112\">ENFERMAGEM DERMATOL\u00d3GICA COM NOVAS T\u00c9CNICAS DE CUIDADOS A FERIDAS: REVIS\u00c3O DE LITERATURA.<\/a><\/strong><\/em><\/li>\n<\/ul>\n<hr \/>\n<ul>\n<li><em><strong><a href=\"https:\/\/portal.unisepe.com.br\/unifia\/wp-content\/uploads\/sites\/10001\/2023\/04\/TCC-JONATAS.pdf\" rel=\"attachment wp-att-6112\">CORONAV\u00cdRUS:A HIST\u00d3RIA DA COVID-19.<\/a><\/strong><\/em><\/li>\n<\/ul>\n<hr \/>\n<ul>\n<li><em><strong><a href=\"https:\/\/portal.unisepe.com.br\/unifia\/wp-content\/uploads\/sites\/10001\/2023\/04\/TCC-Revista-Unifia.pdf\" rel=\"attachment wp-att-6112\">CUIDADOS PALIATIVOS: PERCEP\u00c7\u00c3O DO ENFERMEIRO FRENTE AOS CUIDADOS PALIATIVOS EM DOEN\u00c7AS CR\u00d4NICAS.<\/a><\/strong><\/em><\/li>\n<\/ul>\n<hr \/>\n","protected":false},"excerpt":{"rendered":"<p>TCC &nbsp; CUIDADO DE ENFERMAGEM COM PACIENTE EM INFARTO AGUDO DO MIOC\u00c1RDIO. TRANSTORNO AFETIVO BIPOLAR: CARACTER\u00cdSTICAS, CAUSAS E TRATAMENTOS. REVIS\u00c3O DE LITERATURA. CUIDADOS DE ENFERMAGEM AO PACIENTE PORTADOR DE MARCAPASSO. ENFERMAGEM DERMATOL\u00d3GICA COM NOVAS T\u00c9CNICAS DE CUIDADOS A FERIDAS: REVIS\u00c3O DE LITERATURA. CORONAV\u00cdRUS:A HIST\u00d3RIA DA COVID-19. CUIDADOS PALIATIVOS: PERCEP\u00c7\u00c3O DO<\/p>\n","protected":false},"author":2,"featured_media":0,"parent":8594,"menu_order":0,"comment_status":"closed","ping_status":"closed","template":"templates\/template-pagina_menu_vertical.php","meta":{"footnotes":""},"categories":[],"tags":[],"class_list":["post-8599","page","type-page","status-publish","hentry"],"_links":{"self":[{"href":"https:\/\/portal.unisepe.com.br\/unifia\/wp-json\/wp\/v2\/pages\/8599","targetHints":{"allow":["GET"]}}],"collection":[{"href":"https:\/\/portal.unisepe.com.br\/unifia\/wp-json\/wp\/v2\/pages"}],"about":[{"href":"https:\/\/portal.unisepe.com.br\/unifia\/wp-json\/wp\/v2\/types\/page"}],"author":[{"embeddable":true,"href":"https:\/\/portal.unisepe.com.br\/unifia\/wp-json\/wp\/v2\/users\/2"}],"replies":[{"embeddable":true,"href":"https:\/\/portal.unisepe.com.br\/unifia\/wp-json\/wp\/v2\/comments?post=8599"}],"version-history":[{"count":10,"href":"https:\/\/portal.unisepe.com.br\/unifia\/wp-json\/wp\/v2\/pages\/8599\/revisions"}],"predecessor-version":[{"id":8609,"href":"https:\/\/portal.unisepe.com.br\/unifia\/wp-json\/wp\/v2\/pages\/8599\/revisions\/8609"}],"up":[{"embeddable":true,"href":"https:\/\/portal.unisepe.com.br\/unifia\/wp-json\/wp\/v2\/pages\/8594"}],"wp:attachment":[{"href":"https:\/\/portal.unisepe.com.br\/unifia\/wp-json\/wp\/v2\/media?parent=8599"}],"wp:term":[{"taxonomy":"category","embeddable":true,"href":"https:\/\/portal.unisepe.com.br\/unifia\/wp-json\/wp\/v2\/categories?post=8599"},{"taxonomy":"post_tag","embeddable":true,"href":"https:\/\/portal.unisepe.com.br\/unifia\/wp-json\/wp\/v2\/tags?post=8599"}],"curies":[{"name":"wp","href":"https:\/\/api.w.org\/{rel}","templated":true}]}}