{"id":8624,"date":"2023-05-02T11:14:02","date_gmt":"2023-05-02T14:14:02","guid":{"rendered":"https:\/\/portal.unisepe.com.br\/unifia\/?page_id=8624"},"modified":"2023-05-02T11:14:46","modified_gmt":"2023-05-02T14:14:46","slug":"empresa-junior","status":"publish","type":"page","link":"https:\/\/portal.unisepe.com.br\/unifia\/empresa-junior\/","title":{"rendered":"Empresa J\u00fanior"},"content":{"rendered":"<p>Apresentamos a Empresa J\u00fanior UNIFIA. \u00c9 uma associa\u00e7\u00e3o civil sem fins lucrativos, com sede \u00e0 Rodovia SP 95, Km 46,5 e foro nesta cidade de Amparo, Estado de S\u00e3o Paulo, tendo por finalidade<\/p>\n<ul>\n<li>Proporcionar a seus membros associados as condi\u00e7\u00f5es necess\u00e1rias \u00e0 aplica\u00e7\u00e3o pr\u00e1tica de seus conhecimentos te\u00f3ricos relativos \u00e0 sua \u00e1rea de forma\u00e7\u00e3o profissional.<\/li>\n<li>Dar \u00e0 sociedade um retorno pelo que ela investe na faculdade, por meio de servi\u00e7os de alta qualidade, realizados por futuros profissionais das \u00e1reas dos Curso de Gradua\u00e7\u00e3o do Centro Universit\u00e1rio Amparense.<\/li>\n<li>Incentivar a capacidade empreendedora do aluno, dando a ele uma vis\u00e3o profissional j\u00e1 no \u00e2mbito acad\u00eamico.<\/li>\n<li>Realizar estudos e elaborar diagn\u00f3sticos e relat\u00f3rios sobre assuntos espec\u00edficos inseridos em sua \u00e1rea de atua\u00e7\u00e3o<\/li>\n<li>Assessorar a implanta\u00e7\u00e3o de solu\u00e7\u00f5es indicadas para problemas diagnosticados.<\/li>\n<li>Valorizar alunos e professores da IES, no mercado de trabalho e no \u00e2mbito acad\u00eamico, bem como a referida institui\u00e7\u00e3o<\/li>\n<\/ul>\n","protected":false},"excerpt":{"rendered":"<p>Apresentamos a Empresa J\u00fanior UNIFIA. \u00c9 uma associa\u00e7\u00e3o civil sem fins lucrativos, com sede \u00e0 Rodovia SP 95, Km 46,5 e foro nesta cidade de Amparo, Estado de S\u00e3o Paulo, tendo por finalidade Proporcionar a seus membros associados as condi\u00e7\u00f5es necess\u00e1rias \u00e0 aplica\u00e7\u00e3o pr\u00e1tica de seus conhecimentos te\u00f3ricos relativos \u00e0<\/p>\n","protected":false},"author":2,"featured_media":0,"parent":0,"menu_order":0,"comment_status":"closed","ping_status":"closed","template":"templates\/template-pagina_menu_vertical.php","meta":{"footnotes":""},"categories":[],"tags":[],"class_list":["post-8624","page","type-page","status-publish","hentry"],"_links":{"self":[{"href":"https:\/\/portal.unisepe.com.br\/unifia\/wp-json\/wp\/v2\/pages\/8624","targetHints":{"allow":["GET"]}}],"collection":[{"href":"https:\/\/portal.unisepe.com.br\/unifia\/wp-json\/wp\/v2\/pages"}],"about":[{"href":"https:\/\/portal.unisepe.com.br\/unifia\/wp-json\/wp\/v2\/types\/page"}],"author":[{"embeddable":true,"href":"https:\/\/portal.unisepe.com.br\/unifia\/wp-json\/wp\/v2\/users\/2"}],"replies":[{"embeddable":true,"href":"https:\/\/portal.unisepe.com.br\/unifia\/wp-json\/wp\/v2\/comments?post=8624"}],"version-history":[{"count":2,"href":"https:\/\/portal.unisepe.com.br\/unifia\/wp-json\/wp\/v2\/pages\/8624\/revisions"}],"predecessor-version":[{"id":8626,"href":"https:\/\/portal.unisepe.com.br\/unifia\/wp-json\/wp\/v2\/pages\/8624\/revisions\/8626"}],"wp:attachment":[{"href":"https:\/\/portal.unisepe.com.br\/unifia\/wp-json\/wp\/v2\/media?parent=8624"}],"wp:term":[{"taxonomy":"category","embeddable":true,"href":"https:\/\/portal.unisepe.com.br\/unifia\/wp-json\/wp\/v2\/categories?post=8624"},{"taxonomy":"post_tag","embeddable":true,"href":"https:\/\/portal.unisepe.com.br\/unifia\/wp-json\/wp\/v2\/tags?post=8624"}],"curies":[{"name":"wp","href":"https:\/\/api.w.org\/{rel}","templated":true}]}}