{"id":8633,"date":"2023-05-02T11:20:32","date_gmt":"2023-05-02T14:20:32","guid":{"rendered":"https:\/\/portal.unisepe.com.br\/unifia\/?page_id=8633"},"modified":"2023-05-02T14:43:49","modified_gmt":"2023-05-02T17:43:49","slug":"oportunizando","status":"publish","type":"page","link":"https:\/\/portal.unisepe.com.br\/unifia\/empresa-junior\/programas\/oportunizando\/","title":{"rendered":"OPORTUNIZANDO"},"content":{"rendered":"<p>O Programa Oportunizando UNIFIA, possibilita o aluno divulgar seu curr\u00edculo em redes sociais bem como criar visibilidade com entrevistas publicadas nas Redes Socias da Empresa J\u00fanior, criando a oportunidade para que ele possa ser encontrado pelas empresas. Tamb\u00e9m proporcionamos aos nossos seguidores a mesma oportunidade.<\/p>\n<p>Siga nossas Redes Sociais <a href=\"https:\/\/linktr.ee\/empresajunior_unifia\">AQUI<\/a> (<a href=\"https:\/\/linktr.ee\/empresajunior_unifia\">https:\/\/linktr.ee\/empresajunior_unifia<\/a>)<\/p>\n","protected":false},"excerpt":{"rendered":"<p>O Programa Oportunizando UNIFIA, possibilita o aluno divulgar seu curr\u00edculo em redes sociais bem como criar visibilidade com entrevistas publicadas nas Redes Socias da Empresa J\u00fanior, criando a oportunidade para que ele possa ser encontrado pelas empresas. Tamb\u00e9m proporcionamos aos nossos seguidores a mesma oportunidade. Siga nossas Redes Sociais AQUI<\/p>\n","protected":false},"author":2,"featured_media":0,"parent":8649,"menu_order":3,"comment_status":"closed","ping_status":"closed","template":"templates\/template-pagina_menu_vertical.php","meta":{"footnotes":""},"categories":[],"tags":[],"class_list":["post-8633","page","type-page","status-publish","hentry"],"_links":{"self":[{"href":"https:\/\/portal.unisepe.com.br\/unifia\/wp-json\/wp\/v2\/pages\/8633","targetHints":{"allow":["GET"]}}],"collection":[{"href":"https:\/\/portal.unisepe.com.br\/unifia\/wp-json\/wp\/v2\/pages"}],"about":[{"href":"https:\/\/portal.unisepe.com.br\/unifia\/wp-json\/wp\/v2\/types\/page"}],"author":[{"embeddable":true,"href":"https:\/\/portal.unisepe.com.br\/unifia\/wp-json\/wp\/v2\/users\/2"}],"replies":[{"embeddable":true,"href":"https:\/\/portal.unisepe.com.br\/unifia\/wp-json\/wp\/v2\/comments?post=8633"}],"version-history":[{"count":1,"href":"https:\/\/portal.unisepe.com.br\/unifia\/wp-json\/wp\/v2\/pages\/8633\/revisions"}],"predecessor-version":[{"id":8634,"href":"https:\/\/portal.unisepe.com.br\/unifia\/wp-json\/wp\/v2\/pages\/8633\/revisions\/8634"}],"up":[{"embeddable":true,"href":"https:\/\/portal.unisepe.com.br\/unifia\/wp-json\/wp\/v2\/pages\/8649"}],"wp:attachment":[{"href":"https:\/\/portal.unisepe.com.br\/unifia\/wp-json\/wp\/v2\/media?parent=8633"}],"wp:term":[{"taxonomy":"category","embeddable":true,"href":"https:\/\/portal.unisepe.com.br\/unifia\/wp-json\/wp\/v2\/categories?post=8633"},{"taxonomy":"post_tag","embeddable":true,"href":"https:\/\/portal.unisepe.com.br\/unifia\/wp-json\/wp\/v2\/tags?post=8633"}],"curies":[{"name":"wp","href":"https:\/\/api.w.org\/{rel}","templated":true}]}}