{"id":9329,"date":"2023-10-23T14:58:43","date_gmt":"2023-10-23T17:58:43","guid":{"rendered":"https:\/\/portal.unisepe.com.br\/unifia\/?page_id=9329"},"modified":"2023-10-23T15:05:20","modified_gmt":"2023-10-23T18:05:20","slug":"ipa","status":"publish","type":"page","link":"https:\/\/portal.unisepe.com.br\/unifia\/empresa-junior\/ipa\/","title":{"rendered":"IPA"},"content":{"rendered":"<h4>&#8211; O que \u00e9?<\/h4>\n<p>&nbsp;<\/p>\n<p>O IPA &#8211; Instituto Amparense de Pesquisa \u00e9 um bra\u00e7o da Empresa J\u00fanior &#8211; UNIFIA que presta informa\u00e7\u00e3o \u00e0 sociedade de quest\u00f5es ligadas a economia, educa\u00e7\u00e3o, lazer e sa\u00fade, onde que proporciona pesquisas atuais de assuntos de Amparo-SP e regi\u00e3o, criando pensamento cr\u00edtico, incentivo a pesquisa, inicia\u00e7\u00e3o cient\u00edfica e atualiza\u00e7\u00e3o.<\/p>\n<p>&nbsp;<\/p>\n<p>As pesquisas acontecer\u00e3o uma vez por m\u00eas, tendo o ano como Edi\u00e7\u00e3o e Volumes o m\u00eas, lan\u00e7adas sempre ao final de cada m\u00eas. A primeira pesquisa foi realizada em Outubro de 2023, sendo a Edi\u00e7\u00e3o 1, Volume 1 publicada em 23 de outubro de 2023, tendo como tema As Varia\u00e7\u00f5es do Pre\u00e7o das Cestas B\u00e1sicas de Amparo-SP e Regi\u00e3o.<\/p>\n<p>&nbsp;<\/p>\n<h4>&#8211; Pesquisas<\/h4>\n<p>&nbsp;<\/p>\n<p><a href=\"https:\/\/portal.unisepe.com.br\/unifia\/wp-content\/uploads\/sites\/10001\/2023\/10\/Variac\u0327a\u0303o-de-Prec\u0327o-da-Cesta-Ba\u0301sica-2023-Edicao1_Volume1_23_10_23.pdf\" target=\"_blank\" rel=\"noopener noreferrer\">Varia\u00e7\u00e3o de Pre\u00e7o Na Cesta Basica_edicao1_volume1_23_10_23<\/a><\/p>\n","protected":false},"excerpt":{"rendered":"<p>&#8211; O que \u00e9? &nbsp; O IPA &#8211; Instituto Amparense de Pesquisa \u00e9 um bra\u00e7o da Empresa J\u00fanior &#8211; UNIFIA que presta informa\u00e7\u00e3o \u00e0 sociedade de quest\u00f5es ligadas a economia, educa\u00e7\u00e3o, lazer e sa\u00fade, onde que proporciona pesquisas atuais de assuntos de Amparo-SP e regi\u00e3o, criando pensamento cr\u00edtico, incentivo a<\/p>\n","protected":false},"author":2,"featured_media":0,"parent":8624,"menu_order":7,"comment_status":"closed","ping_status":"closed","template":"templates\/template-pagina_menu_vertical.php","meta":{"footnotes":""},"categories":[],"tags":[],"class_list":["post-9329","page","type-page","status-publish","hentry"],"_links":{"self":[{"href":"https:\/\/portal.unisepe.com.br\/unifia\/wp-json\/wp\/v2\/pages\/9329","targetHints":{"allow":["GET"]}}],"collection":[{"href":"https:\/\/portal.unisepe.com.br\/unifia\/wp-json\/wp\/v2\/pages"}],"about":[{"href":"https:\/\/portal.unisepe.com.br\/unifia\/wp-json\/wp\/v2\/types\/page"}],"author":[{"embeddable":true,"href":"https:\/\/portal.unisepe.com.br\/unifia\/wp-json\/wp\/v2\/users\/2"}],"replies":[{"embeddable":true,"href":"https:\/\/portal.unisepe.com.br\/unifia\/wp-json\/wp\/v2\/comments?post=9329"}],"version-history":[{"count":2,"href":"https:\/\/portal.unisepe.com.br\/unifia\/wp-json\/wp\/v2\/pages\/9329\/revisions"}],"predecessor-version":[{"id":9332,"href":"https:\/\/portal.unisepe.com.br\/unifia\/wp-json\/wp\/v2\/pages\/9329\/revisions\/9332"}],"up":[{"embeddable":true,"href":"https:\/\/portal.unisepe.com.br\/unifia\/wp-json\/wp\/v2\/pages\/8624"}],"wp:attachment":[{"href":"https:\/\/portal.unisepe.com.br\/unifia\/wp-json\/wp\/v2\/media?parent=9329"}],"wp:term":[{"taxonomy":"category","embeddable":true,"href":"https:\/\/portal.unisepe.com.br\/unifia\/wp-json\/wp\/v2\/categories?post=9329"},{"taxonomy":"post_tag","embeddable":true,"href":"https:\/\/portal.unisepe.com.br\/unifia\/wp-json\/wp\/v2\/tags?post=9329"}],"curies":[{"name":"wp","href":"https:\/\/api.w.org\/{rel}","templated":true}]}}