{"id":9481,"date":"2024-01-02T16:51:10","date_gmt":"2024-01-02T19:51:10","guid":{"rendered":"https:\/\/portal.unisepe.com.br\/unifia\/?page_id=9481"},"modified":"2025-01-03T19:14:11","modified_gmt":"2025-01-03T22:14:11","slug":"ano-2024","status":"publish","type":"page","link":"https:\/\/portal.unisepe.com.br\/unifia\/direito-em-foco\/ano-2024\/","title":{"rendered":"Ano 2024"},"content":{"rendered":"<h6>Artigos<\/h6>\n<p>&nbsp;<\/p>\n<ul>\n<li><a href=\"https:\/\/portal.unisepe.com.br\/unifia\/wp-content\/uploads\/sites\/10001\/2024\/01\/JUSTANDO-A-LEGISLA\u00c7\u00c3O-COMO-OS-ARTIGOS-1.618-A-1.629-DO-C\u00d3DIGO-CIVIL-E-A-LEI-N\u00b0-13.509-2017-INFLUENCIAM-O-PROCESSO-DE-ADO\u00c7\u00c3O-E-COMO-PODEM-SER-SIMPLIFICADOS.-p\u00e1g-01-\u00e0-08.pdf\" target=\"_blank\" rel=\"noopener noreferrer\">AJUSTANDO A LEGISLA\u00c7\u00c3O: COMO OS ARTIGOS 1.618 A 1.629 DO C\u00d3DIGO CIVIL E A LEI N\u00b0 13.509\/2017 INFLUENCIAM O PROCESSO DE ADO\u00c7\u00c3O E COMO PODEM SER SIMPLIFICADOS &#8211; p\u00e1g 01 \u00e0 08<\/a><br \/>\n<em>Brenda Aparecida Scheffeer Bonamichi<br \/>\nMarcelo Costa Ribeiro (Orient.)<br \/>\n<\/em><\/li>\n<\/ul>\n<hr \/>\n<ul>\n<li><a href=\"https:\/\/portal.unisepe.com.br\/unifia\/wp-content\/uploads\/sites\/10001\/2024\/01\/O-DIREITO-INTERNACIONAL-PRIVADO-EM-PERSPECTIVA.-p\u00e1g-09-\u00e0-11.pdf\" target=\"_blank\" rel=\"noopener noreferrer\">O DIREITO INTERNACIONAL PRIVADO EM PERSPECTIVA &#8211; p\u00e1g 09 \u00e0 11<\/a><br \/>\n<em>Rog\u00e9rio Duarte Fernandes dos Passos<br \/>\n<\/em><\/li>\n<\/ul>\n<hr \/>\n<ul>\n<li><a href=\"https:\/\/portal.unisepe.com.br\/unifia\/wp-content\/uploads\/sites\/10001\/2024\/01\/OS-IMPACTOS-DOS-CORTES-OR\u00c7AMENT\u00c1RIOS-NA-POL\u00cdTICA-P\u00daBLICA-p\u00e1g-12-a-49.pdf\" target=\"_blank\" rel=\"noopener noreferrer\">OS IMPACTOS DOS CORTES OR\u00c7AMENT\u00c1RIOS NA POL\u00cdTICA P\u00daBLICA DE ASSIST\u00caNCIA SOCIAL DURANTE O GOVERNO BOLSONARO NO BRASIL &#8211; p\u00e1g 12 \u00e0 49<\/a><br \/>\n<em>Isabela Caroline Correia da Mota<br \/>\nRafaela de Oliveira<br \/>\nRayane Nogueira do Nascimento<br \/>\nSilmara Quintana<br \/>\n<\/em><\/li>\n<\/ul>\n<hr \/>\n<ul>\n<li><a href=\"https:\/\/portal.unisepe.com.br\/unifia\/wp-content\/uploads\/sites\/10001\/2024\/01\/Endere\u00e7amento-ao-Poder-Judici\u00e1rio-Redund\u00e2ncia-desnecess\u00e1ria.pdf\" target=\"_blank\" rel=\"noopener noreferrer\">ENDERE\u00c7AMENTO AO PODER JUDICI\u00c1RIO: \u201cREDUND\u00c2NCIA DESNECESS\u00c1RIA\u201d &#8211; p\u00e1g 50 \u00e0 61<\/a><br \/>\n<em>Leandro Machado Leme Pontes<br \/>\nRafael Martins<br \/>\nJos\u00e9 Arthur Sanches de Castro<br \/>\nRoberta Carmona<br \/>\n<\/em><\/li>\n<\/ul>\n<hr \/>\n<ul>\n<li><a href=\"https:\/\/portal.unisepe.com.br\/unifia\/wp-content\/uploads\/sites\/10001\/2024\/02\/CONTRADI\u00c7\u00d5ES-CONSTITUCIONAIS-ENTRE-A-PRESERVA\u00c7\u00c3O-CULTURAL-E-A-PROTE\u00c7\u00c3O-AO-MEIO-AMBIENTE-O-CASO-DOS-BERIMBAUS.-p\u00e1g-62-\u00e0-69.pdf\" target=\"_blank\" rel=\"noopener noreferrer\">CONTRADI\u00c7\u00d5ES CONSTITUCIONAIS ENTRE A PRESERVA\u00c7\u00c3O CULTURAL E A PROTE\u00c7\u00c3O AO MEIO AMBIENTE: O CASO DOS BERIMBAUS &#8211; p\u00e1g 62 \u00e0 69<\/a><br \/>\n<em>Sergio Luiz de Souza Vieira<br \/>\n<\/em><\/li>\n<\/ul>\n<hr \/>\n<ul>\n<li><a href=\"https:\/\/portal.unisepe.com.br\/unifia\/wp-content\/uploads\/sites\/10001\/2024\/03\/DOUTRINA-HIST\u00d3RIA-E-ESCOLAS-NO-DIREITO-INTERNACIONAL-PRIVADO.-p\u00e1g-70-\u00e0-74.pdf\" target=\"_blank\" rel=\"noopener noreferrer\">DOUTRINA, HIST\u00d3RIA E ESCOLAS NO DIREITO INTERNACIONAL PRIVADO &#8211; p\u00e1g 70 \u00e0 74<\/a><br \/>\n<em>Rog\u00e9rio Duarte Fernandes dos Passos<br \/>\n<\/em><\/li>\n<\/ul>\n<hr \/>\n<ul>\n<li><a href=\"https:\/\/portal.unisepe.com.br\/unifia\/wp-content\/uploads\/sites\/10001\/2024\/03\/RELA\u00c7\u00d5ES-ENTRE-O-EXISTENCIALISMO-DE-SARTRE-E-O-DIREITO.-p\u00e1g-75-\u00e0-82.pdf\" target=\"_blank\" rel=\"noopener noreferrer\">RELA\u00c7\u00d5ES ENTRE O EXISTENCIALISMO DE SARTRE E O DIREITO &#8211; p\u00e1g 75 \u00e0 82<\/a><br \/>\n<em>Lu\u00eds Felipe de Freitas Silv\u00e9rio<br \/>\n<\/em><\/li>\n<\/ul>\n<hr \/>\n<ul>\n<li><a href=\"https:\/\/portal.unisepe.com.br\/unifia\/wp-content\/uploads\/sites\/10001\/2024\/04\/COMUNICA\u00c7\u00c3O-M\u00d3VEL-5G-APONTAMENTOS-SOBRE-O-DESENVOLVIMENTO-SOCIAL-NO-BRASIL-EM-UMA-NOVA-ERA-DIGITAL.-p\u00e1g-83-\u00e0-104.pdf\" target=\"_blank\" rel=\"noopener noreferrer\">COMUNICA\u00c7\u00c3O M\u00d3VEL 5G: APONTAMENTOS SOBRE O DESENVOLVIMENTO SOCIAL NO BRASIL EM UMA NOVA ERA DIGITAL &#8211; p\u00e1g 83 \u00e0 104<\/a><br \/>\n<em>Elias Marques de Medeiros Neto<br \/>\nN\u00e9rio Andrade de Brida<br \/>\n<\/em><\/li>\n<\/ul>\n<hr \/>\n<ul>\n<li><a href=\"https:\/\/portal.unisepe.com.br\/unifia\/wp-content\/uploads\/sites\/10001\/2024\/05\/INTERSEC\u00c7\u00c3O-DE-JURISDI\u00c7\u00d5ES-AN\u00c1LISE-DA-EXECU\u00c7\u00c3O-DE-PENAS-ESTRANGEIRAS-NO-BRASIL-E-A-CONFORMIDADE-COM-O-DIREITO-CONSTITUCIONAL-p\u00e1g-105-a-115.pdf\" target=\"_blank\" rel=\"noopener noreferrer\">INTERSEC\u00c7\u00c3O DE JURISDI\u00c7\u00d5ES: AN\u00c1LISE DA EXECU\u00c7\u00c3O DE PENAS ESTRANGEIRAS NO BRASIL E A CONFORMIDADE COM O DIREITO CONSTITUCIONAL &#8211; p\u00e1g 105 \u00e0 115<\/a><br \/>\n<em>Marcelo Costa Ribeiro<br \/>\nHian Henrique de Sousa<br \/>\nJo\u00e3o Lucas Cassio da Silva<br \/>\n<\/em><\/li>\n<\/ul>\n<hr \/>\n<ul>\n<li><a href=\"https:\/\/portal.unisepe.com.br\/unifia\/wp-content\/uploads\/sites\/10001\/2024\/05\/RESPONSABILIDADE-CIVIL-DO-ESTADO-NO-SISTEMA-CARCER\u00c1RIO-BRASILEIRO.-p\u00e1g-116-\u00e0-128.pdf\" target=\"_blank\" rel=\"noopener noreferrer\">RESPONSABILIDADE CIVIL DO ESTADO NO SISTEMA CARCER\u00c1RIO BRASILEIRO &#8211; p\u00e1g 116 \u00e0 128<\/a><br \/>\n<em>Amanda Aparecida Pereira Nogueira<br \/>\nGeraldo Luiz Vianna<br \/>\n<\/em><\/li>\n<\/ul>\n<hr \/>\n<ul>\n<li><a href=\"https:\/\/portal.unisepe.com.br\/unifia\/wp-content\/uploads\/sites\/10001\/2024\/05\/REVISITANDO-EM-NOTAS-\u201cHERMEN\u00caUTICA-E-APLICA\u00c7\u00c3O-DO-DIREITO\u201d-CL\u00c1SSICO-DE-CARLOS-MAXIMILIANO.-p\u00e1g-129-\u00e0-132.pdf\" target=\"_blank\" rel=\"noopener noreferrer\">REVISITANDO EM NOTAS \u201cHERMEN\u00caUTICA E APLICA\u00c7\u00c3O DO DIREITO\u201d, CL\u00c1SSICO DE CARLOS MAXIMILIANO &#8211; p\u00e1g 129 \u00e0 132<\/a><br \/>\n<em>Rog\u00e9rio Duarte Fernandes dos Passos <\/em><\/li>\n<\/ul>\n<hr \/>\n<ul>\n<li><a href=\"https:\/\/portal.unisepe.com.br\/unifia\/wp-content\/uploads\/sites\/10001\/2024\/06\/AN\u00c1LISE-DO-FERIMENTO-FATAL-DE-VINCENT-VAN-GOGH-\u2013-BAL\u00cdSTICA-FORENSE-REVIS\u00c3O-DE-LITERATURA.-p\u00e1g-133-\u00e0-158.pdf\" target=\"_blank\" rel=\"noopener noreferrer\">AN\u00c1LISE DO FERIMENTO FATAL DE VINCENT VAN GOGH \u2013 BAL\u00cdSTICA FORENSE &#8211; REVIS\u00c3O DE LITERATURA. &#8211; p\u00e1g 133 \u00e0 158<\/a><br \/>\n<em>Ilaiane Fabri<\/em><\/li>\n<\/ul>\n<hr \/>\n<ul>\n<li><a href=\"https:\/\/portal.unisepe.com.br\/unifia\/wp-content\/uploads\/sites\/10001\/2024\/06\/SISTEMA-DE-RESPONSABILIZA\u00c7\u00c3O-JUVENIL.-p\u00e1g-159-\u00e0-171.pdf\" target=\"_blank\" rel=\"noopener noreferrer\">SISTEMA DE RESPONSABILIZA\u00c7\u00c3O JUVENIL &#8211; p\u00e1g 159 \u00e0 171<\/a><br \/>\n<em>Elaine Cristina Mariano Dos Santos<br \/>\nHellen Fernandes Fraga Meira<br \/>\nMell Oliveira Lima<br \/>\nRoberta Carmona<br \/>\n<\/em><\/li>\n<\/ul>\n<hr \/>\n<ul>\n<li><a href=\"https:\/\/portal.unisepe.com.br\/unifia\/wp-content\/uploads\/sites\/10001\/2024\/06\/O-PRINC\u00cdPIO-DA-INSIGNIFIC\u00c2NCIA-E-APLICABILIDADE-NO-DIREITO-PENAL-p\u00e1g-172-\u00e0-188.pdf\" target=\"_blank\" rel=\"noopener noreferrer\">O PRINC\u00cdPIO DA INSIGNIFIC\u00c2NCIA E APLICABILIDADE NO DIREITO PENAL &#8211; p\u00e1g 172 \u00e0 188<\/a><br \/>\n<em>Angelo Antonio Depieri<br \/>\nAnt\u00f4nia Jocarta Coutinho Lemos<br \/>\nCamila Cristina Mendes Castilho<br \/>\nLet\u00edcia Silva Ferreira Lima<br \/>\n<\/em><\/li>\n<\/ul>\n<hr \/>\n<ul>\n<li><a href=\"https:\/\/portal.unisepe.com.br\/unifia\/wp-content\/uploads\/sites\/10001\/2024\/07\/RELENDO-\u2018DOS-DELITOS-E-DAS-PENAS\u201d-CLA\u0301SSICO-DO-DIREITO-PENAL-DE-CESARE-BECCARIA-1738-1794-pa\u0301g-189-a\u0300-191.pdf\" target=\"_blank\" rel=\"noopener noreferrer\">RELENDO \u2018DOS DELITOS E DAS PENAS\u201d, CL\u00c1SSICO DO DIREITO PENAL DE CESARE BECCARIA (1738-1794) &#8211; p\u00e1g 189 \u00e0 191<\/a><br \/>\n<em>Rog\u00e9rio Duarte Fernandes dos Passos<br \/>\n<\/em><\/li>\n<\/ul>\n<hr \/>\n<ul>\n<li><a href=\"https:\/\/portal.unisepe.com.br\/unifia\/wp-content\/uploads\/sites\/10001\/2024\/07\/REVOLUCIONOU-OU-N\u00c3O-\u201cDESVALORIZADO-PARA-FICAR-E-VALORIZADO-PARA-SAIR\u201d-REVISITANDO-O-CASO-BOSMAN-AP\u00d3S-TR\u00caS-D\u00c9CADAS-p\u00e1g-192-\u00e0-198.pdf\" target=\"_blank\" rel=\"noopener noreferrer\">REVOLUCIONOU OU N\u00c3O? \u201cDESVALORIZADO PARA FICAR E VALORIZADO PARA SAIR\u201d: REVISITANDO O CASO BOSMAN AP\u00d3S TR\u00caS D\u00c9CADAS &#8211; p\u00e1g 192 \u00e0 198<\/a><br \/>\n<em>Rog\u00e9rio Duarte Fernandes dos Passos<br \/>\n<\/em><\/li>\n<\/ul>\n<hr \/>\n<ul>\n<li><a href=\"https:\/\/portal.unisepe.com.br\/unifia\/wp-content\/uploads\/sites\/10001\/2024\/08\/BREVES-REFLEX\u00d5ES-SOBRE-A-REFORMA-TRABALHISTA-E-A-JORNADA-DE-TRABALHO-\u2013-p\u00e1g-199-\u00e0-214.pdf\" target=\"_blank\" rel=\"noopener noreferrer\">BREVES REFLEX\u00d5ES SOBRE A REFORMA TRABALHISTA E A JORNADA DE TRABALHO &#8211; p\u00e1g 199 \u00e0 214<\/a><br \/>\n<em>Renato Passos Ornelas<br \/>\n<\/em><\/li>\n<\/ul>\n<hr \/>\n<ul>\n<li><a href=\"https:\/\/portal.unisepe.com.br\/unifia\/wp-content\/uploads\/sites\/10001\/2024\/08\/O-\u201cPOR-QU\u00ca\u201d-DE-TER-OCORRIDO-A-INAPLICABILIDADE-DA-NOVA-LEI-DE-LICITA\u00c7\u00d5ES-MESMO-COM-A-\u201cVACTIO-LEGIS\u201d-T\u00c3O-LONGA-UMA-ABORDAGEM-DO-TEMA-p\u00e1g-215-\u00e0-217.pdf\" target=\"_blank\" rel=\"noopener noreferrer\">O \u201cPOR QU\u00ca\u201d DE TER OCORRIDO A (IN)APLICABILIDADE DA NOVA LEI DE LICITA\u00c7\u00d5ES MESMO COM A \u201cVACTIO LEGIS\u201d T\u00c3O LONGA: UMA ABORDAGEM DO TEMA &#8211; p\u00e1g 215 \u00e0 217<\/a><br \/>\n<em>Marcos Ant\u00f4nio Pinto Teixeira<br \/>\n<\/em><\/li>\n<\/ul>\n<hr \/>\n<ul>\n<li><a href=\"https:\/\/portal.unisepe.com.br\/unifia\/wp-content\/uploads\/sites\/10001\/2024\/10\/INFLU\u00caNCIAS-NA-VIS\u00c3O-GLOBAL-DOS-DIREITOS-HUMANOS-OCASIONADAS-PELA-IMPUNIDADE-DOS-CRIMES-DE-GUERRA-NA-FAIXA-DE-GAZA-p\u00e1g-218-\u00e0-231.pdf\" target=\"_blank\" rel=\"noopener noreferrer\">INFLU\u00caNCIAS NA VIS\u00c3O GLOBAL DOS DIREITOS HUMANOS OCASIONADAS PELA IMPUNIDADE DOS CRIMES DE GUERRA NA FAIXA DE GAZA &#8211; p\u00e1g 218 \u00e0 231<\/a><br \/>\n<em>Marcelo Costa Ribeiro<br \/>\nL\u00edvia Maria Barcelos Dias<br \/>\nL\u00edvia Emanuelle de Paula Vitorino<br \/>\nJamily Carolini Siqueira<br \/>\nPaulo Vitor de Alc\u00e2ntara Fernandes<br \/>\nSidney Severino da Silva<br \/>\n<\/em><\/li>\n<\/ul>\n<hr \/>\n<ul>\n<li><a href=\"https:\/\/portal.unisepe.com.br\/unifia\/wp-content\/uploads\/sites\/10001\/2024\/11\/OS-PRINC\u00cdPIOS-GERAIS-DE-DIREITO-DE-FAM\u00cdLIA-p\u00e1g-232-\u00e0-245.pdf\" target=\"_blank\" rel=\"noopener noreferrer\">OS PRINC\u00cdPIOS GERAIS DE DIREITO DE FAM\u00cdLIA &#8211; p\u00e1g 232 \u00e0 245<\/a><em><br \/>\nRenato Passos Ornelas<br \/>\n<\/em><\/li>\n<\/ul>\n<hr \/>\n<ul>\n<li><a href=\"https:\/\/portal.unisepe.com.br\/unifia\/wp-content\/uploads\/sites\/10001\/2024\/12\/DIREITOS-FUNDAMENTAIS-E-PONDERA\u00c7\u00c3O-\u2013-APONTAMENTOS-A-PARTIR-DA-DOUTRINA-DE-ROBERT-ALEXY.-p\u00e1g-246-\u00e0-261.pdf\" target=\"_blank\" rel=\"noopener noreferrer\">DIREITOS FUNDAMENTAIS E PONDERA\u00c7\u00c3O \u2013 APONTAMENTOS A PARTIR DA DOUTRINA DE ROBERT ALEXY. &#8211; p\u00e1g 246 \u00e0 261<\/a><em><br \/>\nPedro Henrique Nunes Fernandes<br \/>\nWanderson Gomes de Oliveira<br \/>\n<\/em><\/li>\n<\/ul>\n<hr \/>\n<ul>\n<li><a href=\"https:\/\/portal.unisepe.com.br\/unifia\/wp-content\/uploads\/sites\/10001\/2024\/12\/JUDICIALIZA\u00c7\u00c3O-E-ATIVISMO-JUDICIAL-CAUSAS-E-CONSEQU\u00caNCIAS.-p\u00e1g-262-\u00e0-271.pdf\" target=\"_blank\" rel=\"noopener noreferrer\">JUDICIALIZA\u00c7\u00c3O E ATIVISMO JUDICIAL: CAUSAS E CONSEQU\u00caNCIAS. &#8211; p\u00e1g 262 \u00e0 271<\/a><em><br \/>\nDavi Diniz da Costa<br \/>\nMaria Bianca Nogueira Palma<br \/>\nMiri\u00e3 Eluiza Leite Mendes de Carvalho<br \/>\nLarissa de Jesus Silva Salgado<br \/>\nAruan\u00e3 Rossari Clemente dos Santos<br \/>\nAndrey Martins de Souza<br \/>\nSabrina Ribeiro da Silva<br \/>\nMirella Carolina Fernandes Carvalho<br \/>\nKelvin Wilian da Silva Ramos<br \/>\nGeraldo Luiz Vianna<br \/>\n<\/em><\/li>\n<\/ul>\n<hr \/>\n<ul>\n<li><a href=\"https:\/\/portal.unisepe.com.br\/unifia\/wp-content\/uploads\/sites\/10001\/2024\/12\/A-PRECARIEDADE-DO-SISTEMA-PRISIONAL-BRASILEIRO-E-SUA-INTERFER\u00caNCIA-NAS-DECIS\u00d5ES-DO-PODER-JUDICI\u00c1RIO-1.pdf\" target=\"_blank\" rel=\"noopener noreferrer\">A PRECARIEDADE DO SISTEMA PRISIONAL BRASILEIRO E SUA INTERFER\u00caNCIA NAS DECIS\u00d5ES DO PODER JUDICI\u00c1RIO: UMA AN\u00c1LISE DA S\u00daMULA VINCULANTE 56 E OS ENTENDIMENTOS DO SUPREMO TRIBUNAL FEDERAL SOBRE A TEM\u00c1TICA. &#8211; p\u00e1g 272 \u00e0 291<\/a><em><br \/>\nCaroline dos Santos Louren\u00e7o<br \/>\nLeandro Abdalla Ferrer<br \/>\n<\/em><\/li>\n<\/ul>\n<hr \/>\n<ul>\n<li><a href=\"https:\/\/portal.unisepe.com.br\/unifia\/wp-content\/uploads\/sites\/10001\/2025\/01\/TCC-MATHEUS-LUIZ-revista.pdf\" target=\"_blank\" rel=\"noopener noreferrer\">Direito Can\u00f4nico: Aspectos da Nulidade de Matrim\u00f4nio sob Estudo do Tribunal Eclesi\u00e1stico da Diocese da Campanha MG &#8211; p\u00e1g 292 \u00e0 306<\/a><em><br \/>\nMatheus Luiz Sousa<br \/>\nLeandro Abdalla Ferrer<br \/>\n<\/em><\/li>\n<\/ul>\n<hr \/>\n","protected":false},"excerpt":{"rendered":"<p>Artigos &nbsp; AJUSTANDO A LEGISLA\u00c7\u00c3O: COMO OS ARTIGOS 1.618 A 1.629 DO C\u00d3DIGO CIVIL E A LEI N\u00b0 13.509\/2017 INFLUENCIAM O PROCESSO DE ADO\u00c7\u00c3O E COMO PODEM SER SIMPLIFICADOS &#8211; p\u00e1g 01 \u00e0 08 Brenda Aparecida Scheffeer Bonamichi Marcelo Costa Ribeiro (Orient.) O DIREITO INTERNACIONAL PRIVADO EM PERSPECTIVA &#8211; p\u00e1g<\/p>\n","protected":false},"author":2,"featured_media":0,"parent":2722,"menu_order":0,"comment_status":"closed","ping_status":"closed","template":"templates\/template-pagina_menu_vertical.php","meta":{"footnotes":""},"categories":[],"tags":[],"class_list":["post-9481","page","type-page","status-publish","hentry"],"_links":{"self":[{"href":"https:\/\/portal.unisepe.com.br\/unifia\/wp-json\/wp\/v2\/pages\/9481","targetHints":{"allow":["GET"]}}],"collection":[{"href":"https:\/\/portal.unisepe.com.br\/unifia\/wp-json\/wp\/v2\/pages"}],"about":[{"href":"https:\/\/portal.unisepe.com.br\/unifia\/wp-json\/wp\/v2\/types\/page"}],"author":[{"embeddable":true,"href":"https:\/\/portal.unisepe.com.br\/unifia\/wp-json\/wp\/v2\/users\/2"}],"replies":[{"embeddable":true,"href":"https:\/\/portal.unisepe.com.br\/unifia\/wp-json\/wp\/v2\/comments?post=9481"}],"version-history":[{"count":27,"href":"https:\/\/portal.unisepe.com.br\/unifia\/wp-json\/wp\/v2\/pages\/9481\/revisions"}],"predecessor-version":[{"id":10525,"href":"https:\/\/portal.unisepe.com.br\/unifia\/wp-json\/wp\/v2\/pages\/9481\/revisions\/10525"}],"up":[{"embeddable":true,"href":"https:\/\/portal.unisepe.com.br\/unifia\/wp-json\/wp\/v2\/pages\/2722"}],"wp:attachment":[{"href":"https:\/\/portal.unisepe.com.br\/unifia\/wp-json\/wp\/v2\/media?parent=9481"}],"wp:term":[{"taxonomy":"category","embeddable":true,"href":"https:\/\/portal.unisepe.com.br\/unifia\/wp-json\/wp\/v2\/categories?post=9481"},{"taxonomy":"post_tag","embeddable":true,"href":"https:\/\/portal.unisepe.com.br\/unifia\/wp-json\/wp\/v2\/tags?post=9481"}],"curies":[{"name":"wp","href":"https:\/\/api.w.org\/{rel}","templated":true}]}}