{"id":9486,"date":"2024-01-02T16:53:15","date_gmt":"2024-01-02T19:53:15","guid":{"rendered":"https:\/\/portal.unisepe.com.br\/unifia\/?page_id=9486"},"modified":"2024-11-21T13:55:34","modified_gmt":"2024-11-21T16:55:34","slug":"ano-2024","status":"publish","type":"page","link":"https:\/\/portal.unisepe.com.br\/unifia\/gestao-em-foco\/ano-2024\/","title":{"rendered":"Ano 2024"},"content":{"rendered":"<h6>Artigos<\/h6>\n<p>&nbsp;<\/p>\n<ul>\n<li><a href=\"https:\/\/portal.unisepe.com.br\/unifia\/wp-content\/uploads\/sites\/10001\/2024\/01\/\u00cdNDICE-DE-APROVA\u00c7\u00c3O-NO-EXAME-SUFICI\u00caNCIA-CONT\u00c1BIL-UM-COMPARATIVO-ENTRE-ACAD\u00caMICOS-DE-REDE-P\u00daBLICA-E-PRIVADA-p\u00e1g-1-a-14.pdf\" target=\"_blank\" rel=\"noopener noreferrer\">\u00cdNDICE DE APROVA\u00c7\u00c3O NO EXAME SUFICI\u00caNCIA CONT\u00c1BIL: UM COMPARATIVO ENTRE ACAD\u00caMICOS DE REDE P\u00daBLICA E PRIVADA &#8211; p\u00e1g 1 \u00e0 14<\/a><br \/>\n<em>Mateus Ferreira Amancio<br \/>\nDiones Kleinibing Bugalho<br \/>\n<\/em><\/li>\n<\/ul>\n<hr \/>\n<ul>\n<li><a href=\"https:\/\/portal.unisepe.com.br\/unifia\/wp-content\/uploads\/sites\/10001\/2024\/01\/IMPACTOS-DA-GEST\u00c3O-DE-ENFERMAGEM-NA-QUALIDADE-DA-ASSIST\u00caNCIA-AO-PACIENTE-p\u00e1g-15-a-28.pdf\" target=\"_blank\" rel=\"noopener noreferrer\">IMPACTOS DA GEST\u00c3O DE ENFERMAGEM NA QUALIDADE DA ASSIST\u00caNCIA AO PACIENTE COM VISTAS \u00c0 SEGURAN\u00c7A DO PACIENTE: UMA REVIS\u00c3O INTEGRATIVA &#8211; p\u00e1g 12 \u00e0 28<\/a><br \/>\n<em>Isabella Aparecida Dur\u00e3o Arruda<br \/>\nMiriam Sanches do Nascimento Silveira<br \/>\nIrineu Contini<br \/>\nSheilla Siedler Tavares<br \/>\n<\/em><\/li>\n<\/ul>\n<hr \/>\n<ul>\n<li><a href=\"https:\/\/portal.unisepe.com.br\/unifia\/wp-content\/uploads\/sites\/10001\/2024\/02\/AN\u00c1LISE-DA-EMPREGABILIDADE-PARA-BACHAR\u00c9IS-EM-ADMINISTRA\u00c7\u00c3O-COM-\u00caNFASE-EM-SISTEMAS-AGROINDUSTRIAIS-NA-REGI\u00c3O-SUDOESTE-PAULISTA-p\u00e1g-29-\u00e0-51.pdf\" target=\"_blank\" rel=\"noopener noreferrer\">AN\u00c1LISE DA EMPREGABILIDADE PARA BACHAR\u00c9IS EM ADMINISTRA\u00c7\u00c3O COM \u00caNFASE EM SISTEMAS AGROINDUSTRIAIS NA REGI\u00c3O SUDOESTE PAULISTA &#8211; p\u00e1g 29 \u00e0 51<\/a><br \/>\n<em>Ari kaique Lopes Soncim da Cruz<br \/>\nNilton Cezar Carraro<br \/>\nCaio Luis Chiariello<br \/>\nLeandro de Lima Santos<br \/>\n<\/em><\/li>\n<\/ul>\n<hr \/>\n<ul>\n<li><a href=\"https:\/\/portal.unisepe.com.br\/unifia\/wp-content\/uploads\/sites\/10001\/2024\/03\/A-EXTENS\u00c3O-UNIVERSIT\u00c1RIA-NO-CONTEXTO-DAS-INSTITUI\u00c7\u00d5ES-DE-ENSINO-SUPERIOR-P\u00daBLICAS-DO-ESTADO-DO-RIO-DE-JANEIRO-UMA-PROPOSTA-AVALIATIVA-p\u00e1g-52-\u00e0-81.pdf\" target=\"_blank\" rel=\"noopener noreferrer\">A EXTENS\u00c3O UNIVERSIT\u00c1RIA NO CONTEXTO DAS INSTITUI\u00c7\u00d5ES DE ENSINO SUPERIOR P\u00daBLICAS DO ESTADO DO RIO DE JANEIRO: UMA PROPOSTA AVALIATIVA &#8211; p\u00e1g 52 \u00e0 81<\/a><br \/>\n<em>Claudia Solagasintua Reinoso<br \/>\nLeticia Helena Medeiros Veloso<br \/>\nJean Carlos Machado Alves<br \/>\n<\/em><\/li>\n<\/ul>\n<hr \/>\n<ul>\n<li><a href=\"https:\/\/portal.unisepe.com.br\/unifia\/wp-content\/uploads\/sites\/10001\/2024\/05\/ESTRAT\u00c9GIAS-DA-UTILIZA\u00c7\u00c3O-DE-TECNOLOGIAS-DIGITAIS-NA-GEST\u00c3O-P\u00daBLICA-\u2013-p\u00e1g-82-\u00e0-97.pdf\" target=\"_blank\" rel=\"noopener noreferrer\">ESTRAT\u00c9GIAS DA UTILIZA\u00c7\u00c3O DE TECNOLOGIAS DIGITAIS NA GEST\u00c3O P\u00daBLICA &#8211; p\u00e1g 82 \u00e0 97<\/a><br \/>\n<em>Jo\u00e3o Pedro Rojas de Lima<br \/>\nLara Vit\u00f3ria Pereira Rocha<br \/>\nMarco Aur\u00e9lio Batista de Sousa<br \/>\nFabiana dos Santos Pereira Campos<br \/>\nNilton Cezar Carraro<br \/>\n<\/em><\/li>\n<\/ul>\n<hr \/>\n<ul>\n<li><a href=\"https:\/\/portal.unisepe.com.br\/unifia\/wp-content\/uploads\/sites\/10001\/2024\/05\/O-REGIME-ADUANEIRO-DE-DEP\u00d3SITO-ESPECIAL-E-SUA-CONTRIBUI\u00c7\u00c3O-PARA-OS-PRINC\u00cdPIOS-DO-LEAN-MANUFACTURING-NAS-ORGANIZA\u00c7\u00d5ES-p\u00e1g-98-\u00e0-120.pdf\" target=\"_blank\" rel=\"noopener noreferrer\">O REGIME ADUANEIRO DE DEP\u00d3SITO ESPECIAL E SUA CONTRIBUI\u00c7\u00c3O PARA OS PRINC\u00cdPIOS DO LEAN MANUFACTURING NAS ORGANIZA\u00c7\u00d5ES &#8211; p\u00e1g 98 \u00e0 120<\/a><br \/>\n<em>Camila Lara Fernandes<br \/>\nGabriela Felipe Silva<br \/>\nGivan Aparecido Fortuoso da Silva<br \/>\nMarcela Terumi Luz Campos<br \/>\nMaria Elizabeth Titton da Silva<br \/>\n<\/em><\/li>\n<\/ul>\n<hr \/>\n<ul>\n<li><a href=\"https:\/\/portal.unisepe.com.br\/unifia\/wp-content\/uploads\/sites\/10001\/2024\/06\/MICROECONOMIA-DA-REGI\u00c3O-DE-AMPARO-UMA-AN\u00c1LISE-DA-SAZONALIDADE-DA-P\u00c1SCOA-E-O-COM\u00c9RCIO-DE-OVOS-p\u00e1g-121-\u00e0-132.pdf\" target=\"_blank\" rel=\"noopener noreferrer\">MICROECONOMIA DA REGI\u00c3O DE AMPARO: UMA AN\u00c1LISE DA SAZONALIDADE DA P\u00c1SCOA E O COM\u00c9RCIO DE OVOS &#8211; p\u00e1g 121 \u00e0 132<\/a><br \/>\n<em>Let\u00edcia Vit\u00f3ria Ellis<br \/>\nSarah Maria Darli Santos<br \/>\nLarissa Turolla Casseli<br \/>\nTainara araujo dos santos<br \/>\nGeovanna Betarello Sampaio<br \/>\nNubia Santos<br \/>\nGabriel Santos Reis Pereira<br \/>\nJulio Santos<br \/>\nProf. Me. Jos\u00e9 Augusto Grassi<br \/>\n<\/em><\/li>\n<\/ul>\n<hr \/>\n<ul>\n<li><a href=\"https:\/\/portal.unisepe.com.br\/unifia\/wp-content\/uploads\/sites\/10001\/2024\/06\/AN\u00c1LISE-FINANCEIRA-DA-EMPRESA-PETROBRAS-p\u00e1g-133-\u00e0-148.pdf\" target=\"_blank\" rel=\"noopener noreferrer\">AN\u00c1LISE FINANCEIRA DA EMPRESA PETROBRAS &#8211; p\u00e1g 133 \u00e0 148<\/a><br \/>\n<em>Maria Luisa Bassan<br \/>\nGisoneide Batista de Oliveira<br \/>\nPatrick Morais de Souza<br \/>\nMariane Vit\u00f3ria bissoli Urban<br \/>\nPedro Henrique dos Santos<br \/>\nGustavo Veiga da Silva<br \/>\nDorival Paulino de Sousa Neto<br \/>\nVanessa Cristiane Cavassan<br \/>\nGiovanna Santana Correia<br \/>\nMirela Groppo Casalini<br \/>\nProf. Me. Jos\u00e9 Augusto Grassi<br \/>\n<\/em><\/li>\n<\/ul>\n<hr \/>\n<ul>\n<li><a href=\"https:\/\/portal.unisepe.com.br\/unifia\/wp-content\/uploads\/sites\/10001\/2024\/06\/A-FUN\u00c7\u00c3O-DA-ADMINISTRA\u00c7\u00c3O-P\u00daBLICA-NA-GEST\u00c3O-DE-SEUS-BENS-p\u00e1g-149-\u00e0-161.pdf\" target=\"_blank\" rel=\"noopener noreferrer\">A FUN\u00c7\u00c3O DA ADMINISTRA\u00c7\u00c3O P\u00daBLICA NA GEST\u00c3O DE SEUS BENS &#8211; p\u00e1g 149 \u00e0 161<\/a><br \/>\n<em>Soraia Castellano<br \/>\n<\/em><\/li>\n<\/ul>\n<hr \/>\n<ul>\n<li><a href=\"https:\/\/portal.unisepe.com.br\/unifia\/wp-content\/uploads\/sites\/10001\/2024\/06\/O-PAPEL-DO-PODER-P\u00daBLICO-NA-GARANTIA-DOS-DIREITOS-A-SEGURAN\u00c7A-P\u00daBLICA-PARA-PESSOAS-COM-DEFICI\u00caNCIAS-p\u00e1g-162-\u00e0-176.pdf\" target=\"_blank\" rel=\"noopener noreferrer\">O PAPEL DO PODER P\u00daBLICO NA GARANTIA DOS DIREITOS A SEGURAN\u00c7A P\u00daBLICA PARA PESSOAS COM DEFICI\u00caNCIAS &#8211; p\u00e1g 162 \u00e0 176<\/a><br \/>\n<em>Soraia Castellano<br \/>\nK\u00e1tia Oliver de S\u00e1<br \/>\n<\/em><\/li>\n<\/ul>\n<hr \/>\n<ul>\n<li><a href=\"https:\/\/portal.unisepe.com.br\/unifia\/wp-content\/uploads\/sites\/10001\/2024\/06\/ESTUDO-DE-CASO-APLICA\u00c7\u00c3O-DA-AUTO-AVALIA\u00c7\u00c3O-DE-DESEMPENHO-AOS-ALUNOS-DA-UNIFIA-AMPARO-p\u00e1g-177-\u00e0-183.pdf\" target=\"_blank\" rel=\"noopener noreferrer\"> ESTUDO DE CASO: APLICA\u00c7\u00c3O DA AUTO AVALIA\u00c7\u00c3O DE DESEMPENHO AOS ALUNOS DA UNIFIA AMPARO &#8211; p\u00e1g 177 \u00e0 183<\/a><br \/>\n<em>Maria J\u00falia Prado<br \/>\nSelmison Douglas Santos Silva<br \/>\nFrancisca La\u00eds Gomes de Sousa<br \/>\nJulia Guimar\u00e3es Aranha<br \/>\n<\/em><\/li>\n<\/ul>\n<hr \/>\n<ul>\n<li><a href=\"https:\/\/portal.unisepe.com.br\/unifia\/wp-content\/uploads\/sites\/10001\/2024\/06\/ESG-COMO-POL\u00cdTICA-NA-GEST\u00c3O-CONT\u00c1BIL.-p\u00e1g-184-\u00e0-193.pdf\" target=\"_blank\" rel=\"noopener noreferrer\"> ESG COMO POL\u00cdTICA NA GEST\u00c3O CONT\u00c1BIL. &#8211; p\u00e1g 184 \u00e0 193<\/a><br \/>\n<em>ALVES, M\u00e1rcio Oliveira<br \/>\n<\/em><\/li>\n<\/ul>\n<hr \/>\n<ul>\n<li><a href=\"https:\/\/portal.unisepe.com.br\/unifia\/wp-content\/uploads\/sites\/10001\/2024\/06\/MARKETING-DIGITAL-O-USO-DE-TECNOLOGIAS-3D-INTEGRADO-AO-ENSINO.-p\u00e1g-194-\u00e0-214.pdf\" target=\"_blank\" rel=\"noopener noreferrer\"> MARKETING DIGITAL &#8211; O USO DE TECNOLOGIAS 3D INTEGRADO AO ENSINO. &#8211; p\u00e1g 194 \u00e0 214<\/a><br \/>\n<em>Prof. Fl\u00e1vio Donizeti de Oliveira<br \/>\n<\/em><\/li>\n<\/ul>\n<hr \/>\n<ul>\n<li><a href=\"https:\/\/portal.unisepe.com.br\/unifia\/wp-content\/uploads\/sites\/10001\/2024\/06\/Desenvolvimento-de-Sistemas-Web-Modernos-p\u00e1g-215-a-229-2.pdf\" target=\"_blank\" rel=\"noopener noreferrer\">DESENVOLVIMENTO DE SISTEMAS WEB MODERNOS. &#8211; p\u00e1g 215 \u00e0 229<\/a><br \/>\n<em>Prof. Fl\u00e1vio Donizeti de Oliveira<br \/>\n<\/em><\/li>\n<\/ul>\n<hr \/>\n<ul>\n<li><a href=\"https:\/\/portal.unisepe.com.br\/unifia\/wp-content\/uploads\/sites\/10001\/2024\/07\/AUTOMA\u00c7\u00c3O-RESIDENCIAL-APLICADA-ATRAV\u00c9S-DE-UMA-PERSIANA-AUTOM\u00c1TICA.-p\u00e1g-230-\u00e0-240.pdf\" target=\"_blank\" rel=\"noopener noreferrer\">AUTOMA\u00c7\u00c3O RESIDENCIAL APLICADA ATRAV\u00c9S DE UMA PERSIANA AUTOM\u00c1TICA. &#8211; p\u00e1g 230 \u00e0 240<\/a><br \/>\n<em>Gabriel Leopoldino Barbosa<br \/>\nAlyson Henrique Branco<br \/>\nAdriano Aparecido da Fonseca<br \/>\nAna Adalgiza Garcia Maia<br \/>\n<\/em><\/li>\n<\/ul>\n<hr \/>\n<ul>\n<li><a href=\"https:\/\/portal.unisepe.com.br\/unifia\/wp-content\/uploads\/sites\/10001\/2024\/08\/EQUIL\u00cdBRIO-VIDA-PESSOAL-E-PROFISSIONAL-DESVENDANDO-OS-MECANISMOS-DA-SA\u00daDE-MENTAL-NO-AMBIENTE-DE-TRABALHO.-p\u00e1g-241-\u00e0-255.pdf\" target=\"_blank\" rel=\"noopener noreferrer\">EQUIL\u00cdBRIO VIDA PESSOAL E PROFISSIONAL: DESVENDANDO OS MECANISMOS DA SA\u00daDE MENTAL NO AMBIENTE DE TRABALHO. &#8211; p\u00e1g 241 \u00e0 255<\/a><br \/>\n<em>Sergio Henrique Caria de Sousa<br \/>\n<\/em><\/li>\n<\/ul>\n<hr \/>\n<ul>\n<li><a href=\"https:\/\/portal.unisepe.com.br\/unifia\/wp-content\/uploads\/sites\/10001\/2024\/08\/DO-PONTO-DE-VISTA-DO-FUNCIONALISMO-P\u00daBLICO-O-ESTADO-BRASILEIRO-\u00c9-INCHADO-p\u00e1g-256-\u00e0-273.pdf\" target=\"_blank\" rel=\"noopener noreferrer\">DO PONTO DE VISTA DO FUNCIONALISMO P\u00daBLICO, O ESTADO BRASILEIRO \u00c9 \u201cINCHADO\u201d? &#8211; p\u00e1g 256 \u00e0 273<\/a><br \/>\n<em>Prof. Me. Augusto de Pinho Rodrigues<br \/>\n<\/em><\/li>\n<\/ul>\n<hr \/>\n<ul>\n<li><a href=\"https:\/\/portal.unisepe.com.br\/unifia\/wp-content\/uploads\/sites\/10001\/2024\/08\/PROPOSTA-DE-USO-DA-PROGRAMA\u00c7\u00c3O-LINEAR-ALIADA-\u00c0-MENTALIDADE-ENXUTA-p\u00e1g-274-\u00e0-297.pdf\" target=\"_blank\" rel=\"noopener noreferrer\">PROPOSTA DE USO DA PROGRAMA\u00c7\u00c3O LINEAR ALIADA \u00c0 MENTALIDADE ENXUTA: ESTUDO DE CASO EM UMA EMPRESA DE FABRICA\u00c7\u00c3O DE COMPONENTES EL\u00c9TRICOS NO MUNIC\u00cdPIO DO RIO DE JANEIRO &#8211; p\u00e1g 274 \u00e0 297<\/a><br \/>\n<em>J\u00e9ssica Vieira da Silva Gomes<br \/>\nLivia Perez da Silva Britto<br \/>\nLeonardo de Arag\u00e3o Guimar\u00e3es<br \/>\n<\/em><\/li>\n<\/ul>\n<hr \/>\n<ul>\n<li><a href=\"https:\/\/portal.unisepe.com.br\/unifia\/wp-content\/uploads\/sites\/10001\/2024\/10\/AN\u00c1LISE-BIBLIOM\u00c9TRICA-SOBRE-PLANEJAMENTO-DA-MANUTEN\u00c7\u00c3O-EM-REDES-DE-DISTRIBUI\u00c7\u00c3O-p\u00e1g-298-a-313.pdf\" target=\"_blank\" rel=\"noopener noreferrer\">AN\u00c1LISE BIBLIOM\u00c9TRICA SOBRE PLANEJAMENTO DA MANUTEN\u00c7\u00c3O EM REDES DE DISTRIBUI\u00c7\u00c3O &#8211; p\u00e1g 298 \u00e0 313<\/a><br \/>\n<em>Lorenna Baptista de Oliveira<br \/>\nM\u00e1rcio Zamboti Fortes<br \/>\nHenrique de Oliveira Henriques<br \/>\n<\/em><\/li>\n<\/ul>\n<hr \/>\n<ul>\n<li><a href=\"https:\/\/portal.unisepe.com.br\/unifia\/wp-content\/uploads\/sites\/10001\/2024\/11\/GEST\u00c3O-ESTRAT\u00c9GICA-DE-ENGORDA-DE-GADO-p\u00e1g-314-\u00e0-318.pdf\" target=\"_blank\" rel=\"noopener noreferrer\">GEST\u00c3O ESTRAT\u00c9GICA DE ENGORDA DE GADO &#8211; p\u00e1g 314 \u00e0 318<\/a><br \/>\n<em>Carlos Eduardo Olivieri<br \/>\nIvan Carlos Zampin<br \/>\n<\/em><\/li>\n<\/ul>\n<hr \/>\n<ul>\n<li><a href=\"https:\/\/portal.unisepe.com.br\/unifia\/wp-content\/uploads\/sites\/10001\/2024\/11\/DO-PALCO-\u00c0S-REDES-UM-ESTUDO-SOBRE-ENGAJAMENTO-DE-F\u00c3S-PARA-A-BANDA-10VENTURA-p\u00e1g-319-\u00e0-327.pdf\" target=\"_blank\" rel=\"noopener noreferrer\">DO PALCO \u00c0S REDES: UM ESTUDO SOBRE ENGAJAMENTO DE F\u00c3S PARA A BANDA 10VENTURA &#8211; p\u00e1g 319 \u00e0 327<\/a><br \/>\n<em>Ana Luiza Zucato de Souza<br \/>\nAna Paula de P\u00e1dua Muniz<br \/>\nBeatriz Cristina Matos Fernandes<br \/>\nLuis Rafael da Silva Filho<br \/>\nMaria Eduarda dos Santos<br \/>\nPedro Silva Garcia<br \/>\n<\/em><\/li>\n<\/ul>\n<hr \/>\n<ul>\n<li><a href=\"https:\/\/portal.unisepe.com.br\/unifia\/wp-content\/uploads\/sites\/10001\/2024\/11\/REGULARIZA\u00c7\u00c3O-FUNDI\u00c1RIA-EM-N\u00daCLEOS-URBANOS-E-MELHORES-CONDI\u00c7\u00d5ES-DE-VIDA-PARA-OS-MORADORES-\u2013-REURB-p\u00e1g-328-\u00e0-335.pdf\" target=\"_blank\" rel=\"noopener noreferrer\">REGULARIZA\u00c7\u00c3O FUNDI\u00c1RIA EM N\u00daCLEOS URBANOS E MELHORES CONDI\u00c7\u00d5ES DE VIDA PARA OS MORADORES \u2013 REURB &#8211; p\u00e1g 328 \u00e0 335<\/a><br \/>\n<em>Erica de Freitas<br \/>\nRa\u00edssa Louisy Moreira Santos<br \/>\nDiego Lucien Domingues Martins<br \/>\nTiago Bazolli<br \/>\n<\/em><\/li>\n<\/ul>\n<hr \/>\n","protected":false},"excerpt":{"rendered":"<p>Artigos &nbsp; \u00cdNDICE DE APROVA\u00c7\u00c3O NO EXAME SUFICI\u00caNCIA CONT\u00c1BIL: UM COMPARATIVO ENTRE ACAD\u00caMICOS DE REDE P\u00daBLICA E PRIVADA &#8211; p\u00e1g 1 \u00e0 14 Mateus Ferreira Amancio Diones Kleinibing Bugalho IMPACTOS DA GEST\u00c3O DE ENFERMAGEM NA QUALIDADE DA ASSIST\u00caNCIA AO PACIENTE COM VISTAS \u00c0 SEGURAN\u00c7A DO PACIENTE: UMA REVIS\u00c3O INTEGRATIVA &#8211;<\/p>\n","protected":false},"author":2,"featured_media":0,"parent":2940,"menu_order":0,"comment_status":"closed","ping_status":"closed","template":"templates\/template-pagina_menu_vertical.php","meta":{"footnotes":""},"categories":[],"tags":[],"class_list":["post-9486","page","type-page","status-publish","hentry"],"_links":{"self":[{"href":"https:\/\/portal.unisepe.com.br\/unifia\/wp-json\/wp\/v2\/pages\/9486","targetHints":{"allow":["GET"]}}],"collection":[{"href":"https:\/\/portal.unisepe.com.br\/unifia\/wp-json\/wp\/v2\/pages"}],"about":[{"href":"https:\/\/portal.unisepe.com.br\/unifia\/wp-json\/wp\/v2\/types\/page"}],"author":[{"embeddable":true,"href":"https:\/\/portal.unisepe.com.br\/unifia\/wp-json\/wp\/v2\/users\/2"}],"replies":[{"embeddable":true,"href":"https:\/\/portal.unisepe.com.br\/unifia\/wp-json\/wp\/v2\/comments?post=9486"}],"version-history":[{"count":30,"href":"https:\/\/portal.unisepe.com.br\/unifia\/wp-json\/wp\/v2\/pages\/9486\/revisions"}],"predecessor-version":[{"id":10441,"href":"https:\/\/portal.unisepe.com.br\/unifia\/wp-json\/wp\/v2\/pages\/9486\/revisions\/10441"}],"up":[{"embeddable":true,"href":"https:\/\/portal.unisepe.com.br\/unifia\/wp-json\/wp\/v2\/pages\/2940"}],"wp:attachment":[{"href":"https:\/\/portal.unisepe.com.br\/unifia\/wp-json\/wp\/v2\/media?parent=9486"}],"wp:term":[{"taxonomy":"category","embeddable":true,"href":"https:\/\/portal.unisepe.com.br\/unifia\/wp-json\/wp\/v2\/categories?post=9486"},{"taxonomy":"post_tag","embeddable":true,"href":"https:\/\/portal.unisepe.com.br\/unifia\/wp-json\/wp\/v2\/tags?post=9486"}],"curies":[{"name":"wp","href":"https:\/\/api.w.org\/{rel}","templated":true}]}}